
{"id":26355,"date":"2024-01-22T10:39:10","date_gmt":"2024-01-22T10:39:10","guid":{"rendered":"https:\/\/azurefilm.com\/?post_type=product&#038;p=26355"},"modified":"2026-03-13T21:36:03","modified_gmt":"2026-03-13T21:36:03","slug":"petg-skin-filament-macchiato","status":"publish","type":"product","link":"https:\/\/azurefilm.com\/hr\/proizvod\/petg-skin-filament-macchiato\/","title":{"rendered":"PETG Skin filament Macchiato"},"content":{"rendered":"<h2><strong>PETG Skin<\/strong><\/h2>\n<p><span style=\"font-weight: 400;\">Upoznajte PETG Skin filamente! Ova je kolekcija stvorena za sve koji \u017eele kreirati \u017eivolike printeve. <\/span><b>Ove boje opona\u0161aju izgled i teksturu ljudske ko\u017ee. <\/b><span style=\"font-weight: 400;\">Birajte izme\u0111u raznih tonova ko\u017ee i postignite \u017eeljeni izgled svog printa. PETG Skin mo\u017eete koristiti za cosplay rekvizite, ljudske figurice, protetiku i druge umjetni\u010dke projekte koji zahtijevaju prirodne teksture ko\u017ee. PETG Skin filamenti su <\/span><b>jednostavni za printanje <\/b><span style=\"font-weight: 400;\">\u0161to ih \u010dini <\/span><b>odli\u010dnima za po\u010detnike<\/b><span style=\"font-weight: 400;\">.<\/span><\/p>\n<h2><strong>PETG Skin filament Macchiato<\/strong><\/h2>\n<p><span style=\"font-weight: 400;\">Printajte tople i kremaste tonove uz PETG Skin filament Macchiato.\u00a0<\/span><\/p>\n<p><span style=\"font-weight: 400;\">Kako biste saznali vi\u0161e o PETG filamentima, pro\u010ditajte na\u0161 <a href=\"https:\/\/azurefilm.com\/hr\/2023\/07\/10\/petg-filamenti\/\" target=\"_blank\" rel=\"noopener\">blog<\/a>.\u00a0<\/span><\/p>\n<p><span style=\"font-weight: 400;\">Ovdje mo\u017eete pristupiti<a href=\"https:\/\/azurefilm.com\/hr\/technical-data-sheets\/\" target=\"_blank\" rel=\"noopener\"> tehni\u010dkim informacijama<\/a>.<\/span><\/p>\n<h3><strong>Preporuke za printanje:<\/strong><\/h3>\n<ul>\n<li style=\"font-weight: 400;\" aria-level=\"1\"><span style=\"font-weight: 400;\">Za najbolje rezultate, printati na 220\u2013240\u00b0C.\u00a0<\/span><\/li>\n<li style=\"font-weight: 400;\" aria-level=\"1\"><span style=\"font-weight: 400;\">Preporu\u010dena temperatura postolja za printanje je 80\u00b0C.<\/span><\/li>\n<li style=\"font-weight: 400;\" aria-level=\"1\"><span style=\"font-weight: 400;\">Koristite stakleno postolje, PEI plo\u010du, kapton ili plavu traku za izradnu platformu s 3Dlac sprejem.<\/span><\/li>\n<\/ul>\n<p><i><span style=\"font-weight: 400;\">*Idealna temperatura mo\u017ee varirati ovisno o kori\u0161tenom pisa\u010du.<\/span><\/i><\/p>\n","protected":false},"excerpt":{"rendered":"<p><span style=\"font-weight: 400;\">Printajte tople i kremaste tonove uz PETG Skin filament Macchiato.\u00a0<\/span><\/p>\n","protected":false},"featured_media":111798,"comment_status":"closed","ping_status":"closed","template":"","meta":{"_acf_changed":false},"product_brand":[],"product_cat":[1513,375,396,377],"product_tag":[],"brand":[267],"class_list":{"0":"post-26355","1":"product","2":"type-product","3":"status-publish","4":"has-post-thumbnail","6":"product_cat-petg-skin-hr","7":"product_cat-3d-filamenti-hr","8":"product_cat-petg-filamenti-hr","9":"product_cat-svi-filamenti","10":"pa_colour-brown","11":"pa_colour-skin","12":"pa_filament-diameter-1-75mm","13":"pa_filament-weight-1000g","14":"brand-azurefilm","16":"first","17":"instock","18":"taxable","19":"shipping-taxable","20":"purchasable","21":"product-type-variable","22":"has-default-attributes"},"acf":[],"_links":{"self":[{"href":"https:\/\/azurefilm.com\/hr\/wp-json\/wp\/v2\/product\/26355","targetHints":{"allow":["GET"]}}],"collection":[{"href":"https:\/\/azurefilm.com\/hr\/wp-json\/wp\/v2\/product"}],"about":[{"href":"https:\/\/azurefilm.com\/hr\/wp-json\/wp\/v2\/types\/product"}],"replies":[{"embeddable":true,"href":"https:\/\/azurefilm.com\/hr\/wp-json\/wp\/v2\/comments?post=26355"}],"wp:featuredmedia":[{"embeddable":true,"href":"https:\/\/azurefilm.com\/hr\/wp-json\/wp\/v2\/media\/111798"}],"wp:attachment":[{"href":"https:\/\/azurefilm.com\/hr\/wp-json\/wp\/v2\/media?parent=26355"}],"wp:term":[{"taxonomy":"product_brand","embeddable":true,"href":"https:\/\/azurefilm.com\/hr\/wp-json\/wp\/v2\/product_brand?post=26355"},{"taxonomy":"product_cat","embeddable":true,"href":"https:\/\/azurefilm.com\/hr\/wp-json\/wp\/v2\/product_cat?post=26355"},{"taxonomy":"product_tag","embeddable":true,"href":"https:\/\/azurefilm.com\/hr\/wp-json\/wp\/v2\/product_tag?post=26355"},{"taxonomy":"brand","embeddable":true,"href":"https:\/\/azurefilm.com\/hr\/wp-json\/wp\/v2\/brand?post=26355"}],"curies":[{"name":"wp","href":"https:\/\/api.w.org\/{rel}","templated":true}]}}