
{"id":29343,"date":"2024-02-29T07:53:01","date_gmt":"2024-02-29T07:53:01","guid":{"rendered":"https:\/\/azurefilm.com\/?post_type=product&#038;p=29343"},"modified":"2025-09-14T05:40:38","modified_gmt":"2025-09-14T05:40:38","slug":"creality-k1c","status":"publish","type":"product","link":"https:\/\/azurefilm.com\/hr\/proizvod\/creality-k1c\/","title":{"rendered":"Creality K1C"},"content":{"rendered":"<p><strong>Creality K1C<\/strong> je iznimno brzi 3D pisa\u010d dizajniran za precizan ispis \u010dak i s materijalima oja\u010danim karbonskim vlaknima, pokazuju\u0107i sofisticiranost i izdr\u017eljivost. S volumenom ispisa od 220x220x250 mm i maksimalnom brzinom od 600 mm\/s, redefinira iskustvo 3D ispisa.<\/p>\n<h2><strong>Elegancija u kombinaciji s robusnom konstrukcijom<\/strong><\/h2>\n<p>Pisa\u010d se odlikuje \u010dvrstim jednodijelnim okvirom izra\u0111enim od tla\u010dno lijevane aluminijske legure, s prozirnim staklenim stranama i akrilnim poklopcem. Na taj na\u010din mo\u017eete imati stalnu vidljivost u komori za tiskanje.<\/p>\n<h2><strong>Potpuno metalni ekstruder za sigurno dr\u017eanje filamenta<\/strong><\/h2>\n<p>K1C koristi potpuno metalni sustav ekstrudera dizajniran za sprje\u010davanje za\u010depljenja, opremljen potpornom oprugom i kuglastim klipom, \u010dime se osigurava sigurno dr\u017eanje filamenta.<\/p>\n<h2><strong>Iznimno brz i agilan ispis<\/strong><\/h2>\n<p>Koriste\u0107i lagani i dinami\u010dni CoreXY sustav, K1C odr\u017eava ultra-visoke brzine uz iznimnu kvalitetu ispisa. Ima najve\u0107u brzinu od 600 mm\/s, standardnu brzinu od 300 mm\/s i maksimalno ubrzanje od 20,000 mm\/s\u00b2.<\/p>\n<h2><strong>Brza zamjena trimetalne &#8220;unicorn&#8221; mlaznice<\/strong><\/h2>\n<p>Creality K1C nudi trimetalnu &#8220;unicorn&#8221; mlaznicu za brzu zamjenu s toplinskim prekidom od legure titana koji pove\u0107ava svestranost. Ova mlaznica se lako zamjenjuje. Preporu\u010duje se pri\u010dekati da se ohladi prije rukovanja.<\/p>\n<h2><strong>Trostruko hla\u0111enje<\/strong><\/h2>\n<p>K1C uklju\u010duje trostruki sustav hla\u0111enja koji se sastoji od vru\u0107eg ventilatora za smanjenje toplinskog puzanja, djelomi\u010dnog ventilatora za hla\u0111enje za trenuta\u010dno stvrdnjavanje te dodatnog ventilatora na strani komore radi sveukupnog pobolj\u0161anja kvalitete ispisa.<\/p>\n<h2><strong>Ispis karbonskih vlakana postao je jednostavan<\/strong><\/h2>\n<p>K1C bez napora obra\u0111uje filamente s uglji\u010dnim vlaknima zahvaljuju\u0107i svom vru\u0107em dijelu od 300\u00b0C s vrhom mlaznice od kaljenog \u010delika, fleksibilnoj PEI plo\u010di za izradu i dizajnu zatvorene komore za odr\u017eavanje konstantnog visokotemperaturnog okru\u017eenja.<\/p>\n<h2><strong>Svestranost<\/strong><\/h2>\n<p>Kompatibilan s raznim materijalima, K1C je prikladan za \u0161irok raspon primjena, uklju\u010duju\u0107i PLA, ASA, ABS ili TPU. Tako\u0111er mo\u017ee koristiti filamente s uglji\u010dnim vlaknima kao \u0161to su PLA-CF ili PET-CF za mehani\u010dki robusne dijelove otporne na habanje, deformacije i starenje.<\/p>\n<h2><strong>Pobolj\u0161ano pra\u0107enje<\/strong><\/h2>\n<p>Integrirana AI kamera nadzire proces ispisa, daju\u0107i upozorenja u slu\u010daju pogre\u0161aka. Njegove zna\u010dajke uklju\u010duju detekciju \u0161pageta, detekciju stranog tijela, snimanje s vremenskim odmakom i videonadzor.<\/p>\n<h2><strong>Otvoreni izvor<\/strong><\/h2>\n<p>Pisa\u010d radi na platformi otvorenog koda, s Creality OS-om, Creality Printom i Creality Cloudom za maksimalnu fleksibilnost.<\/p>\n<p>Creality OS, temeljen na Klipperu, nudi napredne zna\u010dajke kao \u0161to su Linear Advance i Input Shaping. Creality Print uklju\u010duje Smart Cooling, Optimal Retraction, Slim Supports i upravljanje farmom 3D pisa\u010da, pove\u0107avaju\u0107i jednostavnost kori\u0161tenja. \u0160tovi\u0161e, Creality Cloud slu\u017ei kao sveobuhvatna platforma za 3D ispis za interakciju i dijeljenje me\u0111u entuzijastima.<\/p>\n<h2><strong>Dodatne mogu\u0107nosti<\/strong><\/h2>\n<p>Izme\u0111u ostalih dodatnih mogu\u0107nosti, Creality K1C nudi &#8220;Plug and play&#8221; s uputama za pokretanje za brzo postavljanje (3 minute od raspakivanja do uklju\u010divanja), visoko automatiziran sustav jednostavan za kori\u0161tenje, automatsku kalibraciju jednim dodirom, uklju\u010duju\u0107i automatski Z pomak, automatsko niveliranje i test oblikovanja s automatskim unosom, ugljeni filtar za \u010di\u0161\u0107enje spojeva i \u010destica od otopljenih filamenata, opcija tihog rada s razinama buke \u226445dB, funkcija serije djelomi\u010dnih kvarova, unaprijed instalirani prigu\u0161ni jastu\u010di\u0107i koji smanjuju vibracija, silikonski brisa\u010d za odr\u017eavanje vrha mlaznice, folija protiv pucanja na staklu, oja\u010dani lanac kabela, pouzdana prigu\u0161iva\u010dka \u0161arka za kontrolirano pomicanje vrata, bo\u010dni dr\u017ea\u010d \u0161pule i 4,3-in\u010dni zaslon u boji osjetljiv na dodir.<\/p>\n","protected":false},"excerpt":{"rendered":"<p><span style=\"font-weight: 400;\">Upoznajte Creality K1C &#8211; super sna\u017ean i brz 3D printer, savr\u0161en za ispis materijala od karbonskih vlakana i druge slo\u017eene primjene.<\/span><\/p>\n","protected":false},"featured_media":29329,"comment_status":"closed","ping_status":"closed","template":"","meta":{"_acf_changed":false},"product_brand":[],"product_cat":[453,481,460,457,456],"product_tag":[],"brand":[],"class_list":{"0":"post-29343","1":"product","2":"type-product","3":"status-publish","4":"has-post-thumbnail","6":"product_cat-3d-printer","7":"product_cat-akcija","8":"product_cat-creality-hr","9":"product_cat-fdm-printer","10":"product_cat-svi-3d-pisaci","12":"first","13":"outofstock","14":"sale","15":"taxable","16":"shipping-taxable","17":"purchasable","18":"product-type-simple"},"acf":[],"_links":{"self":[{"href":"https:\/\/azurefilm.com\/hr\/wp-json\/wp\/v2\/product\/29343","targetHints":{"allow":["GET"]}}],"collection":[{"href":"https:\/\/azurefilm.com\/hr\/wp-json\/wp\/v2\/product"}],"about":[{"href":"https:\/\/azurefilm.com\/hr\/wp-json\/wp\/v2\/types\/product"}],"replies":[{"embeddable":true,"href":"https:\/\/azurefilm.com\/hr\/wp-json\/wp\/v2\/comments?post=29343"}],"wp:featuredmedia":[{"embeddable":true,"href":"https:\/\/azurefilm.com\/hr\/wp-json\/wp\/v2\/media\/29329"}],"wp:attachment":[{"href":"https:\/\/azurefilm.com\/hr\/wp-json\/wp\/v2\/media?parent=29343"}],"wp:term":[{"taxonomy":"product_brand","embeddable":true,"href":"https:\/\/azurefilm.com\/hr\/wp-json\/wp\/v2\/product_brand?post=29343"},{"taxonomy":"product_cat","embeddable":true,"href":"https:\/\/azurefilm.com\/hr\/wp-json\/wp\/v2\/product_cat?post=29343"},{"taxonomy":"product_tag","embeddable":true,"href":"https:\/\/azurefilm.com\/hr\/wp-json\/wp\/v2\/product_tag?post=29343"},{"taxonomy":"brand","embeddable":true,"href":"https:\/\/azurefilm.com\/hr\/wp-json\/wp\/v2\/brand?post=29343"}],"curies":[{"name":"wp","href":"https:\/\/api.w.org\/{rel}","templated":true}]}}