
{"id":29742,"date":"2024-03-06T10:48:57","date_gmt":"2024-03-06T10:48:57","guid":{"rendered":"https:\/\/azurefilm.com\/?post_type=product&#038;p=29742"},"modified":"2025-08-22T11:01:59","modified_gmt":"2025-08-22T11:01:59","slug":"pc-abs-filament-white","status":"publish","type":"product","link":"https:\/\/azurefilm.com\/hr\/proizvod\/pc-abs-filament-white\/","title":{"rendered":"PC ABS filament White"},"content":{"rendered":"<h2><strong>PC ABS<\/strong><\/h2>\n<p><span style=\"font-weight: 400;\">PC ABS filament White je nevjerojatno sna\u017ean materijal za namjenu u industriji automobila, savr\u0161en za mehani\u010dke dijelove i tehni\u010dke primjene. Dodavanje polikarbonata (PC) akrilonitril butadien stirenu (ABS) stvara materijal koji se glatko printa s gotovo savr\u0161enim me\u0111uslojnim prianjanjem. Krajnji rezultat je visokokvalitetni print koji je lagan, izdr\u017eljiv i ima glatki sjaj povr\u0161ine.<\/span><\/p>\n<p><span style=\"font-weight: 400;\">Ako \u017eelite saznati vi\u0161e o na\u0161im PC ABS filamentima, pro\u010ditajte na\u0161 <a href=\"https:\/\/azurefilm.com\/hr\/2024\/03\/07\/pc-abs-nova-i-poboljsana-formula\/\" target=\"_blank\" rel=\"noopener\"><strong>blog<\/strong><\/a>.\u00a0<\/span><\/p>\n<h3><strong>Preporuke za printanje:*<\/strong><\/h3>\n<ul>\n<li style=\"font-weight: 400;\" aria-level=\"1\"><span style=\"font-weight: 400;\">Za najbolje rezultate printati na 265\u2013285\u00b0C.<\/span><\/li>\n<li style=\"font-weight: 400;\" aria-level=\"1\"><span style=\"font-weight: 400;\">Preporu\u010dena temperatura postolja za printanje je 110\u00b0C. <\/span><b>Ovaj materijal treba se printati u zatvorenom 3D pisa\u010du.<\/b><\/li>\n<\/ul>\n<p><span style=\"font-weight: 400;\">*<\/span><i><span style=\"font-weight: 400;\">Idealna temperatura mo\u017ee se razlikovati ovisno o vrsti pisa\u010da.<\/span><\/i><\/p>\n<div class=\"is-divider divider clearfix\" style=\"max-width:100%;height:1px;background-color:rgb(17, 107, 168);\"><\/div>\n<h3><strong>Primjene<\/strong><\/h3>\n<p><span style=\"font-weight: 400;\">PC ABS filament visoko je cijenjen u industriji 3D printanja zbog svoje jedinstvene kombinacije \u017eilavosti, visoke otpornosti na toplinu (do 122\u00b0C) i jednostavnosti printanja.<\/span><\/p>\n<p><img loading=\"lazy\" decoding=\"async\" class=\"alignright wp-image-29934 \" src=\"https:\/\/azurefilm.com\/wp-content\/uploads\/2024\/03\/PC-ABS_spider_HR-1024x665.png\" alt=\"\" width=\"600\" height=\"390\" title=\"\" srcset=\"https:\/\/azurefilm.com\/wp-content\/uploads\/2024\/03\/PC-ABS_spider_HR-1024x665.png 1024w, https:\/\/azurefilm.com\/wp-content\/uploads\/2024\/03\/PC-ABS_spider_HR-510x331.png 510w, https:\/\/azurefilm.com\/wp-content\/uploads\/2024\/03\/PC-ABS_spider_HR-300x195.png 300w, https:\/\/azurefilm.com\/wp-content\/uploads\/2024\/03\/PC-ABS_spider_HR-768x499.png 768w, https:\/\/azurefilm.com\/wp-content\/uploads\/2024\/03\/PC-ABS_spider_HR-1536x998.png 1536w, https:\/\/azurefilm.com\/wp-content\/uploads\/2024\/03\/PC-ABS_spider_HR.png 1746w\" sizes=\"auto, (max-width: 600px) 100vw, 600px\" \/><\/p>\n<h4><strong>Funkcionalni prototipovi<\/strong><\/h4>\n<p><span style=\"font-weight: 400;\">PC ABS na\u0161iroko se koristi za izradu funkcionalnih prototipova koji moraju izdr\u017eati rigorozna ispitivanja i evaluaciju. Funkcionalna izrada prototipova kriti\u010dan je korak u razvojnom procesu u raznim industrijama, jer pru\u017ea dragocjene uvide u to kako \u0107e kona\u010dni proizvod funkcionirati u stvarnim uvjetima, kao i zato \u0161to omogu\u0107ava prilagodbe i pobolj\u0161anja dizajna. Automobilske komponente kao \u0161to su ventilacijski sustavi, prototipovi nadzorne plo\u010de i ru\u010dke na vratima mogu se 3D printati s PC ABS-om kako bi se u potpunosti testirala njihova izvedba u uvjetima kao \u0161to su mehani\u010dki stres i izlo\u017eenost visokim temperaturama.<\/span><\/p>\n<h4><strong>Komponente proizvoda \u0161iroke potro\u0161nje<\/strong><\/h4>\n<p><span style=\"font-weight: 400;\">Zbog svoje izvrsne izdr\u017eljivosti i \u010dvrsto\u0107e, PC ABS se koristi za 3D printanje dijelova za krajnju upotrebu za \u0161irok raspon potro\u0161a\u010dkih proizvoda. Na primjer, PC ABS se koristi za printanje prilago\u0111enih ku\u0107i\u0161ta za elektroni\u010dke ure\u0111aje kao \u0161to su ru\u010dni ure\u0111aji (pametni telefoni, tableti) i dronovi. Nevjerojatna otpornost na toplinu i udarce PC ABS-a osiguravaju da je navedena elektronika za\u0161ti\u0107ena u razli\u010ditim okru\u017eenjima.\u00a0<\/span><\/p>\n<h4><strong>Prilago\u0111ene komponente za proizvodnju<\/strong><\/h4>\n<p><span style=\"font-weight: 400;\">Svestranost PC ABS-a \u010dini ga idealnim za proizvodnju prilago\u0111enih u\u010dvr\u0161\u0107enja, \u0161ablona i drugih komponenti koje se koriste u proizvodnim procesima. To mo\u017ee uklju\u010divati alate, pomo\u0107na sredstva za sastavljanje i prilago\u0111ene nosa\u010de koji moraju biti izdr\u017eljivi i otporni na industrijska okru\u017eenja.<\/span><\/p>\n<h3><strong>Skladi\u0161tenje proizvoda<\/strong><\/h3>\n<p><span style=\"font-weight: 400;\">Preporu\u010dujemo da filament \u010duvate u hladnom i zatvorenom prostoru s paketom sredstva za su\u0161enje silicijevog dioksida, dalje od UV svjetla.<\/span><\/p>\n<div class=\"is-divider divider clearfix\" style=\"max-width:100%;height:1px;background-color:rgb(17, 107, 168);\"><\/div>\n<h3><strong>Zna\u010dajke i svojstva<\/strong><\/h3>\n<table>\n<tbody>\n<tr>\n<th><span style=\"font-weight: 400;\"> Zna\u010dajka<\/span><\/th>\n<th><span style=\"font-weight: 400;\">Standard<\/span><\/th>\n<th><span style=\"font-weight: 400;\">XY vrijednost<\/span><\/th>\n<th><span style=\"font-weight: 400;\">XZ vrijednost\u00a0<\/span><\/th>\n<th><span style=\"font-weight: 400;\">ZX vrijednost\u00a0<\/span><\/th>\n<th><span style=\"font-weight: 400;\">Jedinica vrijednosti<\/span><\/th>\n<\/tr>\n<tr>\n<td><span style=\"font-weight: 400;\">\u00a0Vla\u010dna \u010dvrsto\u0107a<\/span><\/td>\n<td><span style=\"font-weight: 400;\">ISO 527-2<\/span><\/td>\n<td><span style=\"font-weight: 400;\">41,4<\/span><\/td>\n<td><span style=\"font-weight: 400;\">42,7<\/span><\/td>\n<td><span style=\"font-weight: 400;\">18,3<\/span><\/td>\n<td><span style=\"font-weight: 400;\">MPa<\/span><\/td>\n<\/tr>\n<tr>\n<td><span style=\"font-weight: 400;\">\u00a0Granica razvla\u010denja<\/span><\/td>\n<td><span style=\"font-weight: 400;\">ISO 527-2<\/span><\/td>\n<td><span style=\"font-weight: 400;\">33,3<\/span><\/td>\n<td><span style=\"font-weight: 400;\">32,8<\/span><\/td>\n<td><span style=\"font-weight: 400;\">\/<\/span><\/td>\n<td><span style=\"font-weight: 400;\">MPa<\/span><\/td>\n<\/tr>\n<tr>\n<td><span style=\"font-weight: 400;\">\u00a0Vla\u010dni modul<\/span><\/td>\n<td><span style=\"font-weight: 400;\">ISO 527-2<\/span><\/td>\n<td><span style=\"font-weight: 400;\">2000<\/span><\/td>\n<td><span style=\"font-weight: 400;\">2000<\/span><\/td>\n<td><span style=\"font-weight: 400;\">1800<\/span><\/td>\n<td><span style=\"font-weight: 400;\">MPa<\/span><\/td>\n<\/tr>\n<tr>\n<td><span style=\"font-weight: 400;\">\u00a0Naprezanje pri iskori\u0161tenju<\/span><\/td>\n<td><span style=\"font-weight: 400;\">ISO 527-2<\/span><\/td>\n<td><span style=\"font-weight: 400;\">5,3<\/span><\/td>\n<td><span style=\"font-weight: 400;\">4,0<\/span><\/td>\n<td><span style=\"font-weight: 400;\">1,2<\/span><\/td>\n<td><span style=\"font-weight: 400;\">%<\/span><\/td>\n<\/tr>\n<tr>\n<td><span style=\"font-weight: 400;\">\u00a0\u010cvrsto\u0107a na savijanje<\/span><\/td>\n<td><span style=\"font-weight: 400;\">ISO 178<\/span><\/td>\n<td><span style=\"font-weight: 400;\">65,7<\/span><\/td>\n<td><span style=\"font-weight: 400;\">67,0<\/span><\/td>\n<td><span style=\"font-weight: 400;\">26,8<\/span><\/td>\n<td><span style=\"font-weight: 400;\">MPa<\/span><\/td>\n<\/tr>\n<tr>\n<td><span style=\"font-weight: 400;\">\u00a0Modus savijanja<\/span><\/td>\n<td><span style=\"font-weight: 400;\">ISO 178<\/span><\/td>\n<td><span style=\"font-weight: 400;\">2100<\/span><\/td>\n<td><span style=\"font-weight: 400;\">2200<\/span><\/td>\n<td><span style=\"font-weight: 400;\">1900<\/span><\/td>\n<td><span style=\"font-weight: 400;\">MPa<\/span><\/td>\n<\/tr>\n<tr>\n<td><span style=\"font-weight: 400;\">\u00a0Udarna \u010dvrsto\u0107a<\/span><\/td>\n<td><span style=\"font-weight: 400;\">ISO 179<\/span><\/td>\n<td><span style=\"font-weight: 400;\">25<\/span><\/td>\n<td><span style=\"font-weight: 400;\">\/<\/span><\/td>\n<td><span style=\"font-weight: 400;\">\/<\/span><\/td>\n<td><span style=\"font-weight: 400;\">kJ\/m\u00b2<\/span><\/td>\n<\/tr>\n<\/tbody>\n<\/table>\n<p><b><span style=\"font-weight: 400;\">Mo\u017eete pristupiti <\/span>Tehni\u010dkom listu<span style=\"font-weight: 400;\"> i <\/span>Sigurnosno tehni\u010dkom listu <\/b><span style=\"font-weight: 400;\"><a href=\"https:\/\/azurefilm.com\/hr\/technical-data-sheets\/\" target=\"_blank\" rel=\"noopener\"><strong>ovdje<\/strong><\/a>.\u00a0<\/span><\/p>\n","protected":false},"excerpt":{"rendered":"<p><span style=\"font-weight: 400;\">Zbog svoje nevjerojatne snage i pouzdanosti, PC ABS filament White materijal se \u010desto koristi za izradu funkcionalnih prototipova i automobilskih dijelova.<\/span><\/p>\n","protected":false},"featured_media":29846,"comment_status":"closed","ping_status":"closed","template":"","meta":{"_acf_changed":false},"product_brand":[],"product_cat":[480,375,478,377],"product_tag":[1534],"brand":[267],"class_list":{"0":"post-29742","1":"product","2":"type-product","3":"status-publish","4":"has-post-thumbnail","6":"product_cat-pc-abs-filamenti-hr","7":"product_cat-3d-filamenti-hr","8":"product_cat-abs-filamenti-hr","9":"product_cat-svi-filamenti","10":"product_tag-high-speed","11":"pa_colour-white","12":"pa_filament-diameter-1-75mm","13":"pa_filament-weight-1000g","14":"brand-azurefilm","16":"first","17":"instock","18":"taxable","19":"shipping-taxable","20":"purchasable","21":"product-type-variable"},"acf":[],"_links":{"self":[{"href":"https:\/\/azurefilm.com\/hr\/wp-json\/wp\/v2\/product\/29742","targetHints":{"allow":["GET"]}}],"collection":[{"href":"https:\/\/azurefilm.com\/hr\/wp-json\/wp\/v2\/product"}],"about":[{"href":"https:\/\/azurefilm.com\/hr\/wp-json\/wp\/v2\/types\/product"}],"replies":[{"embeddable":true,"href":"https:\/\/azurefilm.com\/hr\/wp-json\/wp\/v2\/comments?post=29742"}],"wp:featuredmedia":[{"embeddable":true,"href":"https:\/\/azurefilm.com\/hr\/wp-json\/wp\/v2\/media\/29846"}],"wp:attachment":[{"href":"https:\/\/azurefilm.com\/hr\/wp-json\/wp\/v2\/media?parent=29742"}],"wp:term":[{"taxonomy":"product_brand","embeddable":true,"href":"https:\/\/azurefilm.com\/hr\/wp-json\/wp\/v2\/product_brand?post=29742"},{"taxonomy":"product_cat","embeddable":true,"href":"https:\/\/azurefilm.com\/hr\/wp-json\/wp\/v2\/product_cat?post=29742"},{"taxonomy":"product_tag","embeddable":true,"href":"https:\/\/azurefilm.com\/hr\/wp-json\/wp\/v2\/product_tag?post=29742"},{"taxonomy":"brand","embeddable":true,"href":"https:\/\/azurefilm.com\/hr\/wp-json\/wp\/v2\/brand?post=29742"}],"curies":[{"name":"wp","href":"https:\/\/api.w.org\/{rel}","templated":true}]}}