
{"id":32479,"date":"2024-04-23T06:21:59","date_gmt":"2024-04-23T06:21:59","guid":{"rendered":"https:\/\/azurefilm.com\/?post_type=product&#038;p=32479"},"modified":"2026-03-27T16:10:58","modified_gmt":"2026-03-27T16:10:58","slug":"asa-prime-filament-nature","status":"publish","type":"product","link":"https:\/\/azurefilm.com\/hr\/proizvod\/asa-prime-filament-nature\/","title":{"rendered":"ASA Prime filament Nature"},"content":{"rendered":"<h2><strong>ASA Prime<\/strong><\/h2>\n<p><span style=\"font-weight: 400;\">ASA Prime je na\u0161 vrhunski filament bez izvijanja koji se temelji na obi\u010dnom ASA (akrilonitril stiren akrilatu). Zbog na\u0161e pobolj\u0161ane formulacije, ASA Prime ima iznimnu \u010dvrsto\u0107u s visokom otporno\u0161\u0107u na udarce i izvrsno me\u0111uslojno prianjanje. S ASA Primeom izradit \u0107ete precizne, detaljne printeve koji su otporni na UV zra\u010denje i vremenske uvjete, \u0161to ga \u010dini savr\u0161enim materijalom za vanjsku primjenu.<\/span><\/p>\n<p><img loading=\"lazy\" decoding=\"async\" class=\"alignright wp-image-32486 \" src=\"https:\/\/azurefilm.com\/wp-content\/uploads\/2024\/04\/HR_Spider-chart-ASA-Prime-1024x598.png\" alt=\"\" width=\"700\" height=\"409\" title=\"\" srcset=\"https:\/\/azurefilm.com\/wp-content\/uploads\/2024\/04\/HR_Spider-chart-ASA-Prime-1024x598.png 1024w, https:\/\/azurefilm.com\/wp-content\/uploads\/2024\/04\/HR_Spider-chart-ASA-Prime-510x298.png 510w, https:\/\/azurefilm.com\/wp-content\/uploads\/2024\/04\/HR_Spider-chart-ASA-Prime-300x175.png 300w, https:\/\/azurefilm.com\/wp-content\/uploads\/2024\/04\/HR_Spider-chart-ASA-Prime-768x449.png 768w, https:\/\/azurefilm.com\/wp-content\/uploads\/2024\/04\/HR_Spider-chart-ASA-Prime-1536x897.png 1536w, https:\/\/azurefilm.com\/wp-content\/uploads\/2024\/04\/HR_Spider-chart-ASA-Prime.png 1674w\" sizes=\"auto, (max-width: 700px) 100vw, 700px\" \/><\/p>\n<p><span style=\"font-weight: 400;\">Ako \u017eelite saznati vi\u0161e o ASA Prime filamentima, pro\u010ditajte na\u0161 <\/span><a href=\"https:\/\/azurefilm.com\/hr\/2024\/04\/23\/prime-filamenti\/\" target=\"_blank\" rel=\"noopener\"><b>blog<\/b><\/a><span style=\"font-weight: 400;\">.<\/span><\/p>\n<h3><strong>Preporuke za printanje:<\/strong><\/h3>\n<ul>\n<li style=\"font-weight: 400;\" aria-level=\"1\"><span style=\"font-weight: 400;\">Za najbolje rezultate printajte na 235\u2013255\u00b0C*.\u00a0<\/span><\/li>\n<li style=\"font-weight: 400;\" aria-level=\"1\"><span style=\"font-weight: 400;\">Preporu\u010dena temperatura postolja za printanje je 80-100\u00b0C. Preporu\u010dujemo kori\u0161tenje ku\u0107i\u0161ta ili zatvorenog 3D pisa\u010da, iako se ovaj materijal mo\u017ee printati i bez ku\u0107i\u0161ta.<\/span><\/li>\n<li style=\"font-weight: 400;\" aria-level=\"1\"><span style=\"font-weight: 400;\">Toplo preporu\u010dujemo kori\u0161tenje debelih i teksturiranih PEI listova\/stakla, budu\u0107i da krutost i \u010dvrsto\u0107a ASA Prime filamenta zahtijevaju te\u017einu i\/ili magnetsko povla\u010denje visokokvalitetnog postolja za printanje.<\/span><\/li>\n<\/ul>\n<p><i><span style=\"font-weight: 400;\">*Idealna temperatura mo\u017ee varirati ovisno o kori\u0161tenom pisa\u010du.<\/span><\/i><\/p>\n<h3><strong>Tehnike zagla\u0111ivanja<\/strong><\/h3>\n<p><span style=\"font-weight: 400;\">Uobi\u010dajen na\u010din zagla\u0111ivanja povr\u0161ine va\u0161eg 3D printanog ASA Prime objekta je nano\u0161enje acetona na njegovu povr\u0161inu. Preporu\u010dujemo izravno uranjanje predmeta u aceton umjesto kori\u0161tenja parnog zagla\u0111ivanja.<\/span><\/p>\n<div class=\"is-divider divider clearfix\" style=\"max-width:100%;height:1px;background-color:rgb(17, 107, 168);\"><\/div>\n<h2><strong>Namjene<\/strong><\/h2>\n<p><span style=\"font-weight: 400;\">ASA Prime nema savijanja i izvrsno prianja izme\u0111u slojeva, \u0161to omogu\u0107uje znatno glatkiji proces printanja u usporedbi s printanjem s obi\u010dnim ASA, bez kompromisa u pogledu njegovih mehani\u010dkih svojstava.<\/span><\/p>\n<h3><strong>Bez izvijanja<\/strong><\/h3>\n<p><span style=\"font-weight: 400;\">Kod printanja s uobi\u010dajenim materijalima visokih performansi kao \u0161to je ASA \u010desto dolazi do problema sa savijanjem. Do savijanja dolazi kada se rubovi isprintanog dijela podignu s postolja za printanje, uzrokuju\u0107i deformaciju printa. U kombinaciji s lo\u0161im me\u0111uslojnim prianjanjem, nastat \u0107e pukotine, \u0161to \u0107e dovesti do ukupnog lo\u0161ijeg izgleda i funkcionalnosti printa. Zbog na\u0161e pobolj\u0161ane formule, ASA Prime nema savijanja i izvrsno prianjanja izme\u0111u slojeva, \u0161to u potpunosti eliminira ove uobi\u010dajene probleme obi\u010dnog ASA.<\/span><\/p>\n<div style=\"padding: 56.25% 0 0 0; position: relative;\"><iframe style=\"position: absolute; top: 0; left: 0; width: 100%; height: 100%;\" title=\"Bez izvijanja\" src=\"https:\/\/player.vimeo.com\/video\/935747412?badge=0&amp;autopause=0&amp;player_id=0&amp;app_id=58479\" frameborder=\"0\"><\/iframe><\/div>\n<p><script src=\"https:\/\/player.vimeo.com\/api\/player.js\"><\/script><\/p>\n<h3><strong>Visoka otpornost na toplinu<\/strong><\/h3>\n<p><span style=\"font-weight: 400;\">ASA Prime ima visoku otpornost na toplinu, \u0161to ga \u010dini iznimno prikladnim materijalom za printanje dijelova koji moraju izdr\u017eati vi\u0161e temperature. Iz tog razloga, ASA Prime se koristi za printanje prototipova i dijelova za krajnje korisnike koji \u0107e se testirati u sna\u017enim, stvarnim okolnostima.<\/span><\/p>\n<p><img loading=\"lazy\" decoding=\"async\" class=\"aligncenter wp-image-31891 size-full\" src=\"https:\/\/azurefilm.com\/wp-content\/uploads\/2024\/04\/ASA-PRIME-Heat-Resistance-1-scaled.jpg\" alt=\"\" width=\"2560\" height=\"961\" title=\"\" srcset=\"https:\/\/azurefilm.com\/wp-content\/uploads\/2024\/04\/ASA-PRIME-Heat-Resistance-1-scaled.jpg 2560w, https:\/\/azurefilm.com\/wp-content\/uploads\/2024\/04\/ASA-PRIME-Heat-Resistance-1-scaled-510x191.jpg 510w, https:\/\/azurefilm.com\/wp-content\/uploads\/2024\/04\/ASA-PRIME-Heat-Resistance-1-300x113.jpg 300w, https:\/\/azurefilm.com\/wp-content\/uploads\/2024\/04\/ASA-PRIME-Heat-Resistance-1-1024x384.jpg 1024w, https:\/\/azurefilm.com\/wp-content\/uploads\/2024\/04\/ASA-PRIME-Heat-Resistance-1-768x288.jpg 768w, https:\/\/azurefilm.com\/wp-content\/uploads\/2024\/04\/ASA-PRIME-Heat-Resistance-1-1536x576.jpg 1536w, https:\/\/azurefilm.com\/wp-content\/uploads\/2024\/04\/ASA-PRIME-Heat-Resistance-1-2048x768.jpg 2048w\" sizes=\"auto, (max-width: 2560px) 100vw, 2560px\" \/><\/p>\n<h3><strong>Visoka otpornost na udarce<\/strong><\/h3>\n<p><span style=\"font-weight: 400;\">Pojam \u201cotpornost na udarce\u201d odnosi se na sposobnost materijala da se odupre deformaciji, pucanju i lomu pod iznenadnim i intenzivnim udarom. ASA Prime ima visoku otpornost na udarce<\/span><span style=\"font-weight: 400;\">,<\/span><span style=\"font-weight: 400;\"> \u0161to zna\u010di da mo\u017ee izdr\u017eati veliku koli\u010dinu udarca bez utjecaja na integritet va\u0161eg printa.<\/span><\/p>\n<p><img loading=\"lazy\" decoding=\"async\" class=\"aligncenter wp-image-31895 size-full\" src=\"https:\/\/azurefilm.com\/wp-content\/uploads\/2024\/04\/ASA-PRIME-High-Impact-Strength-1-scaled.jpg\" alt=\"\" width=\"2560\" height=\"961\" title=\"\" srcset=\"https:\/\/azurefilm.com\/wp-content\/uploads\/2024\/04\/ASA-PRIME-High-Impact-Strength-1-scaled.jpg 2560w, https:\/\/azurefilm.com\/wp-content\/uploads\/2024\/04\/ASA-PRIME-High-Impact-Strength-1-scaled-510x191.jpg 510w, https:\/\/azurefilm.com\/wp-content\/uploads\/2024\/04\/ASA-PRIME-High-Impact-Strength-1-300x113.jpg 300w, https:\/\/azurefilm.com\/wp-content\/uploads\/2024\/04\/ASA-PRIME-High-Impact-Strength-1-1024x384.jpg 1024w, https:\/\/azurefilm.com\/wp-content\/uploads\/2024\/04\/ASA-PRIME-High-Impact-Strength-1-768x288.jpg 768w, https:\/\/azurefilm.com\/wp-content\/uploads\/2024\/04\/ASA-PRIME-High-Impact-Strength-1-1536x576.jpg 1536w, https:\/\/azurefilm.com\/wp-content\/uploads\/2024\/04\/ASA-PRIME-High-Impact-Strength-1-2048x768.jpg 2048w\" sizes=\"auto, (max-width: 2560px) 100vw, 2560px\" \/><\/p>\n<h3><strong>Jaka otpornost na UV zra\u010denje i vremenske uvjete<\/strong><\/h3>\n<p><span style=\"font-weight: 400;\">ASA Prime je jedan od najizdr\u017eljivijih, ali i najsna\u017enijih materijala koji se koristi za 3D printanje. Budu\u0107i da je otporan na UV zra\u010denje i vremenske uvjete, ASA Prime je iznimno prikladan za \u0161iroku paletu vanjskih primjena. Visoka otpornost na udarce ASA Prime u kombinaciji s njegovom izdr\u017eljivo\u0161\u0107u \u010dine ga savr\u0161enim materijalom za objekte koji moraju izdr\u017eati test vremena.<\/span><\/p>\n<p><img loading=\"lazy\" decoding=\"async\" class=\"aligncenter wp-image-31903 size-full\" src=\"https:\/\/azurefilm.com\/wp-content\/uploads\/2024\/04\/Strong-UV-weather-resistance-1-scaled.jpg\" alt=\"\" width=\"2560\" height=\"961\" title=\"\" srcset=\"https:\/\/azurefilm.com\/wp-content\/uploads\/2024\/04\/Strong-UV-weather-resistance-1-scaled.jpg 2560w, https:\/\/azurefilm.com\/wp-content\/uploads\/2024\/04\/Strong-UV-weather-resistance-1-scaled-510x191.jpg 510w, https:\/\/azurefilm.com\/wp-content\/uploads\/2024\/04\/Strong-UV-weather-resistance-1-300x113.jpg 300w, https:\/\/azurefilm.com\/wp-content\/uploads\/2024\/04\/Strong-UV-weather-resistance-1-1024x384.jpg 1024w, https:\/\/azurefilm.com\/wp-content\/uploads\/2024\/04\/Strong-UV-weather-resistance-1-768x288.jpg 768w, https:\/\/azurefilm.com\/wp-content\/uploads\/2024\/04\/Strong-UV-weather-resistance-1-1536x576.jpg 1536w, https:\/\/azurefilm.com\/wp-content\/uploads\/2024\/04\/Strong-UV-weather-resistance-1-2048x768.jpg 2048w\" sizes=\"auto, (max-width: 2560px) 100vw, 2560px\" \/><\/p>\n<h3><strong>Izvrsno prianjanje prvog sloja i me\u0111uslojeva<\/strong><\/h3>\n<p><span style=\"font-weight: 400;\">ASA Prime ima izvrsno prianjanje izme\u0111u slojeva, atribut koji je klju\u010dan za osiguravanje strukturalnog integriteta i \u010dvrsto\u0107e printanih dijelova. Dobro prianjanje izme\u0111u slojeva smanjuje rizik od pucanja pod pritiskom i stvara glatkiji proces printanja.<\/span><\/p>\n<h3><strong>Printanje visoke preciznosti s finim detaljima<\/strong><\/h3>\n<p><span style=\"font-weight: 400;\">Uz ASA Prime mo\u017eete stvarati printeve koji prikazuju najslo\u017eenije detalje bez kompromisa u mehani\u010dkim svojstvima koja o\u010dekujete od materijala visoke in\u017eenjerske kvalitete.<\/span><\/p>\n<p><img loading=\"lazy\" decoding=\"async\" class=\"aligncenter wp-image-31887 \" src=\"https:\/\/azurefilm.com\/wp-content\/uploads\/2024\/04\/ASA-PRIME-High-Percision-1-scaled.jpg\" alt=\"\" width=\"2560\" height=\"961\" title=\"\" srcset=\"https:\/\/azurefilm.com\/wp-content\/uploads\/2024\/04\/ASA-PRIME-High-Percision-1-scaled.jpg 2560w, https:\/\/azurefilm.com\/wp-content\/uploads\/2024\/04\/ASA-PRIME-High-Percision-1-scaled-510x191.jpg 510w, https:\/\/azurefilm.com\/wp-content\/uploads\/2024\/04\/ASA-PRIME-High-Percision-1-300x113.jpg 300w, https:\/\/azurefilm.com\/wp-content\/uploads\/2024\/04\/ASA-PRIME-High-Percision-1-1024x384.jpg 1024w, https:\/\/azurefilm.com\/wp-content\/uploads\/2024\/04\/ASA-PRIME-High-Percision-1-768x288.jpg 768w, https:\/\/azurefilm.com\/wp-content\/uploads\/2024\/04\/ASA-PRIME-High-Percision-1-1536x576.jpg 1536w, https:\/\/azurefilm.com\/wp-content\/uploads\/2024\/04\/ASA-PRIME-High-Percision-1-2048x768.jpg 2048w\" sizes=\"auto, (max-width: 2560px) 100vw, 2560px\" \/><\/p>\n<h3><strong>Savr\u0161en za brzo printanje<\/strong><\/h3>\n<p><span style=\"font-weight: 400;\">ASA Prime savr\u0161en je za printanje velike brzine (\u2264350 mm\/s), dok njegova mehani\u010dka svojstva ostaju beskompromisna. To vam omogu\u0107uje printanje velikom brzinom, bez brige o mogu\u0107im u\u010dincima na krajnji rezultat.<\/span><\/p>\n<p><img loading=\"lazy\" decoding=\"async\" class=\"aligncenter wp-image-32054 size-full\" src=\"https:\/\/azurefilm.com\/wp-content\/uploads\/2024\/04\/ASA-SPEED-1-scaled.jpg\" alt=\"\" width=\"2560\" height=\"961\" title=\"\" srcset=\"https:\/\/azurefilm.com\/wp-content\/uploads\/2024\/04\/ASA-SPEED-1-scaled.jpg 2560w, https:\/\/azurefilm.com\/wp-content\/uploads\/2024\/04\/ASA-SPEED-1-scaled-510x191.jpg 510w, https:\/\/azurefilm.com\/wp-content\/uploads\/2024\/04\/ASA-SPEED-1-300x113.jpg 300w, https:\/\/azurefilm.com\/wp-content\/uploads\/2024\/04\/ASA-SPEED-1-1024x384.jpg 1024w, https:\/\/azurefilm.com\/wp-content\/uploads\/2024\/04\/ASA-SPEED-1-768x288.jpg 768w, https:\/\/azurefilm.com\/wp-content\/uploads\/2024\/04\/ASA-SPEED-1-1536x576.jpg 1536w, https:\/\/azurefilm.com\/wp-content\/uploads\/2024\/04\/ASA-SPEED-1-2048x768.jpg 2048w\" sizes=\"auto, (max-width: 2560px) 100vw, 2560px\" \/><\/p>\n<h4><strong>Pohrana proizvoda<\/strong><\/h4>\n<p><span style=\"font-weight: 400;\">Preporu\u010dujemo da filament pohranite u hladnom, suhom i zatvorenom prostoru s paketom sredstva za su\u0161enje silicijevog dioksida, podalje od UV svjetla.<\/span><\/p>\n<div class=\"is-divider divider clearfix\" style=\"max-width:100%;height:1px;background-color:rgb(17, 107, 168);\"><\/div>\n<h2><strong>Zna\u010dajke i svojstva<\/strong><\/h2>\n<table>\n<tbody>\n<tr>\n<th><\/th>\n<th><span style=\"font-weight: 400;\">Standard<\/span><\/th>\n<th><span style=\"font-weight: 400;\">XY vrijednost<\/span><\/th>\n<th><span style=\"font-weight: 400;\">XZ vrijednost<\/span><\/th>\n<th><span style=\"font-weight: 400;\">ZX vrijednost<\/span><\/th>\n<th><span style=\"font-weight: 400;\">Jedinica<\/span><\/th>\n<\/tr>\n<tr>\n<td><span style=\"font-weight: 400;\">\u00a0Vla\u010dna \u010dvrsto\u0107a<\/span><\/td>\n<td><span style=\"font-weight: 400;\">ISO 527-2<\/span><\/td>\n<td><span style=\"font-weight: 400;\">37.6<\/span><\/td>\n<td><span style=\"font-weight: 400;\">43.0<\/span><\/td>\n<td><span style=\"font-weight: 400;\">9.4<\/span><\/td>\n<td><span style=\"font-weight: 400;\">MPa<\/span><\/td>\n<\/tr>\n<tr>\n<td><span style=\"font-weight: 400;\">\u00a0\u010cvrsto\u0107a popu\u0161tanja<\/span><\/td>\n<td><span style=\"font-weight: 400;\">ISO 527-2<\/span><\/td>\n<td><span style=\"font-weight: 400;\">30.1<\/span><\/td>\n<td><span style=\"font-weight: 400;\">31.4<\/span><\/td>\n<td><span style=\"font-weight: 400;\">\/<\/span><\/td>\n<td><span style=\"font-weight: 400;\">MPa<\/span><\/td>\n<\/tr>\n<tr>\n<td><span style=\"font-weight: 400;\">\u00a0Modul zatezanja<\/span><\/td>\n<td><span style=\"font-weight: 400;\">ISO 527-2<\/span><\/td>\n<td><span style=\"font-weight: 400;\">1900<\/span><\/td>\n<td><span style=\"font-weight: 400;\">2000<\/span><\/td>\n<td><span style=\"font-weight: 400;\">1600<\/span><\/td>\n<td><span style=\"font-weight: 400;\">MPa<\/span><\/td>\n<\/tr>\n<tr>\n<td><span style=\"font-weight: 400;\">\u00a0Naprezanje kod popu\u0161tanja<\/span><\/td>\n<td><span style=\"font-weight: 400;\">ISO 527-2<\/span><\/td>\n<td><span style=\"font-weight: 400;\">2.9<\/span><\/td>\n<td><span style=\"font-weight: 400;\">3.2<\/span><\/td>\n<td><span style=\"font-weight: 400;\">0.6<\/span><\/td>\n<td><span style=\"font-weight: 400;\">%<\/span><\/td>\n<\/tr>\n<tr>\n<td><span style=\"font-weight: 400;\">\u00a0\u010cvrsto\u0107a kod savijanja<\/span><\/td>\n<td><span style=\"font-weight: 400;\">ISO 178<\/span><\/td>\n<td><span style=\"font-weight: 400;\">56.0<\/span><\/td>\n<td><span style=\"font-weight: 400;\">68.8<\/span><\/td>\n<td><span style=\"font-weight: 400;\">15.6<\/span><\/td>\n<td><span style=\"font-weight: 400;\">MPa<\/span><\/td>\n<\/tr>\n<tr>\n<td><span style=\"font-weight: 400;\">\u00a0Modus savijanja<\/span><\/td>\n<td><span style=\"font-weight: 400;\">ISO 178\u00a0<\/span><\/td>\n<td><span style=\"font-weight: 400;\">1900<\/span><\/td>\n<td><span style=\"font-weight: 400;\">2000<\/span><\/td>\n<td><span style=\"font-weight: 400;\">1700<\/span><\/td>\n<td><span style=\"font-weight: 400;\">MPa<\/span><\/td>\n<\/tr>\n<tr>\n<td><span style=\"font-weight: 400;\">\u00a0Udarna \u010dvrsto\u0107a<\/span><\/td>\n<td><span style=\"font-weight: 400;\">ISO 179<\/span><\/td>\n<td><span style=\"font-weight: 400;\">13.9<\/span><\/td>\n<td><span style=\"font-weight: 400;\">\/<\/span><\/td>\n<td><span style=\"font-weight: 400;\">\/<\/span><\/td>\n<td><span style=\"font-weight: 400;\">kJ\/m\u00b2<\/span><\/td>\n<\/tr>\n<\/tbody>\n<\/table>\n<p><span style=\"font-weight: 400;\"><a href=\"https:\/\/azurefilm.com\/hr\/technical-data-sheets\/\" target=\"_blank\" rel=\"noopener\"><strong>Ovdje<\/strong><\/a> mo\u017eete pristupiti <\/span><b>Tehni\u010dkom listu<\/b><span style=\"font-weight: 400;\"> i <\/span><b>Sigurnosnom listu<\/b><span style=\"font-weight: 400;\">.<\/span><\/p>\n","protected":false},"excerpt":{"rendered":"<p><span style=\"font-weight: 400;\">Istra\u017eite svijet iznimne \u010dvrsto\u0107e, visoke otpornosti na udarce i izvrsnog prianjanja izme\u0111u slojeva uz na\u0161 ASA Prime filament Nature. <\/span><span style=\"font-weight: 400;\">Savr\u0161en za vanjske primjene.<\/span><\/p>\n","protected":false},"featured_media":32264,"comment_status":"closed","ping_status":"closed","template":"","meta":{"_acf_changed":false},"product_brand":[],"product_cat":[1553,375,481,378,1545,377],"product_tag":[1534],"brand":[267],"class_list":{"0":"post-32479","1":"product","2":"type-product","3":"status-publish","4":"has-post-thumbnail","6":"product_cat-asa-prime-hr","7":"product_cat-3d-filamenti-hr","8":"product_cat-akcija","9":"product_cat-asa-filamenti-hr","10":"product_cat-prime-kolekcija-hr","11":"product_cat-svi-filamenti","12":"product_tag-high-speed","13":"pa_colour-brown","14":"pa_filament-diameter-1-75mm","15":"pa_filament-weight-1000g","16":"brand-azurefilm","18":"first","19":"instock","20":"sale","21":"taxable","22":"shipping-taxable","23":"purchasable","24":"product-type-variable"},"acf":[],"_links":{"self":[{"href":"https:\/\/azurefilm.com\/hr\/wp-json\/wp\/v2\/product\/32479","targetHints":{"allow":["GET"]}}],"collection":[{"href":"https:\/\/azurefilm.com\/hr\/wp-json\/wp\/v2\/product"}],"about":[{"href":"https:\/\/azurefilm.com\/hr\/wp-json\/wp\/v2\/types\/product"}],"replies":[{"embeddable":true,"href":"https:\/\/azurefilm.com\/hr\/wp-json\/wp\/v2\/comments?post=32479"}],"wp:featuredmedia":[{"embeddable":true,"href":"https:\/\/azurefilm.com\/hr\/wp-json\/wp\/v2\/media\/32264"}],"wp:attachment":[{"href":"https:\/\/azurefilm.com\/hr\/wp-json\/wp\/v2\/media?parent=32479"}],"wp:term":[{"taxonomy":"product_brand","embeddable":true,"href":"https:\/\/azurefilm.com\/hr\/wp-json\/wp\/v2\/product_brand?post=32479"},{"taxonomy":"product_cat","embeddable":true,"href":"https:\/\/azurefilm.com\/hr\/wp-json\/wp\/v2\/product_cat?post=32479"},{"taxonomy":"product_tag","embeddable":true,"href":"https:\/\/azurefilm.com\/hr\/wp-json\/wp\/v2\/product_tag?post=32479"},{"taxonomy":"brand","embeddable":true,"href":"https:\/\/azurefilm.com\/hr\/wp-json\/wp\/v2\/brand?post=32479"}],"curies":[{"name":"wp","href":"https:\/\/api.w.org\/{rel}","templated":true}]}}