
{"id":32725,"date":"2024-04-17T09:58:39","date_gmt":"2024-04-17T09:58:39","guid":{"rendered":"https:\/\/azurefilm.com\/?post_type=product&#038;p=32725"},"modified":"2026-03-15T08:52:07","modified_gmt":"2026-03-15T08:52:07","slug":"pla-prime-filament-dark-blue","status":"publish","type":"product","link":"https:\/\/azurefilm.com\/hr\/proizvod\/pla-prime-filament-dark-blue\/","title":{"rendered":"PLA Prime filament Dark Blue"},"content":{"rendered":"<h2><strong>PLA Prime<\/strong><\/h2>\n<p><img loading=\"lazy\" decoding=\"async\" class=\"wp-image-32424 alignright\" src=\"https:\/\/azurefilm.com\/wp-content\/uploads\/2024\/04\/HR_Spider-chart-PLA-Prime-1024x597.png\" alt=\"\" width=\"700\" height=\"408\" title=\"\" srcset=\"https:\/\/azurefilm.com\/wp-content\/uploads\/2024\/04\/HR_Spider-chart-PLA-Prime-1024x597.png 1024w, https:\/\/azurefilm.com\/wp-content\/uploads\/2024\/04\/HR_Spider-chart-PLA-Prime-510x297.png 510w, https:\/\/azurefilm.com\/wp-content\/uploads\/2024\/04\/HR_Spider-chart-PLA-Prime-300x175.png 300w, https:\/\/azurefilm.com\/wp-content\/uploads\/2024\/04\/HR_Spider-chart-PLA-Prime-768x448.png 768w, https:\/\/azurefilm.com\/wp-content\/uploads\/2024\/04\/HR_Spider-chart-PLA-Prime-1536x896.png 1536w, https:\/\/azurefilm.com\/wp-content\/uploads\/2024\/04\/HR_Spider-chart-PLA-Prime.png 1674w\" sizes=\"auto, (max-width: 700px) 100vw, 700px\" \/><\/p>\n<p><span style=\"font-weight: 400;\">PLA Prime je na\u0161 vrhunski in\u017eenjerski PLA (polilakti\u010dna kiselina). Zbog na\u0161e pobolj\u0161ane formulacije, PLA Prime ima visoku otpornost na toplinu, visoku otpornost na udarce i zanemarivo skupljanje nakon \u017earenja. Jednostavnost upotrebe u kombinaciji s mogu\u0107no\u0161\u0107u brzog printanja i odli\u010dnim prianjanjem izme\u0111u slojeva \u010dini PLA Prime pouzdanim materijalom koji mo\u017ee podnijeti i najslo\u017eenije printeve.<\/span><\/p>\n<p><span style=\"font-weight: 400;\">Kako biste saznali vi\u0161e o PLA Prime filamentima, pro\u010ditajte na\u0161 <\/span><a href=\"https:\/\/azurefilm.com\/hr\/2024\/04\/23\/prime-filamenti\/\" target=\"_blank\" rel=\"noopener\"><b>blog<\/b><\/a><span style=\"font-weight: 400;\">.<\/span><\/p>\n<h3><strong>Preporuke za printanje:<\/strong><\/h3>\n<ul>\n<li style=\"font-weight: 400;\" aria-level=\"1\"><span style=\"font-weight: 400;\">Za najbolje rezultate printati na 230\u2013265\u00b0C*.\u00a0<\/span><\/li>\n<li style=\"font-weight: 400;\" aria-level=\"1\"><span style=\"font-weight: 400;\">Preporu\u010dena temperatura postolja za printanje je 0-60\u00b0C. Ovaj materijal mo\u017ee se printati i bez ku\u0107i\u0161ta.<\/span><\/li>\n<li style=\"font-weight: 400;\" aria-level=\"1\"><span style=\"font-weight: 400;\">Toplo preporu\u010dujemo kori\u0161tenje debelih i teksturiranih PEI listova\/stakla, budu\u0107i da krutost i \u010dvrsto\u0107a PLA Prime filamenta zahtijevaju te\u017einu i\/ili magnetsko povla\u010denje visokokvalitetnog postolja za printanje.<\/span><\/li>\n<\/ul>\n<p><i><span style=\"font-weight: 400;\">*Idealna temperatura mo\u017ee varirati ovisno o kori\u0161tenom pisa\u010du.<\/span><\/i><\/p>\n<div class=\"is-divider divider clearfix\" style=\"max-width:100%;height:1px;background-color:rgb(17, 107, 168);\"><\/div>\n<h2><strong>Namjene<\/strong><\/h2>\n<p><span style=\"font-weight: 400;\">PLA Prime je izvrstan materijal za prikazivanje kompliciranih dizajna, a istovremeno pokazuje izdr\u017eljivost i snagu.<\/span><\/p>\n<h3><strong>Printa se lako kao PLA, ima performanse ABS-a<\/strong><\/h3>\n<p><span style=\"font-weight: 400;\">Printanje s PLA Prime je jednostavno kao printanje s obi\u010dnim PLA, a njegova izvrsna mehani\u010dka svojstva sli\u010dna su ABS-u. To PLA PRime \u010dini izvrsnim materijalom za stvaranje funkcionalnih objekata\/prototipova koji moraju izdr\u017eati okolnosti stvarnog \u017eivota bez gnjava\u017ee oko printanja s obi\u010dnim ABS materijalima.<\/span><\/p>\n<div style=\"padding: 56.6% 0 0 0; position: relative;\"><iframe style=\"position: absolute; top: 0; left: 0; width: 100%; height: 100%;\" title=\"Printa se lako kao PLA, ima performanse ABS-a\" src=\"https:\/\/player.vimeo.com\/video\/935742961?badge=0&amp;autopause=0&amp;player_id=0&amp;app_id=58479\" frameborder=\"0\"><\/iframe><\/div>\n<p><script src=\"https:\/\/player.vimeo.com\/api\/player.js\"><\/script><\/p>\n<h3><strong>Visoka otpornost na toplinu<\/strong><\/h3>\n<p><span style=\"font-weight: 400;\">Zbog izvanredne otpornosti PLA Prime filaments na toplinu omogu\u0107uje mnogo \u0161iri raspon upotrebe od obi\u010dnog PLA. Tamo gdje obi\u010dni PLA ne bi bio opcija, PLA Prime je savr\u0161eno prikladan, primjerice za predmete kao \u0161to su elektroni\u010dka ku\u0107i\u0161ta, za koja je potrebna i visoka otpornost na toplinu i otpornost na udarce kako bi se za\u0161titila elektronika koja se nalazi unutra.<\/span><\/p>\n<p><img loading=\"lazy\" decoding=\"async\" class=\"aligncenter wp-image-31952 size-full\" src=\"https:\/\/azurefilm.com\/wp-content\/uploads\/2024\/04\/PLA-PRIME-Heat-Resistance-scaled.jpg\" alt=\"\" width=\"2560\" height=\"961\" title=\"\" srcset=\"https:\/\/azurefilm.com\/wp-content\/uploads\/2024\/04\/PLA-PRIME-Heat-Resistance-scaled.jpg 2560w, https:\/\/azurefilm.com\/wp-content\/uploads\/2024\/04\/PLA-PRIME-Heat-Resistance-scaled-510x191.jpg 510w, https:\/\/azurefilm.com\/wp-content\/uploads\/2024\/04\/PLA-PRIME-Heat-Resistance-300x113.jpg 300w, https:\/\/azurefilm.com\/wp-content\/uploads\/2024\/04\/PLA-PRIME-Heat-Resistance-1024x384.jpg 1024w, https:\/\/azurefilm.com\/wp-content\/uploads\/2024\/04\/PLA-PRIME-Heat-Resistance-768x288.jpg 768w, https:\/\/azurefilm.com\/wp-content\/uploads\/2024\/04\/PLA-PRIME-Heat-Resistance-1536x576.jpg 1536w, https:\/\/azurefilm.com\/wp-content\/uploads\/2024\/04\/PLA-PRIME-Heat-Resistance-2048x768.jpg 2048w\" sizes=\"auto, (max-width: 2560px) 100vw, 2560px\" \/><\/p>\n<h3><strong>Visoka otpornost na udarce\u00a0<\/strong><\/h3>\n<p><span style=\"font-weight: 400;\">Pojam \u201cotpornost na udarce\u201d odnosi se na sposobnost materijala da se odupre deformaciji, pucanju i lomu pod iznenadnim i intenzivnim udarom. PLA Prime ima visoku otpornost na udarce<\/span><span style=\"font-weight: 400;\">,<\/span><span style=\"font-weight: 400;\"> \u0161to zna\u010di da mo\u017ee izdr\u017eati veliku koli\u010dinu udarca bez utjecaja na integritet va\u0161eg printa.<\/span><\/p>\n<div style=\"padding: 56.25% 0 0 0; position: relative;\"><iframe style=\"position: absolute; top: 0; left: 0; width: 100%; height: 100%;\" title=\"Visoka otpornost na udarce\u00a0\" src=\"https:\/\/player.vimeo.com\/video\/935743382?badge=0&amp;autopause=0&amp;player_id=0&amp;app_id=58479\" frameborder=\"0\"><\/iframe><\/div>\n<p><script src=\"https:\/\/player.vimeo.com\/api\/player.js\"><\/script><\/p>\n<h3><strong>Izuzetno nisko skupljanje (nakon \u017earenja)<\/strong><\/h3>\n<p><span style=\"font-weight: 400;\">Uobi\u010dajena tehnika za pove\u0107anje \u010dvrsto\u0107e i otpornosti na toplinu printanog objekta naziva se <\/span><a href=\"https:\/\/azurefilm.com\/hr\/2024\/03\/28\/sto-je-zarenje\/\" target=\"_blank\" rel=\"noopener\"><strong>\u017earenje<\/strong><\/a><span style=\"font-weight: 400;\">. \u017darenje 3D printanog objekta zna\u010di zagrijavanje predmeta malo iznad razine kristalizacije i ostavljanje da se nakon toga ohladi, uzrokuju\u0107i da print postane znatno ja\u010di na molekularnoj razini.<\/span><\/p>\n<p><span style=\"font-weight: 400;\">\u017darenje obi\u010dnog PLA \u010desto dovodi do deformacije ili \u010dak taljenja predmeta. S na\u0161om pobolj\u0161anom formulom, PLA Prime ima minimalno skupljanje i deformaciju nakon \u017earenja, tako da mo\u017eete dobiti najpreciznije, a opet jake printeve.<\/span><\/p>\n<p><span style=\"font-weight: 400;\">Ako \u017eelite saznati vi\u0161e o \u017earenju, pro\u010ditajte na\u0161 <\/span><a href=\"https:\/\/azurefilm.com\/hr\/2024\/03\/28\/sto-je-zarenje\/\" target=\"_blank\" rel=\"noopener\"><b>blog<\/b><\/a><span style=\"font-weight: 400;\">. <\/span><\/p>\n<div style=\"padding: 56.25% 0 0 0; position: relative;\"><iframe style=\"position: absolute; top: 0; left: 0; width: 100%; height: 100%;\" title=\"PLA Prime Extremely low shrinkage (after annealing\" src=\"https:\/\/player.vimeo.com\/video\/935743868?badge=0&amp;autopause=0&amp;player_id=0&amp;app_id=58479\" frameborder=\"0\"><\/iframe><\/div>\n<p><script src=\"https:\/\/player.vimeo.com\/api\/player.js\"><\/script><\/p>\n<h3><strong>Printanje visoke preciznosti s finim detaljima<\/strong><\/h3>\n<p><span style=\"font-weight: 400;\">PLA Prime nudi estetski najugodnije printeve dok prikazuje najfinije detalje va\u0161eg dizajna. Kombinacija visokopreciznog printa i polu-mat izgleda, koji poma\u017ee u prikrivanju linija slojeva, tako\u0111er \u010dini PLA Prime savr\u0161enim materijalom za arhitektonske ili umjetni\u010dke printeve.<\/span><\/p>\n<p><img loading=\"lazy\" decoding=\"async\" class=\"wp-image-31875 size-full aligncenter\" src=\"https:\/\/azurefilm.com\/wp-content\/uploads\/2024\/04\/PLA-PRIME-High-Precision-1-scaled.jpg\" alt=\"\" width=\"2560\" height=\"960\" title=\"\" srcset=\"https:\/\/azurefilm.com\/wp-content\/uploads\/2024\/04\/PLA-PRIME-High-Precision-1-scaled.jpg 2560w, https:\/\/azurefilm.com\/wp-content\/uploads\/2024\/04\/PLA-PRIME-High-Precision-1-scaled-510x191.jpg 510w, https:\/\/azurefilm.com\/wp-content\/uploads\/2024\/04\/PLA-PRIME-High-Precision-1-300x112.jpg 300w, https:\/\/azurefilm.com\/wp-content\/uploads\/2024\/04\/PLA-PRIME-High-Precision-1-1024x384.jpg 1024w, https:\/\/azurefilm.com\/wp-content\/uploads\/2024\/04\/PLA-PRIME-High-Precision-1-768x288.jpg 768w, https:\/\/azurefilm.com\/wp-content\/uploads\/2024\/04\/PLA-PRIME-High-Precision-1-1536x576.jpg 1536w, https:\/\/azurefilm.com\/wp-content\/uploads\/2024\/04\/PLA-PRIME-High-Precision-1-2048x768.jpg 2048w\" sizes=\"auto, (max-width: 2560px) 100vw, 2560px\" \/><\/p>\n<h3><strong>Savr\u0161en za brzo printanje<\/strong><\/h3>\n<p><span style=\"font-weight: 400;\">PLA Prime savr\u0161en je za brzo printanje (\u2264300 mm\/s), dok njegova mehani\u010dka svojstva ostaju beskompromisna. To vam omogu\u0107uje printanje velikom brzinom, bez brige o mogu\u0107im u\u010dincima na krajnji rezultat.<\/span><\/p>\n<p><img loading=\"lazy\" decoding=\"async\" class=\"aligncenter wp-image-31871 size-full\" src=\"https:\/\/azurefilm.com\/wp-content\/uploads\/2024\/04\/PLA-High-Speed-scaled.jpg\" alt=\"\" width=\"2560\" height=\"961\" title=\"\" srcset=\"https:\/\/azurefilm.com\/wp-content\/uploads\/2024\/04\/PLA-High-Speed-scaled.jpg 2560w, https:\/\/azurefilm.com\/wp-content\/uploads\/2024\/04\/PLA-High-Speed-scaled-510x191.jpg 510w, https:\/\/azurefilm.com\/wp-content\/uploads\/2024\/04\/PLA-High-Speed-300x113.jpg 300w, https:\/\/azurefilm.com\/wp-content\/uploads\/2024\/04\/PLA-High-Speed-1024x384.jpg 1024w, https:\/\/azurefilm.com\/wp-content\/uploads\/2024\/04\/PLA-High-Speed-768x288.jpg 768w, https:\/\/azurefilm.com\/wp-content\/uploads\/2024\/04\/PLA-High-Speed-1536x576.jpg 1536w, https:\/\/azurefilm.com\/wp-content\/uploads\/2024\/04\/PLA-High-Speed-2048x768.jpg 2048w\" sizes=\"auto, (max-width: 2560px) 100vw, 2560px\" \/><\/p>\n<h3><strong>Izvrsno prianjanje izme\u0111u slojeva<\/strong><\/h3>\n<p><span style=\"font-weight: 400;\">PLA Prime ima izvrsno prianjanje izme\u0111u slojeva, atribut koji je klju\u010dan za osiguravanje strukturalnog integriteta i \u010dvrsto\u0107e printanih dijelova. Dobro prianjanje izme\u0111u slojeva smanjuje rizik od pucanja pod pritiskom i stvara glatkiji proces printanja.<\/span><\/p>\n<p><img loading=\"lazy\" decoding=\"async\" class=\"aligncenter wp-image-31879 size-full\" src=\"https:\/\/azurefilm.com\/wp-content\/uploads\/2024\/04\/PLA-PRIME-interlayer-Adhesion-1-scaled.jpg\" alt=\"\" width=\"2560\" height=\"961\" title=\"\" srcset=\"https:\/\/azurefilm.com\/wp-content\/uploads\/2024\/04\/PLA-PRIME-interlayer-Adhesion-1-scaled.jpg 2560w, https:\/\/azurefilm.com\/wp-content\/uploads\/2024\/04\/PLA-PRIME-interlayer-Adhesion-1-scaled-510x191.jpg 510w, https:\/\/azurefilm.com\/wp-content\/uploads\/2024\/04\/PLA-PRIME-interlayer-Adhesion-1-300x113.jpg 300w, https:\/\/azurefilm.com\/wp-content\/uploads\/2024\/04\/PLA-PRIME-interlayer-Adhesion-1-1024x384.jpg 1024w, https:\/\/azurefilm.com\/wp-content\/uploads\/2024\/04\/PLA-PRIME-interlayer-Adhesion-1-768x288.jpg 768w, https:\/\/azurefilm.com\/wp-content\/uploads\/2024\/04\/PLA-PRIME-interlayer-Adhesion-1-1536x576.jpg 1536w, https:\/\/azurefilm.com\/wp-content\/uploads\/2024\/04\/PLA-PRIME-interlayer-Adhesion-1-2048x768.jpg 2048w\" sizes=\"auto, (max-width: 2560px) 100vw, 2560px\" \/><\/p>\n<h4><strong>Pohrana proizvoda<\/strong><\/h4>\n<p><span style=\"font-weight: 400;\">Preporu\u010dujemo da filament pohranite u hladnom, suhom i zatvorenom prostoru s paketom sredstva za su\u0161enje silicijevog dioksida, podalje od UV svjetla.<\/span><\/p>\n<div class=\"is-divider divider clearfix\" style=\"max-width:100%;height:1px;background-color:rgb(17, 107, 168);\"><\/div>\n<h2><strong>Zna\u010dajke i svojstva<\/strong><\/h2>\n<table>\n<tbody>\n<tr>\n<th><\/th>\n<th><span style=\"font-weight: 400;\">Standard<\/span><\/th>\n<th><span style=\"font-weight: 400;\">XY vrijednost<\/span><\/th>\n<th><span style=\"font-weight: 400;\">XZ vrijednost<\/span><\/th>\n<th><span style=\"font-weight: 400;\">ZX vrijednost<\/span><\/th>\n<th><span style=\"font-weight: 400;\">Jedinica<\/span><\/th>\n<\/tr>\n<tr>\n<td><span style=\"font-weight: 400;\">\u00a0Vla\u010dna \u010dvrsto\u0107a<\/span><\/td>\n<td><span style=\"font-weight: 400;\">ISO 527-2<\/span><\/td>\n<td><span style=\"font-weight: 400;\">27.8<\/span><\/td>\n<td><span style=\"font-weight: 400;\">31.4<\/span><\/td>\n<td><span style=\"font-weight: 400;\">14.2<\/span><\/td>\n<td><span style=\"font-weight: 400;\">MPa<\/span><\/td>\n<\/tr>\n<tr>\n<td><span style=\"font-weight: 400;\">\u00a0\u010cvrsto\u0107a popu\u0161tanja<\/span><\/td>\n<td><span style=\"font-weight: 400;\">ISO 527-2<\/span><\/td>\n<td><span style=\"font-weight: 400;\">26.1<\/span><\/td>\n<td><span style=\"font-weight: 400;\">29.7<\/span><\/td>\n<td><span style=\"font-weight: 400;\">14.5<\/span><\/td>\n<td><span style=\"font-weight: 400;\">MPa<\/span><\/td>\n<\/tr>\n<tr>\n<td><span style=\"font-weight: 400;\">\u00a0Modul zatezanja<\/span><\/td>\n<td><span style=\"font-weight: 400;\">ISO 527-2<\/span><\/td>\n<td><span style=\"font-weight: 400;\">2400<\/span><\/td>\n<td><span style=\"font-weight: 400;\">2600<\/span><\/td>\n<td><span style=\"font-weight: 400;\">1900<\/span><\/td>\n<td><span style=\"font-weight: 400;\">MPa<\/span><\/td>\n<\/tr>\n<tr>\n<td><span style=\"font-weight: 400;\">\u00a0Naprezanje kod popu\u0161tanja<\/span><\/td>\n<td><span style=\"font-weight: 400;\">ISO 527-2<\/span><\/td>\n<td><span style=\"font-weight: 400;\">4.3<\/span><\/td>\n<td><span style=\"font-weight: 400;\">6.5<\/span><\/td>\n<td><span style=\"font-weight: 400;\">0.9<\/span><\/td>\n<td><span style=\"font-weight: 400;\">%<\/span><\/td>\n<\/tr>\n<tr>\n<td><span style=\"font-weight: 400;\">\u00a0\u010cvrsto\u0107a kod savijanja<\/span><\/td>\n<td><span style=\"font-weight: 400;\">ISO 178<\/span><\/td>\n<td><span style=\"font-weight: 400;\">52.3<\/span><\/td>\n<td><span style=\"font-weight: 400;\">56.4<\/span><\/td>\n<td><span style=\"font-weight: 400;\">3.0<\/span><\/td>\n<td><span style=\"font-weight: 400;\">MPa<\/span><\/td>\n<\/tr>\n<tr>\n<td><span style=\"font-weight: 400;\">\u00a0Modus savijanja<\/span><\/td>\n<td><span style=\"font-weight: 400;\">ISO 178\u00a0<\/span><\/td>\n<td><span style=\"font-weight: 400;\">2600<\/span><\/td>\n<td><span style=\"font-weight: 400;\">3000<\/span><\/td>\n<td><span style=\"font-weight: 400;\">1800<\/span><\/td>\n<td><span style=\"font-weight: 400;\">MPa<\/span><\/td>\n<\/tr>\n<tr>\n<td><span style=\"font-weight: 400;\">\u00a0Udarna \u010dvrsto\u0107a<\/span><\/td>\n<td><span style=\"font-weight: 400;\">ISO 179<\/span><\/td>\n<td><span style=\"font-weight: 400;\">21.5<\/span><\/td>\n<td><span style=\"font-weight: 400;\">\/<\/span><\/td>\n<td><span style=\"font-weight: 400;\">\/<\/span><\/td>\n<td><span style=\"font-weight: 400;\">kJ\/m\u00b2<\/span><\/td>\n<\/tr>\n<\/tbody>\n<\/table>\n<p><span style=\"font-weight: 400;\"><a href=\"https:\/\/azurefilm.com\/hr\/technical-data-sheets\/\" target=\"_blank\" rel=\"noopener\"><strong>Ovdje<\/strong><\/a> mo\u017eete pristupiti <\/span><b>Tehni\u010dkom listu<\/b><span style=\"font-weight: 400;\"> i <\/span><b>Sigurnosnom listu<\/b><span style=\"font-weight: 400;\">.<\/span><\/p>\n","protected":false},"excerpt":{"rendered":"<p><span style=\"font-weight: 400;\">Isprobajte na\u0161 PLA Prime filament Dark Blue i iskusite visoku otpornost na toplinu, visoku otpornost na udarce i minimalno skupljanje nakon \u017earenja. Savr\u0161en za slo\u017eene printeve.<\/span><\/p>\n","protected":false},"featured_media":32733,"comment_status":"closed","ping_status":"closed","template":"","meta":{"_acf_changed":false},"product_brand":[],"product_cat":[1549,375,402,1545,377],"product_tag":[1534],"brand":[267],"class_list":{"0":"post-32725","1":"product","2":"type-product","3":"status-publish","4":"has-post-thumbnail","6":"product_cat-pla-prime-hr","7":"product_cat-3d-filamenti-hr","8":"product_cat-pla-filamenti-hr","9":"product_cat-prime-kolekcija-hr","10":"product_cat-svi-filamenti","11":"product_tag-high-speed","12":"pa_colour-blue","13":"pa_filament-diameter-1-75mm","14":"pa_filament-weight-1000g","15":"brand-azurefilm","17":"first","18":"instock","19":"taxable","20":"shipping-taxable","21":"purchasable","22":"product-type-variable"},"acf":[],"_links":{"self":[{"href":"https:\/\/azurefilm.com\/hr\/wp-json\/wp\/v2\/product\/32725","targetHints":{"allow":["GET"]}}],"collection":[{"href":"https:\/\/azurefilm.com\/hr\/wp-json\/wp\/v2\/product"}],"about":[{"href":"https:\/\/azurefilm.com\/hr\/wp-json\/wp\/v2\/types\/product"}],"replies":[{"embeddable":true,"href":"https:\/\/azurefilm.com\/hr\/wp-json\/wp\/v2\/comments?post=32725"}],"wp:featuredmedia":[{"embeddable":true,"href":"https:\/\/azurefilm.com\/hr\/wp-json\/wp\/v2\/media\/32733"}],"wp:attachment":[{"href":"https:\/\/azurefilm.com\/hr\/wp-json\/wp\/v2\/media?parent=32725"}],"wp:term":[{"taxonomy":"product_brand","embeddable":true,"href":"https:\/\/azurefilm.com\/hr\/wp-json\/wp\/v2\/product_brand?post=32725"},{"taxonomy":"product_cat","embeddable":true,"href":"https:\/\/azurefilm.com\/hr\/wp-json\/wp\/v2\/product_cat?post=32725"},{"taxonomy":"product_tag","embeddable":true,"href":"https:\/\/azurefilm.com\/hr\/wp-json\/wp\/v2\/product_tag?post=32725"},{"taxonomy":"brand","embeddable":true,"href":"https:\/\/azurefilm.com\/hr\/wp-json\/wp\/v2\/brand?post=32725"}],"curies":[{"name":"wp","href":"https:\/\/api.w.org\/{rel}","templated":true}]}}