
{"id":32923,"date":"2024-04-17T11:39:08","date_gmt":"2024-04-17T11:39:08","guid":{"rendered":"https:\/\/azurefilm.com\/?post_type=product&#038;p=32923"},"modified":"2025-08-22T11:02:44","modified_gmt":"2025-08-22T11:02:44","slug":"abs-prime-filament-dark-blue","status":"publish","type":"product","link":"https:\/\/azurefilm.com\/hr\/proizvod\/abs-prime-filament-dark-blue\/","title":{"rendered":"ABS Prime filament Dark Blue"},"content":{"rendered":"<h2><strong>ABS Prime<\/strong><\/h2>\n<p><span style=\"font-weight: 400;\">ABS Prime je na\u0161 vrhunski in\u017eenjerski filament bez deformacije, temeljen na obi\u010dnom ABS-u (akrilonitril butadien stiren). Zbog na\u0161e pobolj\u0161ane formulacije, ABS Prime ima iznimnu \u010dvrsto\u0107u s pove\u0107anom otporno\u0161\u0107u na udarce i izvrsno prianjanje izme\u0111u slojeva. Uz ABS Prime izradit \u0107ete precizne, detaljne printeve koji su izdr\u017eljivi i imaju prekrasnu zavr\u0161nu obradu.<\/span><\/p>\n<p><img loading=\"lazy\" decoding=\"async\" class=\"alignright wp-image-32518 \" src=\"https:\/\/azurefilm.com\/wp-content\/uploads\/2024\/04\/HR_Spider-ABS-Prime-1024x600.png\" alt=\"\" width=\"700\" height=\"410\" title=\"\" srcset=\"https:\/\/azurefilm.com\/wp-content\/uploads\/2024\/04\/HR_Spider-ABS-Prime-1024x600.png 1024w, https:\/\/azurefilm.com\/wp-content\/uploads\/2024\/04\/HR_Spider-ABS-Prime-510x299.png 510w, https:\/\/azurefilm.com\/wp-content\/uploads\/2024\/04\/HR_Spider-ABS-Prime-300x176.png 300w, https:\/\/azurefilm.com\/wp-content\/uploads\/2024\/04\/HR_Spider-ABS-Prime-768x450.png 768w, https:\/\/azurefilm.com\/wp-content\/uploads\/2024\/04\/HR_Spider-ABS-Prime-1536x900.png 1536w, https:\/\/azurefilm.com\/wp-content\/uploads\/2024\/04\/HR_Spider-ABS-Prime.png 1670w\" sizes=\"auto, (max-width: 700px) 100vw, 700px\" \/><\/p>\n<p><span style=\"font-weight: 400;\">Ako \u017eelite saznati vi\u0161e o ABS Prime filamentima, pro\u010ditajte na\u0161 <\/span><a href=\"https:\/\/azurefilm.com\/hr\/2024\/04\/23\/prime-filamenti\/\" target=\"_blank\" rel=\"noopener\"><b>blog<\/b><\/a><span style=\"font-weight: 400;\">.<\/span><\/p>\n<h3><strong>Preporuke za printanje:<\/strong><\/h3>\n<ul>\n<li style=\"font-weight: 400;\" aria-level=\"1\"><span style=\"font-weight: 400;\">Za najbolje rezultate printajte na 240\u2013265\u00b0C*.\u00a0<\/span><\/li>\n<li style=\"font-weight: 400;\" aria-level=\"1\"><span style=\"font-weight: 400;\">Preporu\u010dena temperatura postolja za printanje je 70-100\u00b0C. Preporu\u010dujemo kori\u0161tenje ku\u0107i\u0161ta ili zatvorenog 3D pisa\u010da, iako se ovaj materijal mo\u017ee printati i bez ku\u0107i\u0161ta.<\/span><\/li>\n<li style=\"font-weight: 400;\" aria-level=\"1\"><span style=\"font-weight: 400;\">Toplo preporu\u010dujemo kori\u0161tenje debelih i teksturiranih PEI listova\/stakla, budu\u0107i da krutost i \u010dvrsto\u0107a ABS Prime filamenta zahtijevaju te\u017einu i\/ili magnetsko povla\u010denje visokokvalitetnog postolja za printanje.<\/span><\/li>\n<\/ul>\n<p><i><span style=\"font-weight: 400;\">*Idealna temperatura mo\u017ee varirati ovisno o kori\u0161tenom pisa\u010du.<\/span><\/i><\/p>\n<h3><strong>Tehnike zagla\u0111ivanja<\/strong><\/h3>\n<p><span style=\"font-weight: 400;\">Uobi\u010dajen na\u010din zagla\u0111ivanja povr\u0161ine va\u0161eg 3D printanog ABS Prime objekta je nano\u0161enje acetona na njegovu povr\u0161inu. Preporu\u010dujemo izravno uranjanje predmeta u aceton umjesto kori\u0161tenja parnog zagla\u0111ivanja.<\/span><\/p>\n<div class=\"is-divider divider clearfix\" style=\"max-width:100%;height:1px;background-color:rgb(17, 107, 168);\"><\/div>\n<h2><strong>Namjene<\/strong><\/h2>\n<p><span style=\"font-weight: 400;\">ABS Prime nema savijanja i izvrsno prianja izme\u0111u slojeva, \u0161to omogu\u0107uje znatno glatkiji proces printanja u usporedbi s printanjem s obi\u010dnim ABS, bez kompromisa u pogledu njegovih mehani\u010dkih svojstava.<\/span><\/p>\n<h3><strong>Bez izvijanja<\/strong><\/h3>\n<p><span style=\"font-weight: 400;\">Kod printanja s uobi\u010dajenim materijalima visokih performansi kao \u0161to je ABS \u010desto dolazi do problema sa savijanjem. Do savijanja dolazi kada se rubovi isprintanog dijela podignu s postolja za printanje, uzrokuju\u0107i deformaciju printa. U kombinaciji s lo\u0161im me\u0111uslojnim prianjanjem, nastat \u0107e pukotine, \u0161to \u0107e dovesti do ukupnog lo\u0161ijeg izgleda i funkcionalnosti printa. Zbog na\u0161e pobolj\u0161ane formule, ABS Prime nema savijanja i izvrsno prianjanja izme\u0111u slojeva, \u0161to u potpunosti eliminira ove uobi\u010dajene probleme obi\u010dnog ABS filamenta.<\/span><\/p>\n<div style=\"padding: 56.25% 0 0 0; position: relative;\"><iframe style=\"position: absolute; top: 0; left: 0; width: 100%; height: 100%;\" title=\"Bez izvijanja\" src=\"https:\/\/player.vimeo.com\/video\/935750385?badge=0&amp;autopause=0&amp;player_id=0&amp;app_id=58479\" frameborder=\"0\"><\/iframe><\/div>\n<p><script src=\"https:\/\/player.vimeo.com\/api\/player.js\"><\/script><\/p>\n<h3><strong>Visoka otpornost na toplinu<\/strong><\/h3>\n<p><span style=\"font-weight: 400;\">ABS Prime ima visoku otpornost na toplinu, \u0161to ga \u010dini iznimno prikladnim materijalom za printanje dijelova koji moraju izdr\u017eati vi\u0161e temperature. Iz tog razloga, ABS Prime se koristi za printanje prototipova i dijelova za krajnje korisnike koji \u0107e se testirati u sna\u017enim, stvarnim okolnostima.<\/span><\/p>\n<p><img loading=\"lazy\" decoding=\"async\" class=\"wp-image-31859 size-full aligncenter\" src=\"https:\/\/azurefilm.com\/wp-content\/uploads\/2024\/04\/ABS-PRIME-High-Heat-Res-scaled.jpg\" alt=\"\" width=\"2560\" height=\"961\" title=\"\" srcset=\"https:\/\/azurefilm.com\/wp-content\/uploads\/2024\/04\/ABS-PRIME-High-Heat-Res-scaled.jpg 2560w, https:\/\/azurefilm.com\/wp-content\/uploads\/2024\/04\/ABS-PRIME-High-Heat-Res-scaled-510x191.jpg 510w, https:\/\/azurefilm.com\/wp-content\/uploads\/2024\/04\/ABS-PRIME-High-Heat-Res-300x113.jpg 300w, https:\/\/azurefilm.com\/wp-content\/uploads\/2024\/04\/ABS-PRIME-High-Heat-Res-1024x384.jpg 1024w, https:\/\/azurefilm.com\/wp-content\/uploads\/2024\/04\/ABS-PRIME-High-Heat-Res-768x288.jpg 768w, https:\/\/azurefilm.com\/wp-content\/uploads\/2024\/04\/ABS-PRIME-High-Heat-Res-1536x576.jpg 1536w, https:\/\/azurefilm.com\/wp-content\/uploads\/2024\/04\/ABS-PRIME-High-Heat-Res-2048x768.jpg 2048w\" sizes=\"auto, (max-width: 2560px) 100vw, 2560px\" \/><\/p>\n<h3><strong>Visoka otpornost na udarce<\/strong><\/h3>\n<p><span style=\"font-weight: 400;\">Pojam \u201cotpornost na udarce\u201d odnosi se na sposobnost materijala da se odupre deformaciji, pucanju i lomu pod iznenadnim i intenzivnim udarom. ABS Prime ima visoku otpornost na udarce<\/span><span style=\"font-weight: 400;\">,<\/span><span style=\"font-weight: 400;\"> \u0161to zna\u010di da mo\u017ee izdr\u017eati veliku koli\u010dinu udarca bez utjecaja na integritet va\u0161eg printa.<\/span><\/p>\n<div style=\"padding: 56.25% 0 0 0; position: relative;\"><iframe style=\"position: absolute; top: 0; left: 0; width: 100%; height: 100%;\" title=\"Visoka otpornost na udarce\" src=\"https:\/\/player.vimeo.com\/video\/935750875?badge=0&amp;autopause=0&amp;player_id=0&amp;app_id=58479\" frameborder=\"0\"><\/iframe><\/div>\n<p><script src=\"https:\/\/player.vimeo.com\/api\/player.js\"><\/script><\/p>\n<h3><strong>Izvrsno prianjanje izme\u0111u slojeva<\/strong><\/h3>\n<p><span style=\"font-weight: 400;\">ABS Prime ima izvrsno prianjanje izme\u0111u slojeva, atribut koji je klju\u010dan za osiguravanje strukturalnog integriteta i \u010dvrsto\u0107e printanih dijelova. Dobro prianjanje izme\u0111u slojeva smanjuje rizik od pucanja pod pritiskom i stvara glatkiji proces printanja.<\/span><\/p>\n<div style=\"padding: 56.25% 0 0 0; position: relative;\"><iframe style=\"position: absolute; top: 0; left: 0; width: 100%; height: 100%;\" title=\"Izvrsno prianjanje izme\u0111u slojeva\" src=\"https:\/\/player.vimeo.com\/video\/935751475?badge=0&amp;autopause=0&amp;player_id=0&amp;app_id=58479\" frameborder=\"0\"><\/iframe><\/div>\n<p><script src=\"https:\/\/player.vimeo.com\/api\/player.js\"><\/script><\/p>\n<h3><strong>Printanje visoke preciznosti s finim detaljima<\/strong><\/h3>\n<p><span style=\"font-weight: 400;\">Uz ABS Prime mo\u017eete stvarati printeve koji prikazuju najslo\u017eenije detalje bez kompromisa u mehani\u010dkim svojstvima koja o\u010dekujete od materijala visoke in\u017eenjerske kvalitete.<\/span><\/p>\n<p><img loading=\"lazy\" decoding=\"async\" class=\"aligncenter wp-image-31883 size-full\" src=\"https:\/\/azurefilm.com\/wp-content\/uploads\/2024\/04\/ABS-PRIME-High-percision-scaled.jpg\" alt=\"\" width=\"2560\" height=\"961\" title=\"\" srcset=\"https:\/\/azurefilm.com\/wp-content\/uploads\/2024\/04\/ABS-PRIME-High-percision-scaled.jpg 2560w, https:\/\/azurefilm.com\/wp-content\/uploads\/2024\/04\/ABS-PRIME-High-percision-scaled-510x191.jpg 510w, https:\/\/azurefilm.com\/wp-content\/uploads\/2024\/04\/ABS-PRIME-High-percision-300x113.jpg 300w, https:\/\/azurefilm.com\/wp-content\/uploads\/2024\/04\/ABS-PRIME-High-percision-1024x384.jpg 1024w, https:\/\/azurefilm.com\/wp-content\/uploads\/2024\/04\/ABS-PRIME-High-percision-768x288.jpg 768w, https:\/\/azurefilm.com\/wp-content\/uploads\/2024\/04\/ABS-PRIME-High-percision-1536x576.jpg 1536w, https:\/\/azurefilm.com\/wp-content\/uploads\/2024\/04\/ABS-PRIME-High-percision-2048x768.jpg 2048w\" sizes=\"auto, (max-width: 2560px) 100vw, 2560px\" \/><\/p>\n<h3><strong>Smanjen miris<\/strong><\/h3>\n<p><span style=\"font-weight: 400;\">ABS Prime ispu\u0161ta zna\u010dajno manje mirisa tijekom printanja u usporedbi s obi\u010dnim ABS-om, \u0161to ga \u010dini ugodnijim za rad. Iako ABS Prime ima smanjeno otpu\u0161tanje odre\u0111enih toksina i para kada se materijal zagrijava, ipak preporu\u010dujemo rad s 3D pisa\u010dima u dobro prozra\u010denom prostoru.<\/span><\/p>\n<h4><strong>Pohrana proizvoda<\/strong><\/h4>\n<p><span style=\"font-weight: 400;\">Preporu\u010dujemo da filament pohranite u hladnom, suhom i zatvorenom prostoru s paketom sredstva za su\u0161enje silicijevog dioksida, podalje od UV svjetla.<\/span><\/p>\n<div class=\"is-divider divider clearfix\" style=\"max-width:100%;height:1px;background-color:rgb(17, 107, 168);\"><\/div>\n<h2><strong>Zna\u010dajke i svojstva<\/strong><\/h2>\n<table>\n<tbody>\n<tr>\n<th><\/th>\n<th><span style=\"font-weight: 400;\">Standard<\/span><\/th>\n<th><span style=\"font-weight: 400;\">XY vrijednost<\/span><\/th>\n<th><span style=\"font-weight: 400;\">XZ vrijednost<\/span><\/th>\n<th><span style=\"font-weight: 400;\">ZX vrijednost<\/span><\/th>\n<th><span style=\"font-weight: 400;\">Jedinica<\/span><\/th>\n<\/tr>\n<tr>\n<td><span style=\"font-weight: 400;\">\u00a0Vla\u010dna \u010dvrsto\u0107a<\/span><\/td>\n<td><span style=\"font-weight: 400;\">ISO 527-2<\/span><\/td>\n<td><span style=\"font-weight: 400;\">30.9<\/span><\/td>\n<td><span style=\"font-weight: 400;\">33.5<\/span><\/td>\n<td><span style=\"font-weight: 400;\">11.5<\/span><\/td>\n<td><span style=\"font-weight: 400;\">MPa<\/span><\/td>\n<\/tr>\n<tr>\n<td><span style=\"font-weight: 400;\">\u00a0\u010cvrsto\u0107a popu\u0161tanja<\/span><\/td>\n<td><span style=\"font-weight: 400;\">ISO 527-2<\/span><\/td>\n<td><span style=\"font-weight: 400;\">25.2<\/span><\/td>\n<td><span style=\"font-weight: 400;\">26.6<\/span><\/td>\n<td><span style=\"font-weight: 400;\">\/<\/span><\/td>\n<td><span style=\"font-weight: 400;\">MPa<\/span><\/td>\n<\/tr>\n<tr>\n<td><span style=\"font-weight: 400;\">\u00a0Modul zatezanja<\/span><\/td>\n<td><span style=\"font-weight: 400;\">ISO 527-2<\/span><\/td>\n<td><span style=\"font-weight: 400;\">1600<\/span><\/td>\n<td><span style=\"font-weight: 400;\">1600<\/span><\/td>\n<td><span style=\"font-weight: 400;\">1400<\/span><\/td>\n<td><span style=\"font-weight: 400;\">MPa<\/span><\/td>\n<\/tr>\n<tr>\n<td><span style=\"font-weight: 400;\">\u00a0Naprezanje kod popu\u0161tanja<\/span><\/td>\n<td><span style=\"font-weight: 400;\">ISO 527-2<\/span><\/td>\n<td><span style=\"font-weight: 400;\">3.2<\/span><\/td>\n<td><span style=\"font-weight: 400;\">3.2<\/span><\/td>\n<td><span style=\"font-weight: 400;\">0.9<\/span><\/td>\n<td><span style=\"font-weight: 400;\">%<\/span><\/td>\n<\/tr>\n<tr>\n<td><span style=\"font-weight: 400;\">\u00a0\u010cvrsto\u0107a kod savijanja<\/span><\/td>\n<td><span style=\"font-weight: 400;\">ISO 178<\/span><\/td>\n<td><span style=\"font-weight: 400;\">47.3<\/span><\/td>\n<td><span style=\"font-weight: 400;\">55.5<\/span><\/td>\n<td><span style=\"font-weight: 400;\">24.3<\/span><\/td>\n<td><span style=\"font-weight: 400;\">MPa<\/span><\/td>\n<\/tr>\n<tr>\n<td><span style=\"font-weight: 400;\">\u00a0Modus savijanja<\/span><\/td>\n<td><span style=\"font-weight: 400;\">ISO 178\u00a0<\/span><\/td>\n<td><span style=\"font-weight: 400;\">1600<\/span><\/td>\n<td><span style=\"font-weight: 400;\">1700<\/span><\/td>\n<td><span style=\"font-weight: 400;\">1500<\/span><\/td>\n<td><span style=\"font-weight: 400;\">MPa<\/span><\/td>\n<\/tr>\n<tr>\n<td><span style=\"font-weight: 400;\">\u00a0Udarna \u010dvrsto\u0107a<\/span><\/td>\n<td><span style=\"font-weight: 400;\">ISO 179<\/span><\/td>\n<td><span style=\"font-weight: 400;\">55.5<\/span><\/td>\n<td><span style=\"font-weight: 400;\">\/<\/span><\/td>\n<td><span style=\"font-weight: 400;\">\/<\/span><\/td>\n<td><span style=\"font-weight: 400;\">kJ\/m\u00b2<\/span><\/td>\n<\/tr>\n<\/tbody>\n<\/table>\n<p><span style=\"font-weight: 400;\"><a href=\"https:\/\/azurefilm.com\/hr\/technical-data-sheets\/\" target=\"_blank\" rel=\"noopener\"><strong>Ovdje<\/strong><\/a> mo\u017eete pristupiti <\/span><b>Tehni\u010dkom listu<\/b><span style=\"font-weight: 400;\"> i <\/span><b>Sigurnosnom listu<\/b><span style=\"font-weight: 400;\">.<\/span><\/p>\n","protected":false},"excerpt":{"rendered":"<p><span style=\"font-weight: 400;\">Upoznajte izuzetnu \u010dvrsto\u0107u u kombinaciji s pove\u0107anom otporno\u0161\u0107u na udarce i izvrsno prianjanje izme\u0111u slojeva koju jam\u010di na\u0161 ABS Prime filament Dark Blue. Savr\u0161en za izdr\u017eljive primjene.<\/span><\/p>\n","protected":false},"featured_media":32930,"comment_status":"closed","ping_status":"closed","template":"","meta":{"_acf_changed":false},"product_brand":[],"product_cat":[1557,375,478,1545,377],"product_tag":[],"brand":[267],"class_list":{"0":"post-32923","1":"product","2":"type-product","3":"status-publish","4":"has-post-thumbnail","6":"product_cat-abs-prime-hr","7":"product_cat-3d-filamenti-hr","8":"product_cat-abs-filamenti-hr","9":"product_cat-prime-kolekcija-hr","10":"product_cat-svi-filamenti","11":"pa_colour-blue","12":"pa_filament-diameter-1-75mm","13":"pa_filament-weight-1000g","14":"brand-azurefilm","16":"first","17":"instock","18":"taxable","19":"shipping-taxable","20":"purchasable","21":"product-type-variable"},"acf":[],"_links":{"self":[{"href":"https:\/\/azurefilm.com\/hr\/wp-json\/wp\/v2\/product\/32923","targetHints":{"allow":["GET"]}}],"collection":[{"href":"https:\/\/azurefilm.com\/hr\/wp-json\/wp\/v2\/product"}],"about":[{"href":"https:\/\/azurefilm.com\/hr\/wp-json\/wp\/v2\/types\/product"}],"replies":[{"embeddable":true,"href":"https:\/\/azurefilm.com\/hr\/wp-json\/wp\/v2\/comments?post=32923"}],"wp:featuredmedia":[{"embeddable":true,"href":"https:\/\/azurefilm.com\/hr\/wp-json\/wp\/v2\/media\/32930"}],"wp:attachment":[{"href":"https:\/\/azurefilm.com\/hr\/wp-json\/wp\/v2\/media?parent=32923"}],"wp:term":[{"taxonomy":"product_brand","embeddable":true,"href":"https:\/\/azurefilm.com\/hr\/wp-json\/wp\/v2\/product_brand?post=32923"},{"taxonomy":"product_cat","embeddable":true,"href":"https:\/\/azurefilm.com\/hr\/wp-json\/wp\/v2\/product_cat?post=32923"},{"taxonomy":"product_tag","embeddable":true,"href":"https:\/\/azurefilm.com\/hr\/wp-json\/wp\/v2\/product_tag?post=32923"},{"taxonomy":"brand","embeddable":true,"href":"https:\/\/azurefilm.com\/hr\/wp-json\/wp\/v2\/brand?post=32923"}],"curies":[{"name":"wp","href":"https:\/\/api.w.org\/{rel}","templated":true}]}}