
{"id":35012,"date":"2024-05-24T05:39:05","date_gmt":"2024-05-24T05:39:05","guid":{"rendered":"https:\/\/azurefilm.com\/?post_type=product&#038;p=35012"},"modified":"2026-03-16T20:36:31","modified_gmt":"2026-03-16T20:36:31","slug":"pla-matte-hs-filament-lime","status":"publish","type":"product","link":"https:\/\/azurefilm.com\/hr\/proizvod\/pla-matte-hs-filament-lime\/","title":{"rendered":"PLA Matte HS filament Lime"},"content":{"rendered":"<h2>PLA Matte HS<\/h2>\n<p><span style=\"font-weight: 400;\">PLA Matte HS je namijenjen svima koji tra\u017ee mat i estetski zavr\u0161etak svojih printeva. Mat povr\u0161ina ovog filamenta lijepo skriva linije slojeva, \u0161to dodatno pobolj\u0161ava izgled printanog predmeta. PLA Matte HS je jednostavan za printanje, ima izvrsno prianjanje prvog sloja i mo\u017ee se koristiti za printanje pri brzinama do 500 mm\/s.<\/span><\/p>\n<h3>Preporuke za printanje:<\/h3>\n<ul>\n<li style=\"font-weight: 400;\" aria-level=\"1\"><span style=\"font-weight: 400;\">Printajte na temperaturi od 205\u2013225\u00b0C za najbolje rezultate.*\u00a0<\/span><\/li>\n<li style=\"font-weight: 400;\" aria-level=\"1\"><span style=\"font-weight: 400;\">Nije potrebno imati grijano postolje, ali preporu\u010dujemo da prethodno zagrijete ispisni stol na 50\u201360\u00b0C.<\/span><\/li>\n<li style=\"font-weight: 400;\" aria-level=\"1\"><span style=\"font-weight: 400;\">Koristite stakleno postolje, PEI plo\u010du, kapton ili plavu traku za izradnu platformu s 3Dlac sprejem.<\/span><\/li>\n<\/ul>\n<p><i><span style=\"font-weight: 400;\">*Idealna temperatura mo\u017ee varirati ovisno o kori\u0161tenom pisa\u010du.<\/span><\/i><\/p>\n<div class=\"is-divider divider clearfix\" style=\"max-width:100%;height:1px;background-color:rgb(17, 107, 168);\"><\/div>\n<h2>Primjene<\/h2>\n<h3>Jednostavnost printanja<\/h3>\n<p><span style=\"font-weight: 400;\">PLA Matte HS kolekcija idealna je za po\u010detnike jer <\/span><b>se lako printa.<\/b><span style=\"font-weight: 400;\"> Unato\u010d jednostavnosti upotrebe, PLA Matte HS ima pobolj\u0161ana estetska svojstva u usporedbi s obi\u010dnim PLA, \u0161to ga \u010dini prikladnim za razne primjene poput dekoracija.<\/span><\/p>\n<div style=\"padding: 56.25% 0 0 0; position: relative;\"><iframe style=\"position: absolute; top: 0; left: 0; width: 100%; height: 100%;\" title=\"Jednostavnost printanja\" src=\"https:\/\/player.vimeo.com\/video\/949448531?badge=0&amp;autopause=0&amp;player_id=0&amp;app_id=58479\" frameborder=\"0\"><\/iframe><\/div>\n<p><script src=\"https:\/\/player.vimeo.com\/api\/player.js\"><\/script><\/p>\n<h3>Dosljedna mat povr\u0161ina<\/h3>\n<p><span style=\"font-weight: 400;\">Filamenti u Matte kolekciji imaju <\/span><b>karakteristi\u010dnu mat povr\u0161inu,<\/b><span style=\"font-weight: 400;\"> \u0161to omogu\u0107uje skrivanje linija slojeva. Isprobajte PLA Matte HS i u\u017eivajte u profesionalnom izgledu svojih modela.<\/span><\/p>\n<div style=\"padding: 56.25% 0 0 0; position: relative;\"><iframe style=\"position: absolute; top: 0; left: 0; width: 100%; height: 100%;\" title=\"Dosljedna mat povr\u0161ina\" src=\"https:\/\/player.vimeo.com\/video\/949448005?badge=0&amp;autopause=0&amp;player_id=0&amp;app_id=58479\" frameborder=\"0\"><\/iframe><\/div>\n<p><script src=\"https:\/\/player.vimeo.com\/api\/player.js\"><\/script><\/p>\n<h3>Printanje visoke brzine<\/h3>\n<p><span style=\"font-weight: 400;\">Mogu\u0107nost printanja <\/span><b>brzinom do 500mm\/s<\/b><span style=\"font-weight: 400;\"> omogu\u0107uje brzo i u\u010dinkovito kreiranje. Brzina printanja ne utje\u010de na mehani\u010dka svojstva filamenta i ne mijenja mat izgled kona\u010dnog predmeta.<\/span><\/p>\n<div style=\"padding: 56.25% 0 0 0; position: relative;\"><iframe style=\"position: absolute; top: 0; left: 0; width: 100%; height: 100%;\" title=\"Printanje visoke brzine\" src=\"https:\/\/player.vimeo.com\/video\/949449685?badge=0&amp;autopause=0&amp;player_id=0&amp;app_id=58479\" frameborder=\"0\"><\/iframe><\/div>\n<p><script src=\"https:\/\/player.vimeo.com\/api\/player.js\"><\/script><\/p>\n<h3>Manje vidljive linije slojeva<\/h3>\n<p><span style=\"font-weight: 400;\">PLA Matte HS kolekcija posebno je dizajnirana kako bi omogu\u0107ila manju vidljivost linija slojeva, \u0161to je uobi\u010dajeni izazov u 3D printanju. Ova je zna\u010dajka osobito korisna za primjene u kojima je najva\u017enija estetika. Smanjena potreba za naknadnom obradom omogu\u0107uje stvaranje prekrasnih arhitektonskih modela, ukrasa i prototipova.<\/span><\/p>\n<p><img loading=\"lazy\" decoding=\"async\" class=\"aligncenter wp-image-34782 size-full\" src=\"https:\/\/azurefilm.com\/wp-content\/uploads\/2024\/05\/PLA-Matte-Lime-1.jpg\" alt=\"\" width=\"2560\" height=\"960\" title=\"\" srcset=\"https:\/\/azurefilm.com\/wp-content\/uploads\/2024\/05\/PLA-Matte-Lime-1.jpg 2560w, https:\/\/azurefilm.com\/wp-content\/uploads\/2024\/05\/PLA-Matte-Lime-1-510x191.jpg 510w, https:\/\/azurefilm.com\/wp-content\/uploads\/2024\/05\/PLA-Matte-Lime-1-300x113.jpg 300w, https:\/\/azurefilm.com\/wp-content\/uploads\/2024\/05\/PLA-Matte-Lime-1-1024x384.jpg 1024w, https:\/\/azurefilm.com\/wp-content\/uploads\/2024\/05\/PLA-Matte-Lime-1-768x288.jpg 768w, https:\/\/azurefilm.com\/wp-content\/uploads\/2024\/05\/PLA-Matte-Lime-1-1536x576.jpg 1536w, https:\/\/azurefilm.com\/wp-content\/uploads\/2024\/05\/PLA-Matte-Lime-1-2048x768.jpg 2048w\" sizes=\"auto, (max-width: 2560px) 100vw, 2560px\" \/><\/p>\n<h3>Odli\u010dno prianjanje prvog sloja<\/h3>\n<p><span style=\"font-weight: 400;\">Prihvat na ispisno postolje je klju\u010dno jer utje\u010de na stabilnost i kvalitetu printa. PLA Matte HS briljira u ovom podru\u010dju jer modeli dobro prianjaju na radnu plo\u010du tijekom cijelog procesa printanja. Ovo tako\u0111er smanjuje potrebu za dodatnim lijepljenjem, poput ljepila, traka ili sprejeva, \u0161to mo\u017ee zakomplicirati postupak postavljanja i \u010di\u0161\u0107enja.<\/span><\/p>\n<div style=\"padding: 56.25% 0 0 0; position: relative;\"><iframe style=\"position: absolute; top: 0; left: 0; width: 100%; height: 100%;\" title=\"Odli\u010dno prianjanje prvog sloja\" src=\"https:\/\/player.vimeo.com\/video\/949449397?badge=0&amp;autopause=0&amp;player_id=0&amp;app_id=58479\" frameborder=\"0\"><\/iframe><\/div>\n<p><script src=\"https:\/\/player.vimeo.com\/api\/player.js\"><\/script><\/p>\n<h4>Skladi\u0161tenje proizvoda<\/h4>\n<p><span style=\"font-weight: 400;\">Preporu\u010dujemo da filament pohranite u hladnom, suhom zatvorenom prostoru s paketom sredstva za su\u0161enje silicija, dalje od UV svjetla.<\/span><\/p>\n<div class=\"is-divider divider clearfix\" style=\"max-width:100%;height:1px;background-color:rgb(17, 107, 168);\"><\/div>\n<h2>Zna\u010dajke i svojstva<\/h2>\n<table>\n<tbody>\n<tr>\n<th><\/th>\n<th><span style=\"font-weight: 400;\">Standard<\/span><\/th>\n<th><span style=\"font-weight: 400;\">XY vrijednost<\/span><\/th>\n<th><span style=\"font-weight: 400;\">XZ vrijednost<\/span><\/th>\n<th><span style=\"font-weight: 400;\">ZX vrijednost<\/span><\/th>\n<th><span style=\"font-weight: 400;\">Jedinica<\/span><\/th>\n<\/tr>\n<tr>\n<td><span style=\"font-weight: 400;\">\u00a0Vla\u010dna \u010dvrsto\u0107a<\/span><\/td>\n<td><span style=\"font-weight: 400;\">ISO 527-2<\/span><\/td>\n<td><span style=\"font-weight: 400;\">42.8<\/span><\/td>\n<td><span style=\"font-weight: 400;\">44.2<\/span><\/td>\n<td><span style=\"font-weight: 400;\">21.7<\/span><\/td>\n<td><span style=\"font-weight: 400;\">MPa<\/span><\/td>\n<\/tr>\n<tr>\n<td><span style=\"font-weight: 400;\">\u00a0\u010cvrsto\u0107a popu\u0161tanja<\/span><\/td>\n<td><span style=\"font-weight: 400;\">ISO 527-2<\/span><\/td>\n<td><span style=\"font-weight: 400;\">32.9<\/span><\/td>\n<td><span style=\"font-weight: 400;\">32.8<\/span><\/td>\n<td><span style=\"font-weight: 400;\">\/<\/span><\/td>\n<td><span style=\"font-weight: 400;\">MPa<\/span><\/td>\n<\/tr>\n<tr>\n<td><span style=\"font-weight: 400;\">\u00a0Modul zatezanja<\/span><\/td>\n<td><span style=\"font-weight: 400;\">ISO 527-2<\/span><\/td>\n<td><span style=\"font-weight: 400;\">3800<\/span><\/td>\n<td><span style=\"font-weight: 400;\">3800<\/span><\/td>\n<td><span style=\"font-weight: 400;\">3200<\/span><\/td>\n<td><span style=\"font-weight: 400;\">MPa<\/span><\/td>\n<\/tr>\n<tr>\n<td><span style=\"font-weight: 400;\">\u00a0Naprezanje kod popu\u0161tanja<\/span><\/td>\n<td><span style=\"font-weight: 400;\">ISO 527-2<\/span><\/td>\n<td><span style=\"font-weight: 400;\">4.1<\/span><\/td>\n<td><span style=\"font-weight: 400;\">3.6<\/span><\/td>\n<td><span style=\"font-weight: 400;\">0.8<\/span><\/td>\n<td><span style=\"font-weight: 400;\">%<\/span><\/td>\n<\/tr>\n<tr>\n<td><span style=\"font-weight: 400;\">\u00a0\u010cvrsto\u0107a kod savijanja<\/span><\/td>\n<td><span style=\"font-weight: 400;\">ISO 178<\/span><\/td>\n<td><span style=\"font-weight: 400;\">81.8<\/span><\/td>\n<td><span style=\"font-weight: 400;\">83<\/span><\/td>\n<td><span style=\"font-weight: 400;\">52.7<\/span><\/td>\n<td><span style=\"font-weight: 400;\">MPa<\/span><\/td>\n<\/tr>\n<tr>\n<td><span style=\"font-weight: 400;\">\u00a0Modus savijanja<\/span><\/td>\n<td><span style=\"font-weight: 400;\">ISO 178\u00a0<\/span><\/td>\n<td><span style=\"font-weight: 400;\">4500<\/span><\/td>\n<td><span style=\"font-weight: 400;\">4500<\/span><\/td>\n<td><span style=\"font-weight: 400;\">4000<\/span><\/td>\n<td><span style=\"font-weight: 400;\">MPa<\/span><\/td>\n<\/tr>\n<tr>\n<td><span style=\"font-weight: 400;\">\u00a0Udarna \u010dvrsto\u0107a<\/span><\/td>\n<td><span style=\"font-weight: 400;\">ISO 179<\/span><\/td>\n<td><span style=\"font-weight: 400;\">6<\/span><\/td>\n<td><span style=\"font-weight: 400;\">\/<\/span><\/td>\n<td><span style=\"font-weight: 400;\">\/<\/span><\/td>\n<td><span style=\"font-weight: 400;\">kJ\/m\u00b2<\/span><\/td>\n<\/tr>\n<\/tbody>\n<\/table>\n<p><span style=\"font-weight: 400;\"><a href=\"https:\/\/azurefilm.com\/hr\/technical-data-sheets\/\" target=\"_blank\" rel=\"noopener\"><strong>Ovdje<\/strong><\/a> mo\u017eete pristupiti Tehni\u010dkom listu.<\/span><\/p>\n","protected":false},"excerpt":{"rendered":"<p><span style=\"font-weight: 400;\">Iskusite jednostavno i brzo printanje u kombinaciji s postojanim mat zavr\u0161nim slojem i isprobajte na\u0161 PLA Matte HS filament Lime<\/span><span style=\"font-weight: 400;\">.<\/span><\/p>\n","protected":false},"featured_media":113409,"comment_status":"closed","ping_status":"closed","template":"","meta":{"_acf_changed":false},"product_brand":[],"product_cat":[1569,375,402,377],"product_tag":[1534],"brand":[],"class_list":{"0":"post-35012","1":"product","2":"type-product","3":"status-publish","4":"has-post-thumbnail","6":"product_cat-pla-matte-hs-hr","7":"product_cat-3d-filamenti-hr","8":"product_cat-pla-filamenti-hr","9":"product_cat-svi-filamenti","10":"product_tag-high-speed","11":"pa_colour-green","12":"pa_filament-diameter-1-75mm","13":"pa_filament-weight-1000g","15":"first","16":"instock","17":"taxable","18":"shipping-taxable","19":"purchasable","20":"product-type-variable"},"acf":[],"_links":{"self":[{"href":"https:\/\/azurefilm.com\/hr\/wp-json\/wp\/v2\/product\/35012","targetHints":{"allow":["GET"]}}],"collection":[{"href":"https:\/\/azurefilm.com\/hr\/wp-json\/wp\/v2\/product"}],"about":[{"href":"https:\/\/azurefilm.com\/hr\/wp-json\/wp\/v2\/types\/product"}],"replies":[{"embeddable":true,"href":"https:\/\/azurefilm.com\/hr\/wp-json\/wp\/v2\/comments?post=35012"}],"wp:featuredmedia":[{"embeddable":true,"href":"https:\/\/azurefilm.com\/hr\/wp-json\/wp\/v2\/media\/113409"}],"wp:attachment":[{"href":"https:\/\/azurefilm.com\/hr\/wp-json\/wp\/v2\/media?parent=35012"}],"wp:term":[{"taxonomy":"product_brand","embeddable":true,"href":"https:\/\/azurefilm.com\/hr\/wp-json\/wp\/v2\/product_brand?post=35012"},{"taxonomy":"product_cat","embeddable":true,"href":"https:\/\/azurefilm.com\/hr\/wp-json\/wp\/v2\/product_cat?post=35012"},{"taxonomy":"product_tag","embeddable":true,"href":"https:\/\/azurefilm.com\/hr\/wp-json\/wp\/v2\/product_tag?post=35012"},{"taxonomy":"brand","embeddable":true,"href":"https:\/\/azurefilm.com\/hr\/wp-json\/wp\/v2\/brand?post=35012"}],"curies":[{"name":"wp","href":"https:\/\/api.w.org\/{rel}","templated":true}]}}