
{"id":37182,"date":"2024-06-18T07:53:17","date_gmt":"2024-06-18T07:53:17","guid":{"rendered":"https:\/\/azurefilm.com\/?post_type=product&#038;p=37182"},"modified":"2025-12-04T09:12:18","modified_gmt":"2025-12-04T09:12:18","slug":"prednje-kuciste-serija-x1","status":"publish","type":"product","link":"https:\/\/azurefilm.com\/hr\/proizvod\/prednje-kuciste-serija-x1\/","title":{"rendered":"Prednje ku\u0107i\u0161te &#8211; serija X1"},"content":{"rendered":"<h2><strong>Klju\u010dne zna\u010dajke<\/strong><\/h2>\n<p><span style=\"font-weight: 400;\">Prednje ku\u0107i\u0161te &#8211; Serija X1 koristi se za<\/span><b> hla\u0111enje 3D tiskanih dijelova<\/b><span style=\"font-weight: 400;\"> kako bi se osiguralo njihovo<\/span><b> pravilno oblikovanje<\/b><span style=\"font-weight: 400;\">.<\/span><\/p>\n<p><b>Upozorenje:<\/b><span style=\"font-weight: 400;\"> Prije kupnje provjerite model va\u0161eg pisa\u010da, jer se priklju\u010dak mo\u017ee razlikovati izme\u0111u serije X1 i verzije P1P.<\/span><\/p>\n<h2><strong>Instalacija<\/strong><\/h2>\n<p><span style=\"font-weight: 400;\">Za detaljne upute o zamjeni posjetite Bambu Lab Wiki.<\/span><\/p>\n","protected":false},"excerpt":{"rendered":"<p><span style=\"font-weight: 400;\">Prednje ku\u0107i\u0161te &#8211; serija X1 osigurava hla\u0111enje i oblikovanje va\u0161ih 3D ispisanih dijelova. <\/span><\/p>\n","protected":false},"featured_media":37179,"comment_status":"closed","ping_status":"closed","template":"","meta":{"_acf_changed":false},"product_brand":[],"product_cat":[482,481,497,495,483],"product_tag":[],"brand":[],"class_list":{"0":"post-37182","1":"product","2":"type-product","3":"status-publish","4":"has-post-thumbnail","6":"product_cat-rezervni-dijelovi","7":"product_cat-akcija","8":"product_cat-djelovi-ekstrudera","9":"product_cat-ekstruderi","10":"product_cat-svi-rezervni-dijelovi","11":"pa_compatible-with-bambulab-fdm-3d-printers","12":"pa_fits-printer-bambu-lab-x1-series-only","14":"first","15":"instock","16":"sale","17":"taxable","18":"shipping-taxable","19":"purchasable","20":"product-type-simple"},"acf":[],"_links":{"self":[{"href":"https:\/\/azurefilm.com\/hr\/wp-json\/wp\/v2\/product\/37182","targetHints":{"allow":["GET"]}}],"collection":[{"href":"https:\/\/azurefilm.com\/hr\/wp-json\/wp\/v2\/product"}],"about":[{"href":"https:\/\/azurefilm.com\/hr\/wp-json\/wp\/v2\/types\/product"}],"replies":[{"embeddable":true,"href":"https:\/\/azurefilm.com\/hr\/wp-json\/wp\/v2\/comments?post=37182"}],"wp:featuredmedia":[{"embeddable":true,"href":"https:\/\/azurefilm.com\/hr\/wp-json\/wp\/v2\/media\/37179"}],"wp:attachment":[{"href":"https:\/\/azurefilm.com\/hr\/wp-json\/wp\/v2\/media?parent=37182"}],"wp:term":[{"taxonomy":"product_brand","embeddable":true,"href":"https:\/\/azurefilm.com\/hr\/wp-json\/wp\/v2\/product_brand?post=37182"},{"taxonomy":"product_cat","embeddable":true,"href":"https:\/\/azurefilm.com\/hr\/wp-json\/wp\/v2\/product_cat?post=37182"},{"taxonomy":"product_tag","embeddable":true,"href":"https:\/\/azurefilm.com\/hr\/wp-json\/wp\/v2\/product_tag?post=37182"},{"taxonomy":"brand","embeddable":true,"href":"https:\/\/azurefilm.com\/hr\/wp-json\/wp\/v2\/brand?post=37182"}],"curies":[{"name":"wp","href":"https:\/\/api.w.org\/{rel}","templated":true}]}}