
{"id":39654,"date":"2024-08-06T13:21:50","date_gmt":"2024-08-06T13:21:50","guid":{"rendered":"https:\/\/azurefilm.com\/?post_type=product&#038;p=39654"},"modified":"2026-01-27T08:13:42","modified_gmt":"2026-01-27T08:13:42","slug":"refill-pla-matte-hs-filament-mint","status":"publish","type":"product","link":"https:\/\/azurefilm.com\/hr\/proizvod\/refill-pla-matte-hs-filament-mint\/","title":{"rendered":"Refill PLA Matte HS filament Mint"},"content":{"rendered":"\n\t<section class=\"section\" id=\"section_2132684826\">\n\t\t<div class=\"section-bg fill\" >\n\t\t\t\t\t\t\t\t\t<div class=\"section-bg-overlay absolute fill\"><\/div>\n\t\t\t\n\n\t\t<\/div>\n\n\t\t\n\n\t\t<div class=\"section-content relative\">\n\t\t\t\n<div class=\"row row-large align-middle\"  id=\"row-2009057636\">\n\n\t<div id=\"col-1017493249\" class=\"col pb-0 medium-7 small-12 large-7\"  >\n\t\t\t\t<div class=\"col-inner text-left\"  >\n\t\t\t\n\t\t\t\n\t<div id=\"text-3929100970\" class=\"text pb-0\">\n\t\t\n<h2>Refill PLA Matte HS<\/h2>\n<p><span style=\"font-weight: 400;\">PLA Matte je namijenjen svima koji tra\u017ee mat i estetski zavr\u0161etak svojih printeva. Mat povr\u0161ina ovog filamenta lijepo skriva linije slojeva, \u0161to dodatno pobolj\u0161ava izgled printanog predmeta. PLA Matte je jednostavan za printanje, ima izvrsno prianjanje prvog sloja i mo\u017ee se koristiti za printanje pri brzinama do 500 mm\/s.<\/span><\/p>\n<p><span style=\"font-weight: 400;\">Refill PLA Matte HS filamenti imaju potpuno ista svojstva kao i na\u0161 PLA Matte HS. Ti su filamenti ekolo\u0161ki prihvatljiv izbor koju nudi pouzdane performanse i dosljedne rezultate. Nadalje, na\u0161i Refill PLA Matte HS filamenti su jednostavni za printanje i izvrsni za po\u010detnike.\u00a0<\/span><\/p>\n<h3>Preporuke za printanje:<\/h3>\n<ul>\n<li style=\"font-weight: 400;\" aria-level=\"1\"><span style=\"font-weight: 400;\">Printajte na temperaturi od 205\u2013225\u00b0C za najbolje rezultate.*\u00a0<\/span><\/li>\n<li style=\"font-weight: 400;\" aria-level=\"1\"><span style=\"font-weight: 400;\">Nije potrebno imati grijano postolje, ali preporu\u010dujemo da prethodno zagrijete ispisni stol na 50\u201360\u00b0C.<\/span><\/li>\n<li style=\"font-weight: 400;\" aria-level=\"1\"><span style=\"font-weight: 400;\">Koristite stakleno postolje, PEI plo\u010du, kapton ili plavu traku za izradnu platformu s 3Dlac sprejem.<\/span><\/li>\n<\/ul>\n<p><i><span style=\"font-weight: 400;\">*Idealna temperatura mo\u017ee varirati ovisno o kori\u0161tenom pisa\u010du.<\/span><\/i><\/p>\n\t\t\t<\/div>\n\t\n\t\t<\/div>\n\t\t\t\t\t<\/div>\n\n\t\n\n\t<div id=\"col-1200705120\" class=\"col medium-5 small-12 large-5\"  >\n\t\t\t\t<div class=\"col-inner\"  >\n\t\t\t\n\t\t\t\n\t<div class=\"img has-hover x md-x lg-x y md-y lg-y\" id=\"image_713988781\">\n\t\t\t\t\t\t\t\t<div class=\"img-inner dark\" >\n\t\t\t<img loading=\"lazy\" decoding=\"async\" width=\"1020\" height=\"835\" src=\"https:\/\/azurefilm.com\/wp-content\/uploads\/2024\/08\/HR_PLA-Matte_spder-chart-1024x838.png\" class=\"attachment-large size-large\" alt=\"\" srcset=\"https:\/\/azurefilm.com\/wp-content\/uploads\/2024\/08\/HR_PLA-Matte_spder-chart-1024x838.png 1024w, https:\/\/azurefilm.com\/wp-content\/uploads\/2024\/08\/HR_PLA-Matte_spder-chart-510x417.png 510w, https:\/\/azurefilm.com\/wp-content\/uploads\/2024\/08\/HR_PLA-Matte_spder-chart-300x245.png 300w, https:\/\/azurefilm.com\/wp-content\/uploads\/2024\/08\/HR_PLA-Matte_spder-chart-768x628.png 768w, https:\/\/azurefilm.com\/wp-content\/uploads\/2024\/08\/HR_PLA-Matte_spder-chart.png 1397w\" sizes=\"auto, (max-width: 1020px) 100vw, 1020px\" title=\"\">\t\t\t\t\t\t\n\t\t\t\t\t<\/div>\n\t\t\t\t\t\t\t\t\n<style>\n#image_713988781 {\n  width: 100%;\n}\n<\/style>\n\t<\/div>\n\t\n\t\t<\/div>\n\t\t\t\t\t<\/div>\n\n\t\n<\/div>\n\t\t<\/div>\n\n\t\t\n<style>\n#section_2132684826 {\n  padding-top: 0px;\n  padding-bottom: 0px;\n}\n#section_2132684826 .section-bg-overlay {\n  background-color: rgba(255, 255, 255, 0.85);\n}\n<\/style>\n\t<\/section>\n\t\n\t<div id=\"text-324549690\" class=\"text pb-0\">\n\t\t\n<table>\n<tbody>\n<tr>\n<th><span style=\"font-weight: 400;\">\u00a0<\/span><\/th>\n<th><span style=\"font-weight: 400;\">Standard<\/span><\/th>\n<th><span style=\"font-weight: 400;\">Vrijednost<\/span><\/th>\n<th><span style=\"font-weight: 400;\">Jedinica<\/span><\/th>\n<\/tr>\n<tr>\n<td><span style=\"font-weight: 400;\">\u00a0Temp. printanja<\/span><\/td>\n<td><span style=\"font-weight: 400;\">AF<\/span><\/td>\n<td><span style=\"font-weight: 400;\">205-225<\/span><\/td>\n<td><span style=\"font-weight: 400;\">\u00b0C<\/span><\/td>\n<\/tr>\n<tr>\n<td><span style=\"font-weight: 400;\">\u00a0Temp. postolja<\/span><\/td>\n<td><span style=\"font-weight: 400;\">AF<\/span><\/td>\n<td><span style=\"font-weight: 400;\">60<\/span><\/td>\n<td><span style=\"font-weight: 400;\">\u00b0C<\/span><\/td>\n<\/tr>\n<tr>\n<td><span style=\"font-weight: 400;\">\u00a0Brzina printanja<\/span><\/td>\n<td><span style=\"font-weight: 400;\">AF<\/span><\/td>\n<td><span style=\"font-weight: 400;\">300-500<\/span><\/td>\n<td><span style=\"font-weight: 400;\">mm\/s<\/span><\/td>\n<\/tr>\n<tr>\n<td><span style=\"font-weight: 400;\">\u00a0Hla\u0111enje<\/span><\/td>\n<td><span style=\"font-weight: 400;\">AF<\/span><\/td>\n<td><span style=\"font-weight: 400;\">100<\/span><\/td>\n<td><span style=\"font-weight: 400;\">%<\/span><\/td>\n<\/tr>\n<tr>\n<td><span style=\"font-weight: 400;\">\u00a0Povr\u0161ina postolja<\/span><\/td>\n<td><span style=\"font-weight: 400;\">\/<\/span><\/td>\n<td><span style=\"font-weight: 400;\">(teksturirani) PEI, staklo, BUILDTAK<\/span><\/td>\n<td><span style=\"font-weight: 400;\">\/<\/span><\/td>\n<\/tr>\n<\/tbody>\n<\/table>\n\t\t\t<\/div>\n\t\n<div class=\"is-divider divider clearfix\" style=\"max-width:100%;height:1px;background-color:rgb(17, 107, 168);\"><\/div>\n<p><span style=\"font-weight: 400;\">Na\u0161i Refill PLA Matte HS\u00a0 filamenti su savr\u0161eno kompatibilni s <\/span><a href=\"https:\/\/azurefilm.com\/hr\/proizvod\/master_spool_1gratis\/\" target=\"_blank\" rel=\"noopener\"><b>AzureFilm Master Spool<\/b><\/a><b> \u2013 jedinom \u0161pulom koja \u0107e vam ikada trebati<\/b><span style=\"font-weight: 400;\">. Kori\u0161tenjem ove vi\u0161ekratne \u0161pule mo\u017eete nam se pridru\u017eiti u smanjenju otpada i smanjenju utjecaja na okoli\u0161.<\/span><\/p>\n<p><span style=\"font-weight: 400;\">AzureFilm Master Spool je na\u0161a <\/span><b>vi\u0161ekratna \u0161pula<\/b><span style=\"font-weight: 400;\">, koja omogu\u0107uje <\/span><b>odr\u017eivo i isplativo rje\u0161enje<\/b><span style=\"font-weight: 400;\"> za 3D printanje. \u0160pula ima <\/span><b>set od dva vi\u0161ekratna diska lijevana brizganjem<\/b><span style=\"font-weight: 400;\">. To osigurava visoku izdr\u017eljivost i preciznost \u0161pule.<\/span><\/p>\n<p><span style=\"font-weight: 400;\">Kupnjom i ponovnim kori\u0161tenjem na\u0161e Master Spool pridonosite \u010di\u0161\u0107em okoli\u0161u dok u\u017eivate u pouzdanom proizvodu koji je jednostavan za kori\u0161tenje i kompatibilan s ve\u0107inom 3D pisa\u010da.<\/span><\/p>\n<div style=\"padding: 56.25% 0 0 0; position: relative;\"><iframe style=\"position: absolute; top: 0; left: 0; width: 100%; height: 100%;\" title=\"AzureFilm Master Spool\" src=\"https:\/\/player.vimeo.com\/video\/954356184?badge=0&amp;autopause=0&amp;player_id=0&amp;app_id=58479\" frameborder=\"0\"><\/iframe><\/div>\n<p><script src=\"https:\/\/player.vimeo.com\/api\/player.js\"><\/script><\/p>\n<div class=\"is-divider divider clearfix\" style=\"max-width:100%;height:1px;background-color:rgb(17, 107, 168);\"><\/div>\n<h2>Primjene<\/h2>\n<h3>Jednostavnost printanja<\/h3>\n<p><span style=\"font-weight: 400;\">PLA Matte HS kolekcija idealna je za po\u010detnike jer <\/span><b>se lako printa.<\/b><span style=\"font-weight: 400;\"> Unato\u010d jednostavnosti upotrebe, PLA Matte HS ima pobolj\u0161ana estetska svojstva u usporedbi s obi\u010dnim PLA, \u0161to ga \u010dini prikladnim za razne primjene poput dekoracija.<\/span><\/p>\n<div style=\"padding: 56.25% 0 0 0; position: relative;\"><iframe style=\"position: absolute; top: 0; left: 0; width: 100%; height: 100%;\" title=\"Jednostavnost printanja\" src=\"https:\/\/player.vimeo.com\/video\/949448531?badge=0&amp;autopause=0&amp;player_id=0&amp;app_id=58479\" frameborder=\"0\"><\/iframe><\/div>\n<p><script src=\"https:\/\/player.vimeo.com\/api\/player.js\"><\/script><\/p>\n<h3>Dosljedna mat povr\u0161ina<\/h3>\n<p><span style=\"font-weight: 400;\">Filamenti u Matte kolekciji imaju <\/span><b>karakteristi\u010dnu mat povr\u0161inu,<\/b><span style=\"font-weight: 400;\"> \u0161to omogu\u0107uje skrivanje linija slojeva. Isprobajte PLA Matte HS i u\u017eivajte u profesionalnom izgledu svojih modela.<\/span><\/p>\n<div style=\"padding: 56.25% 0 0 0; position: relative;\"><iframe style=\"position: absolute; top: 0; left: 0; width: 100%; height: 100%;\" title=\"Dosljedna mat povr\u0161ina\" src=\"https:\/\/player.vimeo.com\/video\/949448005?badge=0&amp;autopause=0&amp;player_id=0&amp;app_id=58479\" frameborder=\"0\"><\/iframe><\/div>\n<p><script src=\"https:\/\/player.vimeo.com\/api\/player.js\"><\/script><\/p>\n<h3>Printanje visoke brzine<\/h3>\n<p><span style=\"font-weight: 400;\">Mogu\u0107nost printanja <\/span><b>brzinom do 500mm\/s<\/b><span style=\"font-weight: 400;\"> omogu\u0107uje brzo i u\u010dinkovito kreiranje. Brzina printanja ne utje\u010de na mehani\u010dka svojstva filamenta i ne mijenja mat izgled kona\u010dnog predmeta.<\/span><\/p>\n<div style=\"padding: 56.25% 0 0 0; position: relative;\"><iframe style=\"position: absolute; top: 0; left: 0; width: 100%; height: 100%;\" title=\"Printanje visoke brzine\" src=\"https:\/\/player.vimeo.com\/video\/949449685?badge=0&amp;autopause=0&amp;player_id=0&amp;app_id=58479\" frameborder=\"0\"><\/iframe><\/div>\n<p><script src=\"https:\/\/player.vimeo.com\/api\/player.js\"><\/script><\/p>\n<h3>Manje vidljive linije slojeva<\/h3>\n<p><span style=\"font-weight: 400;\">PLA Matte HS kolekcija posebno je dizajnirana kako bi omogu\u0107ila manju vidljivost linija slojeva, \u0161to je uobi\u010dajeni izazov u 3D printanju. Ova je zna\u010dajka osobito korisna za primjene u kojima je najva\u017enija estetika. Smanjena potreba za naknadnom obradom omogu\u0107uje stvaranje prekrasnih arhitektonskih modela, ukrasa i prototipova.<\/span><\/p>\n<p><img loading=\"lazy\" decoding=\"async\" class=\"aligncenter wp-image-39568 size-full\" src=\"https:\/\/azurefilm.com\/wp-content\/uploads\/2024\/08\/PLA-Matte-Mint-2048x768-1.jpg\" alt=\"\" width=\"2048\" height=\"768\" title=\"\"><\/p>\n<h3>Odli\u010dno prianjanje prvog sloja<\/h3>\n<p><span style=\"font-weight: 400;\">Prihvat na ispisno postolje je klju\u010dno jer utje\u010de na stabilnost i kvalitetu printa. PLA Matte HS briljira u ovom podru\u010dju jer modeli dobro prianjaju na radnu plo\u010du tijekom cijelog procesa printanja. Ovo tako\u0111er smanjuje potrebu za dodatnim lijepljenjem, poput ljepila, traka ili sprejeva, \u0161to mo\u017ee zakomplicirati postupak postavljanja i \u010di\u0161\u0107enja.<\/span><\/p>\n<div style=\"padding: 56.25% 0 0 0; position: relative;\"><iframe style=\"position: absolute; top: 0; left: 0; width: 100%; height: 100%;\" title=\"Odli\u010dno prianjanje prvog sloja\" src=\"https:\/\/player.vimeo.com\/video\/949449397?badge=0&amp;autopause=0&amp;player_id=0&amp;app_id=58479\" frameborder=\"0\"><\/iframe><\/div>\n<p><script src=\"https:\/\/player.vimeo.com\/api\/player.js\"><\/script><\/p>\n<h4>Skladi\u0161tenje proizvoda<\/h4>\n<p><span style=\"font-weight: 400;\">Preporu\u010dujemo da filament pohranite u hladnom, suhom zatvorenom prostoru s paketom sredstva za su\u0161enje silicija, dalje od UV svjetla.<\/span><\/p>\n<div class=\"is-divider divider clearfix\" style=\"max-width:100%;height:1px;background-color:rgb(17, 107, 168);\"><\/div>\n<h2>Zna\u010dajke i svojstva<\/h2>\n<table>\n<tbody>\n<tr>\n<th><\/th>\n<th><span style=\"font-weight: 400;\">Standard<\/span><\/th>\n<th><span style=\"font-weight: 400;\">XY vrijednost<\/span><\/th>\n<th><span style=\"font-weight: 400;\">XZ vrijednost<\/span><\/th>\n<th><span style=\"font-weight: 400;\">ZX vrijednost<\/span><\/th>\n<th><span style=\"font-weight: 400;\">Jedinica<\/span><\/th>\n<\/tr>\n<tr>\n<td><span style=\"font-weight: 400;\">\u00a0Vla\u010dna \u010dvrsto\u0107a<\/span><\/td>\n<td><span style=\"font-weight: 400;\">ISO 527-2<\/span><\/td>\n<td><span style=\"font-weight: 400;\">42.8<\/span><\/td>\n<td><span style=\"font-weight: 400;\">44.2<\/span><\/td>\n<td><span style=\"font-weight: 400;\">21.7<\/span><\/td>\n<td><span style=\"font-weight: 400;\">MPa<\/span><\/td>\n<\/tr>\n<tr>\n<td><span style=\"font-weight: 400;\">\u00a0\u010cvrsto\u0107a popu\u0161tanja<\/span><\/td>\n<td><span style=\"font-weight: 400;\">ISO 527-2<\/span><\/td>\n<td><span style=\"font-weight: 400;\">32.9<\/span><\/td>\n<td><span style=\"font-weight: 400;\">32.8<\/span><\/td>\n<td><span style=\"font-weight: 400;\">\/<\/span><\/td>\n<td><span style=\"font-weight: 400;\">MPa<\/span><\/td>\n<\/tr>\n<tr>\n<td><span style=\"font-weight: 400;\">\u00a0Modul zatezanja<\/span><\/td>\n<td><span style=\"font-weight: 400;\">ISO 527-2<\/span><\/td>\n<td><span style=\"font-weight: 400;\">3800<\/span><\/td>\n<td><span style=\"font-weight: 400;\">3800<\/span><\/td>\n<td><span style=\"font-weight: 400;\">3200<\/span><\/td>\n<td><span style=\"font-weight: 400;\">MPa<\/span><\/td>\n<\/tr>\n<tr>\n<td><span style=\"font-weight: 400;\">\u00a0Naprezanje kod popu\u0161tanja<\/span><\/td>\n<td><span style=\"font-weight: 400;\">ISO 527-2<\/span><\/td>\n<td><span style=\"font-weight: 400;\">4.1<\/span><\/td>\n<td><span style=\"font-weight: 400;\">3.6<\/span><\/td>\n<td><span style=\"font-weight: 400;\">0.8<\/span><\/td>\n<td><span style=\"font-weight: 400;\">%<\/span><\/td>\n<\/tr>\n<tr>\n<td><span style=\"font-weight: 400;\">\u00a0\u010cvrsto\u0107a kod savijanja<\/span><\/td>\n<td><span style=\"font-weight: 400;\">ISO 178<\/span><\/td>\n<td><span style=\"font-weight: 400;\">81.8<\/span><\/td>\n<td><span style=\"font-weight: 400;\">83<\/span><\/td>\n<td><span style=\"font-weight: 400;\">52.7<\/span><\/td>\n<td><span style=\"font-weight: 400;\">MPa<\/span><\/td>\n<\/tr>\n<tr>\n<td><span style=\"font-weight: 400;\">\u00a0Modus savijanja<\/span><\/td>\n<td><span style=\"font-weight: 400;\">ISO 178\u00a0<\/span><\/td>\n<td><span style=\"font-weight: 400;\">4500<\/span><\/td>\n<td><span style=\"font-weight: 400;\">4500<\/span><\/td>\n<td><span style=\"font-weight: 400;\">4000<\/span><\/td>\n<td><span style=\"font-weight: 400;\">MPa<\/span><\/td>\n<\/tr>\n<tr>\n<td><span style=\"font-weight: 400;\">\u00a0Udarna \u010dvrsto\u0107a<\/span><\/td>\n<td><span style=\"font-weight: 400;\">ISO 179<\/span><\/td>\n<td><span style=\"font-weight: 400;\">6<\/span><\/td>\n<td><span style=\"font-weight: 400;\">\/<\/span><\/td>\n<td><span style=\"font-weight: 400;\">\/<\/span><\/td>\n<td><span style=\"font-weight: 400;\">kJ\/m\u00b2<\/span><\/td>\n<\/tr>\n<\/tbody>\n<\/table>\n<p><span style=\"font-weight: 400;\"><a href=\"https:\/\/azurefilm.com\/hr\/technical-data-sheets\/\" target=\"_blank\" rel=\"noopener\"><strong>Ovdje<\/strong><\/a> mo\u017eete pristupiti Tehni\u010dkom listu.<\/span><\/p>\n","protected":false},"excerpt":{"rendered":"<p><span style=\"font-weight: 400;\">Stvarajte uz AzureFilm Refill PLA Matte HS filament Mint. Ekolo\u0161ki prihvatljiv i pristupa\u010dan izbor.<\/span><\/p>\n","protected":false},"featured_media":113581,"comment_status":"closed","ping_status":"closed","template":"","meta":{"_acf_changed":false},"product_brand":[],"product_cat":[1596,375,402,1569,414,377],"product_tag":[1525,1534],"brand":[],"class_list":{"0":"post-39654","1":"product","2":"type-product","3":"status-publish","4":"has-post-thumbnail","6":"product_cat-refill-pla-matte-hs-hr","7":"product_cat-3d-filamenti-hr","8":"product_cat-pla-filamenti-hr","9":"product_cat-pla-matte-hs-hr","10":"product_cat-refill-filamenti-hr","11":"product_cat-svi-filamenti","12":"product_tag-eko-hr","13":"product_tag-high-speed","14":"pa_colour-blue","15":"pa_colour-green","16":"pa_filament-diameter-1-75mm","17":"pa_filament-weight-1000g","19":"first","20":"instock","21":"taxable","22":"shipping-taxable","23":"purchasable","24":"product-type-variable"},"acf":[],"_links":{"self":[{"href":"https:\/\/azurefilm.com\/hr\/wp-json\/wp\/v2\/product\/39654","targetHints":{"allow":["GET"]}}],"collection":[{"href":"https:\/\/azurefilm.com\/hr\/wp-json\/wp\/v2\/product"}],"about":[{"href":"https:\/\/azurefilm.com\/hr\/wp-json\/wp\/v2\/types\/product"}],"replies":[{"embeddable":true,"href":"https:\/\/azurefilm.com\/hr\/wp-json\/wp\/v2\/comments?post=39654"}],"wp:featuredmedia":[{"embeddable":true,"href":"https:\/\/azurefilm.com\/hr\/wp-json\/wp\/v2\/media\/113581"}],"wp:attachment":[{"href":"https:\/\/azurefilm.com\/hr\/wp-json\/wp\/v2\/media?parent=39654"}],"wp:term":[{"taxonomy":"product_brand","embeddable":true,"href":"https:\/\/azurefilm.com\/hr\/wp-json\/wp\/v2\/product_brand?post=39654"},{"taxonomy":"product_cat","embeddable":true,"href":"https:\/\/azurefilm.com\/hr\/wp-json\/wp\/v2\/product_cat?post=39654"},{"taxonomy":"product_tag","embeddable":true,"href":"https:\/\/azurefilm.com\/hr\/wp-json\/wp\/v2\/product_tag?post=39654"},{"taxonomy":"brand","embeddable":true,"href":"https:\/\/azurefilm.com\/hr\/wp-json\/wp\/v2\/brand?post=39654"}],"curies":[{"name":"wp","href":"https:\/\/api.w.org\/{rel}","templated":true}]}}