
{"id":43086,"date":"2024-09-09T13:12:06","date_gmt":"2024-09-09T13:12:06","guid":{"rendered":"https:\/\/azurefilm.com\/product\/kobra-3-combo\/"},"modified":"2026-02-26T15:24:03","modified_gmt":"2026-02-26T15:24:03","slug":"anycubic-kobra-3-combo","status":"publish","type":"product","link":"https:\/\/azurefilm.com\/hr\/proizvod\/anycubic-kobra-3-combo\/","title":{"rendered":"Anycubic Kobra 3 Combo"},"content":{"rendered":"<h2><b>Anycubic Kobra 3<\/b><\/h2>\n<p><span style=\"font-weight: 400;\">S prostranim ugradbenim volumenom od 250 x 250 x 260 mm, Kobra 3 daje vam puno prostora za ambiciozne projekte, dok \u0107e vas njegova brzina do 600 mm\/s i ubrzanje od 20 000 mm\/s\u00b2 ostaviti zadivljeni svojom brzinom vremena ispisa.<\/span><\/p>\n<p><b>Elegantan, ali izdr\u017eljiv dizajn<\/b><\/p>\n<p><span style=\"font-weight: 400;\">Ovaj pisa\u010d kombinira eleganciju s izdr\u017eljivo\u0161\u0107u, s integriranim jezgrenim modulima koji se lako postavljaju u zatvorenom dizajnu koji \u0161titi klju\u010dne komponente od pra\u0161ine i drugih \u010dimbenika okoline.<\/span><\/p>\n<p><b>Preciznost u pokretu<\/b><\/p>\n<p><span style=\"font-weight: 400;\">Njegova XY os, opremljena dvostrukom metalnom jezgrom i SG15 le\u017eajevima, osigurava glatke, stabilne performanse i dugotrajnu pouzdanost.<\/span><\/p>\n<p><b>\u010cvrsta Z-os s dvostrukim vode\u0107im vijcima<\/b><\/p>\n<p><span style=\"font-weight: 400;\">Dvostruki vode\u0107i vijci na Z-osi Kobra 3 smanjuju otpor tijekom ispisa, pove\u0107avaju\u0107i stabilnost i kvalitetu ispisa.<\/span><\/p>\n<p><b>Pobolj\u0161ani sustav hla\u0111enja<\/b><\/p>\n<p><span style=\"font-weight: 400;\">Redizajnirani ventilator ekstrudera posti\u017ee impresivnih 7000 okretaja u minuti, pobolj\u0161avaju\u0107i disipaciju topline i br\u017ee hla\u0111enje modela.<\/span><\/p>\n<p><b>LeviQ 3.0 automatsko niveliranje<\/b><\/p>\n<p><span style=\"font-weight: 400;\">S LeviQ 3.0, automatsko niveliranje je jednostavno. Poseban modul automatski pode\u0161ava Z pomak pritiskom na gumb, osiguravaju\u0107i preciznost sa svakim ispisom.<\/span><\/p>\n<p><b>Pametne zna\u010dajke za optimalnu izvedbu<\/b><\/p>\n<p><b>Pra\u0107enje napetosti remena:<\/b><span style=\"font-weight: 400;\"> Detekcija rezonancije identificira i automatski prilago\u0111ava napetost remena, osiguravaju\u0107i glatki rad (zahtijeva kameru za AI funkciju).<\/span><\/p>\n<p><b>Nastavak ispisa<\/b><span style=\"font-weight: 400;\">: Automatski nastavlja tamo gdje je stao nakon neo\u010dekivanog nestanka struje.<\/span><\/p>\n<p><b>Senzor istekanja filamenta<\/b><span style=\"font-weight: 400;\">: detektira kada je filament pri kraju i pauzira ispis kako bi sprije\u010dio pogre\u0161ke.<\/span><\/p>\n<p><b>Kompenzacija vibracija<\/b><\/p>\n<p><span style=\"font-weight: 400;\">Ugra\u0111eni akcelerometar detektira rezonanciju u X i Y osi, prilago\u0111avaju\u0107i kretanje za stabilne ispise visoke preciznosti.<\/span><\/p>\n<p><b>Visokotemperaturne sposobnosti<\/b><\/p>\n<p><span style=\"font-weight: 400;\">Kobra 3 dizajnirana je za rad s temperaturama do 300\u00b0C, s izmjenom mlaznica bez alata za prakti\u010dnost.<\/span><\/p>\n<p><b>Dodatne naglaske:<\/b><\/p>\n<ul>\n<li style=\"font-weight: 400;\" aria-level=\"1\"><span style=\"font-weight: 400;\">Tiha 32-bitna mati\u010dna plo\u010da s tihim upravlja\u010dkim programima.<\/span><\/li>\n<li style=\"font-weight: 400;\" aria-level=\"1\"><span style=\"font-weight: 400;\">Zaslon osjetljiv na dodir od 4,3 in\u010da s podesivim kutom gledanja (30\u00b0-60\u00b0).<\/span><\/li>\n<li style=\"font-weight: 400;\" aria-level=\"1\"><span style=\"font-weight: 400;\">Jednostavno pode\u0161avanje napetosti remena pomo\u0107u jednostavnog gumba.<\/span><\/li>\n<\/ul>\n<p>&nbsp;<\/p>\n<h2><b>ACE Pro &#8211; Anycubic Colour Engine Pro\u00a0<\/b><\/h2>\n<p><span style=\"font-weight: 400;\">ACE Pro vam omogu\u0107uje ispis s vi\u0161e materijala i boja istovremeno, savr\u0161eno za dodavanje kreativne slo\u017eenosti va\u0161im projektima. Dr\u017ei do \u010detiri razli\u010dite \u0161pule u boji odjednom, a kada je uparen s drugim ACE sustavom, omogu\u0107uje ispis u do osam boja.<\/span><\/p>\n<p><b>Kako radi?<\/b><\/p>\n<p><span style=\"font-weight: 400;\">Boje se automatski mijenjaju tijekom ispisa na temelju postavki reza\u010da, \u0161to ispis u vi\u0161e boja \u010dini bezbri\u017enim.<\/span><\/p>\n<p><b>Aktivno su\u0161enje za bolje ispise<\/b><\/p>\n<p><span style=\"font-weight: 400;\">S dvostrukim grija\u0107im elementom od 200 W i sna\u017enim ventilatorima, ACE Pro aktivno su\u0161i va\u0161e filamente tijekom ispisa, osiguravaju\u0107i da ostanu bez vlage. Savjet: Unutarnja temperatura mo\u017ee se postaviti do 55 \u00b0C uz optimalnu vla\u017enost.<\/span><\/p>\n<p><span style=\"font-weight: 400;\">\u00a0Mo\u017eete \u010dak koristiti sustav za sigurno pohranjivanje niti izme\u0111u ispisa.\u00a0<\/span><\/p>\n<p><b>Dizajn protiv petljanja<\/b><\/p>\n<p><span style=\"font-weight: 400;\">Svaki kalem sa filamentom ima svoju izlaznu liniju, \u010dime se smanjuje rizik od petljanja i osiguravaju glatki prijelazi boja. Osim toga, zna\u010dajka aktivnog premotavanja poma\u017ee u sprje\u010davanju rasipanja materijala.<\/span><\/p>\n<p><b>Napredne zna\u010dajke uklju\u010duju:<\/b><\/p>\n<ul>\n<li style=\"font-weight: 400;\" aria-level=\"1\"><span style=\"font-weight: 400;\">Otkrivanje za\u010depljenja: Rano otkriva za\u010depljenja kako bi se izbjegli prekidi ispisa.<\/span><\/li>\n<li style=\"font-weight: 400;\" aria-level=\"1\"><span style=\"font-weight: 400;\">Automatsko prebacivanje kalema: neprimjetno nastavlja ispis s drugim kalemom kada se prvi isprazni.<\/span><\/li>\n<li style=\"font-weight: 400;\" aria-level=\"1\"><span style=\"font-weight: 400;\">Inteligentna promjena boje: Optimizira promjene boje kako bi se smanjio gubitak i vrijeme ispisa.<\/span><\/li>\n<\/ul>\n<p><b>Anycubic reza\u010d i aplikacija:<\/b><\/p>\n<p><span style=\"font-weight: 400;\">Podr\u017eava ispis u vi\u0161e boja, rezanje i promjenu boja.<\/span><\/p>\n<p><span style=\"font-weight: 400;\">Nudi daljinsko upravljanje putem ra\u010dunala ili pametnog telefona.<\/span><\/p>\n<p><span style=\"font-weight: 400;\">Prati status ispisa u stvarnom vremenu uz dodatnu podr\u0161ku za kameru.<\/span><\/p>\n<p><span style=\"font-weight: 400;\">Omogu\u0107uje vam upravljanje 3D pisa\u010dem preko va\u0161e lokalne mre\u017ee.<\/span><\/p>\n<p>&nbsp;<\/p>\n<p><b>Paket Kobra 3 Combo uklju\u010duje:\u00a0<\/b><\/p>\n<p><span style=\"font-weight: 400;\">1 x Kobra 3<\/span><\/p>\n<p><span style=\"font-weight: 400;\">1 x Anycubic Color Engine Pro (ACE Pro)<\/span><\/p>\n<p><span style=\"font-weight: 400;\">1 x ispisna glava<\/span><\/p>\n<p><span style=\"font-weight: 400;\">1 x zaslon osjetljiv na dodir<\/span><\/p>\n<p><span style=\"font-weight: 400;\">1 x dr\u017ea\u010d kalema<\/span><\/p>\n<p><span style=\"font-weight: 400;\">1 x dr\u017ea\u010d kabela<\/span><\/p>\n<p><span style=\"font-weight: 400;\">1 x \u010detka za \u010di\u0161\u0107enje<\/span><\/p>\n<p><span style=\"font-weight: 400;\">2 x M2x14 vijka<\/span><\/p>\n<p><span style=\"font-weight: 400;\">4 x M3x6 vijka<\/span><\/p>\n<p><span style=\"font-weight: 400;\">2 x M4x16 vijka<\/span><\/p>\n<p><span style=\"font-weight: 400;\">1 x M3x10 vijak<\/span><\/p>\n<p><span style=\"font-weight: 400;\">1 x M3x8 vijci<\/span><\/p>\n<p><span style=\"font-weight: 400;\">1 x U disk<\/span><\/p>\n<p><span style=\"font-weight: 400;\">2 x napajanje<\/span><\/p>\n<p><span style=\"font-weight: 400;\">1 x signalni kabel<\/span><\/p>\n<p><span style=\"font-weight: 400;\">4 x sakuplja\u010da kabela<\/span><\/p>\n<p><span style=\"font-weight: 400;\">5 x \u017earne cijevi<\/span><\/p>\n<p><span style=\"font-weight: 400;\">1 x set klju\u010deva<\/span><\/p>\n<p><span style=\"font-weight: 400;\">1 x set imbus klju\u010deva (4.0, 3.0, 2.5, 2.0, 1.5)<\/span><\/p>\n<p><span style=\"font-weight: 400;\">1 x \u017earna nit<\/span><\/p>\n<p><span style=\"font-weight: 400;\">1 x Mast<\/span><\/p>\n<p><span style=\"font-weight: 400;\">1 x \u010dista\u010d mlaznica<\/span><\/p>\n","protected":false},"excerpt":{"rendered":"<p><span style=\"font-weight: 400;\">Pobolj\u0161ajte zabavu u svom iskustvu 3D ispisa! <strong>Anycubic Kobra 3 Combo<\/strong> donosi dinami\u010dan duo savr\u0161eno sinkronizirane tehnologije 3D ispisa koji va\u0161e kreativne projekte podi\u017ee na vi\u0161u razinu.<\/span><\/p>\n<p><span style=\"font-weight: 400;\">Kombinacija uklju\u010duje dvije mo\u0107ne komponente dizajnirane da podignu va\u0161e 3D ispise na nove visine:<\/span><\/p>\n<p><span style=\"font-weight: 400;\">Prvo, Kobra 3 FDM 3D printer pru\u017ea nevjerojatnu brzinu, <strong>ispisuje do 600 mm\/s s maksimalnim ubrzanjem od 20 000 mm\/s\u00b2<\/strong>. Uz podr\u0161ku Anycubic Color Engine Pro (ACE Pro)\u2014sustava za automatski materijal s funkcijom su\u0161enja\u2014imat \u0107ete sve \u0161to vam je potrebno za<strong> ispis u vi\u0161e boja<\/strong>.<\/span><\/p>\n","protected":false},"featured_media":43034,"comment_status":"closed","ping_status":"closed","template":"","meta":{"_acf_changed":false},"product_brand":[],"product_cat":[456,481,1618,457],"product_tag":[],"brand":[],"class_list":{"0":"post-43086","1":"product","2":"type-product","3":"status-publish","4":"has-post-thumbnail","6":"product_cat-svi-3d-pisaci","7":"product_cat-akcija","8":"product_cat-anycubic-hr","9":"product_cat-fdm-printer","11":"first","12":"outofstock","13":"sale","14":"taxable","15":"shipping-taxable","16":"purchasable","17":"product-type-simple"},"acf":[],"_links":{"self":[{"href":"https:\/\/azurefilm.com\/hr\/wp-json\/wp\/v2\/product\/43086","targetHints":{"allow":["GET"]}}],"collection":[{"href":"https:\/\/azurefilm.com\/hr\/wp-json\/wp\/v2\/product"}],"about":[{"href":"https:\/\/azurefilm.com\/hr\/wp-json\/wp\/v2\/types\/product"}],"replies":[{"embeddable":true,"href":"https:\/\/azurefilm.com\/hr\/wp-json\/wp\/v2\/comments?post=43086"}],"wp:featuredmedia":[{"embeddable":true,"href":"https:\/\/azurefilm.com\/hr\/wp-json\/wp\/v2\/media\/43034"}],"wp:attachment":[{"href":"https:\/\/azurefilm.com\/hr\/wp-json\/wp\/v2\/media?parent=43086"}],"wp:term":[{"taxonomy":"product_brand","embeddable":true,"href":"https:\/\/azurefilm.com\/hr\/wp-json\/wp\/v2\/product_brand?post=43086"},{"taxonomy":"product_cat","embeddable":true,"href":"https:\/\/azurefilm.com\/hr\/wp-json\/wp\/v2\/product_cat?post=43086"},{"taxonomy":"product_tag","embeddable":true,"href":"https:\/\/azurefilm.com\/hr\/wp-json\/wp\/v2\/product_tag?post=43086"},{"taxonomy":"brand","embeddable":true,"href":"https:\/\/azurefilm.com\/hr\/wp-json\/wp\/v2\/brand?post=43086"}],"curies":[{"name":"wp","href":"https:\/\/api.w.org\/{rel}","templated":true}]}}