
{"id":43198,"date":"2024-09-10T10:15:15","date_gmt":"2024-09-10T10:15:15","guid":{"rendered":"https:\/\/azurefilm.com\/?post_type=product&#038;p=43198"},"modified":"2025-12-17T12:13:22","modified_gmt":"2025-12-17T12:13:22","slug":"creality-k2-plus-combo","status":"publish","type":"product","link":"https:\/\/azurefilm.com\/hr\/proizvod\/creality-k2-plus-combo\/","title":{"rendered":"Creality K2 Plus Combo"},"content":{"rendered":"<p><span style=\"font-weight: 400;\">Creality K2 Plus Combo je prvi 3D pisa\u010d tvrtke Creality koji ima vi\u0161ebojni sustav! CFS ili Creality Filament System omogu\u0107uje printanje u 4 boje istovremeno, \u0161to Creality \u010dini jednim od trenutno najinovativnijih brendova 3D pisa\u010da.<\/span><\/p>\n<h2><span style=\"font-weight: 400;\">Vi\u0161ebojno printanje<\/span><\/h2>\n<p><span style=\"font-weight: 400;\">CFS sustav koji dolazi s Creality K2 Plus Combo omogu\u0107uje vam printanje u 4 boje istovremeno. Dodatno, 4 CFS jedinice mogu se spojiti kako bi se stvorio sustav od 16 boja.\u00a0<\/span><\/p>\n<p><span style=\"font-weight: 400;\">CFS sustav omogu\u0107uje automatizirano umetanje i zamjenu filamenata. Ima zatvoreni dizajn s kontrolom temperature i vla\u017enosti koji aktivno odr\u017eava optimalne uvjete printanja i su\u0161i filament. CFS je kompatibilan s K2 Plus i drugim budu\u0107im Creality pisa\u010dima. Sustav pobolj\u0161ava kvalitetu i u\u010dinkovitost printanja, podr\u017eava materijale topive u vodi za lak\u0161u naknadnu obradu i pro\u0161iruje kreativne i dizajnerske mogu\u0107nosti.<\/span><\/p>\n<p><span style=\"font-weight: 400;\">Creality je najavio da \u0107e CFS nadogradnje u budu\u0107nosti biti dostupne za K1 i Ender 3 V3 modele.<\/span><\/p>\n<h2><span style=\"font-weight: 400;\">Upravljanje motorom zatvorene petlje<\/span><\/h2>\n<p><span style=\"font-weight: 400;\">Implementacija FOC (Field-Oriented Control) motora zatvorene petlje za sve motore na novom K2 Plus pisa\u010du omogu\u0107uje bolju kontrolu motora uklju\u010duju\u0107i ekstruder. Postoji vi\u0161e od 32 000 kontroliranih mikrokoraka sa svakom rotacijom motora, pru\u017eaju\u0107i pobolj\u0161ani okretni moment, vrhunsku preciznost, niske stope pogre\u0161aka i ekstremno visoke brzine.<\/span><\/p>\n<h2><span style=\"font-weight: 400;\">APUS ekstruder s izravnim pogonom<\/span><\/h2>\n<p><span style=\"font-weight: 400;\">Uz svoje performanse, ovaj novi izravni pogon tako\u0111er sadr\u017ei ugra\u0111eni senzor odstupanja i senzor preciznog niveliranja. Zup\u010danici su izra\u0111eni od kaljenog \u010delika i presvu\u010deni DLC premazom koji \u0161titi i osigurava stabilnost pri printanju sa zahtjevnijim materijalima, poput filamenta od karbonskih vlakana. Hot end se zagrijava do 350\u00b0C i ima bolji protok u odnosu na prethodni model.<\/span><\/p>\n<h2><span style=\"font-weight: 400;\">Veliko ubrzanje i brzina<\/span><\/h2>\n<p><span style=\"font-weight: 400;\">K2 Plus mo\u017ee dose\u0107i 600 mm\/s, a njegova ubrzanja dose\u017eu do 30 000 mm\/s\u00b2. Zbog toga je ovaj model trenutno jedan od printera s najbr\u017eim opcijama ubrzanja, \u0161to posljedi\u010dno omogu\u0107uje iznimno brzo printanje.<\/span><\/p>\n<h2><span style=\"font-weight: 400;\">Veliki format printanja<\/span><\/h2>\n<p><span style=\"font-weight: 400;\">Creality je pokazao svoju posve\u0107enost povratnim informacijama kupaca ugradnjom izda\u0161ne povr\u0161ine za printanje od 350 mm\u00b3 u novi model. Ovo ekspanzivno podru\u010dje je impresivno za stolni pisa\u010d i otklju\u010dava nove kreativne mogu\u0107nosti.<\/span><\/p>\n","protected":false},"excerpt":{"rendered":"<p><span style=\"font-weight: 400;\">Isprobajte Creality K2 Plus Combo: vi\u0161ebojno printanje s CFS sustavom, performansi velike brzine i velikim izradnim volumenom od 350x350x350m<\/span><span style=\"font-weight: 400;\">m<\/span><span style=\"font-weight: 400;\"> za pobolj\u0161anu kreativnost.<\/span><\/p>\n","protected":false},"featured_media":43193,"comment_status":"closed","ping_status":"closed","template":"","meta":{"_acf_changed":false},"product_brand":[],"product_cat":[453,481,460,457,456],"product_tag":[],"brand":[],"class_list":{"0":"post-43198","1":"product","2":"type-product","3":"status-publish","4":"has-post-thumbnail","6":"product_cat-3d-printer","7":"product_cat-akcija","8":"product_cat-creality-hr","9":"product_cat-fdm-printer","10":"product_cat-svi-3d-pisaci","12":"first","13":"onbackorder","14":"sale","15":"taxable","16":"shipping-taxable","17":"purchasable","18":"product-type-simple"},"acf":[],"_links":{"self":[{"href":"https:\/\/azurefilm.com\/hr\/wp-json\/wp\/v2\/product\/43198","targetHints":{"allow":["GET"]}}],"collection":[{"href":"https:\/\/azurefilm.com\/hr\/wp-json\/wp\/v2\/product"}],"about":[{"href":"https:\/\/azurefilm.com\/hr\/wp-json\/wp\/v2\/types\/product"}],"replies":[{"embeddable":true,"href":"https:\/\/azurefilm.com\/hr\/wp-json\/wp\/v2\/comments?post=43198"}],"wp:featuredmedia":[{"embeddable":true,"href":"https:\/\/azurefilm.com\/hr\/wp-json\/wp\/v2\/media\/43193"}],"wp:attachment":[{"href":"https:\/\/azurefilm.com\/hr\/wp-json\/wp\/v2\/media?parent=43198"}],"wp:term":[{"taxonomy":"product_brand","embeddable":true,"href":"https:\/\/azurefilm.com\/hr\/wp-json\/wp\/v2\/product_brand?post=43198"},{"taxonomy":"product_cat","embeddable":true,"href":"https:\/\/azurefilm.com\/hr\/wp-json\/wp\/v2\/product_cat?post=43198"},{"taxonomy":"product_tag","embeddable":true,"href":"https:\/\/azurefilm.com\/hr\/wp-json\/wp\/v2\/product_tag?post=43198"},{"taxonomy":"brand","embeddable":true,"href":"https:\/\/azurefilm.com\/hr\/wp-json\/wp\/v2\/brand?post=43198"}],"curies":[{"name":"wp","href":"https:\/\/api.w.org\/{rel}","templated":true}]}}