
{"id":43981,"date":"2024-09-17T11:53:27","date_gmt":"2024-09-17T11:53:27","guid":{"rendered":"https:\/\/azurefilm.com\/?post_type=product&#038;p=43981"},"modified":"2026-02-27T20:19:56","modified_gmt":"2026-02-27T20:19:56","slug":"mlaznica-od-kaljenog-celika-za-creality-k1-k1-max","status":"publish","type":"product","link":"https:\/\/azurefilm.com\/hr\/proizvod\/mlaznica-od-kaljenog-celika-za-creality-k1-k1-max\/","title":{"rendered":"Mlaznica od kaljenog \u010delika za Creality K1 &#038; K1 MAX"},"content":{"rendered":"<p><span style=\"font-weight: 400;\">Nadogradite svoj Creality K1 ili K1 MAX 3D pisa\u010d s mlaznicom od kaljenog \u010delika, dizajniranom za izdr\u017eljivost i preciznost. Napravljena da izdr\u017ei visoke temperature i abrazivna vlakna, ova mlaznica osigurava dosljedne ispise visoke kvalitete \u010dak i pri ispisu s tvrdim materijalima. Njegova pove\u0107ana otpornost na habanje smanjuje potrebu za \u010destim zamjenama, \u0161to ga \u010dini idealnim za dugotrajan ispis visokih performansi.<\/span><\/p>\n<h2><strong>Klju\u010dne karakteristike:<\/strong><\/h2>\n<ul>\n<li style=\"font-weight: 400;\" aria-level=\"1\"><span style=\"font-weight: 400;\">Za Creality K1 &amp; K1 MAX<\/span><\/li>\n<li style=\"font-weight: 400;\" aria-level=\"1\"><span style=\"font-weight: 400;\">Ulazni promjer: 1,75 mm<\/span><\/li>\n<li style=\"font-weight: 400;\" aria-level=\"1\"><span style=\"font-weight: 400;\">Izlazni promjer: 0,4 mm, 0,6 mm<\/span><\/li>\n<li style=\"font-weight: 400;\" aria-level=\"1\"><span style=\"font-weight: 400;\">M6 navoj<\/span><\/li>\n<li style=\"font-weight: 400;\" aria-level=\"1\"><span style=\"font-weight: 400;\">Prikladni filamenti: PLA, ABS, PETG, TPE, TPU, PC, PSU, PPSU, PEL pa \u010dak i visokotemperaturni filamenti PEEK, PEKK<\/span><\/li>\n<\/ul>\n","protected":false},"excerpt":{"rendered":"<p><span style=\"font-weight: 400;\">Nadogradite svoj Creality K1 ili K1 MAX mlaznicom od kaljenog \u010delika za pove\u0107anu izdr\u017eljivost i preciznost. Savr\u0161eno za visokotemperaturne i abrazivne filamente, osiguravaju\u0107i dosljedne, visokokvalitetne ispise.<\/span><\/p>\n","protected":false},"featured_media":44397,"comment_status":"closed","ping_status":"closed","template":"","meta":{"_acf_changed":false},"product_brand":[],"product_cat":[482,481,509,510,483],"product_tag":[],"brand":[270],"class_list":{"0":"post-43981","1":"product","2":"type-product","3":"status-publish","4":"has-post-thumbnail","6":"product_cat-rezervni-dijelovi","7":"product_cat-akcija","8":"product_cat-mlaznice","9":"product_cat-otvrdnute-i-mlaznice-otporne-na-abraziju","10":"product_cat-svi-rezervni-dijelovi","11":"pa_compatible-with-creality-fdm-3d-printers","12":"pa_fits-printer-creality-k1","13":"pa_fits-printer-creality-k1-max","14":"pa_nozzle-diameter-0-4mm","15":"pa_nozzle-diameter-0-6mm","16":"brand-creality","18":"first","19":"instock","20":"sale","21":"taxable","22":"shipping-taxable","23":"purchasable","24":"product-type-variable"},"acf":[],"_links":{"self":[{"href":"https:\/\/azurefilm.com\/hr\/wp-json\/wp\/v2\/product\/43981","targetHints":{"allow":["GET"]}}],"collection":[{"href":"https:\/\/azurefilm.com\/hr\/wp-json\/wp\/v2\/product"}],"about":[{"href":"https:\/\/azurefilm.com\/hr\/wp-json\/wp\/v2\/types\/product"}],"replies":[{"embeddable":true,"href":"https:\/\/azurefilm.com\/hr\/wp-json\/wp\/v2\/comments?post=43981"}],"wp:featuredmedia":[{"embeddable":true,"href":"https:\/\/azurefilm.com\/hr\/wp-json\/wp\/v2\/media\/44397"}],"wp:attachment":[{"href":"https:\/\/azurefilm.com\/hr\/wp-json\/wp\/v2\/media?parent=43981"}],"wp:term":[{"taxonomy":"product_brand","embeddable":true,"href":"https:\/\/azurefilm.com\/hr\/wp-json\/wp\/v2\/product_brand?post=43981"},{"taxonomy":"product_cat","embeddable":true,"href":"https:\/\/azurefilm.com\/hr\/wp-json\/wp\/v2\/product_cat?post=43981"},{"taxonomy":"product_tag","embeddable":true,"href":"https:\/\/azurefilm.com\/hr\/wp-json\/wp\/v2\/product_tag?post=43981"},{"taxonomy":"brand","embeddable":true,"href":"https:\/\/azurefilm.com\/hr\/wp-json\/wp\/v2\/brand?post=43981"}],"curies":[{"name":"wp","href":"https:\/\/api.w.org\/{rel}","templated":true}]}}