
{"id":43993,"date":"2024-09-17T11:53:49","date_gmt":"2024-09-17T11:53:49","guid":{"rendered":"https:\/\/azurefilm.com\/?post_type=product&#038;p=43993"},"modified":"2026-01-03T21:07:00","modified_gmt":"2026-01-03T21:07:00","slug":"mjedena-mlaznica-za-creality-k1-k1-max","status":"publish","type":"product","link":"https:\/\/azurefilm.com\/hr\/proizvod\/mjedena-mlaznica-za-creality-k1-k1-max\/","title":{"rendered":"Mjedena mlaznica za Creality K1 &#038; K1 MAX"},"content":{"rendered":"<p><span style=\"font-weight: 400;\">Optimizirajte svoj proces 3D ispisa s mesinganom mlaznicom za Creality K1 &amp; K1 MAX, dizajniranom za glatko i precizno ispisivanje. Idealna za svakodnevnu upotrebu, ova mlaznica pru\u017ea izvrsnu toplinsku vodljivost, osiguravaju\u0107i brzo i ravnomjerno zagrijavanje za postojanu kvalitetu ispisa. Savr\u0161ena za standardne filamente kao \u0161to su PLA, PETG, ASA i ABS, mjedena mlaznica nudi pouzdanu izvedbu i jednostavno odr\u017eavanje, \u0161to je \u010dini izborom i za po\u010detnike i za iskusne korisnike.<\/span><\/p>\n<h2><strong>Klju\u010dne karakteristike:<\/strong><\/h2>\n<ul>\n<li style=\"font-weight: 400;\" aria-level=\"1\"><span style=\"font-weight: 400;\">Za Creality K1 &amp; K1 MAX<\/span><\/li>\n<li style=\"font-weight: 400;\" aria-level=\"1\"><span style=\"font-weight: 400;\">Ulazni promjer: 1,75 mm<\/span><\/li>\n<li style=\"font-weight: 400;\" aria-level=\"1\"><span style=\"font-weight: 400;\">Izlazni promjer: 0,4 mm, 0,6 mm<\/span><\/li>\n<li style=\"font-weight: 400;\" aria-level=\"1\"><span style=\"font-weight: 400;\">M6 navoj<\/span><\/li>\n<li style=\"font-weight: 400;\" aria-level=\"1\"><span style=\"font-weight: 400;\">Prikladno za filamente: PLA, ABS, PETG, TPE, TPU, PC, PSU, PPSU, PEL pa \u010dak i visokotemperaturne filamente PEEK, PEKK<\/span><\/li>\n<\/ul>\n","protected":false},"excerpt":{"rendered":"<p><span style=\"font-weight: 400;\">Pobrinite se da va\u0161 projekt 3D ispisa te\u010de \u0161to je mogu\u0107e glatko uz mjedenu mlaznicu za Creality K1 &amp; K1 MAX. Savr\u0161en za kori\u0161tenje sa standardnim filamentima.<\/span><\/p>\n","protected":false},"featured_media":44355,"comment_status":"closed","ping_status":"closed","template":"","meta":{"_acf_changed":false},"product_brand":[],"product_cat":[482,481,509,511,483],"product_tag":[],"brand":[270],"class_list":{"0":"post-43993","1":"product","2":"type-product","3":"status-publish","4":"has-post-thumbnail","6":"product_cat-rezervni-dijelovi","7":"product_cat-akcija","8":"product_cat-mlaznice","9":"product_cat-obicne-mlaznice","10":"product_cat-svi-rezervni-dijelovi","11":"pa_compatible-with-creality-fdm-3d-printers","12":"pa_fits-printer-creality-k1","13":"pa_fits-printer-creality-k1-max","14":"pa_nozzle-diameter-0-4mm","15":"pa_nozzle-diameter-0-6mm","16":"brand-creality","18":"first","19":"instock","20":"sale","21":"taxable","22":"shipping-taxable","23":"purchasable","24":"product-type-variable","25":"has-default-attributes"},"acf":[],"_links":{"self":[{"href":"https:\/\/azurefilm.com\/hr\/wp-json\/wp\/v2\/product\/43993","targetHints":{"allow":["GET"]}}],"collection":[{"href":"https:\/\/azurefilm.com\/hr\/wp-json\/wp\/v2\/product"}],"about":[{"href":"https:\/\/azurefilm.com\/hr\/wp-json\/wp\/v2\/types\/product"}],"replies":[{"embeddable":true,"href":"https:\/\/azurefilm.com\/hr\/wp-json\/wp\/v2\/comments?post=43993"}],"wp:featuredmedia":[{"embeddable":true,"href":"https:\/\/azurefilm.com\/hr\/wp-json\/wp\/v2\/media\/44355"}],"wp:attachment":[{"href":"https:\/\/azurefilm.com\/hr\/wp-json\/wp\/v2\/media?parent=43993"}],"wp:term":[{"taxonomy":"product_brand","embeddable":true,"href":"https:\/\/azurefilm.com\/hr\/wp-json\/wp\/v2\/product_brand?post=43993"},{"taxonomy":"product_cat","embeddable":true,"href":"https:\/\/azurefilm.com\/hr\/wp-json\/wp\/v2\/product_cat?post=43993"},{"taxonomy":"product_tag","embeddable":true,"href":"https:\/\/azurefilm.com\/hr\/wp-json\/wp\/v2\/product_tag?post=43993"},{"taxonomy":"brand","embeddable":true,"href":"https:\/\/azurefilm.com\/hr\/wp-json\/wp\/v2\/brand?post=43993"}],"curies":[{"name":"wp","href":"https:\/\/api.w.org\/{rel}","templated":true}]}}