
{"id":44008,"date":"2024-09-17T11:54:11","date_gmt":"2024-09-17T11:54:11","guid":{"rendered":"https:\/\/azurefilm.com\/?post_type=product&#038;p=44008"},"modified":"2026-03-29T13:18:16","modified_gmt":"2026-03-29T13:18:16","slug":"mjedena-mlaznica-za-ender-3-v3-se","status":"publish","type":"product","link":"https:\/\/azurefilm.com\/hr\/proizvod\/mjedena-mlaznica-za-ender-3-v3-se\/","title":{"rendered":"Mjedena mlaznica za Ender 3 V3 SE"},"content":{"rendered":"<p><span style=\"font-weight: 400;\">Nadogradite svoj Ender 3 V3 SE 3D printer s Brass Nozzle za pobolj\u0161ane performanse i preciznost. Dizajnirana za u\u010dinkovitu toplinsku vodljivost, ova mlaznica osigurava brzo i ravnomjerno zagrijavanje, daju\u0107i glatke i to\u010dne ispise sa standardnim filamentima kao \u0161to su PLA, PETG, ASA i ABS. Mjedena mlaznica jednostavna za postavljanje i odr\u017eavanje savr\u0161ena je za pobolj\u0161anje va\u0161eg iskustva ispisa i postizanje dosljednih visokokvalitetnih rezultata.<\/span><\/p>\n<h2><strong>Klju\u010dne karakteristike:<\/strong><\/h2>\n<ul>\n<li style=\"font-weight: 400;\" aria-level=\"1\"><span style=\"font-weight: 400;\">Za Ender 3 V3 SE<\/span><\/li>\n<li style=\"font-weight: 400;\" aria-level=\"1\"><span style=\"font-weight: 400;\">Ulazni promjer: 1,75 mm<\/span><\/li>\n<li style=\"font-weight: 400;\" aria-level=\"1\"><span style=\"font-weight: 400;\">Izlazni promjer: 0,4 mm<\/span><\/li>\n<li style=\"font-weight: 400;\" aria-level=\"1\"><span style=\"font-weight: 400;\">M6 navoj<\/span><\/li>\n<li style=\"font-weight: 400;\" aria-level=\"1\"><span style=\"font-weight: 400;\">Kompatibilan s filamentima: PLA, ABS, PETG, TPU, PC, PP, najlon, PEEK<\/span><\/li>\n<\/ul>\n","protected":false},"excerpt":{"rendered":"<p><span style=\"font-weight: 400;\">Postignite besprijekorne 3D ispise s mesinganom mlaznicom za Ender 3 V3 SE. Savr\u0161eno za postizanje dosljednih visokokvalitetnih rezultata.<\/span><\/p>\n","protected":false},"featured_media":44337,"comment_status":"closed","ping_status":"closed","template":"","meta":{"_acf_changed":false},"product_brand":[],"product_cat":[482,481,509,511,483],"product_tag":[],"brand":[],"class_list":{"0":"post-44008","1":"product","2":"type-product","3":"status-publish","4":"has-post-thumbnail","6":"product_cat-rezervni-dijelovi","7":"product_cat-akcija","8":"product_cat-mlaznice","9":"product_cat-obicne-mlaznice","10":"product_cat-svi-rezervni-dijelovi","11":"pa_compatible-with-creality-fdm-3d-printers","12":"pa_fits-printer-creality-ender-3-v3-se","13":"pa_nozzle-diameter-0-4mm","15":"first","16":"instock","17":"sale","18":"taxable","19":"shipping-taxable","20":"purchasable","21":"product-type-simple"},"acf":[],"_links":{"self":[{"href":"https:\/\/azurefilm.com\/hr\/wp-json\/wp\/v2\/product\/44008","targetHints":{"allow":["GET"]}}],"collection":[{"href":"https:\/\/azurefilm.com\/hr\/wp-json\/wp\/v2\/product"}],"about":[{"href":"https:\/\/azurefilm.com\/hr\/wp-json\/wp\/v2\/types\/product"}],"replies":[{"embeddable":true,"href":"https:\/\/azurefilm.com\/hr\/wp-json\/wp\/v2\/comments?post=44008"}],"wp:featuredmedia":[{"embeddable":true,"href":"https:\/\/azurefilm.com\/hr\/wp-json\/wp\/v2\/media\/44337"}],"wp:attachment":[{"href":"https:\/\/azurefilm.com\/hr\/wp-json\/wp\/v2\/media?parent=44008"}],"wp:term":[{"taxonomy":"product_brand","embeddable":true,"href":"https:\/\/azurefilm.com\/hr\/wp-json\/wp\/v2\/product_brand?post=44008"},{"taxonomy":"product_cat","embeddable":true,"href":"https:\/\/azurefilm.com\/hr\/wp-json\/wp\/v2\/product_cat?post=44008"},{"taxonomy":"product_tag","embeddable":true,"href":"https:\/\/azurefilm.com\/hr\/wp-json\/wp\/v2\/product_tag?post=44008"},{"taxonomy":"brand","embeddable":true,"href":"https:\/\/azurefilm.com\/hr\/wp-json\/wp\/v2\/brand?post=44008"}],"curies":[{"name":"wp","href":"https:\/\/api.w.org\/{rel}","templated":true}]}}