
{"id":44014,"date":"2024-09-17T11:54:33","date_gmt":"2024-09-17T11:54:33","guid":{"rendered":"https:\/\/azurefilm.com\/?post_type=product&#038;p=44014"},"modified":"2026-03-05T12:04:45","modified_gmt":"2026-03-05T12:04:45","slug":"mlaznica-od-kaljenog-celika-za-ender-3-v3-se","status":"publish","type":"product","link":"https:\/\/azurefilm.com\/hr\/proizvod\/mlaznica-od-kaljenog-celika-za-ender-3-v3-se\/","title":{"rendered":"Mlaznica od kaljenog \u010delika za Ender 3 V3 SE"},"content":{"rendered":"<p><span style=\"font-weight: 400;\">Isprobajte mlaznicu od kaljenog \u010delika za Ender 3 V3 SE, izra\u0111enu za iznimnu izdr\u017eljivost i u\u010dinkovitost. Projektirana da izdr\u017ei visoke temperature i abrazivne materijale, ova je mlaznica savr\u0161ena za ispis s naprednim filamentima. Njegova robusna konstrukcija osigurava dosljedne ispise visoke kvalitete i smanjuje tro\u0161enje, \u0161to ga \u010dini pouzdanim izborom za zahtjevne projekte ispisa.<\/span><\/p>\n<h2><strong>Klju\u010dne karakteristike:<\/strong><\/h2>\n<ul>\n<li style=\"font-weight: 400;\" aria-level=\"1\"><span style=\"font-weight: 400;\">Za Ender 3 V3 SE<\/span><\/li>\n<li style=\"font-weight: 400;\" aria-level=\"1\"><span style=\"font-weight: 400;\">Ulazni promjer: 1,75 mm<\/span><\/li>\n<li style=\"font-weight: 400;\" aria-level=\"1\"><span style=\"font-weight: 400;\">Izlazni promjer: 0,4 mm, 0,6 mm<\/span><\/li>\n<li style=\"font-weight: 400;\" aria-level=\"1\"><span style=\"font-weight: 400;\">M6 navoj<\/span><\/li>\n<li style=\"font-weight: 400;\" aria-level=\"1\"><span style=\"font-weight: 400;\">Kompatibilan s filamentima: PLA, ABS, PETG, TPU, PC, PP, najlon, PEEK<\/span><\/li>\n<\/ul>\n","protected":false},"excerpt":{"rendered":"<p><span style=\"font-weight: 400;\">Isprobajte mlaznicu od kaljenog \u010delika za Ender 3 V3 SE, dizajniranu za visoku izdr\u017eljivost i u\u010dinkovitost. Idealno za abrazivne niti.<\/span><\/p>\n","protected":false},"featured_media":44325,"comment_status":"closed","ping_status":"closed","template":"","meta":{"_acf_changed":false},"product_brand":[],"product_cat":[482,481,509,510],"product_tag":[],"brand":[270],"class_list":{"0":"post-44014","1":"product","2":"type-product","3":"status-publish","4":"has-post-thumbnail","6":"product_cat-rezervni-dijelovi","7":"product_cat-akcija","8":"product_cat-mlaznice","9":"product_cat-otvrdnute-i-mlaznice-otporne-na-abraziju","10":"pa_compatible-with-creality-fdm-3d-printers","11":"pa_fits-printer-creality-ender-3-v3-se","12":"pa_nozzle-diameter-0-4mm","13":"pa_nozzle-diameter-0-6mm","14":"brand-creality","16":"first","17":"instock","18":"sale","19":"taxable","20":"shipping-taxable","21":"purchasable","22":"product-type-variable","23":"has-default-attributes"},"acf":[],"_links":{"self":[{"href":"https:\/\/azurefilm.com\/hr\/wp-json\/wp\/v2\/product\/44014","targetHints":{"allow":["GET"]}}],"collection":[{"href":"https:\/\/azurefilm.com\/hr\/wp-json\/wp\/v2\/product"}],"about":[{"href":"https:\/\/azurefilm.com\/hr\/wp-json\/wp\/v2\/types\/product"}],"replies":[{"embeddable":true,"href":"https:\/\/azurefilm.com\/hr\/wp-json\/wp\/v2\/comments?post=44014"}],"wp:featuredmedia":[{"embeddable":true,"href":"https:\/\/azurefilm.com\/hr\/wp-json\/wp\/v2\/media\/44325"}],"wp:attachment":[{"href":"https:\/\/azurefilm.com\/hr\/wp-json\/wp\/v2\/media?parent=44014"}],"wp:term":[{"taxonomy":"product_brand","embeddable":true,"href":"https:\/\/azurefilm.com\/hr\/wp-json\/wp\/v2\/product_brand?post=44014"},{"taxonomy":"product_cat","embeddable":true,"href":"https:\/\/azurefilm.com\/hr\/wp-json\/wp\/v2\/product_cat?post=44014"},{"taxonomy":"product_tag","embeddable":true,"href":"https:\/\/azurefilm.com\/hr\/wp-json\/wp\/v2\/product_tag?post=44014"},{"taxonomy":"brand","embeddable":true,"href":"https:\/\/azurefilm.com\/hr\/wp-json\/wp\/v2\/brand?post=44014"}],"curies":[{"name":"wp","href":"https:\/\/api.w.org\/{rel}","templated":true}]}}