
{"id":44024,"date":"2024-09-17T11:54:56","date_gmt":"2024-09-17T11:54:56","guid":{"rendered":"https:\/\/azurefilm.com\/?post_type=product&#038;p=44024"},"modified":"2026-03-18T16:50:26","modified_gmt":"2026-03-18T16:50:26","slug":"hotend-komplet-za-ender-3-v3-se","status":"publish","type":"product","link":"https:\/\/azurefilm.com\/hr\/proizvod\/hotend-komplet-za-ender-3-v3-se\/","title":{"rendered":"Hotend komplet za Ender 3 V3 SE"},"content":{"rendered":"<h2><strong>Karakteristike:<\/strong><\/h2>\n<ul>\n<li style=\"font-weight: 400;\" aria-level=\"1\"><span style=\"font-weight: 400;\">24V, 40W grija\u010d<\/span><\/li>\n<li style=\"font-weight: 400;\" aria-level=\"1\"><span style=\"font-weight: 400;\">Termistor: 260C\u00b0<\/span><\/li>\n<li style=\"font-weight: 400;\" aria-level=\"1\"><span style=\"font-weight: 400;\">Boja proizvoda: Crna<\/span><\/li>\n<li style=\"font-weight: 400;\" aria-level=\"1\"><span style=\"font-weight: 400;\">Te\u017eina proizvoda: 3,1g<\/span><\/li>\n<li style=\"font-weight: 400;\" aria-level=\"1\"><span style=\"font-weight: 400;\">Veli\u010dina proizvoda: 23x23x20 mm<\/span><\/li>\n<li style=\"font-weight: 400;\" aria-level=\"1\"><span style=\"font-weight: 400;\">Materijal: visokokvalitetni silikon<\/span><\/li>\n<li style=\"font-weight: 400;\" aria-level=\"1\"><span style=\"font-weight: 400;\">Prilo\u017eena je silikonska uti\u010dnica otporna na visoke temperature<\/span><\/li>\n<\/ul>\n<h2><strong>Klju\u010dne karakteristike:<\/strong><\/h2>\n<ul>\n<li style=\"font-weight: 400;\" aria-level=\"1\"><b>Visoka izolacijska izvedba: <\/b><span style=\"font-weight: 400;\">Osigurava postojanu i ujedna\u010denu temperaturu za bolju kvalitetu ispisa.<\/span><\/li>\n<li style=\"font-weight: 400;\" aria-level=\"1\"><b>Otpornost na temperaturu: <\/b><span style=\"font-weight: 400;\">Mo\u017ee izdr\u017eati dugotrajno izlaganje visokim temperaturama do 300\u00b0C.<\/span><\/li>\n<li style=\"font-weight: 400;\" aria-level=\"1\"><b>Izdr\u017eljiv materijal: <\/b><span style=\"font-weight: 400;\">Izra\u0111en od visokokvalitetnog silikona koji se ne skida lako i nudi nisku toplinsku vodljivost.<\/span><\/li>\n<li style=\"font-weight: 400;\" aria-level=\"1\"><b>Za\u0161tita: <\/b><span style=\"font-weight: 400;\">\u0160titi grija\u0107i blok i mlaznicu, odr\u017eavaju\u0107i ih \u010distima i smanjuju\u0107i rizik od opeklina.<\/span><\/li>\n<li style=\"font-weight: 400;\" aria-level=\"1\"><b>Jednostavna instalacija: <\/b><span style=\"font-weight: 400;\">jednostavno se postavlja i uklanja, \u0161to \u010dini odr\u017eavanje bez muke.<\/span><\/li>\n<\/ul>\n","protected":false},"excerpt":{"rendered":"<p><span style=\"font-weight: 400;\">Hotend kit za Ender 3 V3 SE &#8211; savr\u0161en za konzistentan ispis \u010dak i kada je izlo\u017een visokim temperaturama do 300\u00b0C.<\/span><\/p>\n","protected":false},"featured_media":44289,"comment_status":"closed","ping_status":"closed","template":"","meta":{"_acf_changed":false},"product_brand":[],"product_cat":[482,481,496,495,504,483],"product_tag":[],"brand":[],"class_list":{"0":"post-44024","1":"product","2":"type-product","3":"status-publish","4":"has-post-thumbnail","6":"product_cat-rezervni-dijelovi","7":"product_cat-akcija","8":"product_cat-ekstruder-hr","9":"product_cat-ekstruderi","10":"product_cat-hotendovi","11":"product_cat-svi-rezervni-dijelovi","12":"pa_compatible-with-creality-fdm-3d-printers","13":"pa_fits-printer-creality-ender-3-v3-se","15":"first","16":"instock","17":"sale","18":"taxable","19":"shipping-taxable","20":"purchasable","21":"product-type-simple"},"acf":[],"_links":{"self":[{"href":"https:\/\/azurefilm.com\/hr\/wp-json\/wp\/v2\/product\/44024","targetHints":{"allow":["GET"]}}],"collection":[{"href":"https:\/\/azurefilm.com\/hr\/wp-json\/wp\/v2\/product"}],"about":[{"href":"https:\/\/azurefilm.com\/hr\/wp-json\/wp\/v2\/types\/product"}],"replies":[{"embeddable":true,"href":"https:\/\/azurefilm.com\/hr\/wp-json\/wp\/v2\/comments?post=44024"}],"wp:featuredmedia":[{"embeddable":true,"href":"https:\/\/azurefilm.com\/hr\/wp-json\/wp\/v2\/media\/44289"}],"wp:attachment":[{"href":"https:\/\/azurefilm.com\/hr\/wp-json\/wp\/v2\/media?parent=44024"}],"wp:term":[{"taxonomy":"product_brand","embeddable":true,"href":"https:\/\/azurefilm.com\/hr\/wp-json\/wp\/v2\/product_brand?post=44024"},{"taxonomy":"product_cat","embeddable":true,"href":"https:\/\/azurefilm.com\/hr\/wp-json\/wp\/v2\/product_cat?post=44024"},{"taxonomy":"product_tag","embeddable":true,"href":"https:\/\/azurefilm.com\/hr\/wp-json\/wp\/v2\/product_tag?post=44024"},{"taxonomy":"brand","embeddable":true,"href":"https:\/\/azurefilm.com\/hr\/wp-json\/wp\/v2\/brand?post=44024"}],"curies":[{"name":"wp","href":"https:\/\/api.w.org\/{rel}","templated":true}]}}