
{"id":44088,"date":"2024-09-17T11:55:17","date_gmt":"2024-09-17T11:55:17","guid":{"rendered":"https:\/\/azurefilm.com\/?post_type=product&#038;p=44088"},"modified":"2025-11-29T16:24:17","modified_gmt":"2025-11-29T16:24:17","slug":"pei-ploca-s-3d-efektom-za-bambu-lab-x1-p1p","status":"publish","type":"product","link":"https:\/\/azurefilm.com\/hr\/proizvod\/pei-ploca-s-3d-efektom-za-bambu-lab-x1-p1p\/","title":{"rendered":"PEI plo\u010da s 3D efektom za Bambu Lab X1 P1P"},"content":{"rendered":"<p><span style=\"font-weight: 400;\">\u017delite li dodati \u0161tih svojim 3D ispisima? Bambuova PEI plo\u010da s 3D efektom mo\u017ee dati va\u0161im projektima jedinstvene povr\u0161inske teksture. Ovaj set sadr\u017ei razli\u010dite uzorke: zvjezdasti, dijamant i karbonska vlakna. Unaprijedite svoje ispise ovim listovima i istra\u017eite nove teksturne dimenzije.<\/span><\/p>\n<h2><strong>Starry plo\u010da<\/strong><\/h2>\n<p><span style=\"font-weight: 400;\">Bambu Starry Surface plo\u010da daje zadivljuju\u0107i zvjezdani efekt poput duge na va\u0161 prvi sloj ispisa, koji svjetluca i mijenja boje ovisno o kutu gledanja. Ovaj efekt je posebno upe\u010datljiv kada se kombinira sa svilom ili sjajnim filamentima, pobolj\u0161avaju\u0107i zamr\u0161eni uzorak.<\/span><\/p>\n<h3><strong>Klju\u010dne karakteristike:<\/strong><\/h3>\n<ul>\n<li style=\"font-weight: 400;\" aria-level=\"1\"><span style=\"font-weight: 400;\">PEI+PEY gra\u0111evna plo\u010da<\/span><\/li>\n<li style=\"font-weight: 400;\" aria-level=\"1\"><span style=\"font-weight: 400;\">Dvostrano<\/span><\/li>\n<li style=\"font-weight: 400;\" aria-level=\"1\"><span style=\"font-weight: 400;\">Prikladno za razne filamente: PLA\/TPU\/PETG<\/span><\/li>\n<li style=\"font-weight: 400;\" aria-level=\"1\"><span style=\"font-weight: 400;\">PEI premaz osigurava dobro prianjanje za ispis iznad 260\u00b0C<\/span><\/li>\n<li style=\"font-weight: 400;\" aria-level=\"1\"><span style=\"font-weight: 400;\">Glatka PEY plahta ima uzorak zvjezdica i to\u010dkica koje \u0107e jarko zasjati.<\/span><\/li>\n<li style=\"font-weight: 400;\" aria-level=\"1\"><span style=\"font-weight: 400;\">Razli\u010dite boje pojavit \u0107e se pod razli\u010ditim kutovima. \u0160tovi\u0161e, razli\u010dite boje ostat \u0107e na modelu za ispis.<\/span><\/li>\n<\/ul>\n<h2><strong>Diamond plo\u010da<\/strong><\/h2>\n<p><span style=\"font-weight: 400;\">Bambu Diamond Surface plo\u010da stvara prvi sloj s dijamantnim uzorkom s kombinacijom sjajnih i mat zavr\u0161nih slojeva. Naju\u010dinkovitiji je sa svilom ili sjajnim filamentima, otkrivaju\u0107i puni potencijal teksture.<\/span><\/p>\n<h3><strong>Klju\u010dne karakteristike:<\/strong><\/h3>\n<ul>\n<li style=\"font-weight: 400;\" aria-level=\"1\"><span style=\"font-weight: 400;\">PEI+PEO gra\u0111evna plo\u010da<\/span><\/li>\n<li style=\"font-weight: 400;\" aria-level=\"1\"><span style=\"font-weight: 400;\">Dvostrano<\/span><\/li>\n<li style=\"font-weight: 400;\" aria-level=\"1\"><span style=\"font-weight: 400;\">Prikladno za razne filamente: PLA\/TPU\/PETG<\/span><\/li>\n<li style=\"font-weight: 400;\" aria-level=\"1\"><span style=\"font-weight: 400;\">PEI premaz osigurava dobro prianjanje za ispis iznad 260\u00b0C<\/span><\/li>\n<li style=\"font-weight: 400;\" aria-level=\"1\"><span style=\"font-weight: 400;\">Glatka povr\u0161ina PEO folije mo\u017ee u\u010diniti da model bolje prianja na platformu<\/span><\/li>\n<\/ul>\n<h2><strong>Plo\u010da od karbonskih vlakana<\/strong><\/h2>\n<p><span style=\"font-weight: 400;\">Bambu plo\u010da od karbonskih vlakana opona\u0161a suptilnu teksturu pravih karbonskih vlakana. Kada se nanese, prenosi ovaj uzorak na prvi sloj va\u0161eg ispisa, proizvode\u0107i jasnu 3D teksturu, osobito kada se koristi siva karbonska nit.<\/span><\/p>\n<h3><strong>Klju\u010dne karakteristike:<\/strong><\/h3>\n<ul>\n<li style=\"font-weight: 400;\" aria-level=\"1\"><span style=\"font-weight: 400;\">PET+PEO gra\u0111evna plo\u010da<\/span><\/li>\n<li style=\"font-weight: 400;\" aria-level=\"1\"><span style=\"font-weight: 400;\">Glatka povr\u0161ina PEO folije mo\u017ee u\u010diniti da model bolje prianja na platformu<\/span><\/li>\n<li style=\"font-weight: 400;\" aria-level=\"1\"><span style=\"font-weight: 400;\">PET povr\u0161ina je otporna na visoke temperature od 120 \u2103, preporu\u010dujemo PLA filament samo za ovu povr\u0161inu<\/span><\/li>\n<li style=\"font-weight: 400;\" aria-level=\"1\"><span style=\"font-weight: 400;\">PET predstavlja povr\u0161inu od la\u017enih karbonskih vlakana, nude\u0107i izrazitu vizualnu privla\u010dnost<\/span><\/li>\n<\/ul>\n<h2><strong>Monta\u017ea<\/strong><\/h2>\n<p><span style=\"font-weight: 400;\">PEI plo\u010de s 3D efektom potrebno je ru\u010dno nanijeti na \u010deli\u010dnu plo\u010du; ne dolaze unaprijed instalirani. Za optimalne rezultate koristite samo slu\u017ebenu \u010deli\u010dnu plo\u010du Bambu Laba. Ako nanosite plo\u010du na postoje\u0107u plo\u010du, pobrinite se da je stara plo\u010da potpuno uklonjena, a povr\u0161ina temeljito o\u010di\u0161\u0107ena i osu\u0161ena. Pa\u017eljivo slijedite preporu\u010dene postavke heatbed kako biste osigurali najbolji prijenos teksture. Imajte na umu da je \u010dista povr\u0161ina klju\u010dna za odr\u017eavanje vidljivosti 3D efekata; mast mo\u017ee smanjiti uzorke. O\u010distite vru\u0107om vodom i deterd\u017eentom i izbjegavajte izravni dodir povr\u0161ine.<\/span><\/p>\n<h3><strong>Dodatna razmatranja<\/strong><\/h3>\n<p><span style=\"font-weight: 400;\">Budu\u0107i da PEI plo\u010de s 3D efektom reflektiraju svjetlost, LIDAR kalibracija mo\u017eda ne\u0107e funkcionirati prema o\u010dekivanjima. Preporu\u010dljivo je presko\u010diti slijed kalibracije LIDAR-a ili koristiti obi\u010dnu plo\u010du za kalibraciju. Imajte na umu da su ovi listovi potro\u0161ni materijal, pa da biste im produ\u017eili vijek trajanja, poku\u0161ajte mijenjati polo\u017eaj svojih ispisa na listu. Izbjegavajte nano\u0161enje ljepila na povr\u0161inu lista i budite oprezni kada koristite strugalo kako biste sprije\u010dili o\u0161te\u0107enje.<\/span><\/p>\n<h3><strong>Preporu\u010dene postavke<\/strong><\/h3>\n<p><span style=\"font-weight: 400;\">Za ispis predla\u017eemo kori\u0161tenje PLA ili TPU filamenata. Ovisno o va\u0161em modelu i filamentu, mo\u017eda \u0107ete morati prilagoditi postavke reza\u010da.<\/span><\/p>\n","protected":false},"excerpt":{"rendered":"<p><span style=\"font-weight: 400;\">Isprobajte PEI plo\u010du s 3D efektom za Bambu Lab X1 P1P u zvjezdastoj, dijamantnoj ili karbonskoj strukturi i transformirajte svoje ispise teksturama koje iska\u010du.<\/span><\/p>\n","protected":false},"featured_media":44186,"comment_status":"closed","ping_status":"closed","template":"","meta":{"_acf_changed":false},"product_brand":[],"product_cat":[482,808,491,483],"product_tag":[],"brand":[268],"class_list":{"0":"post-44088","1":"product","2":"type-product","3":"status-publish","4":"has-post-thumbnail","6":"product_cat-rezervni-dijelovi","7":"product_cat-izradne-povrsine-hr","8":"product_cat-pei-ploce","9":"product_cat-svi-rezervni-dijelovi","10":"pa_compatible-with-bambulab-fdm-3d-printers","11":"pa_fits-printer-all-bambu-lab-x1-series-p1-series","12":"brand-bambu-lab","14":"first","15":"instock","16":"taxable","17":"shipping-taxable","18":"purchasable","19":"product-type-variable"},"acf":[],"_links":{"self":[{"href":"https:\/\/azurefilm.com\/hr\/wp-json\/wp\/v2\/product\/44088","targetHints":{"allow":["GET"]}}],"collection":[{"href":"https:\/\/azurefilm.com\/hr\/wp-json\/wp\/v2\/product"}],"about":[{"href":"https:\/\/azurefilm.com\/hr\/wp-json\/wp\/v2\/types\/product"}],"replies":[{"embeddable":true,"href":"https:\/\/azurefilm.com\/hr\/wp-json\/wp\/v2\/comments?post=44088"}],"wp:featuredmedia":[{"embeddable":true,"href":"https:\/\/azurefilm.com\/hr\/wp-json\/wp\/v2\/media\/44186"}],"wp:attachment":[{"href":"https:\/\/azurefilm.com\/hr\/wp-json\/wp\/v2\/media?parent=44088"}],"wp:term":[{"taxonomy":"product_brand","embeddable":true,"href":"https:\/\/azurefilm.com\/hr\/wp-json\/wp\/v2\/product_brand?post=44088"},{"taxonomy":"product_cat","embeddable":true,"href":"https:\/\/azurefilm.com\/hr\/wp-json\/wp\/v2\/product_cat?post=44088"},{"taxonomy":"product_tag","embeddable":true,"href":"https:\/\/azurefilm.com\/hr\/wp-json\/wp\/v2\/product_tag?post=44088"},{"taxonomy":"brand","embeddable":true,"href":"https:\/\/azurefilm.com\/hr\/wp-json\/wp\/v2\/brand?post=44088"}],"curies":[{"name":"wp","href":"https:\/\/api.w.org\/{rel}","templated":true}]}}