
{"id":44106,"date":"2024-09-17T11:51:18","date_gmt":"2024-09-17T11:51:18","guid":{"rendered":"https:\/\/azurefilm.com\/?post_type=product&#038;p=44106"},"modified":"2024-09-17T11:51:19","modified_gmt":"2024-09-17T11:51:19","slug":"creality-k1-max-maticna-ploca","status":"publish","type":"product","link":"https:\/\/azurefilm.com\/hr\/proizvod\/creality-k1-max-maticna-ploca\/","title":{"rendered":"Creality K1 Max mati\u010dna plo\u010da"},"content":{"rendered":"<p><span style=\"font-weight: 400;\">Creality K1 Max mati\u010dna plo\u010da dizajnirana je za glatko, u\u010dinkovito i precizno 3D ispisivanje. Dizajnirana posebno za seriju Creality K1 Max, ova mati\u010dna plo\u010da pru\u017ea vrhunsku kontrolu nad svakom funkcijom va\u0161eg pisa\u010da.<\/span><\/p>\n<p><b>Disclaimer: <\/b><span style=\"font-weight: 400;\">provjerite je li va\u0161 K1 MAX opremljen s 4248 malih motora s reduktorom prije naru\u010divanja. Ovaj komplet mati\u010dne plo\u010de radi samo s 42-48 X\/Y motorima, a ne s 42-60.<\/span><\/p>\n","protected":false},"excerpt":{"rendered":"<p><span style=\"font-weight: 400;\">Nadogradite svoju igru 3D ispisa s ovom pouzdanom mati\u010dnom plo\u010dom Creality K1 Max.<\/span><\/p>\n","protected":false},"featured_media":44247,"comment_status":"closed","ping_status":"closed","template":"","meta":{"_acf_changed":false},"product_brand":[],"product_cat":[482,481,505,483],"product_tag":[],"brand":[],"class_list":{"0":"post-44106","1":"product","2":"type-product","3":"status-publish","4":"has-post-thumbnail","6":"product_cat-rezervni-dijelovi","7":"product_cat-akcija","8":"product_cat-maticne-ploce","9":"product_cat-svi-rezervni-dijelovi","10":"pa_compatible-with-creality-fdm-3d-printers","11":"pa_fits-printer-creality-k1-max","13":"first","14":"instock","15":"sale","16":"taxable","17":"shipping-taxable","18":"purchasable","19":"product-type-simple"},"acf":[],"_links":{"self":[{"href":"https:\/\/azurefilm.com\/hr\/wp-json\/wp\/v2\/product\/44106","targetHints":{"allow":["GET"]}}],"collection":[{"href":"https:\/\/azurefilm.com\/hr\/wp-json\/wp\/v2\/product"}],"about":[{"href":"https:\/\/azurefilm.com\/hr\/wp-json\/wp\/v2\/types\/product"}],"replies":[{"embeddable":true,"href":"https:\/\/azurefilm.com\/hr\/wp-json\/wp\/v2\/comments?post=44106"}],"wp:featuredmedia":[{"embeddable":true,"href":"https:\/\/azurefilm.com\/hr\/wp-json\/wp\/v2\/media\/44247"}],"wp:attachment":[{"href":"https:\/\/azurefilm.com\/hr\/wp-json\/wp\/v2\/media?parent=44106"}],"wp:term":[{"taxonomy":"product_brand","embeddable":true,"href":"https:\/\/azurefilm.com\/hr\/wp-json\/wp\/v2\/product_brand?post=44106"},{"taxonomy":"product_cat","embeddable":true,"href":"https:\/\/azurefilm.com\/hr\/wp-json\/wp\/v2\/product_cat?post=44106"},{"taxonomy":"product_tag","embeddable":true,"href":"https:\/\/azurefilm.com\/hr\/wp-json\/wp\/v2\/product_tag?post=44106"},{"taxonomy":"brand","embeddable":true,"href":"https:\/\/azurefilm.com\/hr\/wp-json\/wp\/v2\/brand?post=44106"}],"curies":[{"name":"wp","href":"https:\/\/api.w.org\/{rel}","templated":true}]}}