
{"id":44680,"date":"2024-09-20T08:41:24","date_gmt":"2024-09-20T08:41:24","guid":{"rendered":"https:\/\/azurefilm.com\/?post_type=product&#038;p=44680"},"modified":"2024-10-26T13:40:16","modified_gmt":"2024-10-26T13:40:16","slug":"creality-k1-se","status":"publish","type":"product","link":"https:\/\/azurefilm.com\/hr\/proizvod\/creality-k1-se\/","title":{"rendered":"Creality K1 SE"},"content":{"rendered":"<p><span style=\"font-weight: 400;\">Creality <\/span><b>K1 SE <\/b><span style=\"font-weight: 400;\">3D<\/span> <span style=\"font-weight: 400;\">pisa\u010d kombinira pametni dizajn s velikom brzinom, precizno\u0161\u0107u i pouzdano\u0161\u0107u kako bi pretvorio ideje u stvarnost uz nevjerojatnu u\u010dinkovitost. Izra\u0111en kako bi ponudio besprijekorno korisni\u010dko iskustvo, ovaj 3D printer dizajniran je za pru\u017eanje izvanrednih rezultata u kratkom vremenu, \u0161to ga \u010dini idealnim za profesionalce i hobiste.<\/span><\/p>\n<h2><strong>Robusni dizajn za stabilnost i izdr\u017eljivost<\/strong><\/h2>\n<p><span style=\"font-weight: 400;\">Creality K1 SE ima \u010dvrsti okvir izra\u0111en od integriranih komponenti od tla\u010dno lijevane aluminijske legure koje se neprimjetno spajaju kako bi pobolj\u0161ale stabilnost stroja. Kako bi se dodatno podr\u017eala ova stabilnost tijekom vibracija velike brzine, okvir je oja\u010dan kutnim spojevima i robusnim popre\u010dnim nosa\u010dima. Ovaj izdr\u017eljivi dizajn osigurava pouzdan i dosljedan ispis, \u010dak i pod intenzivnim radnim uvjetima.<\/span><\/p>\n<h2><strong>CoreXY struktura za ispis ultra velike brzine<\/strong><\/h2>\n<p><span style=\"font-weight: 400;\">Jedna od istaknutih zna\u010dajki K1 SE je njegova dinami\u010dna CoreXY struktura, koja je dizajnirana za brzi ispis bez ugro\u017eavanja kvalitete ispisa. Ova napredna struktura omogu\u0107uje pisa\u010du postizanje maksimalne brzine ispisa od 600 mm\/s i ubrzanje do 20.000 mm\/s\u00b2, \u0161to omogu\u0107uje br\u017ei zavr\u0161etak projekta uz zadr\u017eavanje preciznosti.<\/span><\/p>\n<h2><strong>Potpuno metalni ekstruder s dva zup\u010danika<\/strong><\/h2>\n<p><span style=\"font-weight: 400;\">K1 SE opremljen je sustavom potpuno metalnog ekstrudera s dva zup\u010danika koji uklju\u010duje potpornu oprugu i kuglasti klip za \u010dvrsto u\u010dvr\u0161\u0107ivanje filamenta tijekom ispisa. Ovaj sustav pru\u017ea pouzdano dr\u017eanje niti i dizajniran je za rad s razli\u010ditim vrstama niti, uklju\u010duju\u0107i fleksibilne materijale poput TPU-a. Osim toga, dizajn ekstrudera bez za\u010depljenja osigurava neometan rad, \u010dak i kod ispisa slo\u017eenijih materijala. Za ABS tisak preporu\u010duje se za\u0161titni omot.<\/span><\/p>\n<h2><strong>Hotend za brzo zagrijavanje\u00a0<\/strong><\/h2>\n<p><span style=\"font-weight: 400;\">Hotend Creality K1 SE dizajniran je za brzinu i u\u010dinkovitost. Opremljen kerami\u010dkim grija\u010dem od 60 W, brzo se zagrijava od 0 do 300\u00b0C u samo 75 sekundi, potpuno otapaju\u0107i filament za podr\u0161ku ultra-brzog ispisa. To osigurava minimalno vrijeme zastoja i omogu\u0107uje kontinuirani ispis optimalnim brzinama.<\/span><\/p>\n<h2><strong>Izdr\u017eljiva tri-metalna mlaznica<\/strong><\/h2>\n<p><span style=\"font-weight: 400;\">K1 SE ima trometalnu mlaznicu s bakrenom bazom, \u010deli\u010dnim vrhom i toplinskim prekidom od legure titana. Ova konstrukcija je dizajnirana da sprije\u010di nakupljanje topline, pridonose\u0107i njegovoj trajnosti. Mlaznica se tako\u0111er lako mijenja, \u0161to osigurava glatko odr\u017eavanje i dugotrajnu upotrebu.<\/span><\/p>\n<h2><strong>Inteligentni algoritmi za optimizirani ispis<\/strong><\/h2>\n<p><span style=\"font-weight: 400;\">Creality K1 SE koristi inteligentne algoritme za osiguravanje kvalitete i u\u010dinkovitosti ispisa:<\/span><\/p>\n<ul>\n<li style=\"font-weight: 400;\" aria-level=\"1\"><b>Oblikovanje unosa: <\/b><span style=\"font-weight: 400;\">G-senzor identificira brzine koje mogu uzrokovati rezonanciju i prilago\u0111ava rad motora kako bi ubla\u017eio potencijalne vibracije, osiguravaju\u0107i glatke i to\u010dne ispise.<\/span><\/li>\n<li style=\"font-weight: 400;\" aria-level=\"1\"><b>Uravnote\u017eeni ventilator komponente: <\/b><span style=\"font-weight: 400;\">Ventilator komponente na glavi za ispis je dinami\u010dki uravnote\u017een, smanjuju\u0107i njihanje tijekom rada velikom brzinom.<\/span><\/li>\n<\/ul>\n<h2><strong>Korisni\u010dki prilago\u0111ene zna\u010dajke<\/strong><\/h2>\n<p><span style=\"font-weight: 400;\">K1 SE nudi nekoliko automatiziranih i korisniku prilago\u0111enih zna\u010dajki za pojednostavljivanje procesa ispisa:<\/span><\/p>\n<ul>\n<li style=\"font-weight: 400;\" aria-level=\"1\"><b>Plug-and-play postavljanje: <\/b><span style=\"font-weight: 400;\">uz jednostavne upute za pokretanje, pisa\u010d se mo\u017ee raspakirati i pustiti u rad unutar samo 3 minute.<\/span><\/li>\n<li style=\"font-weight: 400;\" aria-level=\"1\"><b>Automatska kalibracija: <\/b><span style=\"font-weight: 400;\">Zna\u010dajke poput automatskog Z-pomaka, niveliranja i ispitivanja oblikovanja unosa osiguravaju da je pisa\u010d spreman za isporuku preciznih rezultata uz minimalnu ru\u010dnu intervenciju.<\/span><\/li>\n<li style=\"font-weight: 400;\" aria-level=\"1\"><b>Upravljanje djelomi\u010dnim neuspjelim ispisom: <\/b><span style=\"font-weight: 400;\">U slu\u010daju djelomi\u010dnog neuspjeha ispisa, K1 SE omogu\u0107uje korisnicima isklju\u010divanje neispravnih ispisa i neometani nastavak ispisa ostatka serije.<\/span><\/li>\n<\/ul>\n<h2><strong>Fleksibilnost i prilagodba otvorenog koda<\/strong><\/h2>\n<p><span style=\"font-weight: 400;\">K1 SE ima softver otvorenog koda koji korisnicima omogu\u0107uje jednostavne izmjene. Podr\u017eava Creality OS, Creality Print 5.0 i Creality Cloud za fleksibilne opcije rezanja, pru\u017eaju\u0107i korisnicima slobodu da iskustvo ispisa prilagode svojim specifi\u010dnim potrebama. Dodatno, fleksibilna PEI ugradna plo\u010da osigurava jednostavno uklanjanje dovr\u0161enih ispisa.<\/span><\/p>\n<h2><strong>Dodatne zna\u010dajke<\/strong><\/h2>\n<p><span style=\"font-weight: 400;\">Creality K1 SE uklju\u010duje nekoliko dodatnih zna\u010dajki za optimizaciju performansi:<\/span><\/p>\n<ul>\n<li style=\"font-weight: 400;\" aria-level=\"1\"><span style=\"font-weight: 400;\">Unaprijed ugra\u0111eni prigu\u0161iva\u010di za smanjenje buke i stabilnost.<\/span><\/li>\n<li style=\"font-weight: 400;\" aria-level=\"1\"><span style=\"font-weight: 400;\">Silikonske trake za brisanje za odr\u017eavanje vrhova mlaznica \u010distima.<\/span><\/li>\n<li style=\"font-weight: 400;\" aria-level=\"1\"><span style=\"font-weight: 400;\">Automatsko niveliranje bez upotrebe ruku za jednostavno postavljanje i preciznost.<\/span><\/li>\n<li style=\"font-weight: 400;\" aria-level=\"1\"><span style=\"font-weight: 400;\">Fleksibilna PEI opru\u017ena \u010deli\u010dna plo\u010da za jednostavno uklanjanje dijelova.<\/span><\/li>\n<\/ul>\n","protected":false},"excerpt":{"rendered":"<p><span style=\"font-weight: 400;\">Creality K1 SE &#8211; savr\u0161ena kombinacija brzine, pouzdanosti i naprednih zna\u010dajki, izvrsna za kreatore koji \u017eele u\u010dinkovito proizvoditi visokokvalitetne ispise.<\/span><\/p>\n","protected":false},"featured_media":44651,"comment_status":"closed","ping_status":"closed","template":"","meta":{"_acf_changed":false},"product_brand":[],"product_cat":[453,481,460,457,456],"product_tag":[],"brand":[],"class_list":{"0":"post-44680","1":"product","2":"type-product","3":"status-publish","4":"has-post-thumbnail","6":"product_cat-3d-printer","7":"product_cat-akcija","8":"product_cat-creality-hr","9":"product_cat-fdm-printer","10":"product_cat-svi-3d-pisaci","12":"first","13":"instock","14":"sale","15":"taxable","16":"shipping-taxable","17":"purchasable","18":"product-type-simple"},"acf":[],"_links":{"self":[{"href":"https:\/\/azurefilm.com\/hr\/wp-json\/wp\/v2\/product\/44680","targetHints":{"allow":["GET"]}}],"collection":[{"href":"https:\/\/azurefilm.com\/hr\/wp-json\/wp\/v2\/product"}],"about":[{"href":"https:\/\/azurefilm.com\/hr\/wp-json\/wp\/v2\/types\/product"}],"replies":[{"embeddable":true,"href":"https:\/\/azurefilm.com\/hr\/wp-json\/wp\/v2\/comments?post=44680"}],"wp:featuredmedia":[{"embeddable":true,"href":"https:\/\/azurefilm.com\/hr\/wp-json\/wp\/v2\/media\/44651"}],"wp:attachment":[{"href":"https:\/\/azurefilm.com\/hr\/wp-json\/wp\/v2\/media?parent=44680"}],"wp:term":[{"taxonomy":"product_brand","embeddable":true,"href":"https:\/\/azurefilm.com\/hr\/wp-json\/wp\/v2\/product_brand?post=44680"},{"taxonomy":"product_cat","embeddable":true,"href":"https:\/\/azurefilm.com\/hr\/wp-json\/wp\/v2\/product_cat?post=44680"},{"taxonomy":"product_tag","embeddable":true,"href":"https:\/\/azurefilm.com\/hr\/wp-json\/wp\/v2\/product_tag?post=44680"},{"taxonomy":"brand","embeddable":true,"href":"https:\/\/azurefilm.com\/hr\/wp-json\/wp\/v2\/brand?post=44680"}],"curies":[{"name":"wp","href":"https:\/\/api.w.org\/{rel}","templated":true}]}}