
{"id":44712,"date":"2024-09-20T08:41:46","date_gmt":"2024-09-20T08:41:46","guid":{"rendered":"https:\/\/azurefilm.com\/?post_type=product&#038;p=44712"},"modified":"2025-07-24T19:26:57","modified_gmt":"2025-07-24T19:26:57","slug":"creality-ender-3-v3-plus","status":"publish","type":"product","link":"https:\/\/azurefilm.com\/hr\/proizvod\/creality-ender-3-v3-plus\/","title":{"rendered":"Creality Ender 3 V3 Plus"},"content":{"rendered":"<p><strong>Ender <\/strong><b>3 V3 Plus <\/b><span style=\"font-weight: 400;\">iz Crealityja nudi prostor \u010dak i za najambicioznije ideje, s impresivnim volumenom izrade od 300x300x330mm. Ovo veliko podru\u010dje izrade omogu\u0107uje korisnicima ispis ve\u0107ih objekata ili vi\u0161e dijelova u jednom poslu, \u0161to ga \u010dini idealnim za dizajnere i kreatore koji \u017eele svoje ideje pretvoriti u stvarnost u ve\u0107em opsegu.<\/span><\/p>\n<h2><strong>Robusna i stabilna konstrukcija<\/strong><\/h2>\n<p><span style=\"font-weight: 400;\">Portal i baza pisa\u010da izra\u0111eni su od jednog dijela od aluminijske legure lijevanog pod pritiskom, tvore\u0107i robusnu trokutastu strukturu. Ovu stabilnu konstrukciju dodatno pobolj\u0161avaju dvije dodatne potporne \u0161ipke, koje pove\u0107avaju stabilnost Z-osi i zna\u010dajno smanjuju bilo kakvo kolebanje tijekom ispisa. S manje vijaka i zaobljenim kutovima, Ender 3 V3 Plus ne samo da pru\u017ea pouzdane performanse, ve\u0107 se mo\u017ee pohvaliti i elegantnim, modernim izgledom.<\/span><\/p>\n<h2><strong>CoreXZ sustav kretanja<\/strong><\/h2>\n<p><span style=\"font-weight: 400;\">Pokretan naprednim CoreXZ sustavom kretanja, Ender 3 V3 Plus kombinira X i Z osi za stabilan ispis velike brzine. Sustav gibanja podr\u017eavaju dva sna\u017ena motora, osiguravaju\u0107i koordinirano i glatko kretanje osi.<\/span><\/p>\n<p><span style=\"font-weight: 400;\">Rezultat je impresivna najve\u0107a brzina od 600 mm\/s i maksimalno ubrzanje od 20.000 mm\/s\u00b2, \u0161to nudi iskustvo ispisa koje je 12 puta br\u017ee bez \u017ertvovanja preciznosti. Y-os je tako\u0111er opremljena s dva sna\u017ena motora koji generiraju vr\u0161ni okretni moment od 1000 Nm, omogu\u0107uju\u0107i glatko i precizno kretanje ispisne plo\u010de du\u017e njezinih linearnih vodilica.<\/span><\/p>\n<h2><strong>Optimiziran ekstruder s direktnim pogonom i u\u010dinkovito grijanje<\/strong><\/h2>\n<p><span style=\"font-weight: 400;\">Ender 3 V3 Plus ima optimizirani ekstruder s izravnim pogonom, opremljen potpornom oprugom i kuglastim valjkom kako bi se osiguralo \u010dvrsto dr\u017eanje niti i ekstruzija bez za\u010depljenja. Za daljnje pobolj\u0161anje performansi, pisa\u010d uklju\u010duje kerami\u010dki grija\u0107i element od 60 W koji se zagrijava do 300\u00b0C u samo 75 sekundi. Ova brza sposobnost pri visokim temperaturama omogu\u0107uje pouzdano topljenje filamenta \u010dak i tijekom brzog ispisa, osiguravaju\u0107i dosljedan ispis.<\/span><\/p>\n<h2><strong>Trometalna mlaznica<\/strong><\/h2>\n<p><span style=\"font-weight: 400;\">Sr\u017e Ender 3 V3 Plus je Unicorn tri-metal mlaznica. Ova mlaznica integrira bakrenu bazu s \u010deli\u010dnim vrhom i toplinskim prekidom od legure titana. Rezultat je izdr\u017eljiva mlaznica koja u\u010dinkovito blokira prekomjerno razvijanje topline, omogu\u0107uju\u0107i precizan ispis tijekom dugih razdoblja. Mlaznica je tako\u0111er dizajnirana za jednostavnu zamjenu, \u0161to odr\u017eavanje \u010dini jednostavnim.<\/span><\/p>\n<p><b>Napomena: <\/b><span style=\"font-weight: 400;\">provjerite je li mlaznica hladna prije rukovanja kako biste sprije\u010dili ozljede.<\/span><\/p>\n<h2><strong>U\u010dinkoviti ventilatori za hla\u0111enje<\/strong><\/h2>\n<p><span style=\"font-weight: 400;\">Ender 3 V3 Plus opremljen je u\u010dinkovitim ventilatorima za hla\u0111enje koji se nalaze na prednjoj i stra\u017enjoj strani ispisne glave. Ovi ventilatori osiguravaju brzo i ravnomjerno hla\u0111enje svje\u017ee ispisanih slojeva, \u0161to pobolj\u0161ava ukupnu kvalitetu ispisa i smanjuje rizik od savijanja ili deformacije u kona\u010dnom modelu.<\/span><\/p>\n<h2><strong>Dodatne zna\u010dajke<\/strong><\/h2>\n<p><span style=\"font-weight: 400;\">Ender 3 V3 Plus nudi niz dodatnih zna\u010dajki koje pobolj\u0161avaju upotrebljivost i performanse:<\/span><\/p>\n<ul>\n<li style=\"font-weight: 400;\" aria-level=\"1\"><span style=\"font-weight: 400;\">Unaprijed sastavljeni moduli za brzo i jednostavno postavljanje.<\/span><\/li>\n<li style=\"font-weight: 400;\" aria-level=\"1\"><span style=\"font-weight: 400;\">Tihi na\u010din rada s razinom buke od \u2264 55dB.<\/span><\/li>\n<li style=\"font-weight: 400;\" aria-level=\"1\"><span style=\"font-weight: 400;\">Automatska kalibracija s izravnavanjem jednim dodirom, Z pomakom i testovima oblikovanja unosa.<\/span><\/li>\n<li style=\"font-weight: 400;\" aria-level=\"1\"><span style=\"font-weight: 400;\">Potpuno automatizirano zatezanje XZ remena.<\/span><\/li>\n<li style=\"font-weight: 400;\" aria-level=\"1\"><span style=\"font-weight: 400;\">Idealno za stvaranje ispisnih farmi s vi\u0161e pisa\u010da.<\/span><\/li>\n<li style=\"font-weight: 400;\" aria-level=\"1\"><span style=\"font-weight: 400;\">Creality OS otvorenog koda, kompatibilan s Creality Print Slicer i Creality Cloud App za besprijekornu integraciju tijeka rada.<\/span><\/li>\n<\/ul>\n","protected":false},"excerpt":{"rendered":"<p><span style=\"font-weight: 400;\">Creality Ender 3 V3 Plus &#8211; sna\u017ean, jednostavan za kori\u0161tenje i u\u010dinkovit 3D printer s volumenom izrade od 300x300x330mm.<\/span><\/p>\n<p>&nbsp;<\/p>\n","protected":false},"featured_media":44701,"comment_status":"closed","ping_status":"closed","template":"","meta":{"_acf_changed":false},"product_brand":[],"product_cat":[453,481,460,457,456],"product_tag":[],"brand":[],"class_list":{"0":"post-44712","1":"product","2":"type-product","3":"status-publish","4":"has-post-thumbnail","6":"product_cat-3d-printer","7":"product_cat-akcija","8":"product_cat-creality-hr","9":"product_cat-fdm-printer","10":"product_cat-svi-3d-pisaci","12":"first","13":"outofstock","14":"sale","15":"taxable","16":"shipping-taxable","17":"purchasable","18":"product-type-simple"},"acf":[],"_links":{"self":[{"href":"https:\/\/azurefilm.com\/hr\/wp-json\/wp\/v2\/product\/44712","targetHints":{"allow":["GET"]}}],"collection":[{"href":"https:\/\/azurefilm.com\/hr\/wp-json\/wp\/v2\/product"}],"about":[{"href":"https:\/\/azurefilm.com\/hr\/wp-json\/wp\/v2\/types\/product"}],"replies":[{"embeddable":true,"href":"https:\/\/azurefilm.com\/hr\/wp-json\/wp\/v2\/comments?post=44712"}],"wp:featuredmedia":[{"embeddable":true,"href":"https:\/\/azurefilm.com\/hr\/wp-json\/wp\/v2\/media\/44701"}],"wp:attachment":[{"href":"https:\/\/azurefilm.com\/hr\/wp-json\/wp\/v2\/media?parent=44712"}],"wp:term":[{"taxonomy":"product_brand","embeddable":true,"href":"https:\/\/azurefilm.com\/hr\/wp-json\/wp\/v2\/product_brand?post=44712"},{"taxonomy":"product_cat","embeddable":true,"href":"https:\/\/azurefilm.com\/hr\/wp-json\/wp\/v2\/product_cat?post=44712"},{"taxonomy":"product_tag","embeddable":true,"href":"https:\/\/azurefilm.com\/hr\/wp-json\/wp\/v2\/product_tag?post=44712"},{"taxonomy":"brand","embeddable":true,"href":"https:\/\/azurefilm.com\/hr\/wp-json\/wp\/v2\/brand?post=44712"}],"curies":[{"name":"wp","href":"https:\/\/api.w.org\/{rel}","templated":true}]}}