
{"id":44725,"date":"2024-09-20T12:39:29","date_gmt":"2024-09-20T12:39:29","guid":{"rendered":"https:\/\/azurefilm.com\/?post_type=product&#038;p=44725"},"modified":"2026-04-02T05:06:43","modified_gmt":"2026-04-02T05:06:43","slug":"refill-pla-silk-gold","status":"publish","type":"product","link":"https:\/\/azurefilm.com\/hr\/proizvod\/refill-pla-silk-gold\/","title":{"rendered":"Refill PLA Silk Gold 18K"},"content":{"rendered":"<h2><b>Refill PLA Silk<\/b><\/h2>\n<p><span style=\"font-weight: 400;\">Refill PLA Silk filamenti nude potpuno ista svojstva kao na\u0161i PLA Silk filamenti. Va\u0161im otiscima daju izgled <\/span><b>sjajne, blago prozirne i svilenkaste povr\u0161ine<\/b><span style=\"font-weight: 400;\">. \u0160tovi\u0161e, ovaj materijal poma\u017ee <\/span><b>prikriti prijelaze izme\u0111u slojeva <\/b><span style=\"font-weight: 400;\">prilikom ispisa.<\/span><\/p>\n<p><span style=\"font-weight: 400;\">Refill PLA Silk <\/span><b>jednostavan je za ispis <\/b><span style=\"font-weight: 400;\">i dostupan je u mnogo razli\u010ditih boja. Ovi filamenti <\/span><b>ekolo\u0161ki su izbor <\/b><span style=\"font-weight: 400;\">koji nudi pouzdanu izvedbu i dosljedne rezultate. Nadalje, na\u0161i Refill PLA Silk filamenti <\/span><b>izvrsni su za po\u010detnike <\/b><span style=\"font-weight: 400;\">.<\/span><\/p>\n<h3><strong>\u0160to je novo?<\/strong><\/h3>\n<ul>\n<li><span style=\"font-weight: 400;\">Uklonili smo plasti\u010dne zatvara\u010de i zamijenili ih boljom opcijom kako bismo olak\u0161ali raspakiranje.<\/span><\/li>\n<li><span style=\"font-weight: 400;\">Rep filamenta sada je potpuno ravan. To sprje\u010dava zaglavljenje u \u0161puli i uni\u0161tavanje va\u0161eg printa kada filament nestane.<\/span><\/li>\n<li><b>Savr\u0161ena kompatibilnost s AzureFilm i Bambu Lab \u0161pulama.<\/b><\/li>\n<\/ul>\n<h3><strong>Preporuke za printanje:<\/strong><\/h3>\n<ul>\n<li style=\"font-weight: 400;\" aria-level=\"1\"><span style=\"font-weight: 400;\">Za najbolje rezultate, printati na 220\u2013240\u00b0C.<\/span><\/li>\n<li style=\"font-weight: 400;\" aria-level=\"1\"><span style=\"font-weight: 400;\">Preporu\u010dena temperatura postolja za printanje je 80\u00b0C.<\/span><\/li>\n<li style=\"font-weight: 400;\" aria-level=\"1\"><span style=\"font-weight: 400;\">Koristite stakleno postolje, PEI plo\u010du, kapton ili plavu traku za izradnu platformu s 3Dlac sprejem.<\/span><\/li>\n<\/ul>\n<p><i><span style=\"font-weight: 400;\">*Idealna temperatura mo\u017ee varirati ovisno o kori\u0161tenom pisa\u010du.<\/span><\/i><\/p>\n<div class=\"is-divider divider clearfix\" style=\"max-width:100%;height:1px;background-color:rgb(17, 107, 168);\"><\/div>\n<p><span style=\"font-weight: 400;\">Na\u0161i Refill PLA Silk filamenti su savr\u0161eno kompatibilni s <\/span><a href=\"https:\/\/azurefilm.com\/hr\/proizvod\/master_spool_1gratis\/\" target=\"_blank\" rel=\"noopener\"><b>AzureFilm Master Spool <\/b><\/a><b>\u2013 jedinom \u0161pulom koja \u0107e vam ikada trebati<\/b><span style=\"font-weight: 400;\">. Kori\u0161tenjem ove vi\u0161ekratne \u0161pule mo\u017eete nam se pridru\u017eiti u smanjenju otpada i smanjenju utjecaja na okoli\u0161.<\/span><\/p>\n<p><span style=\"font-weight: 400;\">AzureFilm Master Spool je na\u0161a <\/span><b>vi\u0161ekratna \u0161pula<\/b><span style=\"font-weight: 400;\">, koja omogu\u0107uje <\/span><b>odr\u017eivo i isplativo rje\u0161enje<\/b><span style=\"font-weight: 400;\"> za 3D printanje. \u0160pula ima<\/span><b> set od dva vi\u0161ekratna diska lijevana brizganjem<\/b><span style=\"font-weight: 400;\">. To osigurava visoku izdr\u017eljivost i preciznost \u0161pule.<\/span><\/p>\n<p><span style=\"font-weight: 400;\">Kupnjom i ponovnim kori\u0161tenjem na\u0161e Master Spool pridonosite \u010di\u0161\u0107em okoli\u0161u dok u\u017eivate u pouzdanom proizvodu koji je jednostavan za kori\u0161tenje i kompatibilan s ve\u0107inom 3D pisa\u010da.<\/span><\/p>\n<div style=\"padding: 56.25% 0 0 0; position: relative;\"><iframe style=\"position: absolute; top: 0; left: 0; width: 100%; height: 100%;\" title=\"AzureFilm Master Spool\" src=\"https:\/\/player.vimeo.com\/video\/954356184?badge=0&amp;autopause=0&amp;player_id=0&amp;app_id=58479\" frameborder=\"0\"><\/iframe><\/div>\n<p><script src=\"https:\/\/player.vimeo.com\/api\/player.js\"><\/script><\/p>\n<div class=\"is-divider divider clearfix\" style=\"max-width:100%;height:1px;background-color:rgb(17, 107, 168);\"><\/div>\n<h2><b>Zna\u010dajke i svojstva<\/b><\/h2>\n<table>\n<thead>\n<tr>\n<th>Zna\u010dajka<\/th>\n<th>Vrijednost<\/th>\n<\/tr>\n<tr>\n<td><span style=\"font-weight: 400;\">\u00a0Fleksibilnost<\/span><\/td>\n<td><span style=\"font-weight: 400;\">Niska<\/span><\/td>\n<\/tr>\n<tr>\n<td><span style=\"font-weight: 400;\">\u00a0Snaga<\/span><\/td>\n<td><span style=\"font-weight: 400;\">Srednja<\/span><\/td>\n<\/tr>\n<tr>\n<td><span style=\"font-weight: 400;\">\u00a0Izdr\u017eljivost<\/span><\/td>\n<td><span style=\"font-weight: 400;\">Srednja<\/span><\/td>\n<\/tr>\n<tr>\n<td><span style=\"font-weight: 400;\">\u00a0Te\u017eina kori\u0161tenja<\/span><\/td>\n<td><span style=\"font-weight: 400;\">Niska<\/span><\/td>\n<\/tr>\n<tr>\n<td><span style=\"font-weight: 400;\">\u00a0Skupljanje \/ savijanje<\/span><\/td>\n<td><span style=\"font-weight: 400;\">Minimalno<\/span><\/td>\n<\/tr>\n<tr>\n<td><span style=\"font-weight: 400;\">\u00a0Topiv<\/span><\/td>\n<td><span style=\"font-weight: 400;\">Ne<\/span><\/td>\n<\/tr>\n<tr>\n<td><span style=\"font-weight: 400;\">\u00a0Dostupan promjer<\/span><\/td>\n<td><span style=\"font-weight: 400;\">1.75mm<\/span><\/td>\n<\/tr>\n<tr>\n<td><span style=\"font-weight: 400;\">\u00a0Proizvo\u0111a\u010d<\/span><\/td>\n<td><span style=\"font-weight: 400;\">AzureFilm<\/span><\/td>\n<\/tr>\n<\/thead>\n<\/table>\n<p><span style=\"font-weight: 400;\">Kako biste saznali vi\u0161e o PLA filamentima, pro\u010ditajte na\u0161 <a href=\"https:\/\/azurefilm.com\/hr\/2023\/07\/04\/pla-filamenti-sve-sto-trebas-znati\/\" target=\"_blank\" rel=\"noopener\"><strong>blog<\/strong><\/a>.<\/span><\/p>\n<p><b>Tehni\u010dkom listu <\/b><span style=\"font-weight: 400;\">mo\u017eete pristupiti <a href=\"https:\/\/azurefilm.com\/hr\/technical-data-sheets\/\" target=\"_blank\" rel=\"noopener\"><strong>ovdje<\/strong><\/a>.<\/span><\/p>\n","protected":false},"excerpt":{"rendered":"<p><span style=\"font-weight: 400;\">Kupite Refill PLA Silk Gold i u\u017eivajte u <\/span><span style=\"font-weight: 400;\">sjajnoj, blago prozirnoj i svilenkastoj povr\u0161ini na svojim kreacijama.<\/span><\/p>\n","protected":false},"featured_media":109279,"comment_status":"closed","ping_status":"closed","template":"","meta":{"_acf_changed":false},"product_brand":[],"product_cat":[1658,375,402,409,414,377],"product_tag":[1525],"brand":[267],"class_list":{"0":"post-44725","1":"product","2":"type-product","3":"status-publish","4":"has-post-thumbnail","6":"product_cat-refill-pla-silk-hr","7":"product_cat-3d-filamenti-hr","8":"product_cat-pla-filamenti-hr","9":"product_cat-pla-silk-hr","10":"product_cat-refill-filamenti-hr","11":"product_cat-svi-filamenti","12":"product_tag-eko-hr","13":"pa_colour-gold","14":"pa_filament-diameter-1-75mm","15":"pa_filament-weight-1000g","16":"brand-azurefilm","18":"first","19":"instock","20":"taxable","21":"shipping-taxable","22":"purchasable","23":"product-type-variable"},"acf":[],"_links":{"self":[{"href":"https:\/\/azurefilm.com\/hr\/wp-json\/wp\/v2\/product\/44725","targetHints":{"allow":["GET"]}}],"collection":[{"href":"https:\/\/azurefilm.com\/hr\/wp-json\/wp\/v2\/product"}],"about":[{"href":"https:\/\/azurefilm.com\/hr\/wp-json\/wp\/v2\/types\/product"}],"replies":[{"embeddable":true,"href":"https:\/\/azurefilm.com\/hr\/wp-json\/wp\/v2\/comments?post=44725"}],"wp:featuredmedia":[{"embeddable":true,"href":"https:\/\/azurefilm.com\/hr\/wp-json\/wp\/v2\/media\/109279"}],"wp:attachment":[{"href":"https:\/\/azurefilm.com\/hr\/wp-json\/wp\/v2\/media?parent=44725"}],"wp:term":[{"taxonomy":"product_brand","embeddable":true,"href":"https:\/\/azurefilm.com\/hr\/wp-json\/wp\/v2\/product_brand?post=44725"},{"taxonomy":"product_cat","embeddable":true,"href":"https:\/\/azurefilm.com\/hr\/wp-json\/wp\/v2\/product_cat?post=44725"},{"taxonomy":"product_tag","embeddable":true,"href":"https:\/\/azurefilm.com\/hr\/wp-json\/wp\/v2\/product_tag?post=44725"},{"taxonomy":"brand","embeddable":true,"href":"https:\/\/azurefilm.com\/hr\/wp-json\/wp\/v2\/brand?post=44725"}],"curies":[{"name":"wp","href":"https:\/\/api.w.org\/{rel}","templated":true}]}}