
{"id":45325,"date":"2024-09-26T10:24:11","date_gmt":"2024-09-26T10:24:11","guid":{"rendered":"https:\/\/azurefilm.com\/?post_type=product&#038;p=45325"},"modified":"2026-04-07T13:33:40","modified_gmt":"2026-04-07T13:33:40","slug":"refill-pctg-white","status":"publish","type":"product","link":"https:\/\/azurefilm.com\/hr\/proizvod\/refill-pctg-white\/","title":{"rendered":"Refill PCTG White"},"content":{"rendered":"<h2><b>Refill PCTG<\/b><\/h2>\n<p><span style=\"font-weight: 400;\">Refill PCTG filamenti nude potpuno iste karakteristike kao i na\u0161 PCTG. <\/span><b>Izdr\u017eljivi su, \u010dvrsti i bez mirisa. <\/b><span style=\"font-weight: 400;\">Refill PCTG je izvrstan filament koji kombinira snagu i fleksibilnost, uz minimalno skupljanje i savijanje. Idealan je za ispis velikih proizvoda i mehani\u010dkih dijelova u robotici.<\/span><\/p>\n<p><span style=\"font-weight: 400;\">PCTG filament je <\/span><b>pobolj\u0161ana verzija PETG Original filamenta<\/b><span style=\"font-weight: 400;\">, dizajnirana da izdr\u017ei vi\u0161e temperature. Ovaj materijal <\/span><b>izdr\u017eava temperature vi\u0161e za 5-10\u00b0C<\/b><span style=\"font-weight: 400;\"> i ima pove\u0107anu trajnost u usporedbi s PETG Original. PCTG je jo\u0161 uvijek <\/span><b>vrlo jednostavan za rad<\/b><span style=\"font-weight: 400;\"> i <\/span><b>pogodan za po\u010detnike<\/b><span style=\"font-weight: 400;\">.<\/span><\/p>\n\n\t<section class=\"section pb-0\" id=\"section_2073814369\">\n\t\t<div class=\"section-bg fill\" >\n\t\t\t\t\t\t\t\t\t<div class=\"section-bg-overlay absolute fill\"><\/div>\n\t\t\t\n\n\t\t<\/div>\n\n\t\t\n\n\t\t<div class=\"section-content relative\">\n\t\t\t\n<div class=\"row row-large align-middle pb-0\"  id=\"row-1032759445\">\n\n\t<div id=\"col-1428864400\" class=\"col medium-6 small-12 large-6\"  >\n\t\t\t\t<div class=\"col-inner text-left\"  >\n\t\t\t\n\t\t\t\n<h3><strong>\u0160to je novo?<\/strong><\/h3>\n<ul>\n<li><span style=\"font-weight: 400;\">Uklonili smo plasti\u010dne zatvara\u010de i zamijenili ih boljom opcijom kako bismo olak\u0161ali raspakiranje.<\/span><\/li>\n<li><span style=\"font-weight: 400;\">Rep filamenta sada je potpuno ravan. To sprje\u010dava zaglavljenje u \u0161puli i uni\u0161tavanje va\u0161eg printa kada filament nestane.<\/span><\/li>\n<li><b>Savr\u0161ena kompatibilnost s AzureFilm i Bambu Lab \u0161pulama.<\/b><\/li>\n<\/ul>\n<h3><strong>Preporuke za printanje<\/strong><\/h3>\n<ul>\n<li style=\"font-weight: 400;\" aria-level=\"1\"><span style=\"font-weight: 400;\">Za najbolje rezultate, printati na 240\u2013260\u00b0C.\u00a0<\/span><\/li>\n<li style=\"font-weight: 400;\" aria-level=\"1\"><span style=\"font-weight: 400;\">Preporu\u010dena temperatura postolja za printanje je 80\u00b0C.<\/span><\/li>\n<li style=\"font-weight: 400;\" aria-level=\"1\"><span style=\"font-weight: 400;\">Koristite stakleno postolje, PEI plo\u010du, kapton ili plavu traku za izradnu platformu s 3Dlac sprejem.<\/span><\/li>\n<\/ul>\n<p><i><span style=\"font-weight: 400;\">*Idealna temperatura mo\u017ee varirati ovisno o kori\u0161tenom pisa\u010du.<\/span><\/i><\/p>\n\t\t<\/div>\n\t\t\t\t\t<\/div>\n\n\t\n\n\t<div id=\"col-671737076\" class=\"col medium-6 small-12 large-6\"  >\n\t\t\t\t<div class=\"col-inner\"  >\n\t\t\t\n\t\t\t\n<div class=\"video video-fit mb\" style=\"padding-top:56.25%;\"><p><iframe loading=\"lazy\" title=\"Printing with PCTG filaments\" width=\"1020\" height=\"574\" src=\"https:\/\/www.youtube.com\/embed\/SSB2XEpYjoo?feature=oembed\" frameborder=\"0\" allow=\"accelerometer; autoplay; clipboard-write; encrypted-media; gyroscope; picture-in-picture; web-share\" referrerpolicy=\"strict-origin-when-cross-origin\" allowfullscreen><\/iframe><\/p>\n<\/div>\n\t\t<\/div>\n\t\t\t\t\t<\/div>\n\n\t\n<\/div>\n\t\t<\/div>\n\n\t\t\n<style>\n#section_2073814369 {\n  padding-top: 30px;\n  padding-bottom: 30px;\n}\n#section_2073814369 .section-bg-overlay {\n  background-color: rgba(255, 255, 255, 0.85);\n}\n<\/style>\n\t<\/section>\n\t\n<div class=\"is-divider divider clearfix\" style=\"max-width:100%;height:1px;background-color:rgb(17, 107, 168);\"><\/div>\n<p><span style=\"font-weight: 400;\">Na\u0161i Refill PCTG filamenti su savr\u0161eno kompatibilni s <\/span><b><a href=\"https:\/\/azurefilm.com\/hr\/proizvod\/master_spool_1gratis\/\" target=\"_blank\" rel=\"noopener\">AzureFilm Master Spool<\/a> \u2013 jedinom \u0161pulom koja \u0107e vam ikada trebati<\/b><span style=\"font-weight: 400;\">. Kori\u0161tenjem ove vi\u0161ekratne \u0161pule mo\u017eete nam se pridru\u017eiti u smanjenju otpada i smanjenju utjecaja na okoli\u0161.<\/span><\/p>\n<p><span style=\"font-weight: 400;\">AzureFilm Master Spool je na\u0161a <\/span><b>vi\u0161ekratna \u0161pula<\/b><span style=\"font-weight: 400;\">, koja omogu\u0107uje <\/span><b>odr\u017eivo i isplativo rje\u0161enje <\/b><span style=\"font-weight: 400;\">za 3D printanje. \u0160pula ima set od <\/span><b>dva vi\u0161ekratna diska lijevana brizganjem<\/b><span style=\"font-weight: 400;\">. To osigurava visoku izdr\u017eljivost i preciznost \u0161pule.<\/span><\/p>\n<p><span style=\"font-weight: 400;\">Kupnjom i ponovnim kori\u0161tenjem na\u0161e Master Spool pridonosite \u010di\u0161\u0107em okoli\u0161u dok u\u017eivate u pouzdanom proizvodu koji je jednostavan za kori\u0161tenje i kompatibilan s ve\u0107inom 3D pisa\u010da.<\/span><\/p>\n<div style=\"padding: 56.25% 0 0 0; position: relative;\"><iframe style=\"position: absolute; top: 0; left: 0; width: 100%; height: 100%;\" title=\"AzureFilm Master Spool\" src=\"https:\/\/player.vimeo.com\/video\/954356184?badge=0&amp;autopause=0&amp;player_id=0&amp;app_id=58479\" frameborder=\"0\"><\/iframe><\/div>\n<p><script src=\"https:\/\/player.vimeo.com\/api\/player.js\"><\/script><\/p>\n<div class=\"is-divider divider clearfix\" style=\"max-width:100%;height:1px;background-color:rgb(17, 107, 168);\"><\/div>\n<h2><strong>Zna\u010dajke i svojstva<\/strong><\/h2>\n<table>\n<thead>\n<tr>\n<th>Zna\u010dajka<\/th>\n<th>Vrijednost<\/th>\n<\/tr>\n<tr>\n<td><span style=\"font-weight: 400;\">\u00a0Fleksibilnost<\/span><\/td>\n<td><span style=\"font-weight: 400;\">Srednja<\/span><\/td>\n<\/tr>\n<tr>\n<td><span style=\"font-weight: 400;\">\u00a0Snaga<\/span><\/td>\n<td><span style=\"font-weight: 400;\">Visoka<\/span><\/td>\n<\/tr>\n<tr>\n<td><span style=\"font-weight: 400;\">\u00a0Izdr\u017eljivost<\/span><\/td>\n<td><span style=\"font-weight: 400;\">Visoka<\/span><\/td>\n<\/tr>\n<tr>\n<td><span style=\"font-weight: 400;\">\u00a0Te\u017eina kori\u0161tenja<\/span><\/td>\n<td><span style=\"font-weight: 400;\">Niska<\/span><\/td>\n<\/tr>\n<tr>\n<td><span style=\"font-weight: 400;\">\u00a0Skupljanje \/ savijanje<\/span><\/td>\n<td><span style=\"font-weight: 400;\">Minimalno<\/span><\/td>\n<\/tr>\n<tr>\n<td><span style=\"font-weight: 400;\">\u00a0Topiv<\/span><\/td>\n<td><span style=\"font-weight: 400;\">Ne<\/span><\/td>\n<\/tr>\n<tr>\n<td><span style=\"font-weight: 400;\">\u00a0Dostupan promjer<\/span><\/td>\n<td><span style=\"font-weight: 400;\">1.75mm<\/span><\/td>\n<\/tr>\n<tr>\n<td><span style=\"font-weight: 400;\">\u00a0Proizvo\u0111a\u010d<\/span><\/td>\n<td><span style=\"font-weight: 400;\">AzureFilm<\/span><\/td>\n<\/tr>\n<\/thead>\n<\/table>\n<p><span style=\"font-weight: 400;\">Kako biste saznali vi\u0161e o PLA filamentima, pro\u010ditajte na\u0161 <a href=\"https:\/\/azurefilm.com\/hr\/2023\/10\/12\/pctg-filamenti-sve-sto-morate-znati\/\" target=\"_blank\" rel=\"noopener\"><strong>blog<\/strong><\/a>.\u00a0<\/span><\/p>\n<p><span style=\"font-weight: 400;\"><a href=\"https:\/\/azurefilm.com\/hr\/technical-data-sheets\/\" target=\"_blank\" rel=\"noopener\"><strong>Ovdje<\/strong><\/a> mo\u017eete pristupiti <strong>tehni\u010dkim informacijama<\/strong>.<\/span><\/p>\n","protected":false},"excerpt":{"rendered":"<p><span style=\"font-weight: 400;\">Kupite Refill PCTG White za izdr\u017eljive i \u010dvrste 3D ispise bez mirirsa.<\/span><\/p>\n","protected":false},"featured_media":113119,"comment_status":"closed","ping_status":"closed","template":"","meta":{"_acf_changed":false},"product_brand":[],"product_cat":[1701,375,394,414,377],"product_tag":[1525],"brand":[],"class_list":{"0":"post-45325","1":"product","2":"type-product","3":"status-publish","4":"has-post-thumbnail","6":"product_cat-refill-pctg-hr","7":"product_cat-3d-filamenti-hr","8":"product_cat-pctg-filamenti-hr","9":"product_cat-refill-filamenti-hr","10":"product_cat-svi-filamenti","11":"product_tag-eko-hr","12":"pa_colour-white","13":"pa_filament-diameter-1-75mm","14":"pa_filament-weight-1000g","16":"first","17":"instock","18":"taxable","19":"shipping-taxable","20":"purchasable","21":"product-type-variable"},"acf":[],"_links":{"self":[{"href":"https:\/\/azurefilm.com\/hr\/wp-json\/wp\/v2\/product\/45325","targetHints":{"allow":["GET"]}}],"collection":[{"href":"https:\/\/azurefilm.com\/hr\/wp-json\/wp\/v2\/product"}],"about":[{"href":"https:\/\/azurefilm.com\/hr\/wp-json\/wp\/v2\/types\/product"}],"replies":[{"embeddable":true,"href":"https:\/\/azurefilm.com\/hr\/wp-json\/wp\/v2\/comments?post=45325"}],"wp:featuredmedia":[{"embeddable":true,"href":"https:\/\/azurefilm.com\/hr\/wp-json\/wp\/v2\/media\/113119"}],"wp:attachment":[{"href":"https:\/\/azurefilm.com\/hr\/wp-json\/wp\/v2\/media?parent=45325"}],"wp:term":[{"taxonomy":"product_brand","embeddable":true,"href":"https:\/\/azurefilm.com\/hr\/wp-json\/wp\/v2\/product_brand?post=45325"},{"taxonomy":"product_cat","embeddable":true,"href":"https:\/\/azurefilm.com\/hr\/wp-json\/wp\/v2\/product_cat?post=45325"},{"taxonomy":"product_tag","embeddable":true,"href":"https:\/\/azurefilm.com\/hr\/wp-json\/wp\/v2\/product_tag?post=45325"},{"taxonomy":"brand","embeddable":true,"href":"https:\/\/azurefilm.com\/hr\/wp-json\/wp\/v2\/brand?post=45325"}],"curies":[{"name":"wp","href":"https:\/\/api.w.org\/{rel}","templated":true}]}}