
{"id":46009,"date":"2024-10-02T07:52:52","date_gmt":"2024-10-02T07:52:52","guid":{"rendered":"https:\/\/azurefilm.com\/?post_type=product&#038;p=46009"},"modified":"2026-02-19T17:09:55","modified_gmt":"2026-02-19T17:09:55","slug":"refill-pla-cmyk-lithophane-4-pack","status":"publish","type":"product","link":"https:\/\/azurefilm.com\/hr\/proizvod\/refill-pla-cmyk-lithophane-4-pack\/","title":{"rendered":"Refill PLA CMYK Lithophane 4-pack"},"content":{"rendered":"<h2><b>\u0160to su PLA CMYK filamenti?<\/b><\/h2>\n<p><span style=\"font-weight: 400;\">PLA CMYK filamenti su specijalizirani filamenti za 3D ispis dizajnirani da predstavljaju \u010detiri osnovne boje koje se koriste u tradicionalnom ispisu: <\/span><b>Cyan (C)<\/b><span style=\"font-weight: 400;\">, <\/span><b>Magenta (M)<\/b><span style=\"font-weight: 400;\">, <\/span><b>Yellow (Y) <\/b><span style=\"font-weight: 400;\">i <\/span><b>Key color (K)<\/b><span style=\"font-weight: 400;\">. &#8220;Klju\u010dna&#8221; boja koristi se za dubinu, detalje i sjene &#8211; po\u017eeljna je <\/span><b>bijela <\/b><span style=\"font-weight: 400;\">jer omogu\u0107uje bolji prijenos svjetla u projektima s pozadinskim osvjetljenjem. Ovi se filamenti obi\u010dno koriste na sli\u010dan na\u010din na koji CMYK ispis radi u dvodimenzionalnom ispisu tintom, omogu\u0107uju\u0107i stvaranje \u0161arenih i \u017eivopisnih 3D ispisa.<\/span><\/p>\n<p><img loading=\"lazy\" decoding=\"async\" class=\"aligncenter wp-image-45945 size-full\" src=\"https:\/\/azurefilm.com\/wp-content\/uploads\/2024\/10\/Combined-CMYK-Photos-1.jpg\" alt=\"\" width=\"2400\" height=\"1200\" title=\"\" srcset=\"https:\/\/azurefilm.com\/wp-content\/uploads\/2024\/10\/Combined-CMYK-Photos-1.jpg 2400w, https:\/\/azurefilm.com\/wp-content\/uploads\/2024\/10\/Combined-CMYK-Photos-1-510x255.jpg 510w, https:\/\/azurefilm.com\/wp-content\/uploads\/2024\/10\/Combined-CMYK-Photos-1-300x150.jpg 300w, https:\/\/azurefilm.com\/wp-content\/uploads\/2024\/10\/Combined-CMYK-Photos-1-1024x512.jpg 1024w, https:\/\/azurefilm.com\/wp-content\/uploads\/2024\/10\/Combined-CMYK-Photos-1-768x384.jpg 768w, https:\/\/azurefilm.com\/wp-content\/uploads\/2024\/10\/Combined-CMYK-Photos-1-1536x768.jpg 1536w, https:\/\/azurefilm.com\/wp-content\/uploads\/2024\/10\/Combined-CMYK-Photos-1-2048x1024.jpg 2048w\" sizes=\"auto, (max-width: 2400px) 100vw, 2400px\" \/><\/p>\n<h2><b>\u0160to su litofani?<\/b><\/h2>\n<p><span style=\"font-weight: 400;\">Litofani su <\/span><b>3D ispisane slike <\/b><span style=\"font-weight: 400;\">koje otkrivaju detaljne slike pri pozadinskom osvjetljenju. Suptilna varijacija u debljini filamenta omogu\u0107uje <\/span><b>razli\u010dit prolaz svjetlosti<\/b><span style=\"font-weight: 400;\">, stvaraju\u0107i sliku u sivim tonovima ili \u010dak sliku u punoj boji kada se ispisuje s pravim filamentima.<\/span><\/p>\n\n\t<section class=\"section\" id=\"section_606243642\">\n\t\t<div class=\"section-bg fill\" >\n\t\t\t\t\t\t\t\t\t<div class=\"section-bg-overlay absolute fill\"><\/div>\n\t\t\t\n\n\t\t<\/div>\n\n\t\t\n\n\t\t<div class=\"section-content relative\">\n\t\t\t\n<h3><b>PLA CMYK filamenti izvrsni su za litofane jer:<\/b><\/h3>\n<div class=\"row row-large align-middle\"  id=\"row-518999543\">\n\n\t<div id=\"col-655366671\" class=\"col medium-8 small-12 large-8\"  >\n\t\t\t\t<div class=\"col-inner text-left\"  >\n\t\t\t\n\t\t\t\n<h4><b>Kontrola boja<\/b><\/h4>\n<p><span style=\"font-weight: 400;\">Ispisom u razli\u010ditim kombinacijama CMYK filamenata, mo\u017eete posti\u0107i precizno sjen\u010danje i tonske efekte, daju\u0107i litofanima bogatiji i dinami\u010dniji izgled kada se osvijetle.<\/span><\/p>\n\t\t<\/div>\n\t\t\t\t\t<\/div>\n\n\t\n\n\t<div id=\"col-578001280\" class=\"col medium-4 small-12 large-4\"  >\n\t\t\t\t<div class=\"col-inner\"  >\n\t\t\t\n\t\t\t\n\t<div class=\"img has-hover x md-x lg-x y md-y lg-y\" id=\"image_545026912\">\n\t\t\t\t\t\t\t\t<div class=\"img-inner dark\" >\n\t\t\t<img loading=\"lazy\" decoding=\"async\" width=\"1020\" height=\"611\" src=\"https:\/\/azurefilm.com\/wp-content\/uploads\/2024\/10\/color-1024x613.jpg\" class=\"attachment-large size-large\" alt=\"\" srcset=\"https:\/\/azurefilm.com\/wp-content\/uploads\/2024\/10\/color-1024x613.jpg 1024w, https:\/\/azurefilm.com\/wp-content\/uploads\/2024\/10\/color-510x305.jpg 510w, https:\/\/azurefilm.com\/wp-content\/uploads\/2024\/10\/color-300x180.jpg 300w, https:\/\/azurefilm.com\/wp-content\/uploads\/2024\/10\/color-768x460.jpg 768w, https:\/\/azurefilm.com\/wp-content\/uploads\/2024\/10\/color-1536x919.jpg 1536w, https:\/\/azurefilm.com\/wp-content\/uploads\/2024\/10\/color.jpg 2005w\" sizes=\"auto, (max-width: 1020px) 100vw, 1020px\" title=\"\">\t\t\t\t\t\t\n\t\t\t\t\t<\/div>\n\t\t\t\t\t\t\t\t\n<style>\n#image_545026912 {\n  width: 100%;\n}\n<\/style>\n\t<\/div>\n\t\n\t\t<\/div>\n\t\t\t\t\t<\/div>\n\n\t\n<\/div>\n\t\t<\/div>\n\n\t\t\n<style>\n#section_606243642 {\n  padding-top: 30px;\n  padding-bottom: 30px;\n  background-color: rgb(193, 193, 193);\n}\n#section_606243642 .section-bg-overlay {\n  background-color: rgba(255, 255, 255, 0.85);\n}\n<\/style>\n\t<\/section>\n\t\n\n\t<section class=\"section\" id=\"section_1673971290\">\n\t\t<div class=\"section-bg fill\" >\n\t\t\t\t\t\t\t\t\t<div class=\"section-bg-overlay absolute fill\"><\/div>\n\t\t\t\n\n\t\t<\/div>\n\n\t\t\n\n\t\t<div class=\"section-content relative\">\n\t\t\t\n<div class=\"row row-large align-middle\"  id=\"row-348200498\">\n\n\t<div id=\"col-291746802\" class=\"col medium-8 small-12 large-8\"  >\n\t\t\t\t<div class=\"col-inner text-left\"  >\n\t\t\t\n\t\t\t\n<h4><b>Prozirnost<\/b><\/h4>\n<p><span style=\"font-weight: 400;\">PLA, posebno u tanjim slojevima, mo\u017ee biti donekle proziran, \u0161to je bitno za litofane jer se oslanjaju na svjetlost koja prolazi kroz njih kako bi otkrila detalje.<\/span><\/p>\n\t\t<\/div>\n\t\t\t\t\t<\/div>\n\n\t\n\n\t<div id=\"col-1743173594\" class=\"col medium-4 small-12 large-4\"  >\n\t\t\t\t<div class=\"col-inner\"  >\n\t\t\t\n\t\t\t\n\t<div class=\"img has-hover x md-x lg-x y md-y lg-y\" id=\"image_416768794\">\n\t\t\t\t\t\t\t\t<div class=\"img-inner dark\" >\n\t\t\t<img loading=\"lazy\" decoding=\"async\" width=\"1020\" height=\"611\" src=\"https:\/\/azurefilm.com\/wp-content\/uploads\/2024\/10\/translucent-1-1024x613.jpg\" class=\"attachment-large size-large\" alt=\"\" srcset=\"https:\/\/azurefilm.com\/wp-content\/uploads\/2024\/10\/translucent-1-1024x613.jpg 1024w, https:\/\/azurefilm.com\/wp-content\/uploads\/2024\/10\/translucent-1-510x305.jpg 510w, https:\/\/azurefilm.com\/wp-content\/uploads\/2024\/10\/translucent-1-300x180.jpg 300w, https:\/\/azurefilm.com\/wp-content\/uploads\/2024\/10\/translucent-1-768x460.jpg 768w, https:\/\/azurefilm.com\/wp-content\/uploads\/2024\/10\/translucent-1-1536x919.jpg 1536w, https:\/\/azurefilm.com\/wp-content\/uploads\/2024\/10\/translucent-1.jpg 2005w\" sizes=\"auto, (max-width: 1020px) 100vw, 1020px\" title=\"\">\t\t\t\t\t\t\n\t\t\t\t\t<\/div>\n\t\t\t\t\t\t\t\t\n<style>\n#image_416768794 {\n  width: 100%;\n}\n<\/style>\n\t<\/div>\n\t\n\t\t<\/div>\n\t\t\t\t\t<\/div>\n\n\t\n<\/div>\n\t\t<\/div>\n\n\t\t\n<style>\n#section_1673971290 {\n  padding-top: 30px;\n  padding-bottom: 30px;\n  background-color: rgb(193, 193, 193);\n}\n#section_1673971290 .section-bg-overlay {\n  background-color: rgba(255, 255, 255, 0.85);\n}\n<\/style>\n\t<\/section>\n\t\n\n\t<section class=\"section\" id=\"section_58893663\">\n\t\t<div class=\"section-bg fill\" >\n\t\t\t\t\t\t\t\t\t<div class=\"section-bg-overlay absolute fill\"><\/div>\n\t\t\t\n\n\t\t<\/div>\n\n\t\t\n\n\t\t<div class=\"section-content relative\">\n\t\t\t\n<div class=\"row row-large align-middle\"  id=\"row-193642722\">\n\n\t<div id=\"col-1037287311\" class=\"col medium-8 small-12 large-8\"  >\n\t\t\t\t<div class=\"col-inner text-left\"  >\n\t\t\t\n\t\t\t\n<h4><b>Glatka zavr\u0161na obrada<\/b><\/h4>\n<p><b> <\/b><span style=\"font-weight: 400;\">PLA filamenti nastoje proizvesti \u010diste, glatke otiske, \u0161to je klju\u010dno za litofane jer su fini detalji va\u017eni za njihovu jasno\u0107u.<\/span><\/p>\n\t\t<\/div>\n\t\t\t\t\t<\/div>\n\n\t\n\n\t<div id=\"col-651391909\" class=\"col medium-4 small-12 large-4\"  >\n\t\t\t\t<div class=\"col-inner\"  >\n\t\t\t\n\t\t\t\n\t<div class=\"img has-hover x md-x lg-x y md-y lg-y\" id=\"image_321665308\">\n\t\t\t\t\t\t\t\t<div class=\"img-inner dark\" >\n\t\t\t<img loading=\"lazy\" decoding=\"async\" width=\"1020\" height=\"611\" src=\"https:\/\/azurefilm.com\/wp-content\/uploads\/2024\/10\/smooth-finish-1-1024x613.jpg\" class=\"attachment-large size-large\" alt=\"\" srcset=\"https:\/\/azurefilm.com\/wp-content\/uploads\/2024\/10\/smooth-finish-1-1024x613.jpg 1024w, https:\/\/azurefilm.com\/wp-content\/uploads\/2024\/10\/smooth-finish-1-510x305.jpg 510w, https:\/\/azurefilm.com\/wp-content\/uploads\/2024\/10\/smooth-finish-1-300x180.jpg 300w, https:\/\/azurefilm.com\/wp-content\/uploads\/2024\/10\/smooth-finish-1-768x460.jpg 768w, https:\/\/azurefilm.com\/wp-content\/uploads\/2024\/10\/smooth-finish-1-1536x919.jpg 1536w, https:\/\/azurefilm.com\/wp-content\/uploads\/2024\/10\/smooth-finish-1.jpg 2005w\" sizes=\"auto, (max-width: 1020px) 100vw, 1020px\" title=\"\">\t\t\t\t\t\t\n\t\t\t\t\t<\/div>\n\t\t\t\t\t\t\t\t\n<style>\n#image_321665308 {\n  width: 100%;\n}\n<\/style>\n\t<\/div>\n\t\n\t\t<\/div>\n\t\t\t\t\t<\/div>\n\n\t\n<\/div>\n\t\t<\/div>\n\n\t\t\n<style>\n#section_58893663 {\n  padding-top: 30px;\n  padding-bottom: 30px;\n  background-color: rgb(193, 193, 193);\n}\n#section_58893663 .section-bg-overlay {\n  background-color: rgba(255, 255, 255, 0.85);\n}\n<\/style>\n\t<\/section>\n\t\n\t<div id=\"gap-1653671289\" class=\"gap-element clearfix\" style=\"display:block; height:auto;\">\n\t\t\n<style>\n#gap-1653671289 {\n  padding-top: 30px;\n}\n<\/style>\n\t<\/div>\n\t\n<p><span style=\"font-weight: 400;\">Zaklju\u010dno, PLA CMYK filamenti omogu\u0107uju litofanima pobolj\u0161ane detalje i potencijalno ujedna\u010denu boju pri pozadinskom osvjetljenju, \u0161to ih \u010dini odli\u010dnim izborom za ovu primjenu.<\/span><\/p>\n<h2><b>Na\u0161 Refill PLA CMYK Lithophane 4-pack<\/b><\/h2>\n<p><span style=\"font-weight: 400;\">U na\u0161em Refill PLA CMYK Lithophane 4-pack dobivate 1 kg Refill PLA Original Cyan, 1 kg Refill PLA Original Magenta, 1 kg Refill PLA Original Yellow i 1 kg Refill PLA Lumos Litho White. Kupujte zajedno i u\u0161tedite.<\/span><\/p>\n","protected":false},"excerpt":{"rendered":"<p><span style=\"font-weight: 400;\">Kupite Refill PLA CMYK Lithophane 4-pack: 1 kg Refill PLA Original <\/span><b>Cyan<\/b><span style=\"font-weight: 400;\">, 1 kg Refill PLA Original <\/span><b>Magenta<\/b><span style=\"font-weight: 400;\">, 1 kg Refill PLA Original <\/span><b>Yellow <\/b><span style=\"font-weight: 400;\">i 1 kg Refill PLA Lumos <\/span><b>Litho White<\/b><span style=\"font-weight: 400;\">. Savr\u0161ena kombinacija za svaki litofan!<\/span><\/p>\n","protected":false},"featured_media":46043,"comment_status":"closed","ping_status":"closed","template":"","meta":{"_acf_changed":false},"product_brand":[],"product_cat":[375,379,1705,402,404,406,414,803,377],"product_tag":[],"brand":[],"class_list":{"0":"post-46009","1":"product","2":"type-product","3":"status-publish","4":"has-post-thumbnail","6":"product_cat-3d-filamenti-hr","7":"product_cat-paketi-hr","8":"product_cat-pla-cmyk-hr","9":"product_cat-pla-filamenti-hr","10":"product_cat-pla-lumos-hr","11":"product_cat-pla-original-hr","12":"product_cat-refill-filamenti-hr","13":"product_cat-refill-pla-original-hr","14":"product_cat-svi-filamenti","15":"pa_colour-blue","16":"pa_colour-pink","17":"pa_colour-white","18":"pa_colour-yellow","19":"pa_filament-diameter-1-75mm","20":"pa_filament-weight-1000g","22":"first","23":"outofstock","24":"taxable","25":"shipping-taxable","26":"purchasable","27":"product-type-simple"},"acf":[],"_links":{"self":[{"href":"https:\/\/azurefilm.com\/hr\/wp-json\/wp\/v2\/product\/46009","targetHints":{"allow":["GET"]}}],"collection":[{"href":"https:\/\/azurefilm.com\/hr\/wp-json\/wp\/v2\/product"}],"about":[{"href":"https:\/\/azurefilm.com\/hr\/wp-json\/wp\/v2\/types\/product"}],"replies":[{"embeddable":true,"href":"https:\/\/azurefilm.com\/hr\/wp-json\/wp\/v2\/comments?post=46009"}],"wp:featuredmedia":[{"embeddable":true,"href":"https:\/\/azurefilm.com\/hr\/wp-json\/wp\/v2\/media\/46043"}],"wp:attachment":[{"href":"https:\/\/azurefilm.com\/hr\/wp-json\/wp\/v2\/media?parent=46009"}],"wp:term":[{"taxonomy":"product_brand","embeddable":true,"href":"https:\/\/azurefilm.com\/hr\/wp-json\/wp\/v2\/product_brand?post=46009"},{"taxonomy":"product_cat","embeddable":true,"href":"https:\/\/azurefilm.com\/hr\/wp-json\/wp\/v2\/product_cat?post=46009"},{"taxonomy":"product_tag","embeddable":true,"href":"https:\/\/azurefilm.com\/hr\/wp-json\/wp\/v2\/product_tag?post=46009"},{"taxonomy":"brand","embeddable":true,"href":"https:\/\/azurefilm.com\/hr\/wp-json\/wp\/v2\/brand?post=46009"}],"curies":[{"name":"wp","href":"https:\/\/api.w.org\/{rel}","templated":true}]}}