
{"id":47250,"date":"2024-10-14T11:37:11","date_gmt":"2024-10-14T11:37:11","guid":{"rendered":"https:\/\/azurefilm.com\/?post_type=product&#038;p=47250"},"modified":"2026-02-18T08:50:13","modified_gmt":"2026-02-18T08:50:13","slug":"jedinica-ekstrudera-od-kaljenog-celika-za-x1c","status":"publish","type":"product","link":"https:\/\/azurefilm.com\/hr\/proizvod\/jedinica-ekstrudera-od-kaljenog-celika-za-x1c\/","title":{"rendered":"Jedinica ekstrudera od kaljenog \u010delika za X1C"},"content":{"rendered":"<p><span style=\"font-weight: 400;\">Jedinica ekstrudera od kaljenog \u010delika za X1C dizajnirana je s dvostrukim zup\u010danicima od kaljenog \u010delika, koji nude pobolj\u0161anu silu ekstruzije, smanjeno klizanje i pobolj\u0161anu otpornost na abraziju. Ove zna\u010dajke omogu\u0107uju jedinici ekstrudera rukovanje zahtjevnim in\u017eenjerskim filamentima, uklju\u010duju\u0107i filamente od karbonskih vlakana i najlona.<\/span><\/p>\n<p><span style=\"font-weight: 400;\">Dodatno, jedinica je opremljena senzorom za otkrivanje pucanja filamenta, koji poma\u017ee u sprje\u010davanju gre\u0161aka u ispisu i pove\u0107ava ukupnu u\u010dinkovitost ispisa.<\/span><\/p>\n<h2><strong>Specifikacije proizvoda<\/strong><\/h2>\n<ul>\n<li style=\"font-weight: 400;\" aria-level=\"1\"><span style=\"font-weight: 400;\">Omjer redukcije: 9 : 53<\/span><\/li>\n<li style=\"font-weight: 400;\" aria-level=\"1\"><span style=\"font-weight: 400;\">Materijali: plastika, metal<\/span><\/li>\n<li style=\"font-weight: 400;\" aria-level=\"1\"><span style=\"font-weight: 400;\">Podr\u017eani promjer filamenta: 1,75 mm<\/span><\/li>\n<li style=\"font-weight: 400;\" aria-level=\"1\"><span style=\"font-weight: 400;\">Veli\u010dina pakiranja: 60x60x30 mm<\/span><\/li>\n<li style=\"font-weight: 400;\" aria-level=\"1\"><span style=\"font-weight: 400;\">Podr\u017eani filamenti PET-CF, PAHT-CF, PA6-CF, PLA-CF, PETG-CF, PLA, PETG, ABS, ASA, PC, TPU<\/span><\/li>\n<li style=\"font-weight: 400;\" aria-level=\"1\"><span style=\"font-weight: 400;\">Te\u017eina pakiranja: 50g<\/span><\/li>\n<\/ul>\n","protected":false},"excerpt":{"rendered":"<p><span style=\"font-weight: 400;\">Jedinica ekstrudera od kaljenog \u010delika za X1C &#8211; dizajnirana za poja\u010danu silu ekstruzije, smanjeno klizanje i pobolj\u0161anu otpornost na abraziju.<\/span><\/p>\n","protected":false},"featured_media":47346,"comment_status":"closed","ping_status":"closed","template":"","meta":{"_acf_changed":false},"product_brand":[],"product_cat":[482,496,495,483],"product_tag":[],"brand":[],"class_list":{"0":"post-47250","1":"product","2":"type-product","3":"status-publish","4":"has-post-thumbnail","6":"product_cat-rezervni-dijelovi","7":"product_cat-ekstruder-hr","8":"product_cat-ekstruderi","9":"product_cat-svi-rezervni-dijelovi","10":"pa_compatible-with-bambulab-fdm-3d-printers","11":"pa_fits-printer-bambu-lab-x1-series-only","12":"pa_fits-printer-bambu-lab-x1-carbon","14":"first","15":"outofstock","16":"taxable","17":"shipping-taxable","18":"purchasable","19":"product-type-simple"},"acf":[],"_links":{"self":[{"href":"https:\/\/azurefilm.com\/hr\/wp-json\/wp\/v2\/product\/47250","targetHints":{"allow":["GET"]}}],"collection":[{"href":"https:\/\/azurefilm.com\/hr\/wp-json\/wp\/v2\/product"}],"about":[{"href":"https:\/\/azurefilm.com\/hr\/wp-json\/wp\/v2\/types\/product"}],"replies":[{"embeddable":true,"href":"https:\/\/azurefilm.com\/hr\/wp-json\/wp\/v2\/comments?post=47250"}],"wp:featuredmedia":[{"embeddable":true,"href":"https:\/\/azurefilm.com\/hr\/wp-json\/wp\/v2\/media\/47346"}],"wp:attachment":[{"href":"https:\/\/azurefilm.com\/hr\/wp-json\/wp\/v2\/media?parent=47250"}],"wp:term":[{"taxonomy":"product_brand","embeddable":true,"href":"https:\/\/azurefilm.com\/hr\/wp-json\/wp\/v2\/product_brand?post=47250"},{"taxonomy":"product_cat","embeddable":true,"href":"https:\/\/azurefilm.com\/hr\/wp-json\/wp\/v2\/product_cat?post=47250"},{"taxonomy":"product_tag","embeddable":true,"href":"https:\/\/azurefilm.com\/hr\/wp-json\/wp\/v2\/product_tag?post=47250"},{"taxonomy":"brand","embeddable":true,"href":"https:\/\/azurefilm.com\/hr\/wp-json\/wp\/v2\/brand?post=47250"}],"curies":[{"name":"wp","href":"https:\/\/api.w.org\/{rel}","templated":true}]}}