
{"id":47272,"date":"2024-10-14T11:35:27","date_gmt":"2024-10-14T11:35:27","guid":{"rendered":"https:\/\/azurefilm.com\/?post_type=product&#038;p=47272"},"modified":"2025-08-14T07:49:21","modified_gmt":"2025-08-14T07:49:21","slug":"creality-part-cooling-ventilator-za-ender-3-v3-se","status":"publish","type":"product","link":"https:\/\/azurefilm.com\/hr\/proizvod\/creality-part-cooling-ventilator-za-ender-3-v3-se\/","title":{"rendered":"Creality Part Cooling ventilator za Ender 3 V3 SE"},"content":{"rendered":"<p><span style=\"font-weight: 400;\">Creality Part Cooling ventilator za Ender 3 V3 SE pobolj\u0161ava kvalitetu 3D ispisa brzim i ravnomjernim hla\u0111enjem ispisanog materijala, pobolj\u0161avaju\u0107i prianjanje slojeva i smanjuju\u0107i savijanje za glatke i preciznije rezultate.<\/span><\/p>\n","protected":false},"excerpt":{"rendered":"<p><span style=\"font-weight: 400;\">Creality Part Cooling ventilator za Ender 3 V3 SE dizajniran je za brzo i ravnomjerno hla\u0111enje tiskanog materijala.<\/span><\/p>\n","protected":false},"featured_media":47400,"comment_status":"closed","ping_status":"closed","template":"","meta":{"_acf_changed":false},"product_brand":[],"product_cat":[482,481,483,499],"product_tag":[],"brand":[],"class_list":{"0":"post-47272","1":"product","2":"type-product","3":"status-publish","4":"has-post-thumbnail","6":"product_cat-rezervni-dijelovi","7":"product_cat-akcija","8":"product_cat-svi-rezervni-dijelovi","9":"product_cat-ventilatori","10":"pa_compatible-with-creality-fdm-3d-printers","11":"pa_fits-printer-creality-ender-3-v3-se","13":"first","14":"instock","15":"sale","16":"taxable","17":"shipping-taxable","18":"purchasable","19":"product-type-simple"},"acf":[],"_links":{"self":[{"href":"https:\/\/azurefilm.com\/hr\/wp-json\/wp\/v2\/product\/47272","targetHints":{"allow":["GET"]}}],"collection":[{"href":"https:\/\/azurefilm.com\/hr\/wp-json\/wp\/v2\/product"}],"about":[{"href":"https:\/\/azurefilm.com\/hr\/wp-json\/wp\/v2\/types\/product"}],"replies":[{"embeddable":true,"href":"https:\/\/azurefilm.com\/hr\/wp-json\/wp\/v2\/comments?post=47272"}],"wp:featuredmedia":[{"embeddable":true,"href":"https:\/\/azurefilm.com\/hr\/wp-json\/wp\/v2\/media\/47400"}],"wp:attachment":[{"href":"https:\/\/azurefilm.com\/hr\/wp-json\/wp\/v2\/media?parent=47272"}],"wp:term":[{"taxonomy":"product_brand","embeddable":true,"href":"https:\/\/azurefilm.com\/hr\/wp-json\/wp\/v2\/product_brand?post=47272"},{"taxonomy":"product_cat","embeddable":true,"href":"https:\/\/azurefilm.com\/hr\/wp-json\/wp\/v2\/product_cat?post=47272"},{"taxonomy":"product_tag","embeddable":true,"href":"https:\/\/azurefilm.com\/hr\/wp-json\/wp\/v2\/product_tag?post=47272"},{"taxonomy":"brand","embeddable":true,"href":"https:\/\/azurefilm.com\/hr\/wp-json\/wp\/v2\/brand?post=47272"}],"curies":[{"name":"wp","href":"https:\/\/api.w.org\/{rel}","templated":true}]}}