
{"id":47301,"date":"2024-10-14T11:34:01","date_gmt":"2024-10-14T11:34:01","guid":{"rendered":"https:\/\/azurefilm.com\/?post_type=product&#038;p=47301"},"modified":"2026-01-26T16:15:20","modified_gmt":"2026-01-26T16:15:20","slug":"creality-ekstruder-za-k1-k1c-k1-max-ender-3-v3-ender-3-v3-plus","status":"publish","type":"product","link":"https:\/\/azurefilm.com\/hr\/proizvod\/creality-ekstruder-za-k1-k1c-k1-max-ender-3-v3-ender-3-v3-plus\/","title":{"rendered":"Creality ekstruder za K1\/K1C\/K1 Max\/Ender 3 V3\/Ender 3 V3 Plus"},"content":{"rendered":"<p><span style=\"font-weight: 400;\">Ovaj Creality Extruder dizajniran je za besprijekornu kompatibilnost s 3D pisa\u010dima Creality K1, K1C, K1 Max, Ender 3 V3 i Ender 3 V3 Plus. Nudi pouzdano uvla\u010denje filamenta s pobolj\u0161anom precizno\u0161\u0107u, osiguravaju\u0107i glatke ispise i smanjena za\u010depljenja. Savr\u0161eno za precizan ispis visokih performansi na niz vrsta filamenata.<\/span><\/p>\n","protected":false},"excerpt":{"rendered":"<p><span style=\"font-weight: 400;\">Creality Extruder dizajniran za besprijekornu kompatibilnost s Creality K1, K1C, K1 Max, Ender 3 V3 i Ender 3 V3 Plus 3D pisa\u010dima.<\/span><\/p>\n","protected":false},"featured_media":47492,"comment_status":"closed","ping_status":"closed","template":"","meta":{"_acf_changed":false},"product_brand":[],"product_cat":[482,481,496,495,483],"product_tag":[],"brand":[],"class_list":{"0":"post-47301","1":"product","2":"type-product","3":"status-publish","4":"has-post-thumbnail","6":"product_cat-rezervni-dijelovi","7":"product_cat-akcija","8":"product_cat-ekstruder-hr","9":"product_cat-ekstruderi","10":"product_cat-svi-rezervni-dijelovi","11":"pa_compatible-with-creality-fdm-3d-printers","12":"pa_fits-printer-creality-k1","13":"pa_fits-printer-creality-k1-max","14":"pa_fits-printer-creality-k1c","16":"first","17":"outofstock","18":"sale","19":"taxable","20":"shipping-taxable","21":"purchasable","22":"product-type-simple"},"acf":[],"_links":{"self":[{"href":"https:\/\/azurefilm.com\/hr\/wp-json\/wp\/v2\/product\/47301","targetHints":{"allow":["GET"]}}],"collection":[{"href":"https:\/\/azurefilm.com\/hr\/wp-json\/wp\/v2\/product"}],"about":[{"href":"https:\/\/azurefilm.com\/hr\/wp-json\/wp\/v2\/types\/product"}],"replies":[{"embeddable":true,"href":"https:\/\/azurefilm.com\/hr\/wp-json\/wp\/v2\/comments?post=47301"}],"wp:featuredmedia":[{"embeddable":true,"href":"https:\/\/azurefilm.com\/hr\/wp-json\/wp\/v2\/media\/47492"}],"wp:attachment":[{"href":"https:\/\/azurefilm.com\/hr\/wp-json\/wp\/v2\/media?parent=47301"}],"wp:term":[{"taxonomy":"product_brand","embeddable":true,"href":"https:\/\/azurefilm.com\/hr\/wp-json\/wp\/v2\/product_brand?post=47301"},{"taxonomy":"product_cat","embeddable":true,"href":"https:\/\/azurefilm.com\/hr\/wp-json\/wp\/v2\/product_cat?post=47301"},{"taxonomy":"product_tag","embeddable":true,"href":"https:\/\/azurefilm.com\/hr\/wp-json\/wp\/v2\/product_tag?post=47301"},{"taxonomy":"brand","embeddable":true,"href":"https:\/\/azurefilm.com\/hr\/wp-json\/wp\/v2\/brand?post=47301"}],"curies":[{"name":"wp","href":"https:\/\/api.w.org\/{rel}","templated":true}]}}