
{"id":47310,"date":"2024-10-14T11:33:21","date_gmt":"2024-10-14T11:33:21","guid":{"rendered":"https:\/\/azurefilm.com\/?post_type=product&#038;p=47310"},"modified":"2024-10-14T11:33:21","modified_gmt":"2024-10-14T11:33:21","slug":"creality-part-cooling-ventilator-za-k1-k1c-k1-max","status":"publish","type":"product","link":"https:\/\/azurefilm.com\/hr\/proizvod\/creality-part-cooling-ventilator-za-k1-k1c-k1-max\/","title":{"rendered":"Creality Part Cooling ventilator za K1\/K1C\/K1 Max"},"content":{"rendered":"<p><span style=\"font-weight: 400;\">Creality Part Cooling ventilator za K1\/K1C\/K1 Max pobolj\u0161ava kvalitetu 3D ispisa brzim i ravnomjernim hla\u0111enjem ispisanog materijala, pobolj\u0161avaju\u0107i prianjanje slojeva i smanjuju\u0107i savijanje za glatke, preciznije rezultate.<\/span><\/p>\n","protected":false},"excerpt":{"rendered":"<p><span style=\"font-weight: 400;\">Creality Part Cooling ventilator za K1\/K1C\/K1 Max dizajniran je za brzo i ravnomjerno hla\u0111enje tiskanog materijala.<\/span><\/p>\n","protected":false},"featured_media":47504,"comment_status":"closed","ping_status":"closed","template":"","meta":{"_acf_changed":false},"product_brand":[],"product_cat":[482,481,483,499],"product_tag":[],"brand":[],"class_list":{"0":"post-47310","1":"product","2":"type-product","3":"status-publish","4":"has-post-thumbnail","6":"product_cat-rezervni-dijelovi","7":"product_cat-akcija","8":"product_cat-svi-rezervni-dijelovi","9":"product_cat-ventilatori","10":"pa_compatible-with-creality-fdm-3d-printers","11":"pa_fits-printer-creality-k1","12":"pa_fits-printer-creality-k1-max","13":"pa_fits-printer-creality-k1c","15":"first","16":"instock","17":"sale","18":"taxable","19":"shipping-taxable","20":"purchasable","21":"product-type-simple"},"acf":[],"_links":{"self":[{"href":"https:\/\/azurefilm.com\/hr\/wp-json\/wp\/v2\/product\/47310","targetHints":{"allow":["GET"]}}],"collection":[{"href":"https:\/\/azurefilm.com\/hr\/wp-json\/wp\/v2\/product"}],"about":[{"href":"https:\/\/azurefilm.com\/hr\/wp-json\/wp\/v2\/types\/product"}],"replies":[{"embeddable":true,"href":"https:\/\/azurefilm.com\/hr\/wp-json\/wp\/v2\/comments?post=47310"}],"wp:featuredmedia":[{"embeddable":true,"href":"https:\/\/azurefilm.com\/hr\/wp-json\/wp\/v2\/media\/47504"}],"wp:attachment":[{"href":"https:\/\/azurefilm.com\/hr\/wp-json\/wp\/v2\/media?parent=47310"}],"wp:term":[{"taxonomy":"product_brand","embeddable":true,"href":"https:\/\/azurefilm.com\/hr\/wp-json\/wp\/v2\/product_brand?post=47310"},{"taxonomy":"product_cat","embeddable":true,"href":"https:\/\/azurefilm.com\/hr\/wp-json\/wp\/v2\/product_cat?post=47310"},{"taxonomy":"product_tag","embeddable":true,"href":"https:\/\/azurefilm.com\/hr\/wp-json\/wp\/v2\/product_tag?post=47310"},{"taxonomy":"brand","embeddable":true,"href":"https:\/\/azurefilm.com\/hr\/wp-json\/wp\/v2\/brand?post=47310"}],"curies":[{"name":"wp","href":"https:\/\/api.w.org\/{rel}","templated":true}]}}