
{"id":47315,"date":"2024-10-14T11:33:00","date_gmt":"2024-10-14T11:33:00","guid":{"rendered":"https:\/\/azurefilm.com\/?post_type=product&#038;p=47315"},"modified":"2024-10-14T11:33:00","modified_gmt":"2024-10-14T11:33:00","slug":"creality-napajanje-za-k1-max","status":"publish","type":"product","link":"https:\/\/azurefilm.com\/hr\/proizvod\/creality-napajanje-za-k1-max\/","title":{"rendered":"Creality napajanje za K1 Max"},"content":{"rendered":"<p><span style=\"font-weight: 400;\">Napajanje Creality za K1 Max osigurava pouzdano i dosljedno napajanje va\u0161eg 3D pisa\u010da, osiguravaju\u0107i stabilan rad i u\u010dinkovitu izvedbu za visokokvalitetni, neprekinuti ispis.<\/span><\/p>\n","protected":false},"excerpt":{"rendered":"<p><span style=\"font-weight: 400;\">Creality napajanje za K1 Max za pouzdano i dosljedno napajanje va\u0161eg 3D pisa\u010da, osiguravaju\u0107i stabilan rad.<\/span><\/p>\n","protected":false},"featured_media":47510,"comment_status":"closed","ping_status":"closed","template":"","meta":{"_acf_changed":false},"product_brand":[],"product_cat":[482,481,809,483],"product_tag":[],"brand":[],"class_list":{"0":"post-47315","1":"product","2":"type-product","3":"status-publish","4":"has-post-thumbnail","6":"product_cat-rezervni-dijelovi","7":"product_cat-akcija","8":"product_cat-elektronika-hr","9":"product_cat-svi-rezervni-dijelovi","10":"pa_compatible-with-creality-fdm-3d-printers","11":"pa_fits-printer-creality-k1-max","13":"first","14":"instock","15":"sale","16":"taxable","17":"shipping-taxable","18":"purchasable","19":"product-type-simple"},"acf":[],"_links":{"self":[{"href":"https:\/\/azurefilm.com\/hr\/wp-json\/wp\/v2\/product\/47315","targetHints":{"allow":["GET"]}}],"collection":[{"href":"https:\/\/azurefilm.com\/hr\/wp-json\/wp\/v2\/product"}],"about":[{"href":"https:\/\/azurefilm.com\/hr\/wp-json\/wp\/v2\/types\/product"}],"replies":[{"embeddable":true,"href":"https:\/\/azurefilm.com\/hr\/wp-json\/wp\/v2\/comments?post=47315"}],"wp:featuredmedia":[{"embeddable":true,"href":"https:\/\/azurefilm.com\/hr\/wp-json\/wp\/v2\/media\/47510"}],"wp:attachment":[{"href":"https:\/\/azurefilm.com\/hr\/wp-json\/wp\/v2\/media?parent=47315"}],"wp:term":[{"taxonomy":"product_brand","embeddable":true,"href":"https:\/\/azurefilm.com\/hr\/wp-json\/wp\/v2\/product_brand?post=47315"},{"taxonomy":"product_cat","embeddable":true,"href":"https:\/\/azurefilm.com\/hr\/wp-json\/wp\/v2\/product_cat?post=47315"},{"taxonomy":"product_tag","embeddable":true,"href":"https:\/\/azurefilm.com\/hr\/wp-json\/wp\/v2\/product_tag?post=47315"},{"taxonomy":"brand","embeddable":true,"href":"https:\/\/azurefilm.com\/hr\/wp-json\/wp\/v2\/brand?post=47315"}],"curies":[{"name":"wp","href":"https:\/\/api.w.org\/{rel}","templated":true}]}}