
{"id":47319,"date":"2024-10-14T11:32:40","date_gmt":"2024-10-14T11:32:40","guid":{"rendered":"https:\/\/azurefilm.com\/?post_type=product&#038;p=47319"},"modified":"2024-12-21T10:01:52","modified_gmt":"2024-12-21T10:01:52","slug":"creality-unicorn-quick-swap-komplet-mlaznica-za-k1c","status":"publish","type":"product","link":"https:\/\/azurefilm.com\/hr\/proizvod\/creality-unicorn-quick-swap-komplet-mlaznica-za-k1c\/","title":{"rendered":"Creality Unicorn Quick Swap komplet mlaznica za K1C"},"content":{"rendered":"<p><span style=\"font-weight: 400;\">Creality Unicorn Quick Swap komplet mlaznica za K1C dizajniran je za brze izmjene mlaznica, a odlikuje se robusnom trometalnom konstrukcijom koja uklju\u010duje i mlaznicu i toplinsku za\u0161titu za u\u010dinkovito sastavljanje i rastavljanje.<\/span><\/p>\n<h2><strong>Veliki protok za brzi ispis<\/strong><\/h2>\n<p><span style=\"font-weight: 400;\">Zahvaljuju\u0107i pove\u0107anoj komori mlaznice, mlaznica Unicorn posti\u017ee maksimalnu brzinu protoka do 30 mm\u00b3\/s. Njegova potpuno metalna konstrukcija podr\u017eava brzi ispis pri brzinama do 600 mm\/s, osiguravaju\u0107i vrhunske performanse u zahtjevnim aplikacijama.<\/span><\/p>\n<h2><strong>Izdr\u017eljiva potpuno metalna konstrukcija<\/strong><\/h2>\n<p><span style=\"font-weight: 400;\">Za\u0161tita topline izra\u0111ena je od izdr\u017eljive legure titana, koja minimizira prijenos topline, dok je mlaznica izra\u0111ena od legure bakra s impresivnim koeficijentom toplinske vodljivosti od 330 W\/mK. Vrh mlaznice, izra\u0111en od kaljenog \u010delika s Mohsovom tvrdo\u0107om od 7,8, dodatno pove\u0107ava izdr\u017eljivost. Ovaj pobolj\u0161ani sastav materijala omogu\u0107uje kompatibilnost sa \u0161irokim rasponom filamenata, uklju\u010duju\u0107i PLA, ABS, PETG, TPU, PP, PC, PLA-CF, PA-CF i PET-CF.<\/span><\/p>\n<h2><strong>Razli\u010diti promjeri mlaznica<\/strong><\/h2>\n<p><span style=\"font-weight: 400;\">Komplet uklju\u010duje tri promjera mlaznice (0,4 mm, 0,6 mm, 0,8 mm), nude\u0107i fleksibilnost za ispunjavanje razli\u010ditih potreba ispisa, od detaljnih do br\u017eih, robusnijih ispisa.<\/span><\/p>\n<ul>\n<li style=\"font-weight: 400;\" aria-level=\"1\"><span style=\"font-weight: 400;\">2 x 0,4 mm<\/span><\/li>\n<li style=\"font-weight: 400;\" aria-level=\"1\"><span style=\"font-weight: 400;\">1 x 0,6 mm\u00a0<\/span><\/li>\n<li style=\"font-weight: 400;\" aria-level=\"1\"><span style=\"font-weight: 400;\">1 x 0,8 mm<\/span><\/li>\n<\/ul>\n","protected":false},"excerpt":{"rendered":"<p><span style=\"font-weight: 400;\">Kupite Creality Unicorn Quick Swap komplet mlaznica za K1C za brze izmjene mlaznica i nabavite tri razli\u010dita promjera mlaznica.<\/span><\/p>\n","protected":false},"featured_media":47522,"comment_status":"closed","ping_status":"closed","template":"","meta":{"_acf_changed":false},"product_brand":[],"product_cat":[482,509,511,483],"product_tag":[],"brand":[],"class_list":{"0":"post-47319","1":"product","2":"type-product","3":"status-publish","4":"has-post-thumbnail","6":"product_cat-rezervni-dijelovi","7":"product_cat-mlaznice","8":"product_cat-obicne-mlaznice","9":"product_cat-svi-rezervni-dijelovi","10":"pa_compatible-with-creality-fdm-3d-printers","11":"pa_fits-printer-creality-k1c","13":"first","14":"outofstock","15":"taxable","16":"shipping-taxable","17":"purchasable","18":"product-type-simple"},"acf":[],"_links":{"self":[{"href":"https:\/\/azurefilm.com\/hr\/wp-json\/wp\/v2\/product\/47319","targetHints":{"allow":["GET"]}}],"collection":[{"href":"https:\/\/azurefilm.com\/hr\/wp-json\/wp\/v2\/product"}],"about":[{"href":"https:\/\/azurefilm.com\/hr\/wp-json\/wp\/v2\/types\/product"}],"replies":[{"embeddable":true,"href":"https:\/\/azurefilm.com\/hr\/wp-json\/wp\/v2\/comments?post=47319"}],"wp:featuredmedia":[{"embeddable":true,"href":"https:\/\/azurefilm.com\/hr\/wp-json\/wp\/v2\/media\/47522"}],"wp:attachment":[{"href":"https:\/\/azurefilm.com\/hr\/wp-json\/wp\/v2\/media?parent=47319"}],"wp:term":[{"taxonomy":"product_brand","embeddable":true,"href":"https:\/\/azurefilm.com\/hr\/wp-json\/wp\/v2\/product_brand?post=47319"},{"taxonomy":"product_cat","embeddable":true,"href":"https:\/\/azurefilm.com\/hr\/wp-json\/wp\/v2\/product_cat?post=47319"},{"taxonomy":"product_tag","embeddable":true,"href":"https:\/\/azurefilm.com\/hr\/wp-json\/wp\/v2\/product_tag?post=47319"},{"taxonomy":"brand","embeddable":true,"href":"https:\/\/azurefilm.com\/hr\/wp-json\/wp\/v2\/brand?post=47319"}],"curies":[{"name":"wp","href":"https:\/\/api.w.org\/{rel}","templated":true}]}}