
{"id":47337,"date":"2024-10-14T11:31:18","date_gmt":"2024-10-14T11:31:18","guid":{"rendered":"https:\/\/azurefilm.com\/?post_type=product&#038;p=47337"},"modified":"2024-10-14T11:31:18","modified_gmt":"2024-10-14T11:31:18","slug":"napajanje-za-neptune-4-pro","status":"publish","type":"product","link":"https:\/\/azurefilm.com\/hr\/proizvod\/napajanje-za-neptune-4-pro\/","title":{"rendered":"Napajanje za Neptune 4 Pro"},"content":{"rendered":"<p><span style=\"font-weight: 400;\">Napajanje za Neptune 4 Pro osigurava pouzdano i dosljedno napajanje va\u0161eg 3D pisa\u010da, osiguravaju\u0107i stabilan rad i u\u010dinkovitu izvedbu za visokokvalitetni, neometani ispis.<\/span><\/p>\n","protected":false},"excerpt":{"rendered":"<p><span style=\"font-weight: 400;\">Napajanje za Neptune 4 Pro za pouzdano i dosljedno napajanje va\u0161eg 3D pisa\u010da, osiguravaju\u0107i stabilan rad.<\/span><\/p>\n","protected":false},"featured_media":47577,"comment_status":"closed","ping_status":"closed","template":"","meta":{"_acf_changed":false},"product_brand":[],"product_cat":[482,481,809,483],"product_tag":[],"brand":[],"class_list":{"0":"post-47337","1":"product","2":"type-product","3":"status-publish","4":"has-post-thumbnail","6":"product_cat-rezervni-dijelovi","7":"product_cat-akcija","8":"product_cat-elektronika-hr","9":"product_cat-svi-rezervni-dijelovi","10":"pa_compatible-with-elegoo-fdm-printers","11":"pa_fits-printer-neptune-4-pro","13":"first","14":"instock","15":"sale","16":"taxable","17":"shipping-taxable","18":"purchasable","19":"product-type-simple"},"acf":[],"_links":{"self":[{"href":"https:\/\/azurefilm.com\/hr\/wp-json\/wp\/v2\/product\/47337","targetHints":{"allow":["GET"]}}],"collection":[{"href":"https:\/\/azurefilm.com\/hr\/wp-json\/wp\/v2\/product"}],"about":[{"href":"https:\/\/azurefilm.com\/hr\/wp-json\/wp\/v2\/types\/product"}],"replies":[{"embeddable":true,"href":"https:\/\/azurefilm.com\/hr\/wp-json\/wp\/v2\/comments?post=47337"}],"wp:featuredmedia":[{"embeddable":true,"href":"https:\/\/azurefilm.com\/hr\/wp-json\/wp\/v2\/media\/47577"}],"wp:attachment":[{"href":"https:\/\/azurefilm.com\/hr\/wp-json\/wp\/v2\/media?parent=47337"}],"wp:term":[{"taxonomy":"product_brand","embeddable":true,"href":"https:\/\/azurefilm.com\/hr\/wp-json\/wp\/v2\/product_brand?post=47337"},{"taxonomy":"product_cat","embeddable":true,"href":"https:\/\/azurefilm.com\/hr\/wp-json\/wp\/v2\/product_cat?post=47337"},{"taxonomy":"product_tag","embeddable":true,"href":"https:\/\/azurefilm.com\/hr\/wp-json\/wp\/v2\/product_tag?post=47337"},{"taxonomy":"brand","embeddable":true,"href":"https:\/\/azurefilm.com\/hr\/wp-json\/wp\/v2\/brand?post=47337"}],"curies":[{"name":"wp","href":"https:\/\/api.w.org\/{rel}","templated":true}]}}