
{"id":60920,"date":"2024-10-25T08:45:04","date_gmt":"2024-10-25T08:45:04","guid":{"rendered":"https:\/\/azurefilm.com\/?post_type=product&#038;p=60920"},"modified":"2025-09-05T12:18:04","modified_gmt":"2025-09-05T12:18:04","slug":"magigoo-ljepilo-za-3d-ispis","status":"publish","type":"product","link":"https:\/\/azurefilm.com\/hr\/proizvod\/magigoo-ljepilo-za-3d-ispis\/","title":{"rendered":"Magigoo ljepilo za 3D ispis"},"content":{"rendered":"<h2><strong>Magigoo ljepilo za 3D ispis<\/strong><\/h2>\n<p><span style=\"font-weight: 400;\">Bilo da ste hobist ili profesionalac, nema ni\u010deg ve\u0107eg zadovoljstva nego vidjeti vi\u0161esatnu zavr\u0161nicu ispisa bez savijanja i mo\u0107i ga ukloniti samo jednim pokretom prsta.<\/span><\/p>\n<p><img loading=\"lazy\" decoding=\"async\" class=\" wp-image-60962 alignright\" src=\"https:\/\/azurefilm.com\/wp-content\/uploads\/2024\/10\/3d-printing-adhesive-300x300.jpg\" alt=\"\" width=\"400\" height=\"400\" title=\"\" srcset=\"https:\/\/azurefilm.com\/wp-content\/uploads\/2024\/10\/3d-printing-adhesive-300x300.jpg 300w, https:\/\/azurefilm.com\/wp-content\/uploads\/2024\/10\/3d-printing-adhesive-274x274.jpg 274w, https:\/\/azurefilm.com\/wp-content\/uploads\/2024\/10\/3d-printing-adhesive-100x100.jpg 100w, https:\/\/azurefilm.com\/wp-content\/uploads\/2024\/10\/3d-printing-adhesive-510x510.jpg 510w, https:\/\/azurefilm.com\/wp-content\/uploads\/2024\/10\/3d-printing-adhesive-1024x1024.jpg 1024w, https:\/\/azurefilm.com\/wp-content\/uploads\/2024\/10\/3d-printing-adhesive-150x150.jpg 150w, https:\/\/azurefilm.com\/wp-content\/uploads\/2024\/10\/3d-printing-adhesive-768x768.jpg 768w, https:\/\/azurefilm.com\/wp-content\/uploads\/2024\/10\/3d-printing-adhesive.jpg 1200w\" sizes=\"auto, (max-width: 400px) 100vw, 400px\" \/><\/p>\n<h3><b>Klju\u010dne prednosti:<\/b><\/h3>\n<ul>\n<li style=\"font-weight: 400;\" aria-level=\"1\"><span style=\"font-weight: 400;\">Radi s vi\u0161e vlakana: ABS, PLA, PETG, HIPS, ASA, TPU<\/span><\/li>\n<li style=\"font-weight: 400;\" aria-level=\"1\"><span style=\"font-weight: 400;\">Lako se nanosi: samo protresite, pritisnite i razma\u017eite po aktivnom podru\u010dju ispisa\u2014nema potrebe premazivati cijelu plo\u010du<\/span><\/li>\n<li style=\"font-weight: 400;\" aria-level=\"1\"><span style=\"font-weight: 400;\">Uklanjanje bez muke: otisci se glatko osloba\u0111aju kada se plo\u010da ohladi<\/span><\/li>\n<li style=\"font-weight: 400;\" aria-level=\"1\"><span style=\"font-weight: 400;\">Lako se \u010disti: jednostavno isperite vodom<\/span><\/li>\n<li style=\"font-weight: 400;\" aria-level=\"1\"><span style=\"font-weight: 400;\">Dugotrajan: preko 100 kori\u0161tenja po bo\u010dici<\/span><\/li>\n<li style=\"font-weight: 400;\" aria-level=\"1\"><span style=\"font-weight: 400;\">Bez mirisa i siguran za kori\u0161tenje, \u010dak iu u\u010dionicama ili radionicama<\/span><\/li>\n<li style=\"font-weight: 400;\" aria-level=\"1\"><span style=\"font-weight: 400;\">Za nano\u0161enje ili uklanjanje nisu potrebni alati<\/span><\/li>\n<\/ul>\n<p><span style=\"font-weight: 400;\">Magigoo je prenosiv, netoksi\u010dan i osigurava da va\u0161i ispisi svaki put budu o\u0161tri.<\/span><\/p>\n<p><b>Dostupan u: <\/b><span style=\"font-weight: 400;\">50ml i 120ml.<\/span><\/p>\n<p><b>Va\u017ena napomena: <\/b><span style=\"font-weight: 400;\">Aplikator ima aktivni opru\u017eni ventil koji se aktivira kada se aplikator pritisne na plo\u010du za ugradnju. Nemojte pritiskati bo\u010dicu kao &#8220;bo\u010dicu ke\u010dapa&#8221;, ina\u010de aplikator mo\u017ee isko\u010diti. Boca se smije lagano stisnuti samo kada je vrh pritisnut uz le\u017ei\u0161te i mo\u017ee biti potrebno samo ako je potreban ve\u0107i protok. Boca se ne smije stiskati kad je \u010dep skinut jer bi to moglo dovesti do iskakanja ljepila iz boce.<\/span><\/p>\n","protected":false},"excerpt":{"rendered":"<p><span style=\"font-weight: 400;\">Recite zbogom problemima prianjanja prvog sloja uz Magigoo, glavno rje\u0161enje za sigurno lijepljenje va\u0161ih 3D ispisa na plo\u010du za izradu. Jednostavan je za kori\u0161tenje\u2014samo ga nanesite na zagrijanu povr\u0161inu i osigurat \u0107e \u010dvrstu vezu kroz cijeli ispis. Ali evo najboljeg dijela: nakon \u0161to se plo\u010da ohladi, va\u0161 ispis isko\u010di bez napora, nije potrebno struganje ili radoznalo! Osim toga, Magigoo poma\u017ee u sprje\u010davanju frustriraju\u0107eg problema savijanja, osiguravaju\u0107i da \u010dak i duga\u010dki ispisi budu savr\u0161eni.<\/span><\/p>\n","protected":false},"featured_media":48233,"comment_status":"closed","ping_status":"closed","template":"","meta":{"_acf_changed":false},"product_brand":[],"product_cat":[482,481,486,483],"product_tag":[],"brand":[2598],"class_list":{"0":"post-60920","1":"product","2":"type-product","3":"status-publish","4":"has-post-thumbnail","6":"product_cat-rezervni-dijelovi","7":"product_cat-akcija","8":"product_cat-prianjanje-na-podlogu","9":"product_cat-svi-rezervni-dijelovi","10":"brand-magigoo","12":"first","13":"outofstock","14":"sale","15":"taxable","16":"shipping-taxable","17":"purchasable","18":"product-type-variable"},"acf":[],"_links":{"self":[{"href":"https:\/\/azurefilm.com\/hr\/wp-json\/wp\/v2\/product\/60920","targetHints":{"allow":["GET"]}}],"collection":[{"href":"https:\/\/azurefilm.com\/hr\/wp-json\/wp\/v2\/product"}],"about":[{"href":"https:\/\/azurefilm.com\/hr\/wp-json\/wp\/v2\/types\/product"}],"replies":[{"embeddable":true,"href":"https:\/\/azurefilm.com\/hr\/wp-json\/wp\/v2\/comments?post=60920"}],"wp:featuredmedia":[{"embeddable":true,"href":"https:\/\/azurefilm.com\/hr\/wp-json\/wp\/v2\/media\/48233"}],"wp:attachment":[{"href":"https:\/\/azurefilm.com\/hr\/wp-json\/wp\/v2\/media?parent=60920"}],"wp:term":[{"taxonomy":"product_brand","embeddable":true,"href":"https:\/\/azurefilm.com\/hr\/wp-json\/wp\/v2\/product_brand?post=60920"},{"taxonomy":"product_cat","embeddable":true,"href":"https:\/\/azurefilm.com\/hr\/wp-json\/wp\/v2\/product_cat?post=60920"},{"taxonomy":"product_tag","embeddable":true,"href":"https:\/\/azurefilm.com\/hr\/wp-json\/wp\/v2\/product_tag?post=60920"},{"taxonomy":"brand","embeddable":true,"href":"https:\/\/azurefilm.com\/hr\/wp-json\/wp\/v2\/brand?post=60920"}],"curies":[{"name":"wp","href":"https:\/\/api.w.org\/{rel}","templated":true}]}}