
{"id":65176,"date":"2024-12-02T06:59:11","date_gmt":"2024-12-02T06:59:11","guid":{"rendered":"https:\/\/azurefilm.com\/?post_type=product&#038;p=65176"},"modified":"2026-03-23T07:31:56","modified_gmt":"2026-03-23T07:31:56","slug":"creality-phantom-texture-pei-ploca","status":"publish","type":"product","link":"https:\/\/azurefilm.com\/hr\/proizvod\/creality-phantom-texture-pei-ploca\/","title":{"rendered":"Creality Phantom Texture PEI plo\u010da"},"content":{"rendered":"<p><span style=\"font-weight: 400;\">Creality <\/span><b>Phantom Texture PEI plo\u010da <\/b><span style=\"font-weight: 400;\">dizajniran je kako bi zadovoljio \u0161irok raspon potreba za 3D ispisom s funkcijom dvostruke namjene i pobolj\u0161anim performansama.<\/span><\/p>\n<h2><strong>Klju\u010dne karakteristike:<\/strong><\/h2>\n<ul>\n<li style=\"font-weight: 400;\" aria-level=\"1\"><b>Funkcionalnost dvostruke namjene<\/b><span style=\"font-weight: 400;\">: Jedna ugradna plo\u010da za ispunjavanje razli\u010ditih zahtjeva za ispisom, nude\u0107i raznolike povr\u0161ine za ispis.<\/span><\/li>\n<li style=\"font-weight: 400;\" aria-level=\"1\"><b>\u0160areni uzorci<\/b><span style=\"font-weight: 400;\">: fantomski uzorci na PET foliji odra\u017eavaju razli\u010dite boje iz razli\u010ditih kutova, pove\u0107avaju\u0107i vizualnu privla\u010dnost va\u0161ih otisaka.<\/span><\/li>\n<li style=\"font-weight: 400;\" aria-level=\"1\"><b>Visoko prianjanje<\/b><span style=\"font-weight: 400;\">: Omogu\u0107uje stabilno oblikovanje s povr\u0161inom visokog prianjanja, smanjuju\u0107i inerciju za glatkiji rad i bolju kvalitetu ispisa.<\/span><\/li>\n<li style=\"font-weight: 400;\" aria-level=\"1\"><b>Visoka ravnost i lako va\u0111enje iz kalupa<\/b><span style=\"font-weight: 400;\">: Opru\u017eni \u010deli\u010dni lim zadr\u017eava svoj oblik nakon savijanja, olak\u0161avaju\u0107i uklanjanje ispisa bez napora i odr\u017eavanje visoke ravnosti za dosljedne rezultate.<\/span><\/li>\n<li style=\"font-weight: 400;\" aria-level=\"1\"><b>Brza instalacija<\/b><span style=\"font-weight: 400;\">: Jedinstveni dizajn dvostruke ru\u010dke i otvora za dvostruko lociranje osigurava preciznu, jednostavnu instalaciju za to\u010dno pozicioniranje svaki put.<\/span><\/li>\n<\/ul>\n<p><b>Kompatibilan s: <\/b><span style=\"font-weight: 400;\">Ender-3 S1, Ender-3 S1 Pro, Ender-5 S1, Ender-3 V3, Ender-3 V3 SE, Ender-3 V3 KE<\/span><\/p>\n","protected":false},"excerpt":{"rendered":"<p><span style=\"font-weight: 400;\">Nadogradite svoje postavke 3D ispisa <\/span><b>Creality Phantom Texture PEI plo\u010do <\/b><span style=\"font-weight: 400;\">za pouzdane, visokokvalitetne ispise i vizualno privla\u010dnije iskustvo ispisa.<\/span><\/p>\n","protected":false},"featured_media":65104,"comment_status":"closed","ping_status":"closed","template":"","meta":{"_acf_changed":false},"product_brand":[],"product_cat":[482,481,808,491,483],"product_tag":[],"brand":[],"class_list":{"0":"post-65176","1":"product","2":"type-product","3":"status-publish","4":"has-post-thumbnail","6":"product_cat-rezervni-dijelovi","7":"product_cat-akcija","8":"product_cat-izradne-povrsine-hr","9":"product_cat-pei-ploce","10":"product_cat-svi-rezervni-dijelovi","11":"pa_compatible-with-creality-fdm-3d-printers","12":"pa_fits-printer-creality-ender-3-v3-se","14":"first","15":"instock","16":"sale","17":"taxable","18":"shipping-taxable","19":"purchasable","20":"product-type-simple"},"acf":[],"_links":{"self":[{"href":"https:\/\/azurefilm.com\/hr\/wp-json\/wp\/v2\/product\/65176","targetHints":{"allow":["GET"]}}],"collection":[{"href":"https:\/\/azurefilm.com\/hr\/wp-json\/wp\/v2\/product"}],"about":[{"href":"https:\/\/azurefilm.com\/hr\/wp-json\/wp\/v2\/types\/product"}],"replies":[{"embeddable":true,"href":"https:\/\/azurefilm.com\/hr\/wp-json\/wp\/v2\/comments?post=65176"}],"wp:featuredmedia":[{"embeddable":true,"href":"https:\/\/azurefilm.com\/hr\/wp-json\/wp\/v2\/media\/65104"}],"wp:attachment":[{"href":"https:\/\/azurefilm.com\/hr\/wp-json\/wp\/v2\/media?parent=65176"}],"wp:term":[{"taxonomy":"product_brand","embeddable":true,"href":"https:\/\/azurefilm.com\/hr\/wp-json\/wp\/v2\/product_brand?post=65176"},{"taxonomy":"product_cat","embeddable":true,"href":"https:\/\/azurefilm.com\/hr\/wp-json\/wp\/v2\/product_cat?post=65176"},{"taxonomy":"product_tag","embeddable":true,"href":"https:\/\/azurefilm.com\/hr\/wp-json\/wp\/v2\/product_tag?post=65176"},{"taxonomy":"brand","embeddable":true,"href":"https:\/\/azurefilm.com\/hr\/wp-json\/wp\/v2\/brand?post=65176"}],"curies":[{"name":"wp","href":"https:\/\/api.w.org\/{rel}","templated":true}]}}