
{"id":65255,"date":"2024-12-02T06:59:34","date_gmt":"2024-12-02T06:59:34","guid":{"rendered":"https:\/\/azurefilm.com\/?post_type=product&#038;p=65255"},"modified":"2026-04-16T08:01:10","modified_gmt":"2026-04-16T08:01:10","slug":"creality-stars-texture-pei-ploca","status":"publish","type":"product","link":"https:\/\/azurefilm.com\/hr\/proizvod\/creality-stars-texture-pei-ploca\/","title":{"rendered":"Creality Stars Texture PEI plo\u010da"},"content":{"rendered":"<p><span style=\"font-weight: 400;\">Creality <\/span><b>Stars Texture PEI plo\u010da <\/b><span style=\"font-weight: 400;\">je dizajniran za pru\u017eanje iznimnih performansi, nude\u0107i pobolj\u0161ano prianjanje i kvalitetu ispisa za \u0161irok raspon aplikacija 3D ispisa.<\/span><\/p>\n<h2><strong>Klju\u010dne karakteristike:<\/strong><\/h2>\n<ul>\n<li style=\"font-weight: 400;\" aria-level=\"1\"><b>Dizajn teksture zvijezda<\/b><span style=\"font-weight: 400;\">: sadr\u017ei jedinstvenu teksturu zvijezda koja ne samo da pobolj\u0161ava prianjanje ispisa, ve\u0107 i dodaje vizualno privla\u010dnu, kozmi\u010dku estetiku va\u0161im 3D ispisima.<\/span><\/li>\n<li style=\"font-weight: 400;\" aria-level=\"1\"><b>Visoko prianjanje na povr\u0161inu<\/b><span style=\"font-weight: 400;\">: Osigurava stabilno oblikovanje s izvrsnim prianjanjem, smanjuju\u0107i gre\u0161ke ispisa i pobolj\u0161avaju\u0107i ukupnu kvalitetu ispisa.<\/span><\/li>\n<li style=\"font-weight: 400;\" aria-level=\"1\"><b>Izdr\u017eljiva i visoka ravnost<\/b><span style=\"font-weight: 400;\">: Izra\u0111ena od opru\u017enog \u010delika visoke ravnosti, ova gra\u0111evna plo\u010da otporna je na deformacije, zadr\u017eavaju\u0107i svoj oblik \u010dak i nakon vi\u0161ekratne uporabe.<\/span><\/li>\n<li style=\"font-weight: 400;\" aria-level=\"1\"><b>Jednostavno va\u0111enje iz kalupa<\/b><span style=\"font-weight: 400;\">: Fleksibilna \u010deli\u010dna konstrukcija olak\u0161ava uklanjanje otisaka bez o\u0161te\u0107enja va\u0161ih modela.<\/span><\/li>\n<li style=\"font-weight: 400;\" aria-level=\"1\"><b>Brza instalacija<\/b><span style=\"font-weight: 400;\">: Dizajnirana za preciznu instalaciju bez napora s dvostrukom ru\u010dkom i dvostrukim postavljanjem otvora za to\u010dno pozicioniranje.<\/span><\/li>\n<\/ul>\n<p><b>Kompatibilan s: <\/b><span style=\"font-weight: 400;\">Ender-3 S1, Ender-3 S1 Pro, Ender-5 S1, Ender-3 V3, Ender-3 V3 SE, Ender-3 V3 KE<\/span><\/p>\n","protected":false},"excerpt":{"rendered":"<p><span style=\"font-weight: 400;\">Kupite <\/span><b>Creality Stars Texture PEI plo\u010da <\/b><span style=\"font-weight: 400;\">&#8211; visoka u\u010dinkovitost, izdr\u017eljivost i estetski izgled.<\/span><\/p>\n","protected":false},"featured_media":65184,"comment_status":"closed","ping_status":"closed","template":"","meta":{"_acf_changed":false},"product_brand":[],"product_cat":[482,481,808,491,483],"product_tag":[],"brand":[],"class_list":{"0":"post-65255","1":"product","2":"type-product","3":"status-publish","4":"has-post-thumbnail","6":"product_cat-rezervni-dijelovi","7":"product_cat-akcija","8":"product_cat-izradne-povrsine-hr","9":"product_cat-pei-ploce","10":"product_cat-svi-rezervni-dijelovi","11":"pa_compatible-with-creality-fdm-3d-printers","12":"pa_fits-printer-creality-ender-3-v3-se","14":"first","15":"instock","16":"sale","17":"taxable","18":"shipping-taxable","19":"purchasable","20":"product-type-simple"},"acf":[],"_links":{"self":[{"href":"https:\/\/azurefilm.com\/hr\/wp-json\/wp\/v2\/product\/65255","targetHints":{"allow":["GET"]}}],"collection":[{"href":"https:\/\/azurefilm.com\/hr\/wp-json\/wp\/v2\/product"}],"about":[{"href":"https:\/\/azurefilm.com\/hr\/wp-json\/wp\/v2\/types\/product"}],"replies":[{"embeddable":true,"href":"https:\/\/azurefilm.com\/hr\/wp-json\/wp\/v2\/comments?post=65255"}],"wp:featuredmedia":[{"embeddable":true,"href":"https:\/\/azurefilm.com\/hr\/wp-json\/wp\/v2\/media\/65184"}],"wp:attachment":[{"href":"https:\/\/azurefilm.com\/hr\/wp-json\/wp\/v2\/media?parent=65255"}],"wp:term":[{"taxonomy":"product_brand","embeddable":true,"href":"https:\/\/azurefilm.com\/hr\/wp-json\/wp\/v2\/product_brand?post=65255"},{"taxonomy":"product_cat","embeddable":true,"href":"https:\/\/azurefilm.com\/hr\/wp-json\/wp\/v2\/product_cat?post=65255"},{"taxonomy":"product_tag","embeddable":true,"href":"https:\/\/azurefilm.com\/hr\/wp-json\/wp\/v2\/product_tag?post=65255"},{"taxonomy":"brand","embeddable":true,"href":"https:\/\/azurefilm.com\/hr\/wp-json\/wp\/v2\/brand?post=65255"}],"curies":[{"name":"wp","href":"https:\/\/api.w.org\/{rel}","templated":true}]}}