
{"id":65285,"date":"2024-12-02T06:59:58","date_gmt":"2024-12-02T06:59:58","guid":{"rendered":"https:\/\/azurefilm.com\/?post_type=product&#038;p=65285"},"modified":"2026-03-02T22:53:25","modified_gmt":"2026-03-02T22:53:25","slug":"creality-smooth-pei-ploca","status":"publish","type":"product","link":"https:\/\/azurefilm.com\/hr\/proizvod\/creality-smooth-pei-ploca\/","title":{"rendered":"Creality Smooth PEI plo\u010da"},"content":{"rendered":"<p><span style=\"font-weight: 400;\">Creality <\/span><b>Smooth PEI plo\u010da <\/b><span style=\"font-weight: 400;\">je stru\u010dno izra\u0111ena za preciznost, izdr\u017eljivost i kompatibilnost sa sljede\u0107im modelima Creality 3D pisa\u010da:<\/span><\/p>\n<ul>\n<li style=\"font-weight: 400;\" aria-level=\"1\"><span style=\"font-weight: 400;\">Ender-3 S1<\/span><\/li>\n<li style=\"font-weight: 400;\" aria-level=\"1\"><span style=\"font-weight: 400;\">Ender-3 S1 Pro<\/span><\/li>\n<li style=\"font-weight: 400;\" aria-level=\"1\"><span style=\"font-weight: 400;\">Ender-5 S1<\/span><\/li>\n<li style=\"font-weight: 400;\" aria-level=\"1\"><span style=\"font-weight: 400;\">K1<\/span><\/li>\n<li style=\"font-weight: 400;\" aria-level=\"1\"><span style=\"font-weight: 400;\">Ender-3 V3 SE<\/span><\/li>\n<li style=\"font-weight: 400;\" aria-level=\"1\"><span style=\"font-weight: 400;\">Ender-3 V3 KE<\/span><\/li>\n<li style=\"font-weight: 400;\" aria-level=\"1\"><span style=\"font-weight: 400;\">CR-10 SE<\/span><\/li>\n<\/ul>\n<h2><strong>Zna\u010dajke proizvoda:<\/strong><\/h2>\n<ul>\n<li style=\"font-weight: 400;\" aria-level=\"1\"><b>Glatka PEI povr\u0161ina<\/b><span style=\"font-weight: 400;\">: Dizajnirana za isporuku ravnih i besprijekornih povr\u0161ina modela, osiguravaju\u0107i rezultate profesionalne kvalitete.<\/span><\/li>\n<li style=\"font-weight: 400;\" aria-level=\"1\"><b>Izdr\u017eljiv PEI materijal<\/b><span style=\"font-weight: 400;\">: Nudi iznimnu otpornost na habanje, stabilnost na visokim temperaturama i pouzdane dugotrajne performanse.<\/span><\/li>\n<li style=\"font-weight: 400;\" aria-level=\"1\"><b>Plo\u010da od opru\u017enog \u010delika visoke \u010dvrsto\u0107e<\/b><span style=\"font-weight: 400;\">: otporna na deformacije, pru\u017ea dosljednu izvedbu tijekom opse\u017ene uporabe.<\/span><\/li>\n<li style=\"font-weight: 400;\" aria-level=\"1\"><b>Jednostavno uklanjanje modela<\/b><span style=\"font-weight: 400;\">: Fleksibilan dizajn omogu\u0107uje odvajanje ispisanih modela bez napora, smanjuju\u0107i \u0161tetu na va\u0161im kreacijama.<\/span><\/li>\n<li style=\"font-weight: 400;\" aria-level=\"1\"><b>Sna\u017ena magnetska baza<\/b><span style=\"font-weight: 400;\">: osigurava da plo\u010da ostaje na sigurnom mjestu tijekom ispisa, smanjuju\u0107i rizik od dislokacije.<\/span><\/li>\n<li style=\"font-weight: 400;\" aria-level=\"1\"><b>Pa\u017eljiv dizajn<\/b><span style=\"font-weight: 400;\">: svaki detalj je dora\u0111en kako bi pru\u017eio vrhunsko korisni\u010dko iskustvo, od instalacije do kona\u010dnog uklanjanja ispisa.<\/span><\/li>\n<\/ul>\n","protected":false},"excerpt":{"rendered":"<p><span style=\"font-weight: 400;\">Nadogradite svoj 3D printer s Creality Smooth PEI plo\u010do &#8211; profesionalnim rje\u0161enjem za postizanje preciznih visokokvalitetnih ispisa s lako\u0107om.<\/span><\/p>\n","protected":false},"featured_media":65262,"comment_status":"closed","ping_status":"closed","template":"","meta":{"_acf_changed":false},"product_brand":[],"product_cat":[482,481,808,491,483],"product_tag":[],"brand":[],"class_list":{"0":"post-65285","1":"product","2":"type-product","3":"status-publish","4":"has-post-thumbnail","6":"product_cat-rezervni-dijelovi","7":"product_cat-akcija","8":"product_cat-izradne-povrsine-hr","9":"product_cat-pei-ploce","10":"product_cat-svi-rezervni-dijelovi","11":"pa_compatible-with-creality-fdm-3d-printers","12":"pa_fits-printer-creality-ender-3-v3-se","13":"pa_fits-printer-creality-k1","15":"first","16":"outofstock","17":"sale","18":"taxable","19":"shipping-taxable","20":"purchasable","21":"product-type-simple"},"acf":[],"_links":{"self":[{"href":"https:\/\/azurefilm.com\/hr\/wp-json\/wp\/v2\/product\/65285","targetHints":{"allow":["GET"]}}],"collection":[{"href":"https:\/\/azurefilm.com\/hr\/wp-json\/wp\/v2\/product"}],"about":[{"href":"https:\/\/azurefilm.com\/hr\/wp-json\/wp\/v2\/types\/product"}],"replies":[{"embeddable":true,"href":"https:\/\/azurefilm.com\/hr\/wp-json\/wp\/v2\/comments?post=65285"}],"wp:featuredmedia":[{"embeddable":true,"href":"https:\/\/azurefilm.com\/hr\/wp-json\/wp\/v2\/media\/65262"}],"wp:attachment":[{"href":"https:\/\/azurefilm.com\/hr\/wp-json\/wp\/v2\/media?parent=65285"}],"wp:term":[{"taxonomy":"product_brand","embeddable":true,"href":"https:\/\/azurefilm.com\/hr\/wp-json\/wp\/v2\/product_brand?post=65285"},{"taxonomy":"product_cat","embeddable":true,"href":"https:\/\/azurefilm.com\/hr\/wp-json\/wp\/v2\/product_cat?post=65285"},{"taxonomy":"product_tag","embeddable":true,"href":"https:\/\/azurefilm.com\/hr\/wp-json\/wp\/v2\/product_tag?post=65285"},{"taxonomy":"brand","embeddable":true,"href":"https:\/\/azurefilm.com\/hr\/wp-json\/wp\/v2\/brand?post=65285"}],"curies":[{"name":"wp","href":"https:\/\/api.w.org\/{rel}","templated":true}]}}