
{"id":65335,"date":"2024-12-02T07:00:21","date_gmt":"2024-12-02T07:00:21","guid":{"rendered":"https:\/\/azurefilm.com\/?post_type=product&#038;p=65335"},"modified":"2026-02-20T21:06:34","modified_gmt":"2026-02-20T21:06:34","slug":"komplet-za-ekstruder-creality","status":"publish","type":"product","link":"https:\/\/azurefilm.com\/hr\/proizvod\/komplet-za-ekstruder-creality\/","title":{"rendered":"Komplet za ekstruder Creality"},"content":{"rendered":"<p><span style=\"font-weight: 400;\">Komplet za ekstruder Creality<\/span> <span style=\"font-weight: 400;\">je visokokvalitetna zamjena dizajnirana za odr\u017eavanje vrhunskih performansi u Creality 3D pisa\u010dima. Projektiran za preciznost i pouzdanost, ovaj ekstruder osigurava glatko uvla\u010denje niti i dosljednu ekstruziju za vrhunske rezultate ispisa. Kompatibilan s nizom modela Creality, jednostavan je za instalaciju i napravljen da zadovolji zahtjeve naprednog 3D ispisa.<\/span><\/p>\n<p><b>Kompatibilan sa: <\/b><span style=\"font-weight: 400;\">Sermoon V2, CR-200B Pro, Ender-3 S1, Sermoon V1, Sermoon V1 Pro, Sermoon D3, Ender-5 S1, Ender-3 V3 SE, Ender-3 V3 KE<\/span><\/p>\n","protected":false},"excerpt":{"rendered":"<p><span style=\"font-weight: 400;\">Kupite komplet za ekstruder Creality &#8211; visokokvalitetnu zamjenu dizajniranu za odr\u017eavanje vrhunskih performansi u Creality 3D pisa\u010dima.<\/span><\/p>\n","protected":false},"featured_media":65311,"comment_status":"closed","ping_status":"closed","template":"","meta":{"_acf_changed":false},"product_brand":[],"product_cat":[482,481,496,495,483],"product_tag":[],"brand":[],"class_list":{"0":"post-65335","1":"product","2":"type-product","3":"status-publish","4":"has-post-thumbnail","6":"product_cat-rezervni-dijelovi","7":"product_cat-akcija","8":"product_cat-ekstruder-hr","9":"product_cat-ekstruderi","10":"product_cat-svi-rezervni-dijelovi","11":"pa_compatible-with-creality-fdm-3d-printers","12":"pa_fits-printer-creality-ender-3-v3-se","14":"first","15":"instock","16":"sale","17":"taxable","18":"shipping-taxable","19":"purchasable","20":"product-type-simple"},"acf":[],"_links":{"self":[{"href":"https:\/\/azurefilm.com\/hr\/wp-json\/wp\/v2\/product\/65335","targetHints":{"allow":["GET"]}}],"collection":[{"href":"https:\/\/azurefilm.com\/hr\/wp-json\/wp\/v2\/product"}],"about":[{"href":"https:\/\/azurefilm.com\/hr\/wp-json\/wp\/v2\/types\/product"}],"replies":[{"embeddable":true,"href":"https:\/\/azurefilm.com\/hr\/wp-json\/wp\/v2\/comments?post=65335"}],"wp:featuredmedia":[{"embeddable":true,"href":"https:\/\/azurefilm.com\/hr\/wp-json\/wp\/v2\/media\/65311"}],"wp:attachment":[{"href":"https:\/\/azurefilm.com\/hr\/wp-json\/wp\/v2\/media?parent=65335"}],"wp:term":[{"taxonomy":"product_brand","embeddable":true,"href":"https:\/\/azurefilm.com\/hr\/wp-json\/wp\/v2\/product_brand?post=65335"},{"taxonomy":"product_cat","embeddable":true,"href":"https:\/\/azurefilm.com\/hr\/wp-json\/wp\/v2\/product_cat?post=65335"},{"taxonomy":"product_tag","embeddable":true,"href":"https:\/\/azurefilm.com\/hr\/wp-json\/wp\/v2\/product_tag?post=65335"},{"taxonomy":"brand","embeddable":true,"href":"https:\/\/azurefilm.com\/hr\/wp-json\/wp\/v2\/brand?post=65335"}],"curies":[{"name":"wp","href":"https:\/\/api.w.org\/{rel}","templated":true}]}}