
{"id":65373,"date":"2024-12-02T07:00:43","date_gmt":"2024-12-02T07:00:43","guid":{"rendered":"https:\/\/azurefilm.com\/?post_type=product&#038;p=65373"},"modified":"2026-03-02T09:40:02","modified_gmt":"2026-03-02T09:40:02","slug":"komplet-mehanizma-za-istiskavanje-creality","status":"publish","type":"product","link":"https:\/\/azurefilm.com\/hr\/proizvod\/komplet-mehanizma-za-istiskavanje-creality\/","title":{"rendered":"Creality komplet mehanizma za ekstruziju serije K1, K1 MAX, K1C"},"content":{"rendered":"<p><span style=\"font-weight: 400;\"><b>Creality komplet mehanizma za ekstruziju<\/b><\/span><span style=\"font-weight: 400;\"> dizajniran je za glatko i dosljedno dovo\u0111enje filamenta za tvoj 3D printer. Ovaj visokokvalitetni komplet uklju\u010duje sve bitne komponente potrebne za odr\u017eavanje optimalnih performansi ekstruzije, osiguravaju\u0107i precizan protok materijala i pobolj\u0161anu kvalitetu ispisa. Jednostavan za instalaciju i napravljen da traje.<\/span><\/p>\n","protected":false},"excerpt":{"rendered":"<p><span style=\"font-weight: 400;\">Kupi Creality komplet mehanizma za ekstruziju \u2013 optimalne performanse ekstruzije, osiguravaju\u0107i precizan protok materijala. <\/span><\/p>\n","protected":false},"featured_media":65344,"comment_status":"closed","ping_status":"closed","template":"","meta":{"_acf_changed":false},"product_brand":[],"product_cat":[482,496,495,483],"product_tag":[],"brand":[],"class_list":{"0":"post-65373","1":"product","2":"type-product","3":"status-publish","4":"has-post-thumbnail","6":"product_cat-rezervni-dijelovi","7":"product_cat-ekstruder-hr","8":"product_cat-ekstruderi","9":"product_cat-svi-rezervni-dijelovi","10":"pa_compatible-with-creality-fdm-3d-printers","11":"pa_fits-printer-creality-k1","12":"pa_fits-printer-creality-k1-max","13":"pa_fits-printer-creality-k1c","15":"first","16":"instock","17":"taxable","18":"shipping-taxable","19":"purchasable","20":"product-type-simple"},"acf":[],"_links":{"self":[{"href":"https:\/\/azurefilm.com\/hr\/wp-json\/wp\/v2\/product\/65373","targetHints":{"allow":["GET"]}}],"collection":[{"href":"https:\/\/azurefilm.com\/hr\/wp-json\/wp\/v2\/product"}],"about":[{"href":"https:\/\/azurefilm.com\/hr\/wp-json\/wp\/v2\/types\/product"}],"replies":[{"embeddable":true,"href":"https:\/\/azurefilm.com\/hr\/wp-json\/wp\/v2\/comments?post=65373"}],"wp:featuredmedia":[{"embeddable":true,"href":"https:\/\/azurefilm.com\/hr\/wp-json\/wp\/v2\/media\/65344"}],"wp:attachment":[{"href":"https:\/\/azurefilm.com\/hr\/wp-json\/wp\/v2\/media?parent=65373"}],"wp:term":[{"taxonomy":"product_brand","embeddable":true,"href":"https:\/\/azurefilm.com\/hr\/wp-json\/wp\/v2\/product_brand?post=65373"},{"taxonomy":"product_cat","embeddable":true,"href":"https:\/\/azurefilm.com\/hr\/wp-json\/wp\/v2\/product_cat?post=65373"},{"taxonomy":"product_tag","embeddable":true,"href":"https:\/\/azurefilm.com\/hr\/wp-json\/wp\/v2\/product_tag?post=65373"},{"taxonomy":"brand","embeddable":true,"href":"https:\/\/azurefilm.com\/hr\/wp-json\/wp\/v2\/brand?post=65373"}],"curies":[{"name":"wp","href":"https:\/\/api.w.org\/{rel}","templated":true}]}}