
{"id":65425,"date":"2024-12-02T07:01:52","date_gmt":"2024-12-02T07:01:52","guid":{"rendered":"https:\/\/azurefilm.com\/?post_type=product&#038;p=65425"},"modified":"2024-12-02T07:01:52","modified_gmt":"2024-12-02T07:01:52","slug":"anycubic-ekstruder-za-kobru-3","status":"publish","type":"product","link":"https:\/\/azurefilm.com\/hr\/proizvod\/anycubic-ekstruder-za-kobru-3\/","title":{"rendered":"Anycubic ekstruder za Kobru 3"},"content":{"rendered":"<p><span style=\"font-weight: 400;\">Anycubic ekstruder za Kobru 3 osigurava precizno i dosljedno uvla\u010denje filamenta za visokokvalitetne ispise. Napravljen za izdr\u017eljivost i jednostavnu instalaciju, to je pouzdana komponenta za odr\u017eavanje optimalnih performansi pisa\u010da.<\/span><\/p>\n","protected":false},"excerpt":{"rendered":"<p><span style=\"font-weight: 400;\">Kupite Anycubic ekstruder za Kobru 3 &#8211; precizno i dosljedno ulaganje filamenta za visokokvalitetne ispise.<\/span><\/p>\n","protected":false},"featured_media":65408,"comment_status":"closed","ping_status":"closed","template":"","meta":{"_acf_changed":false},"product_brand":[],"product_cat":[482,481,496,495,483],"product_tag":[],"brand":[],"class_list":{"0":"post-65425","1":"product","2":"type-product","3":"status-publish","4":"has-post-thumbnail","6":"product_cat-rezervni-dijelovi","7":"product_cat-akcija","8":"product_cat-ekstruder-hr","9":"product_cat-ekstruderi","10":"product_cat-svi-rezervni-dijelovi","11":"pa_compatible-with-anycubic-fdm-printers","12":"pa_fits-printer-kobra-3","14":"first","15":"outofstock","16":"sale","17":"taxable","18":"shipping-taxable","19":"purchasable","20":"product-type-simple"},"acf":[],"_links":{"self":[{"href":"https:\/\/azurefilm.com\/hr\/wp-json\/wp\/v2\/product\/65425","targetHints":{"allow":["GET"]}}],"collection":[{"href":"https:\/\/azurefilm.com\/hr\/wp-json\/wp\/v2\/product"}],"about":[{"href":"https:\/\/azurefilm.com\/hr\/wp-json\/wp\/v2\/types\/product"}],"replies":[{"embeddable":true,"href":"https:\/\/azurefilm.com\/hr\/wp-json\/wp\/v2\/comments?post=65425"}],"wp:featuredmedia":[{"embeddable":true,"href":"https:\/\/azurefilm.com\/hr\/wp-json\/wp\/v2\/media\/65408"}],"wp:attachment":[{"href":"https:\/\/azurefilm.com\/hr\/wp-json\/wp\/v2\/media?parent=65425"}],"wp:term":[{"taxonomy":"product_brand","embeddable":true,"href":"https:\/\/azurefilm.com\/hr\/wp-json\/wp\/v2\/product_brand?post=65425"},{"taxonomy":"product_cat","embeddable":true,"href":"https:\/\/azurefilm.com\/hr\/wp-json\/wp\/v2\/product_cat?post=65425"},{"taxonomy":"product_tag","embeddable":true,"href":"https:\/\/azurefilm.com\/hr\/wp-json\/wp\/v2\/product_tag?post=65425"},{"taxonomy":"brand","embeddable":true,"href":"https:\/\/azurefilm.com\/hr\/wp-json\/wp\/v2\/brand?post=65425"}],"curies":[{"name":"wp","href":"https:\/\/api.w.org\/{rel}","templated":true}]}}