
{"id":65437,"date":"2024-12-02T07:02:13","date_gmt":"2024-12-02T07:02:13","guid":{"rendered":"https:\/\/azurefilm.com\/?post_type=product&#038;p=65437"},"modified":"2024-12-02T07:02:13","modified_gmt":"2024-12-02T07:02:13","slug":"anycubic-hotend-ventilator-za-kobru-3","status":"publish","type":"product","link":"https:\/\/azurefilm.com\/hr\/proizvod\/anycubic-hotend-ventilator-za-kobru-3\/","title":{"rendered":"Anycubic Hotend ventilator za Kobru 3"},"content":{"rendered":"<p><span style=\"font-weight: 400;\">Anycubic Hotend ventilator<\/span> <span style=\"font-weight: 400;\">dizajniran je za u\u010dinkovito hla\u0111enje za <\/span><b>Kobru 3 <\/b><span style=\"font-weight: 400;\">, osiguravaju\u0107i stabilne performanse hotenda i glatku ekstruziju niti. Izdr\u017eljiv i jednostavan za postavljanje, neophodan je za odr\u017eavanje pouzdane kvalitete ispisa.<\/span><\/p>\n","protected":false},"excerpt":{"rendered":"<p><span style=\"font-weight: 400;\">Kupite Anycubic Hotend ventilator za Kobru 3 &#8211; u\u010dinkovito hla\u0111enje za stabilne hotend performanse i glatku ekstruziju filamenta.<\/span><\/p>\n","protected":false},"featured_media":65432,"comment_status":"closed","ping_status":"closed","template":"","meta":{"_acf_changed":false},"product_brand":[],"product_cat":[482,483,499],"product_tag":[],"brand":[],"class_list":{"0":"post-65437","1":"product","2":"type-product","3":"status-publish","4":"has-post-thumbnail","6":"product_cat-rezervni-dijelovi","7":"product_cat-svi-rezervni-dijelovi","8":"product_cat-ventilatori","9":"pa_compatible-with-anycubic-fdm-printers","10":"pa_fits-printer-kobra-3","12":"first","13":"instock","14":"taxable","15":"shipping-taxable","16":"purchasable","17":"product-type-simple"},"acf":[],"_links":{"self":[{"href":"https:\/\/azurefilm.com\/hr\/wp-json\/wp\/v2\/product\/65437","targetHints":{"allow":["GET"]}}],"collection":[{"href":"https:\/\/azurefilm.com\/hr\/wp-json\/wp\/v2\/product"}],"about":[{"href":"https:\/\/azurefilm.com\/hr\/wp-json\/wp\/v2\/types\/product"}],"replies":[{"embeddable":true,"href":"https:\/\/azurefilm.com\/hr\/wp-json\/wp\/v2\/comments?post=65437"}],"wp:featuredmedia":[{"embeddable":true,"href":"https:\/\/azurefilm.com\/hr\/wp-json\/wp\/v2\/media\/65432"}],"wp:attachment":[{"href":"https:\/\/azurefilm.com\/hr\/wp-json\/wp\/v2\/media?parent=65437"}],"wp:term":[{"taxonomy":"product_brand","embeddable":true,"href":"https:\/\/azurefilm.com\/hr\/wp-json\/wp\/v2\/product_brand?post=65437"},{"taxonomy":"product_cat","embeddable":true,"href":"https:\/\/azurefilm.com\/hr\/wp-json\/wp\/v2\/product_cat?post=65437"},{"taxonomy":"product_tag","embeddable":true,"href":"https:\/\/azurefilm.com\/hr\/wp-json\/wp\/v2\/product_tag?post=65437"},{"taxonomy":"brand","embeddable":true,"href":"https:\/\/azurefilm.com\/hr\/wp-json\/wp\/v2\/brand?post=65437"}],"curies":[{"name":"wp","href":"https:\/\/api.w.org\/{rel}","templated":true}]}}