
{"id":65451,"date":"2024-12-02T07:02:35","date_gmt":"2024-12-02T07:02:35","guid":{"rendered":"https:\/\/azurefilm.com\/?post_type=product&#038;p=65451"},"modified":"2024-12-02T07:02:35","modified_gmt":"2024-12-02T07:02:35","slug":"anycubic-filament-senzor-za-kobru-3","status":"publish","type":"product","link":"https:\/\/azurefilm.com\/hr\/proizvod\/anycubic-filament-senzor-za-kobru-3\/","title":{"rendered":"Anycubic filament senzor za Kobru 3"},"content":{"rendered":"<p><span style=\"font-weight: 400;\">Anycubic <\/span><b>filament senzor <\/b><span style=\"font-weight: 400;\">za <\/span><b>Kobru 3 <\/b><span style=\"font-weight: 400;\">detektira curenje ili lomljenje niti, pauziraju\u0107i ispis kako bi sprije\u010dio pogre\u0161ke. Jednostavan za instalaciju i vrlo pouzdan, osigurava neprekinut i u\u010dinkovit 3D ispis.<\/span><\/p>\n","protected":false},"excerpt":{"rendered":"<p><span style=\"font-weight: 400;\">Kupite Anycubic senzor filamenta za Kobru 3 &#8211; detektira curenje ili lomljenje filamenta, pauziraju\u0107i ispis radi sprje\u010davanja gre\u0161aka.<\/span><\/p>\n","protected":false},"featured_media":65446,"comment_status":"closed","ping_status":"closed","template":"","meta":{"_acf_changed":false},"product_brand":[],"product_cat":[482,809,483],"product_tag":[],"brand":[],"class_list":{"0":"post-65451","1":"product","2":"type-product","3":"status-publish","4":"has-post-thumbnail","6":"product_cat-rezervni-dijelovi","7":"product_cat-elektronika-hr","8":"product_cat-svi-rezervni-dijelovi","9":"pa_compatible-with-anycubic-fdm-printers","10":"pa_fits-printer-kobra-3","12":"first","13":"instock","14":"taxable","15":"shipping-taxable","16":"purchasable","17":"product-type-simple"},"acf":[],"_links":{"self":[{"href":"https:\/\/azurefilm.com\/hr\/wp-json\/wp\/v2\/product\/65451","targetHints":{"allow":["GET"]}}],"collection":[{"href":"https:\/\/azurefilm.com\/hr\/wp-json\/wp\/v2\/product"}],"about":[{"href":"https:\/\/azurefilm.com\/hr\/wp-json\/wp\/v2\/types\/product"}],"replies":[{"embeddable":true,"href":"https:\/\/azurefilm.com\/hr\/wp-json\/wp\/v2\/comments?post=65451"}],"wp:featuredmedia":[{"embeddable":true,"href":"https:\/\/azurefilm.com\/hr\/wp-json\/wp\/v2\/media\/65446"}],"wp:attachment":[{"href":"https:\/\/azurefilm.com\/hr\/wp-json\/wp\/v2\/media?parent=65451"}],"wp:term":[{"taxonomy":"product_brand","embeddable":true,"href":"https:\/\/azurefilm.com\/hr\/wp-json\/wp\/v2\/product_brand?post=65451"},{"taxonomy":"product_cat","embeddable":true,"href":"https:\/\/azurefilm.com\/hr\/wp-json\/wp\/v2\/product_cat?post=65451"},{"taxonomy":"product_tag","embeddable":true,"href":"https:\/\/azurefilm.com\/hr\/wp-json\/wp\/v2\/product_tag?post=65451"},{"taxonomy":"brand","embeddable":true,"href":"https:\/\/azurefilm.com\/hr\/wp-json\/wp\/v2\/brand?post=65451"}],"curies":[{"name":"wp","href":"https:\/\/api.w.org\/{rel}","templated":true}]}}