
{"id":65789,"date":"2024-12-03T09:45:18","date_gmt":"2024-12-03T09:45:18","guid":{"rendered":"https:\/\/azurefilm.com\/?post_type=product&#038;p=65789"},"modified":"2024-12-03T09:45:18","modified_gmt":"2024-12-03T09:45:18","slug":"prusa-xl","status":"publish","type":"product","link":"https:\/\/azurefilm.com\/hr\/proizvod\/prusa-xl\/","title":{"rendered":"Prusa XL"},"content":{"rendered":"<p><span style=\"font-weight: 400;\">Originalni Prusa XL je promjena u svijetu 3D printanja. Sa svojim naprednim izmjenjiva\u010dem alata s pet glava, XL isporu\u010duje vrhunske ispise na vi\u0161e materijala br\u017ee i u\u010dinkovitije od bilo kojeg drugog pisa\u010da. Od svoje preciznosti i velikog volumena ispisa do mogu\u0107nosti ispisa bez otpada, XL postavlja novi standard za stolne 3D pisa\u010de visokih performansi.<\/span><\/p>\n<h2><strong>Izmjenjiva\u010d alata s pet glava za maksimalnu fleksibilnost<\/strong><\/h2>\n<p><span style=\"font-weight: 400;\">Kamen temeljac Original Prusa XL je njegov izmjenjiva\u010d alata s pet glava. Ova zna\u010dajka omogu\u0107uje vam da dr\u017eite do pet materijala u\u010ditanih odjednom, prebacuju\u0107i se izme\u0111u njih trenutno tijekom ispisa. Ovaj brzi i pouzdani sustav izmjene alata osigurava da mo\u017eete s lako\u0107om dovr\u0161iti slo\u017eene ispise od vi\u0161e materijala, a sve to uz smanjenje vremena ispisa.<\/span><\/p>\n<h2><strong>Ispis bez otpada<\/strong><\/h2>\n<p><span style=\"font-weight: 400;\">Uz Prusa XL, mo\u017eete re\u0107i zbogom otpadu od filamenta. Za razliku od pisa\u010da s jednim ekstruderom, koji tro\u0161e materijal prilikom svake promjene boje ili materijala, XL gotovo u potpunosti uklanja otpad. Zahvaljuju\u0107i njegovom jedinstvenom dizajnu, uklju\u010duju\u0107i si\u0107u\u0161ni toranj za punjenje za stabilizaciju pritiska mlaznice i opcije brisanja do punjenja, u\u017eivat \u0107ete u u\u010dinkovitom ispisu od vi\u0161e materijala s minimalnim ili nikakvim otpadom.<\/span><\/p>\n<h2><strong>Neusporediva brzina i preciznost ispisa<\/strong><\/h2>\n<p><span style=\"font-weight: 400;\">XL je najbr\u017ei stolni pisa\u010d za vi\u0161e materijala na tr\u017ei\u0161tu. Uklju\u010duje vrhunske tehnologije kao \u0161to su Input Shaper i Pressure Advance, omogu\u0107uju\u0107i superbrzi ispis bez kompromisa u kvaliteti. Bilo da ispisujete fleksibilnim filamentima ili naprednim materijalima, XL odr\u017eava iznimnu preciznost i kvalitetu na cijelom postolju za ispis.<\/span><\/p>\n<h2><strong>Ogroman volumen izrade za velike projekte<\/strong><\/h2>\n<p><span style=\"font-weight: 400;\">S povr\u0161inom ugradnje od 360\u00d7360\u00d7360 mm, Original Prusa XL idealan je za ve\u0107e projekte. Njegov veliki volumen ispisa omogu\u0107uje vam da se uhvatite u ko\u0161tac s velikim ispisima i dizajnom od vi\u0161e materijala, a da pritom zadr\u017eite visoku razinu detalja i to\u010dnosti.<\/span><\/p>\n<h2><strong>Napredna kvaliteta ispisa i pouzdanost<\/strong><\/h2>\n<p><span style=\"font-weight: 400;\">XL se isti\u010de pru\u017eanjem savr\u0161enih rezultata ispisa, \u010dak i za najslo\u017eenije dizajne. Sadr\u017ei Nextruder za fleksibilni ispis niti i iznimne performanse na strmim prepustima, XL je projektiran za pouzdanost i preciznost. Bilo da ispisujete dijelove koji se moraju savr\u0161eno uklopiti ili slo\u017eene geometrije, XL isporu\u010duje svaki put.<\/span><\/p>\n<h2><strong>Modularni, segmentirani grija\u010d za dosljedne rezultate<\/strong><\/h2>\n<p><span style=\"font-weight: 400;\">XL je opremljen modularnim, segmentiranim grija\u0107im krevetom koji sprje\u010dava deformacije uobi\u010dajene kod pojedina\u010dnih velikih grija\u0107ih kreveta. Svaka od 16 kontroliranih plo\u010dica osigurava ravnomjerno zagrijavanje po cijeloj povr\u0161ini za ispis, daju\u0107i vam optimalno prianjanje i kvalitetu ispisa svaki put.<\/span><\/p>\n<h2><strong>Fleksibilna kompatibilnost materijala<\/strong><\/h2>\n<p><span style=\"font-weight: 400;\">Bilo da trebate ispisivati s PLA, PETG, ASA ili \u010dak fleksibilnim filamentima kao \u0161to je TPU, Original Prusa XL mo\u017ee podnijeti sve. Sa svojim Nextruderom s izravnim pogonom, XL osigurava gladak i precizan ispis \u010dak i najzahtjevnijih materijala. Za materijale kojima je potreban zatvoreni prostor, opcijski originalni Prusa Enclosure pru\u017ea savr\u0161eno rje\u0161enje.<\/span><\/p>\n<h2><strong>Brzi mre\u017eni ispis uz Prusa connect<\/strong><\/h2>\n<p><span style=\"font-weight: 400;\">Uz Prusa Connect, XL nudi jednostavno be\u017ei\u010dno upravljanje i nadzor. Ispise mo\u017eete pokrenuti na daljinu, rasporediti poslove i pratiti napredak putem web-kamere, a sve to uz kori\u0161tenje sigurnog i \u0161ifriranog sustava. Osim toga, XL podr\u017eava mre\u017eni ispis, tako da mo\u017eete jednostavno upravljati s vi\u0161e pisa\u010da s jednog mjesta.<\/span><\/p>\n<h2><strong>Oporavak nakon gubitka struje<\/strong><\/h2>\n<p><span style=\"font-weight: 400;\">Veliki ispisi mogu potrajati satima, ali sa XL-ovom zna\u010dajkom oporavka nakon gubitka struje ne morate brinuti o nestanku struje. Pisa\u010d pohranjuje posljednju poznatu poziciju ekstrudera, tako da ako nestane struje, mo\u017ee nastaviti s ispisom to\u010dno tamo gdje je stao\u2014osiguravaju\u0107i minimalne smetnje u tijeku rada.<\/span><\/p>\n<h2><strong>Jednostavan za kori\u0161tenje uz ispis jednim klikom<\/strong><\/h2>\n<p><span style=\"font-weight: 400;\">Dizajn XL-a jednostavan za kori\u0161tenje olak\u0161ava po\u010detak rada \u010dim ga izvadite iz kutije. Uz automatsku kalibraciju, ispis jednim klikom i uvijek savr\u0161ene prve slojeve, ne\u0107ete morati gubiti vrijeme na pode\u0161avanje postavki. Osim toga, su\u010delje pisa\u010da sa zaslonom osjetljivim na dodir i intuitivni izbornici \u010dine upravljanje XL-om lakim.<\/span><\/p>\n<h2><strong>Napravljen da traje uz dugoro\u010dnu podr\u0161ku<\/strong><\/h2>\n<p><span style=\"font-weight: 400;\">Prusa 3D pisa\u010di, uklju\u010duju\u0107i XL, napravljeni su za dugotrajnu upotrebu i stalno pobolj\u0161avanje. XL je podr\u017ean uz redovita a\u017euriranja firmvera i hardvera koja dodaju nove zna\u010dajke i odr\u017eavaju pisa\u010d a\u017euriranim godinama koje dolaze.<\/span><\/p>\n","protected":false},"excerpt":{"rendered":"<p><span style=\"font-weight: 400;\">Prusa XL je najnovija verzija njihovog stolnog 3D pisa\u010da velikog formata za vi\u0161e materijala. Ima velikodu\u0161ni volumen izrade od 360x360x360 mm. Opremljen brzim izmjenjiva\u010dem alata i mogu\u0107no\u0161\u0107u kori\u0161tenja do pet glava alata, XL posti\u017ee visokokvalitetne ispise na vi\u0161e materijala br\u017ee od bilo kojeg drugog pisa\u010da, a sve to uz smanjenje otpada. Dizajnirano i izgra\u0111eno u EU.<\/span><\/p>\n","protected":false},"featured_media":65783,"comment_status":"closed","ping_status":"closed","template":"","meta":{"_acf_changed":false},"product_brand":[],"product_cat":[453,457,2640,456],"product_tag":[],"brand":[],"class_list":{"0":"post-65789","1":"product","2":"type-product","3":"status-publish","4":"has-post-thumbnail","6":"product_cat-3d-printer","7":"product_cat-fdm-printer","8":"product_cat-prusa-hr","9":"product_cat-svi-3d-pisaci","11":"first","12":"instock","13":"taxable","14":"shipping-taxable","15":"product-type-simple"},"acf":[],"_links":{"self":[{"href":"https:\/\/azurefilm.com\/hr\/wp-json\/wp\/v2\/product\/65789","targetHints":{"allow":["GET"]}}],"collection":[{"href":"https:\/\/azurefilm.com\/hr\/wp-json\/wp\/v2\/product"}],"about":[{"href":"https:\/\/azurefilm.com\/hr\/wp-json\/wp\/v2\/types\/product"}],"replies":[{"embeddable":true,"href":"https:\/\/azurefilm.com\/hr\/wp-json\/wp\/v2\/comments?post=65789"}],"wp:featuredmedia":[{"embeddable":true,"href":"https:\/\/azurefilm.com\/hr\/wp-json\/wp\/v2\/media\/65783"}],"wp:attachment":[{"href":"https:\/\/azurefilm.com\/hr\/wp-json\/wp\/v2\/media?parent=65789"}],"wp:term":[{"taxonomy":"product_brand","embeddable":true,"href":"https:\/\/azurefilm.com\/hr\/wp-json\/wp\/v2\/product_brand?post=65789"},{"taxonomy":"product_cat","embeddable":true,"href":"https:\/\/azurefilm.com\/hr\/wp-json\/wp\/v2\/product_cat?post=65789"},{"taxonomy":"product_tag","embeddable":true,"href":"https:\/\/azurefilm.com\/hr\/wp-json\/wp\/v2\/product_tag?post=65789"},{"taxonomy":"brand","embeddable":true,"href":"https:\/\/azurefilm.com\/hr\/wp-json\/wp\/v2\/brand?post=65789"}],"curies":[{"name":"wp","href":"https:\/\/api.w.org\/{rel}","templated":true}]}}