
{"id":65918,"date":"2024-12-03T09:44:47","date_gmt":"2024-12-03T09:44:47","guid":{"rendered":"https:\/\/azurefilm.com\/?post_type=product&#038;p=65918"},"modified":"2024-12-03T09:44:47","modified_gmt":"2024-12-03T09:44:47","slug":"prusa-mini","status":"publish","type":"product","link":"https:\/\/azurefilm.com\/hr\/proizvod\/prusa-mini\/","title":{"rendered":"Prusa MINI+"},"content":{"rendered":"<p><span style=\"font-weight: 400;\">Originalni Prusa MINI+ sna\u017ean je 3D printer koji kombinira brzinu, pouzdanost i jednostavnost kori\u0161tenja u kompaktnom dizajnu. Opremljen je svim zna\u010dajkama koje o\u010dekujete od originalnog Prusa 3D pisa\u010da, \u0161to ga \u010dini savr\u0161enim izborom za korisnike svih razina.<\/span><\/p>\n<h2><strong>Zapremina gra\u0111e: 18x18x18cm<\/strong><\/h2>\n<p><span style=\"font-weight: 400;\">MINI+ nudi veliko podru\u010dje ispisa, pru\u017eaju\u0107i volumen od 18\u00d718\u00d718 cm u kompaktnom ku\u0107i\u0161tu. Ovaj mali, ali mo\u0107ni pisa\u010d opremljen je zna\u010dajkama kao \u0161to su navo\u0111enje bez senzora, automatska kalibracija mre\u017enog sloja i LCD zaslon u boji, \u0161to ga \u010dini lakim za rukovanje i odr\u017eavanje.<\/span><\/p>\n<h2><strong>Brzi ispis s oblikovateljem ulaza i napredovanjem pritiska<\/strong><\/h2>\n<p><span style=\"font-weight: 400;\">MINI+ je sada br\u017ei nego ikada, zahvaljuju\u0107i uvo\u0111enju tehnologija Input Shaper i Pressure Advance. Ove nadogradnje omogu\u0107uju pisa\u010du brzi ispis bez ugro\u017eavanja kvalitete ispisa. Uz tvorni\u010dki testirane profile u PrusaSliceru, lako mo\u017eete prona\u0107i najbolje postavke za svoj projekt.<\/span><\/p>\n<h2><strong>Fleksibilni listovi za ispis<\/strong><\/h2>\n<p><span style=\"font-weight: 400;\">Recite zbogom borbi s otiscima zalijepljenim za krevet! MINI+ ima magnetski grija\u010d s uklonjivim opru\u017enim \u010deli\u010dnim plo\u010dama, \u0161to olak\u0161ava uklanjanje ispisa jednostavnim savijanjem. Povr\u0161ina je dostupna u tri varijante: glatka, teksturirana i satenska, a sve su jednostavne za odr\u017eavanje.<\/span><\/p>\n<h2><strong>SuperPINDA sonda za precizno niveliranje gredice<\/strong><\/h2>\n<p><span style=\"font-weight: 400;\">SuperPINDA sonda osigurava savr\u0161ene prve slojeve svaki put izvode\u0107i potpuno automatsko izravnavanje mre\u017easte posteljice. Prije svakog ispisa ispituje podlogu na vi\u0161e lokacija, stvaraju\u0107i virtualnu kartu visine kako bi osigurao besprijekoran prvi sloj za svaki ispis.<\/span><\/p>\n<h2><strong>Mre\u017ena povezanost za daljinsko upravljanje<\/strong><\/h2>\n<p><span style=\"font-weight: 400;\">Opremljen ethernet priklju\u010dkom, MINI+ vam omogu\u0107uje jednostavnu integraciju s na\u0161im sustavom daljinskog upravljanja ispisom, Prusa Connect. Mo\u017eete daljinski upravljati svojim ispisima, postavljati nove datoteke ili \u010dak flash firmware putem web preglednika. Dodatna Wi-Fi nadogradnja \u010dini ovo jo\u0161 prakti\u010dnijim.<\/span><\/p>\n<h2><strong>Sigurnosne zna\u010dajke<\/strong><\/h2>\n<p><span style=\"font-weight: 400;\">MINI+ je dizajniran imaju\u0107i na umu sigurnost. Svaka jedinica podvrgava se rigoroznom internom testiranju, \u010dime se osigurava da svi dijelovi zadovoljavaju najvi\u0161e standarde. Opremljen s tri termistora i visokokvalitetnim napajanjem (Delta ili Mean Well, ovisno o va\u0161oj regiji), MINI+ je napravljen za siguran i pouzdan rad.<\/span><\/p>\n<h2><strong>Ispis jednim klikom<\/strong><\/h2>\n<p><span style=\"font-weight: 400;\">Ispis je jednostavan uz funkciju jednog klika. Jednostavno umetnite USB disk sa svojom izrezanom datotekom, odaberite ispis iz izbornika pregleda objekta i kliknite jednom za po\u010detak. MINI+ \u0107e se pobrinuti za ostalo.<\/span><\/p>\n<h2><strong>32-bitna ugra\u0111ena platforma za snagu i fleksibilnost<\/strong><\/h2>\n<p><span style=\"font-weight: 400;\">MINI+ pokre\u0107e na\u0161a prilago\u0111ena 32-bitna &#8220;Buddy&#8221; mati\u010dna plo\u010da, koja uklju\u010duje Trinamic 2209 upravlja\u010dke programe za precizan i glatki rad. Izvorno pokre\u0107e Input Shaper i Pressure Advance, omogu\u0107uju\u0107i br\u017ei ispis bez potrebe za dodatnim hardverom. Tako\u0111er se neprimjetno integrira s Prusa Connect za daljinsko upravljanje.<\/span><\/p>\n","protected":false},"excerpt":{"rendered":"<p><span style=\"font-weight: 400;\">Originalni Prusa MINI+ nudi velike performanse pisa\u010da u kompaktnom dizajnu, sada br\u017ei nego ikad uz dodatak Input Shaper-a i Pressure Advance. MINI+ je pouzdan, brz i spreman za lako rje\u0161avanje \u0161irokog spektra projekata. Osim toga, dolazi s listovima za ispis Smooth PEI za optimalno prianjanje.<\/span><\/p>\n","protected":false},"featured_media":65913,"comment_status":"closed","ping_status":"closed","template":"","meta":{"_acf_changed":false},"product_brand":[],"product_cat":[453,481,457,2640,456],"product_tag":[],"brand":[],"class_list":{"0":"post-65918","1":"product","2":"type-product","3":"status-publish","4":"has-post-thumbnail","6":"product_cat-3d-printer","7":"product_cat-akcija","8":"product_cat-fdm-printer","9":"product_cat-prusa-hr","10":"product_cat-svi-3d-pisaci","12":"first","13":"instock","14":"sale","15":"taxable","16":"shipping-taxable","17":"purchasable","18":"product-type-simple"},"acf":[],"_links":{"self":[{"href":"https:\/\/azurefilm.com\/hr\/wp-json\/wp\/v2\/product\/65918","targetHints":{"allow":["GET"]}}],"collection":[{"href":"https:\/\/azurefilm.com\/hr\/wp-json\/wp\/v2\/product"}],"about":[{"href":"https:\/\/azurefilm.com\/hr\/wp-json\/wp\/v2\/types\/product"}],"replies":[{"embeddable":true,"href":"https:\/\/azurefilm.com\/hr\/wp-json\/wp\/v2\/comments?post=65918"}],"wp:featuredmedia":[{"embeddable":true,"href":"https:\/\/azurefilm.com\/hr\/wp-json\/wp\/v2\/media\/65913"}],"wp:attachment":[{"href":"https:\/\/azurefilm.com\/hr\/wp-json\/wp\/v2\/media?parent=65918"}],"wp:term":[{"taxonomy":"product_brand","embeddable":true,"href":"https:\/\/azurefilm.com\/hr\/wp-json\/wp\/v2\/product_brand?post=65918"},{"taxonomy":"product_cat","embeddable":true,"href":"https:\/\/azurefilm.com\/hr\/wp-json\/wp\/v2\/product_cat?post=65918"},{"taxonomy":"product_tag","embeddable":true,"href":"https:\/\/azurefilm.com\/hr\/wp-json\/wp\/v2\/product_tag?post=65918"},{"taxonomy":"brand","embeddable":true,"href":"https:\/\/azurefilm.com\/hr\/wp-json\/wp\/v2\/brand?post=65918"}],"curies":[{"name":"wp","href":"https:\/\/api.w.org\/{rel}","templated":true}]}}