
{"id":71610,"date":"2025-02-18T07:18:34","date_gmt":"2025-02-18T07:18:34","guid":{"rendered":"https:\/\/azurefilm.com\/?post_type=product&#038;p=71610"},"modified":"2025-03-13T08:41:56","modified_gmt":"2025-03-13T08:41:56","slug":"creality-hi-combo","status":"publish","type":"product","link":"https:\/\/azurefilm.com\/hr\/proizvod\/creality-hi-combo\/","title":{"rendered":"Creality Hi Combo"},"content":{"rendered":"<p><span style=\"font-weight: 400;\">Creality Hi Combo kombinira napredni Creality Hi 3D printer i Creality CFS Multimaterial System za precizan ispis uz impresivnu brzinu. Ovaj vam paket omogu\u0107uje slobodno eksperimentiranje s raznim materijalima i bojama, a istovremeno osigurava rezultate visoke kvalitete.<\/span><\/p>\n<h2><strong>Creality Hi: Pametan i u\u010dinkovit ispis<\/strong><\/h2>\n<p><span style=\"font-weight: 400;\">Bilo da ste po\u010detnik ili profesionalac, Creality Hi \u010dini 3D ispis br\u017eim, pametnijim i lak\u0161im. S vrhunskom tehnologijom, intuitivnim kontrolama i elegantnim, stabilnim dizajnom pobolj\u0161ava va\u0161e iskustvo ispisa.<\/span><\/p>\n<h3><strong>Brza monta\u017ea<\/strong><\/h3>\n<p><span style=\"font-weight: 400;\">Creality Hi dolazi 95% unaprijed sastavljen &#8211; samo sedam vijaka i nekoliko priklju\u010daka, i spremni ste za ispis za 8 minuta! Postavljanje softvera i po\u010detna kalibracija jednako su jednostavni.<\/span><\/p>\n<h3><strong>Stabilnost i stil<\/strong><\/h3>\n<p><span style=\"font-weight: 400;\">Elegantno tijelo od metalne legure Creality Hi nudi stabilnost, dok njegov linearni sustav tra\u010dnica na X-osi i dvostruke linearne \u0161ipke na Y-osi osiguravaju glatko kretanje i precizan ispis.<\/span><\/p>\n<h3><strong>Ispis velike brzine<\/strong><\/h3>\n<p><span style=\"font-weight: 400;\">FOC-Step-Servo motori tvrtke Creality Hi omogu\u0107uju brzine ispisa do 500 mm\/s i ubrzanje od 12000 mm\/s\u00b2, osiguravaju\u0107i i brzinu i preciznost.<\/span><\/p>\n<h3><strong>Automatsko izravnavanje kreveta za savr\u0161ene prve slojeve<\/strong><\/h3>\n<p><span style=\"font-weight: 400;\">Sustav automatskog niveliranja kreveta osigurava da su va\u0161i prvi slojevi svaki put besprijekorni, zahvaljuju\u0107i preciznim pode\u0161avanjima s dvostrukim vode\u0107im vijcima na X-osi.<\/span><\/p>\n<h3><strong>Grijanje velikom brzinom za br\u017ee pokretanje<\/strong><\/h3>\n<p><span style=\"font-weight: 400;\">Grijani krevet od 1000 W posti\u017ee 60\u00b0C za samo 30 sekundi i 100\u00b0C za 90 sekundi, \u0161to omogu\u0107uje brze pripreme za ispis i br\u017ei po\u010detak ispisa.<\/span><\/p>\n<h3><strong>Obavijesti sa zvu\u010dnim upozorenjima<\/strong><\/h3>\n<p><span style=\"font-weight: 400;\">Ugra\u0111ena zvu\u010dna upozorenja obavje\u0161tavaju vas o a\u017euriranjima statusa ispisa, primjerice kada je ispis zavr\u0161en ili privremeno prekinut.<\/span><\/p>\n<h3><strong>Dodatne zna\u010dajke:<\/strong><\/h3>\n<ul>\n<li style=\"font-weight: 400;\" aria-level=\"1\"><span style=\"font-weight: 400;\">Izuzetno izdr\u017eljivi metalni zup\u010danici za dugotrajnu ekstruziju<\/span><\/li>\n<li style=\"font-weight: 400;\" aria-level=\"1\"><span style=\"font-weight: 400;\">U\u010dinkovit reza\u010d niti s magnetskim povla\u010denjem<\/span><\/li>\n<li style=\"font-weight: 400;\" aria-level=\"1\"><span style=\"font-weight: 400;\">Senzor istekanja za smanjeni otpad filamenta<\/span><\/li>\n<li style=\"font-weight: 400;\" aria-level=\"1\"><span style=\"font-weight: 400;\">Ugra\u0111ena kamera za daljinski nadzor<\/span><\/li>\n<li style=\"font-weight: 400;\" aria-level=\"1\"><span style=\"font-weight: 400;\">Tihi rad na ~48 dB<\/span><\/li>\n<li style=\"font-weight: 400;\" aria-level=\"1\"><span style=\"font-weight: 400;\">Zaslon osjetljiv na dodir od 3,2 in\u010da<\/span><\/li>\n<\/ul>\n<h2><strong>Creality CFS: Jednostavan vi\u0161ematerijalni ispis<\/strong><\/h2>\n<p><span style=\"font-weight: 400;\">Creality CFS (Color Filament System) inteligentni je vi\u0161ematerijalni sustav s \u010detiri utora za filamente, savr\u0161en za ispis u vi\u0161e boja i istovremenu upotrebu razli\u010ditih materijala.<\/span><\/p>\n<h3><strong>Automatizirano upravljanje filamentom<\/strong><\/h3>\n<p><span style=\"font-weight: 400;\">Sustav automatski u\u010ditava i ispu\u0161ta filament, eliminiraju\u0107i potrebu za ru\u010dnim izmjenama. Tako\u0111er slu\u017ei kao suha kutija za pohranjivanje niti, sa zaslonima temperature i vla\u017enosti za optimalno o\u010duvanje niti.<\/span><\/p>\n<h3><strong>RFID prepoznavanje materijala<\/strong><\/h3>\n<p><span style=\"font-weight: 400;\">Sustav CFS automatski prepoznaje vrste filamenata pomo\u0107u RFID-a, osiguravaju\u0107i besprijekorno upravljanje materijalom.<\/span><\/p>\n<h3><strong>Kompatibilnost i kapacitet<\/strong><\/h3>\n<p><span style=\"font-weight: 400;\">CFS ima \u010detiri filamentna koluta od 1 kg (promjer 197\u2013202 mm, \u0161irina 42\u201368 mm).\u00a0<\/span><\/p>\n<h3><strong>CFS specifikacije<\/strong><\/h3>\n<ul>\n<li>Proizvod: <span style=\"font-weight: 400;\">CFS<\/span><\/li>\n<li>Podr\u017eani 3D pisa\u010d: <span style=\"font-weight: 400;\">Creality Hi<\/span><\/li>\n<li>Dimenzije: <span style=\"font-weight: 400;\">379x314x276 mm<\/span><\/li>\n<li>Priklju\u010dak: <span style=\"font-weight: 400;\">Creality 485 x 2<\/span><\/li>\n<li>Neto te\u017eina: <span style=\"font-weight: 400;\">4,56 kg<\/span><\/li>\n<li>Broj utora za filament: <span style=\"font-weight: 400;\">4<\/span><\/li>\n<li>Zaslon: <span style=\"font-weight: 400;\">Segment LCD, <\/span><span style=\"font-weight: 400;\">pokazuju\u0107i temperaturu i vla\u017enost<\/span><\/li>\n<li>Broj ekstenzija: <span style=\"font-weight: 400;\">\u2264 4<\/span><\/li>\n<li>Filament pufer: <span style=\"font-weight: 400;\">IN x 4 &amp; OUT x 1<\/span><\/li>\n<li>Kompatibilnost filamentnog kalema: <span style=\"font-weight: 400;\">1 kg svitka sa filamentom; <\/span><span style=\"font-weight: 400;\">promjer: 197-202mm, debljina: 42-68mm<\/span><\/li>\n<li>Promjer filamenta: <span style=\"font-weight: 400;\">1,75\u00b10,05 mm<\/span><\/li>\n<li>Napajanje: <span style=\"font-weight: 400;\">DC 24V<\/span><\/li>\n<li>Nazivna snaga: <span style=\"font-weight: 400;\">20W<\/span><\/li>\n<li>Metoda su\u0161enja: <span style=\"font-weight: 400;\">Desikantom<\/span><\/li>\n<li>Indikator statusa: <span style=\"font-weight: 400;\">Svjetlo indikatora (bijelo\/crveno) x 4<\/span><\/li>\n<li>RFID prepoznavanje: <span style=\"font-weight: 400;\">Da<\/span><\/li>\n<li>Podr\u017eani filamenti: <span style=\"font-weight: 400;\">PLA\/PETG\/ABS\/ASA\/PET\/PLA-CF, <\/span><span style=\"font-weight: 400;\">*Nije kompatibilan s fleksibilnim TPU, vla\u017enim BVOH\/PVA ili iskrivljenim kartonskim kolutima.<\/span><\/li>\n<li>Automatski filamentni relej: <span style=\"font-weight: 400;\">Da<\/span><\/li>\n<\/ul>\n","protected":false},"excerpt":{"rendered":"<p><span style=\"font-weight: 400;\">Upoznajte Creality Hi Combo! Kombinira napredni Creality Hi 3D printer i Creality CFS Multimaterial System za precizan ispis uz impresivnu brzinu. Ovaj vam paket omogu\u0107uje slobodno eksperimentiranje s raznim materijalima i bojama, a istovremeno osigurava rezultate visoke kvalitete!<\/span><\/p>\n","protected":false},"featured_media":71699,"comment_status":"closed","ping_status":"closed","template":"","meta":{"_acf_changed":false},"product_brand":[],"product_cat":[453,481,2800,460,457,456],"product_tag":[1630],"brand":[],"class_list":{"0":"post-71610","1":"product","2":"type-product","3":"status-publish","4":"has-post-thumbnail","6":"product_cat-3d-printer","7":"product_cat-akcija","8":"product_cat-back-to-school-hr","9":"product_cat-creality-hr","10":"product_cat-fdm-printer","11":"product_cat-svi-3d-pisaci","12":"product_tag-preorder-hr","14":"first","15":"outofstock","16":"sale","17":"taxable","18":"shipping-taxable","19":"purchasable","20":"product-type-simple"},"acf":[],"_links":{"self":[{"href":"https:\/\/azurefilm.com\/hr\/wp-json\/wp\/v2\/product\/71610","targetHints":{"allow":["GET"]}}],"collection":[{"href":"https:\/\/azurefilm.com\/hr\/wp-json\/wp\/v2\/product"}],"about":[{"href":"https:\/\/azurefilm.com\/hr\/wp-json\/wp\/v2\/types\/product"}],"replies":[{"embeddable":true,"href":"https:\/\/azurefilm.com\/hr\/wp-json\/wp\/v2\/comments?post=71610"}],"wp:featuredmedia":[{"embeddable":true,"href":"https:\/\/azurefilm.com\/hr\/wp-json\/wp\/v2\/media\/71699"}],"wp:attachment":[{"href":"https:\/\/azurefilm.com\/hr\/wp-json\/wp\/v2\/media?parent=71610"}],"wp:term":[{"taxonomy":"product_brand","embeddable":true,"href":"https:\/\/azurefilm.com\/hr\/wp-json\/wp\/v2\/product_brand?post=71610"},{"taxonomy":"product_cat","embeddable":true,"href":"https:\/\/azurefilm.com\/hr\/wp-json\/wp\/v2\/product_cat?post=71610"},{"taxonomy":"product_tag","embeddable":true,"href":"https:\/\/azurefilm.com\/hr\/wp-json\/wp\/v2\/product_tag?post=71610"},{"taxonomy":"brand","embeddable":true,"href":"https:\/\/azurefilm.com\/hr\/wp-json\/wp\/v2\/brand?post=71610"}],"curies":[{"name":"wp","href":"https:\/\/api.w.org\/{rel}","templated":true}]}}