
{"id":73114,"date":"2025-03-21T08:25:54","date_gmt":"2025-03-21T08:25:54","guid":{"rendered":"https:\/\/azurefilm.com\/?post_type=product&#038;p=73114"},"modified":"2025-03-21T08:25:54","modified_gmt":"2025-03-21T08:25:54","slug":"bambu-lab-ventilator-za-hladenje-dijela","status":"publish","type":"product","link":"https:\/\/azurefilm.com\/hr\/proizvod\/bambu-lab-ventilator-za-hladenje-dijela\/","title":{"rendered":"Bambu Lab ventilator za hla\u0111enje dijela"},"content":{"rendered":"<p><span style=\"font-weight: 400;\">Bambu Lab ventilator za hla\u0111enje dijela izra\u0111en je od visokokvalitetnih materijala kako bi se smanjile vibracije. Poma\u017ee u u\u010dinkovitom odvo\u0111enju topline iz ku\u0107i\u0161ta, osiguravaju\u0107i optimalne performanse i omogu\u0107avaju\u0107i ispis velike brzine \u010dak iu zatvorenom okru\u017eenju.<\/span><\/p>\n<p><span style=\"font-weight: 400;\">Odgovara pisa\u010dima: Bambu Lab P1P, Bambu Lab P1S, Bambu Lab P1S Combo, Bambu Lab X1 Carbon, Bambu Lab X1 Carbon Combo<\/span><\/p>\n","protected":false},"excerpt":{"rendered":"<p><span style=\"font-weight: 400;\">Kupite Bambu Lab ventilator za hla\u0111enje dijela &#8211; izra\u0111en od visokokvalitetnih materijala za smanjenje vibracija.<\/span><\/p>\n","protected":false},"featured_media":73252,"comment_status":"closed","ping_status":"closed","template":"","meta":{"_acf_changed":false},"product_brand":[],"product_cat":[482,483,499],"product_tag":[],"brand":[],"class_list":{"0":"post-73114","1":"product","2":"type-product","3":"status-publish","4":"has-post-thumbnail","6":"product_cat-rezervni-dijelovi","7":"product_cat-svi-rezervni-dijelovi","8":"product_cat-ventilatori","9":"pa_compatible-with-bambulab-fdm-3d-printers","10":"pa_fits-printer-all-bambu-lab-x1-series-p1-series","11":"pa_fits-printer-bambu-lab-p1p","12":"pa_fits-printer-bambu-lab-x1-carbon","14":"first","15":"instock","16":"taxable","17":"shipping-taxable","18":"purchasable","19":"product-type-simple"},"acf":[],"_links":{"self":[{"href":"https:\/\/azurefilm.com\/hr\/wp-json\/wp\/v2\/product\/73114","targetHints":{"allow":["GET"]}}],"collection":[{"href":"https:\/\/azurefilm.com\/hr\/wp-json\/wp\/v2\/product"}],"about":[{"href":"https:\/\/azurefilm.com\/hr\/wp-json\/wp\/v2\/types\/product"}],"replies":[{"embeddable":true,"href":"https:\/\/azurefilm.com\/hr\/wp-json\/wp\/v2\/comments?post=73114"}],"wp:featuredmedia":[{"embeddable":true,"href":"https:\/\/azurefilm.com\/hr\/wp-json\/wp\/v2\/media\/73252"}],"wp:attachment":[{"href":"https:\/\/azurefilm.com\/hr\/wp-json\/wp\/v2\/media?parent=73114"}],"wp:term":[{"taxonomy":"product_brand","embeddable":true,"href":"https:\/\/azurefilm.com\/hr\/wp-json\/wp\/v2\/product_brand?post=73114"},{"taxonomy":"product_cat","embeddable":true,"href":"https:\/\/azurefilm.com\/hr\/wp-json\/wp\/v2\/product_cat?post=73114"},{"taxonomy":"product_tag","embeddable":true,"href":"https:\/\/azurefilm.com\/hr\/wp-json\/wp\/v2\/product_tag?post=73114"},{"taxonomy":"brand","embeddable":true,"href":"https:\/\/azurefilm.com\/hr\/wp-json\/wp\/v2\/brand?post=73114"}],"curies":[{"name":"wp","href":"https:\/\/api.w.org\/{rel}","templated":true}]}}