
{"id":73119,"date":"2025-03-21T08:25:04","date_gmt":"2025-03-21T08:25:04","guid":{"rendered":"https:\/\/azurefilm.com\/?post_type=product&#038;p=73119"},"modified":"2025-03-24T06:31:46","modified_gmt":"2025-03-24T06:31:46","slug":"bambu-lab-ams-prvi-stupanj-dodavaca","status":"publish","type":"product","link":"https:\/\/azurefilm.com\/hr\/proizvod\/bambu-lab-ams-prvi-stupanj-dodavaca\/","title":{"rendered":"Bambu Lab AMS prvi stupanj dodava\u010da"},"content":{"rendered":"<p><span style=\"font-weight: 400;\">Bambu Lab AMS prvi stupanj dodava\u010da dizajniran je za podr\u0161ku automatskog sustava materijala (AMS) za ispis u vi\u0161e boja i vi\u0161e materijala. Svaka AMS jedinica sadr\u017ei \u010detiri dodava\u010da prvog stupnja, od kojih je svaki opremljen vlastitim motorom i zup\u010danicima za aktivno guranje filamenta prema naprijed ili njegovo namotavanje na kalem. Ulaga\u010d tako\u0111er ima senzor za otkrivanje filamenta\u2014kada je filament umetnut, on ga automatski uvla\u010di. Kada je potrebno premotavanje, ulaga\u010d uklju\u010duje pogonsku osovinu AMS-a kako bi rotirao kalem i glatko uvukao filament.<\/span><\/p>\n<p><span style=\"font-weight: 400;\">Odgovara pisa\u010dima: Bambu Lab P1S Combo, Bambu Lab X1 Carbon Combo, Bambu Lab AMS<\/span><\/p>\n","protected":false},"excerpt":{"rendered":"<p><span style=\"font-weight: 400;\">Kupite Bambu Lab AMS prvi stupanj dodava\u010da &#8211; dizajniran za podr\u0161ku automatskog sustava materijala (AMS) za ispis u vi\u0161e boja i vi\u0161e materijala.<\/span><\/p>\n","protected":false},"featured_media":73258,"comment_status":"closed","ping_status":"closed","template":"","meta":{"_acf_changed":false},"product_brand":[],"product_cat":[482,497,495,483],"product_tag":[],"brand":[],"class_list":{"0":"post-73119","1":"product","2":"type-product","3":"status-publish","4":"has-post-thumbnail","6":"product_cat-rezervni-dijelovi","7":"product_cat-djelovi-ekstrudera","8":"product_cat-ekstruderi","9":"product_cat-svi-rezervni-dijelovi","10":"pa_compatible-with-bambulab-fdm-3d-printers","11":"pa_fits-printer-bambu-lab-ams","12":"pa_fits-printer-bambu-lab-p1s-combo","13":"pa_fits-printer-bambu-lab-x1-carbon-combo","15":"first","16":"outofstock","17":"taxable","18":"shipping-taxable","19":"purchasable","20":"product-type-simple"},"acf":[],"_links":{"self":[{"href":"https:\/\/azurefilm.com\/hr\/wp-json\/wp\/v2\/product\/73119","targetHints":{"allow":["GET"]}}],"collection":[{"href":"https:\/\/azurefilm.com\/hr\/wp-json\/wp\/v2\/product"}],"about":[{"href":"https:\/\/azurefilm.com\/hr\/wp-json\/wp\/v2\/types\/product"}],"replies":[{"embeddable":true,"href":"https:\/\/azurefilm.com\/hr\/wp-json\/wp\/v2\/comments?post=73119"}],"wp:featuredmedia":[{"embeddable":true,"href":"https:\/\/azurefilm.com\/hr\/wp-json\/wp\/v2\/media\/73258"}],"wp:attachment":[{"href":"https:\/\/azurefilm.com\/hr\/wp-json\/wp\/v2\/media?parent=73119"}],"wp:term":[{"taxonomy":"product_brand","embeddable":true,"href":"https:\/\/azurefilm.com\/hr\/wp-json\/wp\/v2\/product_brand?post=73119"},{"taxonomy":"product_cat","embeddable":true,"href":"https:\/\/azurefilm.com\/hr\/wp-json\/wp\/v2\/product_cat?post=73119"},{"taxonomy":"product_tag","embeddable":true,"href":"https:\/\/azurefilm.com\/hr\/wp-json\/wp\/v2\/product_tag?post=73119"},{"taxonomy":"brand","embeddable":true,"href":"https:\/\/azurefilm.com\/hr\/wp-json\/wp\/v2\/brand?post=73119"}],"curies":[{"name":"wp","href":"https:\/\/api.w.org\/{rel}","templated":true}]}}