
{"id":73124,"date":"2025-03-21T08:24:24","date_gmt":"2025-03-21T08:24:24","guid":{"rendered":"https:\/\/azurefilm.com\/?post_type=product&#038;p=73124"},"modified":"2025-03-21T08:24:24","modified_gmt":"2025-03-21T08:24:24","slug":"bambu-lab-ams-active-support-shaft","status":"publish","type":"product","link":"https:\/\/azurefilm.com\/hr\/proizvod\/bambu-lab-ams-active-support-shaft\/","title":{"rendered":"Bambu Lab AMS Active Support Shaft"},"content":{"rendered":"<p><span style=\"font-weight: 400;\">AMS Active Support Shaft klju\u010dna je komponenta automatskog sustava materijala (AMS), dizajnirana da osigura glatko i pouzdano rukovanje filamentom. Poma\u017ee u odr\u017eavanju preciznog kretanja filamenta, smanjuje trenje i pobolj\u0161ava ukupnu izvedbu tijekom promjena materijala. Izra\u0111en za izdr\u017eljivost i preciznost, ovaj sklop igra klju\u010dnu ulogu u odr\u017eavanju va\u0161ih ispisa od vi\u0161e materijala besprijekornim i u\u010dinkovitim.<\/span><\/p>\n<p><span style=\"font-weight: 400;\">Odgovara pisa\u010dima: Bambu Lab P1S Combo, Bambu Lab X1 Carbon Combo, Bambu Lab AMS<\/span><\/p>\n","protected":false},"excerpt":{"rendered":"<p><span style=\"font-weight: 400;\">Kupite Bambu Lab AMS Active Support Shaft &#8211; dizajniran za glatko i pouzdano rukovanje filamentom.<\/span><\/p>\n","protected":false},"featured_media":73264,"comment_status":"closed","ping_status":"closed","template":"","meta":{"_acf_changed":false},"product_brand":[],"product_cat":[482,497,495,483],"product_tag":[],"brand":[],"class_list":{"0":"post-73124","1":"product","2":"type-product","3":"status-publish","4":"has-post-thumbnail","6":"product_cat-rezervni-dijelovi","7":"product_cat-djelovi-ekstrudera","8":"product_cat-ekstruderi","9":"product_cat-svi-rezervni-dijelovi","10":"pa_compatible-with-bambulab-fdm-3d-printers","11":"pa_fits-printer-bambu-lab-ams","12":"pa_fits-printer-bambu-lab-p1s-combo","13":"pa_fits-printer-bambu-lab-x1-carbon-combo","15":"first","16":"outofstock","17":"taxable","18":"shipping-taxable","19":"purchasable","20":"product-type-simple"},"acf":[],"_links":{"self":[{"href":"https:\/\/azurefilm.com\/hr\/wp-json\/wp\/v2\/product\/73124","targetHints":{"allow":["GET"]}}],"collection":[{"href":"https:\/\/azurefilm.com\/hr\/wp-json\/wp\/v2\/product"}],"about":[{"href":"https:\/\/azurefilm.com\/hr\/wp-json\/wp\/v2\/types\/product"}],"replies":[{"embeddable":true,"href":"https:\/\/azurefilm.com\/hr\/wp-json\/wp\/v2\/comments?post=73124"}],"wp:featuredmedia":[{"embeddable":true,"href":"https:\/\/azurefilm.com\/hr\/wp-json\/wp\/v2\/media\/73264"}],"wp:attachment":[{"href":"https:\/\/azurefilm.com\/hr\/wp-json\/wp\/v2\/media?parent=73124"}],"wp:term":[{"taxonomy":"product_brand","embeddable":true,"href":"https:\/\/azurefilm.com\/hr\/wp-json\/wp\/v2\/product_brand?post=73124"},{"taxonomy":"product_cat","embeddable":true,"href":"https:\/\/azurefilm.com\/hr\/wp-json\/wp\/v2\/product_cat?post=73124"},{"taxonomy":"product_tag","embeddable":true,"href":"https:\/\/azurefilm.com\/hr\/wp-json\/wp\/v2\/product_tag?post=73124"},{"taxonomy":"brand","embeddable":true,"href":"https:\/\/azurefilm.com\/hr\/wp-json\/wp\/v2\/brand?post=73124"}],"curies":[{"name":"wp","href":"https:\/\/api.w.org\/{rel}","templated":true}]}}