
{"id":74431,"date":"2025-04-01T11:30:12","date_gmt":"2025-04-01T11:30:12","guid":{"rendered":"https:\/\/azurefilm.com\/?post_type=product&#038;p=74431"},"modified":"2025-10-18T00:38:42","modified_gmt":"2025-10-18T00:38:42","slug":"ams-2-pro","status":"publish","type":"product","link":"https:\/\/azurefilm.com\/hr\/proizvod\/ams-2-pro\/","title":{"rendered":"AMS 2 Pro"},"content":{"rendered":"<h2>AMS 2 Pro: napredni AMS sustav<span style=\"font-weight: 400;\"><br \/>\n<\/span><\/h2>\n<p><span style=\"font-weight: 400;\">Potpuno novi AMS sustavi 2. generacije, uklju\u010duju\u0107i AMS 2 Pro i AMS HT, imaju servo motore za uvla\u010denje bez \u010detkica koji zna\u010dajno pove\u0107avaju u\u010dinkovitost uvla\u010denja niti, ubrzavaju\u0107i ispis u vi\u0161e boja i vi\u0161e materijala. AMS 2. generacije tako\u0111er uvodi funkciju su\u0161enja filamenta s aktivnim ventilacijskim otvorom u potpuno zatvorenom sustavu, pove\u0107avaju\u0107i u\u010dinkovitost su\u0161enja i odr\u017eavaju\u0107i optimalne uvjete filamenta tijekom duljeg razdoblja.<\/span><\/p>\n<h3>Klju\u010dne zna\u010dajke<\/h3>\n<p><b><\/b><span style=\"font-weight: 400;\"> Bambu Lab AMS 2 Pro je napredni automatski materijalni sustav dizajniran za pobolj\u0161anje 3D ispisa od vi\u0161e materijala i vi\u0161e boja. Nadovezuju\u0107i se na svog prethodnika, AMS, AMS 2 Pro predstavlja nekoliko klju\u010dnih zna\u010dajki:<\/span><\/p>\n<ul>\n<li style=\"font-weight: 400;\" aria-level=\"1\"><b>Aktivni zra\u010dni ventil sa su\u0161enjem niti na 65\u00b0C:<\/b><span style=\"font-weight: 400;\"> Ovaj sustav u\u010dinkovito su\u0161i niti automatskim odzra\u010divanjem vlage, osiguravaju\u0107i optimalne uvjete ispisa.<\/span><\/li>\n<li style=\"font-weight: 400;\" aria-level=\"1\"><b>Zrakonepropusno skladi\u0161tenje filamenta:<\/b><span style=\"font-weight: 400;\"> Odr\u017eava kvalitetu filamenta sprje\u010davanjem upijanja vlage, \u0161to je klju\u010dno za materijale osjetljive na vlagu.<\/span><\/li>\n<li style=\"font-weight: 400;\" aria-level=\"1\"><b>Podr\u0161ka za ispis do 24 boje\/vi\u0161e materijala:<\/b><span style=\"font-weight: 400;\"> Spajanjem do \u010detiri AMS 2 Pro jedinice i osam AMS HT jedinica u seriju, korisnici mogu upravljati s do 24 razli\u010dita filamenta istovremeno, omogu\u0107uju\u0107i slo\u017eene i \u017eivopisne ispise.<\/span><\/li>\n<li style=\"font-weight: 400;\" aria-level=\"1\"><b>Servo motor za uvla\u010denje bez \u010detkica:<\/b><span style=\"font-weight: 400;\"> Pobolj\u0161ava u\u010dinkovitost uvla\u010denja niti sa 60% ve\u0107om brzinom uvla\u010denja, smanjuju\u0107i vrijeme ispisa i pobolj\u0161avaju\u0107i ukupnu izvedbu.<\/span><\/li>\n<li style=\"font-weight: 400;\" aria-level=\"1\"><strong>Sinkronizacija RFID filamenta:<\/strong><span style=\"font-weight: 400;\"> Automatski detektira i primjenjuje optimalne postavke za Bambu slu\u017ebene filamente, pojednostavljuju\u0107i proces ispisa i smanjuju\u0107i ru\u010dnu konfiguraciju.<\/span><\/li>\n<\/ul>\n","protected":false},"excerpt":{"rendered":"<p><span style=\"font-weight: 400;\">Bambu Lab AMS 2 Pro je napredni automatski materijalni sustav dizajniran za pobolj\u0161anje 3D ispisa od vi\u0161e materijala i vi\u0161e boja.<\/span><\/p>\n","protected":false},"featured_media":74426,"comment_status":"closed","ping_status":"closed","template":"","meta":{"_acf_changed":false},"product_brand":[],"product_cat":[453,516,512,457,482,456,483],"product_tag":[],"brand":[],"class_list":{"0":"post-74431","1":"product","2":"type-product","3":"status-publish","4":"has-post-thumbnail","6":"product_cat-3d-printer","7":"product_cat-bambu-lab-hr","8":"product_cat-drugi-proizvodi","9":"product_cat-fdm-printer","10":"product_cat-rezervni-dijelovi","11":"product_cat-svi-3d-pisaci","12":"product_cat-svi-rezervni-dijelovi","14":"first","15":"outofstock","16":"taxable","17":"shipping-taxable","18":"purchasable","19":"product-type-simple"},"acf":[],"_links":{"self":[{"href":"https:\/\/azurefilm.com\/hr\/wp-json\/wp\/v2\/product\/74431","targetHints":{"allow":["GET"]}}],"collection":[{"href":"https:\/\/azurefilm.com\/hr\/wp-json\/wp\/v2\/product"}],"about":[{"href":"https:\/\/azurefilm.com\/hr\/wp-json\/wp\/v2\/types\/product"}],"replies":[{"embeddable":true,"href":"https:\/\/azurefilm.com\/hr\/wp-json\/wp\/v2\/comments?post=74431"}],"wp:featuredmedia":[{"embeddable":true,"href":"https:\/\/azurefilm.com\/hr\/wp-json\/wp\/v2\/media\/74426"}],"wp:attachment":[{"href":"https:\/\/azurefilm.com\/hr\/wp-json\/wp\/v2\/media?parent=74431"}],"wp:term":[{"taxonomy":"product_brand","embeddable":true,"href":"https:\/\/azurefilm.com\/hr\/wp-json\/wp\/v2\/product_brand?post=74431"},{"taxonomy":"product_cat","embeddable":true,"href":"https:\/\/azurefilm.com\/hr\/wp-json\/wp\/v2\/product_cat?post=74431"},{"taxonomy":"product_tag","embeddable":true,"href":"https:\/\/azurefilm.com\/hr\/wp-json\/wp\/v2\/product_tag?post=74431"},{"taxonomy":"brand","embeddable":true,"href":"https:\/\/azurefilm.com\/hr\/wp-json\/wp\/v2\/brand?post=74431"}],"curies":[{"name":"wp","href":"https:\/\/api.w.org\/{rel}","templated":true}]}}