
{"id":74448,"date":"2025-04-01T11:30:40","date_gmt":"2025-04-01T11:30:40","guid":{"rendered":"https:\/\/azurefilm.com\/?post_type=product&#038;p=74448"},"modified":"2026-02-16T14:52:53","modified_gmt":"2026-02-16T14:52:53","slug":"ams-ht","status":"publish","type":"product","link":"https:\/\/azurefilm.com\/hr\/proizvod\/ams-ht\/","title":{"rendered":"AMS HT"},"content":{"rendered":"<h2>AMS HT: napredni AMS sustav<span style=\"font-weight: 400;\"><br \/>\n<\/span><\/h2>\n<p><span style=\"font-weight: 400;\">Potpuno novi AMS sustavi 2. generacije, uklju\u010duju\u0107i AMS 2 Pro i AMS HT, imaju servo motore za uvla\u010denje bez \u010detkica koji zna\u010dajno pove\u0107avaju u\u010dinkovitost uvla\u010denja niti, ubrzavaju\u0107i ispis u vi\u0161e boja i vi\u0161e materijala. AMS 2. generacije tako\u0111er uvodi funkciju su\u0161enja filamenta s aktivnim ventilacijskim otvorom u potpuno zatvorenom sustavu, pove\u0107avaju\u0107i u\u010dinkovitost su\u0161enja i odr\u017eavaju\u0107i optimalne uvjete filamenta tijekom duljeg razdoblja.<\/span><\/p>\n<h3>U\u010dinkovito su\u0161i filament<\/h3>\n<ul>\n<li style=\"font-weight: 400;\" aria-level=\"1\"><b>Su\u0161enje na visokoj temperaturi:<\/b><span style=\"font-weight: 400;\"> Dosti\u017ee do 85\u00b0C, idealno za PET-CF i druge napredne materijale.<\/span><\/li>\n<li style=\"font-weight: 400;\" aria-level=\"1\"><b>Elektromagnetski ventilacijski otvor:<\/b><span style=\"font-weight: 400;\"> Automatski se prilago\u0111ava ovisno o vla\u017enosti i temperaturi za bolje su\u0161enje.<\/span><\/li>\n<li style=\"font-weight: 400;\" aria-level=\"1\"><b>Zra\u010dno nepropusno skladi\u0161tenje:<\/b><span style=\"font-weight: 400;\"> Odr\u017eava filamente suhima dulje vrijeme, sprje\u010davaju\u0107i upijanje vlage.<\/span><\/li>\n<li style=\"font-weight: 400;\" aria-level=\"1\"><b>RFID automatsko otkrivanje:<\/b><span style=\"font-weight: 400;\"> Automatski primjenjuje ispravne postavke su\u0161enja za Bambu slu\u017ebene filamente.<\/span><span style=\"font-weight: 400;\"><br \/>\n<\/span><\/li>\n<\/ul>\n<h3>Br\u017ei ispis na vi\u0161e materijala<\/h3>\n<ul>\n<li style=\"font-weight: 400;\" aria-level=\"1\"><b>Servo motori za punjenje bez \u010detkica:<\/b><span style=\"font-weight: 400;\"> Pobolj\u0161ajte u\u010dinkovitost dodavanja niti.<\/span><\/li>\n<li style=\"font-weight: 400;\" aria-level=\"1\"><b>Optimizirano za ispis na vi\u0161e materijala:<\/b><span style=\"font-weight: 400;\"> Omogu\u0107uje glatku i pouzdanu promjenu boje ili materijala.<\/span><\/li>\n<li style=\"font-weight: 400;\" aria-level=\"1\"><b style=\"color: #555555;\">Kompatibilnost za budu\u0107nost:<\/b><span style=\"font-weight: 400;\"> Radi sa svim Bambu Lab pisa\u010dima, s podr\u0161kom za A1 seriju koja dolazi u tre\u0107em kvartalu 2025.<\/span><\/li>\n<\/ul>\n","protected":false},"excerpt":{"rendered":"<p><span style=\"font-weight: 400;\">Bambu Lab AMS HT (Automatic Material System High-Temperature) napredni je sustav upravljanja filamentima dizajniran za pobolj\u0161anje 3D ispisa s vi\u0161e materijala i vi\u0161e boja.<\/span><\/p>\n","protected":false},"featured_media":74443,"comment_status":"closed","ping_status":"closed","template":"","meta":{"_acf_changed":false},"product_brand":[],"product_cat":[453,516,512,457,482,456,483],"product_tag":[],"brand":[],"class_list":{"0":"post-74448","1":"product","2":"type-product","3":"status-publish","4":"has-post-thumbnail","6":"product_cat-3d-printer","7":"product_cat-bambu-lab-hr","8":"product_cat-drugi-proizvodi","9":"product_cat-fdm-printer","10":"product_cat-rezervni-dijelovi","11":"product_cat-svi-3d-pisaci","12":"product_cat-svi-rezervni-dijelovi","14":"first","15":"outofstock","16":"taxable","17":"shipping-taxable","18":"purchasable","19":"product-type-simple"},"acf":[],"_links":{"self":[{"href":"https:\/\/azurefilm.com\/hr\/wp-json\/wp\/v2\/product\/74448","targetHints":{"allow":["GET"]}}],"collection":[{"href":"https:\/\/azurefilm.com\/hr\/wp-json\/wp\/v2\/product"}],"about":[{"href":"https:\/\/azurefilm.com\/hr\/wp-json\/wp\/v2\/types\/product"}],"replies":[{"embeddable":true,"href":"https:\/\/azurefilm.com\/hr\/wp-json\/wp\/v2\/comments?post=74448"}],"wp:featuredmedia":[{"embeddable":true,"href":"https:\/\/azurefilm.com\/hr\/wp-json\/wp\/v2\/media\/74443"}],"wp:attachment":[{"href":"https:\/\/azurefilm.com\/hr\/wp-json\/wp\/v2\/media?parent=74448"}],"wp:term":[{"taxonomy":"product_brand","embeddable":true,"href":"https:\/\/azurefilm.com\/hr\/wp-json\/wp\/v2\/product_brand?post=74448"},{"taxonomy":"product_cat","embeddable":true,"href":"https:\/\/azurefilm.com\/hr\/wp-json\/wp\/v2\/product_cat?post=74448"},{"taxonomy":"product_tag","embeddable":true,"href":"https:\/\/azurefilm.com\/hr\/wp-json\/wp\/v2\/product_tag?post=74448"},{"taxonomy":"brand","embeddable":true,"href":"https:\/\/azurefilm.com\/hr\/wp-json\/wp\/v2\/brand?post=74448"}],"curies":[{"name":"wp","href":"https:\/\/api.w.org\/{rel}","templated":true}]}}