
{"id":76958,"date":"2025-05-15T10:26:31","date_gmt":"2025-05-15T10:26:31","guid":{"rendered":"https:\/\/azurefilm.com\/?post_type=product&#038;p=76958"},"modified":"2025-12-11T17:04:43","modified_gmt":"2025-12-11T17:04:43","slug":"cmyk-litofanska-led-ploca","status":"publish","type":"product","link":"https:\/\/azurefilm.com\/hr\/proizvod\/cmyk-litofanska-led-ploca\/","title":{"rendered":"CMYK litofanska LED plo\u010da"},"content":{"rendered":"","protected":false},"excerpt":{"rendered":"<p><span style=\"font-weight: 400;\">Svijetla i u\u010dinkovita LED plo\u010da za osvjetljavanje va\u0161ih CMYK litofana, \u010dine\u0107i va\u0161e 3D ispisane slike isticanjem \u017eivopisnog kontrasta.<br \/>\n<\/span><\/p>\n","protected":false},"featured_media":77736,"comment_status":"closed","ping_status":"closed","template":"","meta":{"_acf_changed":false},"product_brand":[],"product_cat":[482,481,512,483],"product_tag":[],"brand":[],"class_list":{"0":"post-76958","1":"product","2":"type-product","3":"status-publish","4":"has-post-thumbnail","6":"product_cat-rezervni-dijelovi","7":"product_cat-akcija","8":"product_cat-drugi-proizvodi","9":"product_cat-svi-rezervni-dijelovi","11":"first","12":"instock","13":"sale","14":"taxable","15":"shipping-taxable","16":"purchasable","17":"product-type-simple"},"acf":[],"_links":{"self":[{"href":"https:\/\/azurefilm.com\/hr\/wp-json\/wp\/v2\/product\/76958","targetHints":{"allow":["GET"]}}],"collection":[{"href":"https:\/\/azurefilm.com\/hr\/wp-json\/wp\/v2\/product"}],"about":[{"href":"https:\/\/azurefilm.com\/hr\/wp-json\/wp\/v2\/types\/product"}],"replies":[{"embeddable":true,"href":"https:\/\/azurefilm.com\/hr\/wp-json\/wp\/v2\/comments?post=76958"}],"wp:featuredmedia":[{"embeddable":true,"href":"https:\/\/azurefilm.com\/hr\/wp-json\/wp\/v2\/media\/77736"}],"wp:attachment":[{"href":"https:\/\/azurefilm.com\/hr\/wp-json\/wp\/v2\/media?parent=76958"}],"wp:term":[{"taxonomy":"product_brand","embeddable":true,"href":"https:\/\/azurefilm.com\/hr\/wp-json\/wp\/v2\/product_brand?post=76958"},{"taxonomy":"product_cat","embeddable":true,"href":"https:\/\/azurefilm.com\/hr\/wp-json\/wp\/v2\/product_cat?post=76958"},{"taxonomy":"product_tag","embeddable":true,"href":"https:\/\/azurefilm.com\/hr\/wp-json\/wp\/v2\/product_tag?post=76958"},{"taxonomy":"brand","embeddable":true,"href":"https:\/\/azurefilm.com\/hr\/wp-json\/wp\/v2\/brand?post=76958"}],"curies":[{"name":"wp","href":"https:\/\/api.w.org\/{rel}","templated":true}]}}