
{"id":76979,"date":"2025-05-15T10:22:40","date_gmt":"2025-05-15T10:22:40","guid":{"rendered":"https:\/\/azurefilm.com\/?post_type=product&#038;p=76979"},"modified":"2025-12-23T10:29:59","modified_gmt":"2025-12-23T10:29:59","slug":"ravni-neodimijski-magnet-s-rupom-m-serija-n52","status":"publish","type":"product","link":"https:\/\/azurefilm.com\/hr\/proizvod\/ravni-neodimijski-magnet-s-rupom-m-serija-n52\/","title":{"rendered":"Ravni neodimijski magnet s rupom \u2013 M serija (N52)"},"content":{"rendered":"","protected":false},"excerpt":{"rendered":"<p><span style=\"font-weight: 400;\">Visoko\u010dvrsti ravni neodimijski magneti N52 sa sredi\u0161njom rupom za vijke, idealni za magnetske nosa\u010de, vrata i dr\u017ea\u010de alata.<\/span><span style=\"font-weight: 400;\"><br \/>\n<\/span><\/p>\n<p><b>Varijacije:<\/b><\/p>\n<ul>\n<li style=\"font-weight: 400;\" aria-level=\"1\"><span style=\"font-weight: 400;\">10&#215;3 M3 1PZ<\/span><span style=\"font-weight: 400;\"><br \/>\n<\/span><\/li>\n<li style=\"font-weight: 400;\" aria-level=\"1\"><span style=\"font-weight: 400;\">15&#215;3 M4 1PZ<\/span><span style=\"font-weight: 400;\"><br \/>\n<\/span><\/li>\n<li style=\"font-weight: 400;\" aria-level=\"1\"><span style=\"font-weight: 400;\">20&#215;3 M4 1PZ<\/span><\/li>\n<\/ul>\n","protected":false},"featured_media":77712,"comment_status":"closed","ping_status":"closed","template":"","meta":{"_acf_changed":false},"product_brand":[],"product_cat":[482,481,512,212,483],"product_tag":[],"brand":[],"class_list":{"0":"post-76979","1":"product","2":"type-product","3":"status-publish","4":"has-post-thumbnail","6":"product_cat-rezervni-dijelovi","7":"product_cat-akcija","8":"product_cat-drugi-proizvodi","9":"product_cat-sale","10":"product_cat-svi-rezervni-dijelovi","12":"first","13":"instock","14":"sale","15":"taxable","16":"shipping-taxable","17":"purchasable","18":"product-type-variable"},"acf":[],"_links":{"self":[{"href":"https:\/\/azurefilm.com\/hr\/wp-json\/wp\/v2\/product\/76979","targetHints":{"allow":["GET"]}}],"collection":[{"href":"https:\/\/azurefilm.com\/hr\/wp-json\/wp\/v2\/product"}],"about":[{"href":"https:\/\/azurefilm.com\/hr\/wp-json\/wp\/v2\/types\/product"}],"replies":[{"embeddable":true,"href":"https:\/\/azurefilm.com\/hr\/wp-json\/wp\/v2\/comments?post=76979"}],"wp:featuredmedia":[{"embeddable":true,"href":"https:\/\/azurefilm.com\/hr\/wp-json\/wp\/v2\/media\/77712"}],"wp:attachment":[{"href":"https:\/\/azurefilm.com\/hr\/wp-json\/wp\/v2\/media?parent=76979"}],"wp:term":[{"taxonomy":"product_brand","embeddable":true,"href":"https:\/\/azurefilm.com\/hr\/wp-json\/wp\/v2\/product_brand?post=76979"},{"taxonomy":"product_cat","embeddable":true,"href":"https:\/\/azurefilm.com\/hr\/wp-json\/wp\/v2\/product_cat?post=76979"},{"taxonomy":"product_tag","embeddable":true,"href":"https:\/\/azurefilm.com\/hr\/wp-json\/wp\/v2\/product_tag?post=76979"},{"taxonomy":"brand","embeddable":true,"href":"https:\/\/azurefilm.com\/hr\/wp-json\/wp\/v2\/brand?post=76979"}],"curies":[{"name":"wp","href":"https:\/\/api.w.org\/{rel}","templated":true}]}}