
{"id":77001,"date":"2025-05-15T10:20:07","date_gmt":"2025-05-15T10:20:07","guid":{"rendered":"https:\/\/azurefilm.com\/?post_type=product&#038;p=77001"},"modified":"2026-03-22T14:49:11","modified_gmt":"2026-03-22T14:49:11","slug":"okrugli-neodimijski-magnet-fi-serije-n52-50-kom","status":"publish","type":"product","link":"https:\/\/azurefilm.com\/hr\/proizvod\/okrugli-neodimijski-magnet-fi-serije-n52-50-kom\/","title":{"rendered":"Okrugli neodimijski magnet fi serije (N52, 50 kom)"},"content":{"rendered":"","protected":false},"excerpt":{"rendered":"<p><span style=\"font-weight: 400;\">Sna\u017eni okrugli neodimijski magneti N52 u vi\u0161e veli\u010dina, idealni za magnetske spojeve, zatvara\u010de i monta\u017eu u 3D printovima. Prodaju se u pakiranjima od 50 (osim fi20x2mm).<br \/>\n<\/span><\/p>\n","protected":false},"featured_media":77598,"comment_status":"closed","ping_status":"closed","template":"","meta":{"_acf_changed":false},"product_brand":[],"product_cat":[481,512,815,482,212,483],"product_tag":[],"brand":[],"class_list":{"0":"post-77001","1":"product","2":"type-product","3":"status-publish","4":"has-post-thumbnail","6":"product_cat-akcija","7":"product_cat-drugi-proizvodi","8":"product_cat-nekategorizirano","9":"product_cat-rezervni-dijelovi","10":"product_cat-sale","11":"product_cat-svi-rezervni-dijelovi","13":"first","14":"instock","15":"sale","16":"taxable","17":"shipping-taxable","18":"purchasable","19":"product-type-variable"},"acf":[],"_links":{"self":[{"href":"https:\/\/azurefilm.com\/hr\/wp-json\/wp\/v2\/product\/77001","targetHints":{"allow":["GET"]}}],"collection":[{"href":"https:\/\/azurefilm.com\/hr\/wp-json\/wp\/v2\/product"}],"about":[{"href":"https:\/\/azurefilm.com\/hr\/wp-json\/wp\/v2\/types\/product"}],"replies":[{"embeddable":true,"href":"https:\/\/azurefilm.com\/hr\/wp-json\/wp\/v2\/comments?post=77001"}],"wp:featuredmedia":[{"embeddable":true,"href":"https:\/\/azurefilm.com\/hr\/wp-json\/wp\/v2\/media\/77598"}],"wp:attachment":[{"href":"https:\/\/azurefilm.com\/hr\/wp-json\/wp\/v2\/media?parent=77001"}],"wp:term":[{"taxonomy":"product_brand","embeddable":true,"href":"https:\/\/azurefilm.com\/hr\/wp-json\/wp\/v2\/product_brand?post=77001"},{"taxonomy":"product_cat","embeddable":true,"href":"https:\/\/azurefilm.com\/hr\/wp-json\/wp\/v2\/product_cat?post=77001"},{"taxonomy":"product_tag","embeddable":true,"href":"https:\/\/azurefilm.com\/hr\/wp-json\/wp\/v2\/product_tag?post=77001"},{"taxonomy":"brand","embeddable":true,"href":"https:\/\/azurefilm.com\/hr\/wp-json\/wp\/v2\/brand?post=77001"}],"curies":[{"name":"wp","href":"https:\/\/api.w.org\/{rel}","templated":true}]}}